{"id":36,"date":"2016-05-13T08:56:39","date_gmt":"2016-05-13T06:56:39","guid":{"rendered":"http:\/\/goodwine.themerex.net\/?page_id=36"},"modified":"2022-10-26T14:15:05","modified_gmt":"2022-10-26T12:15:05","slug":"a-propos","status":"publish","type":"page","link":"https:\/\/www.rivieracellars.fr\/en\/a-propos\/","title":{"rendered":"ABOUT US"},"content":{"rendered":"<div class=\"vc_row wpb_row vc_row-fluid\"><div class=\"wpb_column vc_column_container vc_col-sm-12\"><div class=\"vc_column-inner\"><div class=\"wpb_wrapper\">\n\t<div class=\"title-subtitle-box\" style=\" text-align: center;\">\n\t\t<p  style=\"\">Riviera Cellars<\/p>\n\t\t<h3 style=\" font-style: normal;\">\u201cThe French are so proud of their wines that they have named some of their towns after a grand cru.\u201d Oscar Wilde<\/h3>\n\t<\/div> \n\t<div class=\"wpb_text_column wpb_content_element\" >\n\t\t<div class=\"wpb_wrapper\">\n\t\t\t<p style=\"text-align: justify;\">As French people, we have grown up with wine, and now we have the chance to mix business with pleasure!<\/p>\n<p style=\"text-align: justify;\">Having worked in the wine and catering industry for over 30 years, we have extensive experience in sourcing and sourcing particular vintages at the request of clients on the French Riviera and around the world. We pride ourselves on always providing a personal service, offering a top quality wine list, always delivering high quality wines and a cellar review service.<\/p>\n<p style=\"text-align: justify;\">At home, on your favourite yacht or chalet, <a href=\"https:\/\/www.rivieracellars.fr\/en\/wine-supply\/\">we will respond to all your requests<\/a>.<\/p>\n<p style=\"text-align: justify;\">If you are looking for a special wine, a particular vintage, or an investment, we are here to help you find these wonders.<\/p>\n\n\t\t<\/div>\n\t<\/div>\n\n\t<div  class=\"wpb_single_image wpb_content_element vc_align_center\">\n\t\t\n\t\t<figure class=\"wpb_wrapper vc_figure\">\n\t\t\t<div class=\"vc_single_image-wrapper   vc_box_border_grey\"><img loading=\"lazy\" decoding=\"async\" width=\"300\" height=\"180\" src=\"https:\/\/www.rivieracellars.fr\/wp-content\/uploads\/2022\/09\/signature-marc-fournee-500px-300x180-2.png\" class=\"vc_single_image-img attachment-medium\" alt=\"\" title=\"signature-marc-fournee-500px-300x180\" \/><\/div>\n\t\t<\/figure>\n\t<\/div>\n<\/div><\/div><\/div><\/div><div class=\"vc_row wpb_row vc_row-fluid vc_custom_1666777560927\"><div class=\"wpb_column vc_column_container vc_col-sm-12\"><div class=\"vc_column-inner\"><div class=\"wpb_wrapper\">\n\t<div class=\"title-subtitle-box\" style=\" text-align: center;\">\n\t\t<p  style=\"\">RIVIERA CELLARS, WHO ARE WE?<\/p>\n\t<\/div> \n\t<div class=\"wpb_text_column wpb_content_element\" >\n\t\t<div class=\"wpb_wrapper\">\n\t\t\t<p style=\"text-align: justify;\"><strong>The love of wine<\/strong> and the desire to share our <strong>passion<\/strong> are the driving forces\/key drivers behind our<strong> family business Riviera Cellars.<\/strong><\/p>\n<p style=\"text-align: justify;\">A passion transmitted and shared by a father to his daughter and the pleasure of being able, day after day, to highlight our common values and our know-how with the aim of satisfying our customers and making you discover exceptional wines: this is what defines Riviera Cellars!<\/p>\n\n\t\t<\/div>\n\t<\/div>\n\n\t<div class=\"title-subtitle-box\" style=\" text-align: center;\">\n\t\t<p  style=\"\">THE RIVIERA CELLARS ADVENTURE<\/p>\n\t<\/div> \n\t<div class=\"wpb_text_column wpb_content_element\" >\n\t\t<div class=\"wpb_wrapper\">\n\t\t\t<p style=\"text-align: justify;\">After a career in the restaurant business across the Channel in the 1980s-1990s and experience as a wine merchant in France, it was the birth of Monte Carlo Wines, a professional wine cellar located in the Principality of Monaco and inaugurated by Prince Albert, that launched the itinerary into the world of wine.<\/p>\n<p style=\"text-align: justify;\">In 2009, and quite naturally, a wine sales company specialising in the delivery and chartering of yachts was created.<br \/>\n2010 saw the award of the famous WSET (Wine and Spirit Education Trust) in England, followed in 2013 by the sommelier diploma in France.<\/p>\n<p style=\"text-align: justify;\">In 2020, the company became truly family-owned thanks to the love of wine shared by a daughter and her father. Training with Franck Thomas led to the title of Sommelier Caviste Ambassadrice en Gastronomie, followed by three certifications at <a href=\"https:\/\/www.wsetglobal.com\/fr\/french-qualifications\/\" target=\"_blank\" rel=\"noopener\">WSET<\/a> and it is a chosen reconversion in the world of wine that is taking shape.<\/p>\n<p style=\"text-align: justify;\">Together and driven by the same passion for wine and high quality service, father and daughter seized the opportunity to buy the company NHB Riviera which then became Riviera Cellars and which today dedicates its expertise to the service of enthusiasts, amateurs and initiates in the world of wine all over the world.<\/p>\n\n\t\t<\/div>\n\t<\/div>\n\n\t<div class=\"title-subtitle-box\" style=\" text-align: center;\">\n\t\t<p  style=\"\">RIVIERA CELLARS, A RECOGNISED EXPERIENCE IN THE WORLD OF YACHTING AND RESORTS!<\/p>\n\t<\/div> \n\t<div class=\"wpb_text_column wpb_content_element\" >\n\t\t<div class=\"wpb_wrapper\">\n\t\t\t<p style=\"text-align: justify;\">Our expertise, inspired by our passion for wine, invites us to go the extra mile every day to unearth the finest nuggets, find the best vintages and satisfy each and every one of our customers' requests for delivery to your yacht, your mountain chalet or your holiday home.<br \/>\nWhether you tell us your wishes and desires in terms of wine selection, or whether you choose to rely on our expert advice to build up a cellar according to your preferences, it is always a high quality service and total discretion that we reserve for our clients.<\/p>\n<p style=\"text-align: justify;\">Riviera Cellars' reputation is built on a commitment to excellence in the selection and sourcing of old and rare vintages and in the supply of wine and spirits, as well as in its understanding of the luxury world.<\/p>\n<p style=\"text-align: justify;\">Red, white or ros\u00e9 wines, champagnes, alcohols and spirits, in small quantities or for larger volumes, a VIP delivery to refurbish your yacht, fill the cellar of your second home or meet the needs of a stay in your mountain chalet... the family business Riviera Cellars meets each of your needs with responsiveness, professionalism and a deep-seated desire to satisfy you!<\/p>\n\n\t\t<\/div>\n\t<\/div>\n<\/div><\/div><\/div><\/div><div class=\"vc_row wpb_row vc_row-fluid vc_custom_1666777618777\"><div class=\"wpb_column vc_column_container vc_col-sm-12\"><div class=\"vc_column-inner\"><div class=\"wpb_wrapper\"><div class=\"vc_empty_space\"   style=\"height: 0px\"><span class=\"vc_empty_space_inner\"><\/span><\/div>\n\t<div class=\"title-subtitle-box\" style=\" text-align: center;\">\n\t\t<p  style=\"\">By Riviera Cellars<\/p>\n\t\t<h3 style=\" color:#ffffff;  font-style: bold; text-transform: uppercase;\">OUR TEAM<\/h3>\n\t<\/div> <div class=\"vc_row wpb_row vc_inner vc_row-fluid\"><div class=\"wpb_column vc_column_container vc_col-sm-6\"><div class=\"vc_column-inner\"><div class=\"wpb_wrapper\">\n\t<div  class=\"wpb_single_image wpb_content_element vc_align_center\">\n\t\t\n\t\t<figure class=\"wpb_wrapper vc_figure\">\n\t\t\t<div class=\"vc_single_image-wrapper vc_box_shadow_3d  vc_box_border_grey\"><img loading=\"lazy\" decoding=\"async\" width=\"1944\" height=\"1296\" src=\"https:\/\/www.rivieracellars.fr\/wp-content\/uploads\/2022\/08\/1659097120145.jpeg\" class=\"vc_single_image-img attachment-full\" alt=\"\" title=\"1659097120145\" srcset=\"https:\/\/www.rivieracellars.fr\/wp-content\/uploads\/2022\/08\/1659097120145.jpeg 1944w, https:\/\/www.rivieracellars.fr\/wp-content\/uploads\/2022\/08\/1659097120145-600x400.jpeg 600w, https:\/\/www.rivieracellars.fr\/wp-content\/uploads\/2022\/08\/1659097120145-300x200.jpeg 300w, https:\/\/www.rivieracellars.fr\/wp-content\/uploads\/2022\/08\/1659097120145-1024x683.jpeg 1024w, https:\/\/www.rivieracellars.fr\/wp-content\/uploads\/2022\/08\/1659097120145-768x512.jpeg 768w, https:\/\/www.rivieracellars.fr\/wp-content\/uploads\/2022\/08\/1659097120145-1536x1024.jpeg 1536w, https:\/\/www.rivieracellars.fr\/wp-content\/uploads\/2022\/08\/1659097120145-1320x880.jpeg 1320w\" sizes=\"auto, (max-width: 1944px) 100vw, 1944px\" \/><\/div>\n\t\t<\/figure>\n\t<\/div>\n\n\t<div class=\"wpb_text_column wpb_content_element\" >\n\t\t<div class=\"wpb_wrapper\">\n\t\t\t<p style=\"text-align: center;\">CEO &amp; Founder<br \/>\n<span style=\"color: #ffffff;\"><strong>MARC FOURNEE<\/strong><\/span><\/p>\n<p style=\"text-align: center;\"><a href=\"mailto:marc@rivieracellars.fr\">marc@rivieracellars.fr<\/a><\/p>\n\n\t\t<\/div>\n\t<\/div>\n<\/div><\/div><\/div><div class=\"wpb_column vc_column_container vc_col-sm-6\"><div class=\"vc_column-inner\"><div class=\"wpb_wrapper\">\n\t<div  class=\"wpb_single_image wpb_content_element vc_align_center\">\n\t\t\n\t\t<figure class=\"wpb_wrapper vc_figure\">\n\t\t\t<div class=\"vc_single_image-wrapper vc_box_shadow_3d  vc_box_border_grey\"><img loading=\"lazy\" decoding=\"async\" width=\"1944\" height=\"1296\" src=\"https:\/\/www.rivieracellars.fr\/wp-content\/uploads\/2022\/08\/1659097105671.jpeg\" class=\"vc_single_image-img attachment-full\" alt=\"\" title=\"1659097105671\" srcset=\"https:\/\/www.rivieracellars.fr\/wp-content\/uploads\/2022\/08\/1659097105671.jpeg 1944w, https:\/\/www.rivieracellars.fr\/wp-content\/uploads\/2022\/08\/1659097105671-600x400.jpeg 600w, https:\/\/www.rivieracellars.fr\/wp-content\/uploads\/2022\/08\/1659097105671-300x200.jpeg 300w, https:\/\/www.rivieracellars.fr\/wp-content\/uploads\/2022\/08\/1659097105671-1024x683.jpeg 1024w, https:\/\/www.rivieracellars.fr\/wp-content\/uploads\/2022\/08\/1659097105671-768x512.jpeg 768w, https:\/\/www.rivieracellars.fr\/wp-content\/uploads\/2022\/08\/1659097105671-1536x1024.jpeg 1536w, https:\/\/www.rivieracellars.fr\/wp-content\/uploads\/2022\/08\/1659097105671-1320x880.jpeg 1320w\" sizes=\"auto, (max-width: 1944px) 100vw, 1944px\" \/><\/div>\n\t\t<\/figure>\n\t<\/div>\n\n\t<div class=\"wpb_text_column wpb_content_element\" >\n\t\t<div class=\"wpb_wrapper\">\n\t\t\t<p style=\"text-align: center;\">Executive Assistant<br \/>\n<span style=\"color: #ffffff;\"><strong>CHARLOTTE FOURNEE<\/strong><\/span><\/p>\n<p style=\"text-align: center;\"><a href=\"mailto:charlotte@rivieracellars.fr\">charlotte@rivieracellars.fr<\/a><\/p>\n\n\t\t<\/div>\n\t<\/div>\n<\/div><\/div><\/div><\/div><\/div><\/div><\/div><\/div><div class=\"vc_row wpb_row vc_row-fluid vc_custom_1666777654522\"><div class=\"wpb_column vc_column_container vc_col-sm-12\"><div class=\"vc_column-inner\"><div class=\"wpb_wrapper\"><div class=\"vc_empty_space\"   style=\"height: 0px\"><span class=\"vc_empty_space_inner\"><\/span><\/div>\n\t<div class=\"title-subtitle-box\" style=\" text-align: center;\">\n\t\t<p  style=\"\">Riviera Cellars<\/p>\n\t\t<h3 style=\" color:#ffffff;  font-style: bold; text-transform: uppercase;\">Our little story<\/h3>\n\t<\/div> <section id=\"cd-timeline\" class=\"cd-container horizontal\">\n\t<div class=\"cd-timeline-block\">\n\t\t<div class=\"cd-timeline-img cd-picture kd-animated\">\n\t\t<img decoding=\"async\" src=\"https:\/\/www.rivieracellars.fr\/wp-content\/themes\/villenoir\/images\/cd-icon-location.svg\" alt=\"Location\">\n\t\t<\/div>\n\t\t<div class=\"cd-timeline-content kd-animated\">\n\t\t <img decoding=\"async\" class=\"wp-post-image\" src=\"https:\/\/www.rivieracellars.fr\/wp-content\/uploads\/2022\/10\/a-propos-rivieracellars.jpg\" alt=\"\" \/> \n\t\t<div class=\"cd-timeline-content-wrapper\">\n\t\t<p class=\"cd-title\">CAREER IN THE RESTAURANT BUSINESS OVERSEAS<\/p>\n\t\t<p>The birth of a great career in the restaurant business across the Channel in the 1980s and 1990s and experience as a wine merchant in France.<\/p>\n\t\t<h4 class=\"cd-date\">1980<\/h4>\n\t\t<\/div>\n\t\t<\/div>\n\t<\/div>\n\t<div class=\"cd-timeline-block\">\n\t\t<div class=\"cd-timeline-img cd-picture kd-animated\">\n\t\t<img decoding=\"async\" src=\"https:\/\/www.rivieracellars.fr\/wp-content\/themes\/villenoir\/images\/cd-icon-location.svg\" alt=\"Location\">\n\t\t<\/div>\n\t\t<div class=\"cd-timeline-content kd-animated\">\n\t\t <img decoding=\"async\" class=\"wp-post-image\" src=\"https:\/\/www.rivieracellars.fr\/wp-content\/uploads\/2022\/09\/cave-riviera-cellars.jpg\" alt=\"\" \/> \n\t\t<div class=\"cd-timeline-content-wrapper\">\n\t\t<p class=\"cd-title\">BIRTH OF MONTE CARLO WINES<\/p>\n\t\t<p>A professional wine cellar located in the Principality of Monaco and inaugurated by Prince Albert who launches the itinerary in the world of wine.<\/p>\n\t\t<h4 class=\"cd-date\">1990<\/h4>\n\t\t<\/div>\n\t\t<\/div>\n\t<\/div>\n\t<div class=\"cd-timeline-block\">\n\t\t<div class=\"cd-timeline-img cd-picture kd-animated\">\n\t\t<img decoding=\"async\" src=\"https:\/\/www.rivieracellars.fr\/wp-content\/themes\/villenoir\/images\/cd-icon-location.svg\" alt=\"Location\">\n\t\t<\/div>\n\t\t<div class=\"cd-timeline-content kd-animated\">\n\t\t <img decoding=\"async\" class=\"wp-post-image\" src=\"\" alt=\"\" \/> \n\t\t<div class=\"cd-timeline-content-wrapper\">\n\t\t<p class=\"cd-title\">NEW SERVICE : WINE SUPPLY<\/p>\n\t\t<p>In 2009, and quite naturally, a wine sales company specialising in the delivery and chartering of yachts was created.<\/p>\n\t\t<h4 class=\"cd-date\">2009<\/h4>\n\t\t<\/div>\n\t\t<\/div>\n\t<\/div>\n\t<div class=\"cd-timeline-block\">\n\t\t<div class=\"cd-timeline-img cd-picture kd-animated\">\n\t\t<img decoding=\"async\" src=\"https:\/\/www.rivieracellars.fr\/wp-content\/themes\/villenoir\/images\/cd-icon-location.svg\" alt=\"Location\">\n\t\t<\/div>\n\t\t<div class=\"cd-timeline-content kd-animated\">\n\t\t <img decoding=\"async\" class=\"wp-post-image\" src=\"https:\/\/www.rivieracellars.fr\/wp-content\/uploads\/2022\/08\/logo-wset-1.png\" alt=\"\" \/> \n\t\t<div class=\"cd-timeline-content-wrapper\">\n\t\t<p class=\"cd-title\">OBTAINING THE FAMOUS WSET<\/p>\n\t\t<p>2010 saw the award of the famous WSET (Wine and Spirit Education Trust) in England, followed in 2013 by the sommelier diploma in France.<\/p>\n\t\t<h4 class=\"cd-date\">2010<\/h4>\n\t\t<\/div>\n\t\t<\/div>\n\t<\/div>\n\t<div class=\"cd-timeline-block\">\n\t\t<div class=\"cd-timeline-img cd-picture kd-animated\">\n\t\t<img decoding=\"async\" src=\"https:\/\/www.rivieracellars.fr\/wp-content\/themes\/villenoir\/images\/cd-icon-location.svg\" alt=\"Location\">\n\t\t<\/div>\n\t\t<div class=\"cd-timeline-content kd-animated\">\n\t\t <img decoding=\"async\" class=\"wp-post-image\" src=\"https:\/\/www.rivieracellars.fr\/wp-content\/uploads\/2022\/08\/Riviera-Cellars-Logo-White-NEW.png\" alt=\"\" \/> \n\t\t<div class=\"cd-timeline-content-wrapper\">\n\t\t<p class=\"cd-title\">FAMILY BUSINESS<\/p>\n\t\t<p>It was in 2020 that the company became truly family-owned thanks to the love of wine shared by a daughter and her father. After training with Franck Thomas and obtaining the title of Sommelier Caviste Ambassadrice en Gastronomie, followed by three WSET certifications, a career change in the world of wine took shape.<\/p>\n\t\t<h4 class=\"cd-date\">2020<\/h4>\n\t\t<\/div>\n\t\t<\/div>\n\t<\/div><\/section><\/div><\/div><\/div><\/div>","protected":false},"excerpt":{"rendered":"Riviera Cellars ``Les Fran\u00e7ais sont si fiers de leurs vins qu\u2019ils ont donn\u00e9 \u00e0 certaines de leurs villes le nom d\u2019un grand cru.`` Oscar Wilde En tant que Fran\u00e7ais, nous avons grandi avec le vin, et nous avons maintenant la chance de pouvoir joindre l'utile \u00e0 l'agr\u00e9able ! Ayant travaill\u00e9 dans le domaine du vin<br class=\"read-more-spacer\"> <a class=\"more-link\" href=\"https:\/\/www.rivieracellars.fr\/en\/a-propos\/\">Read More<\/a>","protected":false},"author":1,"featured_media":0,"parent":0,"menu_order":0,"comment_status":"closed","ping_status":"closed","template":"","meta":{"_acf_changed":false,"footnotes":""},"class_list":["post-36","page","type-page","status-publish","hentry"],"acf":[],"yoast_head":"<!-- This site is optimized with the Yoast SEO plugin v27.4 - https:\/\/yoast.com\/product\/yoast-seo-wordpress\/ -->\n<title>A propos - Riviera Cellars Wine Supply French Riviera<\/title>\n<meta name=\"description\" content=\"En tant que Fran\u00e7ais, nous avons grandi avec le vin, et nous avons maintenant la chance de pouvoir joindre l&#039;utile \u00e0 l&#039;agr\u00e9able !\" \/>\n<meta name=\"robots\" content=\"index, follow, max-snippet:-1, max-image-preview:large, max-video-preview:-1\" \/>\n<link rel=\"canonical\" href=\"https:\/\/www.rivieracellars.fr\/en\/a-propos\/\" \/>\n<meta property=\"og:locale\" content=\"en_GB\" \/>\n<meta property=\"og:type\" content=\"article\" \/>\n<meta property=\"og:title\" content=\"A propos - Riviera Cellars Wine Supply French Riviera\" \/>\n<meta property=\"og:description\" content=\"En tant que Fran\u00e7ais, nous avons grandi avec le vin, et nous avons maintenant la chance de pouvoir joindre l&#039;utile \u00e0 l&#039;agr\u00e9able !\" \/>\n<meta property=\"og:url\" content=\"https:\/\/www.rivieracellars.fr\/en\/a-propos\/\" \/>\n<meta property=\"og:site_name\" content=\"Riviera Cellars Wine Supply French Riviera\" \/>\n<meta property=\"article:publisher\" content=\"https:\/\/www.facebook.com\/rivieracellarsfr\" \/>\n<meta property=\"article:modified_time\" content=\"2022-10-26T12:15:05+00:00\" \/>\n<meta name=\"twitter:card\" content=\"summary_large_image\" \/>\n<meta name=\"twitter:label1\" content=\"Estimated reading time\" \/>\n\t<meta name=\"twitter:data1\" content=\"5 minutes\" \/>\n<script type=\"application\/ld+json\" class=\"yoast-schema-graph\">{\"@context\":\"https:\\\/\\\/schema.org\",\"@graph\":[{\"@type\":\"WebPage\",\"@id\":\"https:\\\/\\\/www.rivieracellars.fr\\\/a-propos\\\/\",\"url\":\"https:\\\/\\\/www.rivieracellars.fr\\\/a-propos\\\/\",\"name\":\"A propos - Riviera Cellars Wine Supply French Riviera\",\"isPartOf\":{\"@id\":\"https:\\\/\\\/www.rivieracellars.fr\\\/en\\\/#website\"},\"datePublished\":\"2016-05-13T06:56:39+00:00\",\"dateModified\":\"2022-10-26T12:15:05+00:00\",\"description\":\"En tant que Fran\u00e7ais, nous avons grandi avec le vin, et nous avons maintenant la chance de pouvoir joindre l'utile \u00e0 l'agr\u00e9able !\",\"inLanguage\":\"en-GB\",\"potentialAction\":[{\"@type\":\"ReadAction\",\"target\":[\"https:\\\/\\\/www.rivieracellars.fr\\\/a-propos\\\/\"]}]},{\"@type\":\"WebSite\",\"@id\":\"https:\\\/\\\/www.rivieracellars.fr\\\/en\\\/#website\",\"url\":\"https:\\\/\\\/www.rivieracellars.fr\\\/en\\\/\",\"name\":\"Riviera Cellars Wine Supply French Riviera\",\"description\":\"Approvisionnement en vins et champagnes fins et rares\",\"publisher\":{\"@id\":\"https:\\\/\\\/www.rivieracellars.fr\\\/en\\\/#organization\"},\"potentialAction\":[{\"@type\":\"SearchAction\",\"target\":{\"@type\":\"EntryPoint\",\"urlTemplate\":\"https:\\\/\\\/www.rivieracellars.fr\\\/en\\\/?s={search_term_string}\"},\"query-input\":{\"@type\":\"PropertyValueSpecification\",\"valueRequired\":true,\"valueName\":\"search_term_string\"}}],\"inLanguage\":\"en-GB\"},{\"@type\":\"Organization\",\"@id\":\"https:\\\/\\\/www.rivieracellars.fr\\\/en\\\/#organization\",\"name\":\"Riviera Cellars\",\"alternateName\":\"RC\",\"url\":\"https:\\\/\\\/www.rivieracellars.fr\\\/en\\\/\",\"logo\":{\"@type\":\"ImageObject\",\"inLanguage\":\"en-GB\",\"@id\":\"https:\\\/\\\/www.rivieracellars.fr\\\/en\\\/#\\\/schema\\\/logo\\\/image\\\/\",\"url\":\"https:\\\/\\\/www.rivieracellars.fr\\\/wp-content\\\/uploads\\\/2022\\\/08\\\/Riviera-Cellars-Logo-White-NEW.png\",\"contentUrl\":\"https:\\\/\\\/www.rivieracellars.fr\\\/wp-content\\\/uploads\\\/2022\\\/08\\\/Riviera-Cellars-Logo-White-NEW.png\",\"width\":800,\"height\":317,\"caption\":\"Riviera Cellars\"},\"image\":{\"@id\":\"https:\\\/\\\/www.rivieracellars.fr\\\/en\\\/#\\\/schema\\\/logo\\\/image\\\/\"},\"sameAs\":[\"https:\\\/\\\/www.facebook.com\\\/rivieracellarsfr\"]}]}<\/script>\n<!-- \/ Yoast SEO plugin. -->","yoast_head_json":{"title":"A propos - Riviera Cellars Wine Supply French Riviera","description":"En tant que Fran\u00e7ais, nous avons grandi avec le vin, et nous avons maintenant la chance de pouvoir joindre l'utile \u00e0 l'agr\u00e9able !","robots":{"index":"index","follow":"follow","max-snippet":"max-snippet:-1","max-image-preview":"max-image-preview:large","max-video-preview":"max-video-preview:-1"},"canonical":"https:\/\/www.rivieracellars.fr\/en\/a-propos\/","og_locale":"en_GB","og_type":"article","og_title":"A propos - Riviera Cellars Wine Supply French Riviera","og_description":"En tant que Fran\u00e7ais, nous avons grandi avec le vin, et nous avons maintenant la chance de pouvoir joindre l'utile \u00e0 l'agr\u00e9able !","og_url":"https:\/\/www.rivieracellars.fr\/en\/a-propos\/","og_site_name":"Riviera Cellars Wine Supply French Riviera","article_publisher":"https:\/\/www.facebook.com\/rivieracellarsfr","article_modified_time":"2022-10-26T12:15:05+00:00","twitter_card":"summary_large_image","twitter_misc":{"Estimated reading time":"5 minutes"},"schema":{"@context":"https:\/\/schema.org","@graph":[{"@type":"WebPage","@id":"https:\/\/www.rivieracellars.fr\/a-propos\/","url":"https:\/\/www.rivieracellars.fr\/a-propos\/","name":"A propos - Riviera Cellars Wine Supply French Riviera","isPartOf":{"@id":"https:\/\/www.rivieracellars.fr\/en\/#website"},"datePublished":"2016-05-13T06:56:39+00:00","dateModified":"2022-10-26T12:15:05+00:00","description":"En tant que Fran\u00e7ais, nous avons grandi avec le vin, et nous avons maintenant la chance de pouvoir joindre l'utile \u00e0 l'agr\u00e9able !","inLanguage":"en-GB","potentialAction":[{"@type":"ReadAction","target":["https:\/\/www.rivieracellars.fr\/a-propos\/"]}]},{"@type":"WebSite","@id":"https:\/\/www.rivieracellars.fr\/en\/#website","url":"https:\/\/www.rivieracellars.fr\/en\/","name":"Riviera Cellars Wine Supply French Riviera","description":"Approvisionnement en vins et champagnes fins et rares","publisher":{"@id":"https:\/\/www.rivieracellars.fr\/en\/#organization"},"potentialAction":[{"@type":"SearchAction","target":{"@type":"EntryPoint","urlTemplate":"https:\/\/www.rivieracellars.fr\/en\/?s={search_term_string}"},"query-input":{"@type":"PropertyValueSpecification","valueRequired":true,"valueName":"search_term_string"}}],"inLanguage":"en-GB"},{"@type":"Organization","@id":"https:\/\/www.rivieracellars.fr\/en\/#organization","name":"Riviera Cellars","alternateName":"RC","url":"https:\/\/www.rivieracellars.fr\/en\/","logo":{"@type":"ImageObject","inLanguage":"en-GB","@id":"https:\/\/www.rivieracellars.fr\/en\/#\/schema\/logo\/image\/","url":"https:\/\/www.rivieracellars.fr\/wp-content\/uploads\/2022\/08\/Riviera-Cellars-Logo-White-NEW.png","contentUrl":"https:\/\/www.rivieracellars.fr\/wp-content\/uploads\/2022\/08\/Riviera-Cellars-Logo-White-NEW.png","width":800,"height":317,"caption":"Riviera Cellars"},"image":{"@id":"https:\/\/www.rivieracellars.fr\/en\/#\/schema\/logo\/image\/"},"sameAs":["https:\/\/www.facebook.com\/rivieracellarsfr"]}]}},"jetpack_sharing_enabled":true,"_links":{"self":[{"href":"https:\/\/www.rivieracellars.fr\/en\/wp-json\/wp\/v2\/pages\/36","targetHints":{"allow":["GET"]}}],"collection":[{"href":"https:\/\/www.rivieracellars.fr\/en\/wp-json\/wp\/v2\/pages"}],"about":[{"href":"https:\/\/www.rivieracellars.fr\/en\/wp-json\/wp\/v2\/types\/page"}],"author":[{"embeddable":true,"href":"https:\/\/www.rivieracellars.fr\/en\/wp-json\/wp\/v2\/users\/1"}],"replies":[{"embeddable":true,"href":"https:\/\/www.rivieracellars.fr\/en\/wp-json\/wp\/v2\/comments?post=36"}],"version-history":[{"count":47,"href":"https:\/\/www.rivieracellars.fr\/en\/wp-json\/wp\/v2\/pages\/36\/revisions"}],"predecessor-version":[{"id":2804,"href":"https:\/\/www.rivieracellars.fr\/en\/wp-json\/wp\/v2\/pages\/36\/revisions\/2804"}],"wp:attachment":[{"href":"https:\/\/www.rivieracellars.fr\/en\/wp-json\/wp\/v2\/media?parent=36"}],"curies":[{"name":"wp","href":"https:\/\/api.w.org\/{rel}","templated":true}]}}