{"id":448,"date":"2016-03-21T09:58:31","date_gmt":"2016-03-21T08:58:31","guid":{"rendered":"http:\/\/okthemes.com\/villenoirdemo\/?page_id=448"},"modified":"2024-02-19T17:50:47","modified_gmt":"2024-02-19T16:50:47","slug":"wine-supply","status":"publish","type":"page","link":"https:\/\/www.rivieracellars.fr\/en\/wine-supply\/","title":{"rendered":"Wine Supply"},"content":{"rendered":"<div class=\"vc_row wpb_row vc_row-fluid vc_custom_1666339939923\"><div class=\"wpb_column vc_column_container vc_col-sm-12\"><div class=\"vc_column-inner vc_custom_1458555142589\"><div class=\"wpb_wrapper\">\n\t<div class=\"title-subtitle-box\" style=\" text-align: center;\">\n\t\t<p  style=\"\">Riviera Cellars<\/p>\n\t\t<h2 style=\" font-style: normal;\">A recognized experience in the world of yachting and resorts!<\/h2>\n\t<\/div> \n\t<div class=\"wpb_text_column wpb_content_element\" >\n\t\t<div class=\"wpb_wrapper\">\n\t\t\t<p style=\"text-align: justify;\">Our expertise, inspired by our passion for wine, invites us to go the extra mile every day to unearth the finest nuggets, find the best vintages and satisfy each and every one of our customers' requests for delivery to your yacht, your mountain chalet or your holiday home.<br \/>\nWhether you tell us your wishes and desires in terms of wine selection, or whether you choose to rely on our expert advice to build a cellar according to your preferences, it is always a high quality service and total discretion that we reserve for our clients. Riviera Cellars' reputation is built on our commitment to excellence in the selection and sourcing of old and rare vintages, as well as in our understanding of the world of luxury wine and spirits.<br \/>\nRed, white or ros\u00e9 wines, champagnes, alcohols and spirits, in small quantities or for larger volumes, a VIP delivery to refurbish your yacht, fill the cellar of your second home or meet the needs of a stay in your mountain chalet... the family business Riviera Cellars meets each of your needs with responsiveness, professionalism and a deep-seated desire to satisfy you!<\/p>\n\n\t\t<\/div>\n\t<\/div>\n<\/div><\/div><\/div><\/div><div data-vc-full-width=\"true\" data-vc-full-width-init=\"false\" class=\"vc_row wpb_row vc_row-fluid vc_custom_1661776154298 vc_row-has-fill\"><div class=\"wpb_column vc_column_container vc_col-sm-12\"><div class=\"vc_column-inner\"><div class=\"wpb_wrapper\"><div class=\"vc_row wpb_row vc_inner vc_row-fluid vc_column-gap-30\"><div class=\"wpb_column vc_column_container vc_col-sm-6 vc_col-lg-offset-0 vc_col-lg-4 vc_col-md-offset-0 vc_col-md-4 vc_col-sm-offset-3 vc_col-has-fill\"><div class=\"vc_column-inner vc_custom_1460628751680\"><div class=\"wpb_wrapper\"><div class=\"vc_icon_element vc_icon_element-outer vc_icon_element-align-left\"><div class=\"vc_icon_element-inner vc_icon_element-color-white vc_icon_element-size-md vc_icon_element-style- vc_icon_element-background-color-grey\" ><span class=\"vc_icon_element-icon vc-oi vc-oi-layers-alt\" ><\/span><\/div><\/div>\n\t<div class=\"wpb_text_column wpb_content_element\" >\n\t\t<div class=\"wpb_wrapper\">\n\t\t\t<h2>Yachts<\/h2>\n<p><span style=\"color: #ffffff;\"><a style=\"color: #ffffff;\" href=\"#tva\">If your yacht meets specific requirements, you can benefit from a duty free order of wine and\/or spirits that Riviera Cellars is able to fulfil. Please note that due to customs constraints, we require at least 48 hours notice to make a duty free delivery.<\/a><\/span><\/p>\n\n\t\t<\/div>\n\t<\/div>\n<\/div><\/div><\/div><div class=\"wpb_column vc_column_container vc_col-sm-6 vc_col-lg-offset-0 vc_col-lg-4 vc_col-md-offset-0 vc_col-md-4 vc_col-sm-offset-3 vc_col-has-fill\"><div class=\"vc_column-inner vc_custom_1460628787670\"><div class=\"wpb_wrapper\"><div class=\"vc_icon_element vc_icon_element-outer vc_icon_element-align-left\"><div class=\"vc_icon_element-inner vc_icon_element-color-custom vc_icon_element-size-md vc_icon_element-style- vc_icon_element-background-color-grey\" ><span class=\"vc_icon_element-icon vc-oi vc-oi-cloud\" style=\"color:#b0976d !important\"><\/span><\/div><\/div>\n\t<div class=\"wpb_text_column wpb_content_element\" >\n\t\t<div class=\"wpb_wrapper\">\n\t\t\t<h2><span style=\"color: #b0976d;\">Chalets<\/span><\/h2>\n<p><span style=\"color: #b0976d;\">Wouldn\u2019t it be great to arrive at your chalet and find your favourite wine and champagne ready and waiting for you? This is eminently possible, thanks to our <strong>In-Chalet Wine Delivery Service<\/strong>. Over 30 years in sourcing and supplying fine and rare wines, so just let us know what you need, and we will arrange it for you.<\/span><\/p>\n\n\t\t<\/div>\n\t<\/div>\n<\/div><\/div><\/div><div class=\"wpb_column vc_column_container vc_col-sm-6 vc_col-lg-offset-0 vc_col-lg-4 vc_col-md-offset-0 vc_col-md-4 vc_col-sm-offset-3 vc_col-has-fill\"><div class=\"vc_column-inner vc_custom_1460628881427\"><div class=\"wpb_wrapper\"><div class=\"vc_icon_element vc_icon_element-outer vc_icon_element-align-left\"><div class=\"vc_icon_element-inner vc_icon_element-color-white vc_icon_element-size-md vc_icon_element-style- vc_icon_element-background-color-grey\" ><span class=\"vc_icon_element-icon vc-oi vc-oi-share\" ><\/span><\/div><\/div>\n\t<div class=\"wpb_text_column wpb_content_element\" >\n\t\t<div class=\"wpb_wrapper\">\n\t\t\t<h2>Villas<\/h2>\n<p>Riviera Cellars offers high quality products and Premium Wine.<br \/>\nProvisioning Service dedicated to villas throughout the French Riviera and the Mediterranean Coast! We strive to have a tailored service and meet your specific requirements.<\/p>\n\n\t\t<\/div>\n\t<\/div>\n<\/div><\/div><\/div><\/div><\/div><\/div><\/div><\/div><div class=\"vc_row-full-width vc_clearfix\"><\/div><div class=\"vc_row wpb_row vc_row-fluid\"><div class=\"wpb_column vc_column_container vc_col-sm-8\"><div class=\"vc_column-inner\"><div class=\"wpb_wrapper\">\n\t<div class=\"title-subtitle-box\" style=\" text-align: left;\">\n\t\t<p  style=\"\">Riviera Cellars<\/p>\n\t\t<h2 style=\" font-style: normal;\">Supply area<\/h2>\n\t<\/div> \n\t<div  class=\"wpb_single_image wpb_content_element vc_align_center\">\n\t\t\n\t\t<figure class=\"wpb_wrapper vc_figure\">\n\t\t\t<div class=\"vc_single_image-wrapper   vc_box_border_grey\"><img loading=\"lazy\" decoding=\"async\" width=\"756\" height=\"301\" src=\"https:\/\/www.rivieracellars.fr\/wp-content\/uploads\/2022\/09\/zone-livraison-riviera-1.png\" class=\"vc_single_image-img attachment-full\" alt=\"\" title=\"zone-livraison-riviera (1)\" srcset=\"https:\/\/www.rivieracellars.fr\/wp-content\/uploads\/2022\/09\/zone-livraison-riviera-1.png 756w, https:\/\/www.rivieracellars.fr\/wp-content\/uploads\/2022\/09\/zone-livraison-riviera-1-300x119.png 300w, https:\/\/www.rivieracellars.fr\/wp-content\/uploads\/2022\/09\/zone-livraison-riviera-1-600x239.png 600w\" sizes=\"auto, (max-width: 756px) 100vw, 756px\" \/><\/div>\n\t\t<\/figure>\n\t<\/div>\n<\/div><\/div><\/div><div class=\"wpb_column vc_column_container vc_col-sm-4\"><div class=\"vc_column-inner\"><div class=\"wpb_wrapper\"><div class=\"vc_empty_space\"   style=\"height: 100px\"><span class=\"vc_empty_space_inner\"><\/span><\/div>\n\t<div class=\"wpb_text_column wpb_content_element\" >\n\t\t<div class=\"wpb_wrapper\">\n\t\t\t<p style=\"text-align: justify;\">Specialising in the search for old and rare wines, we put all our know-how at the service of our clients to satisfy each and every request. In collaboration with the captain of your boat or the concierge of your chalet, we work to build and deliver the cellar of wines and spirits that you want.<\/p>\n\n\t\t<\/div>\n\t<\/div>\n<\/div><\/div><\/div><\/div><div id=\"tva\" class=\"vc_row wpb_row vc_row-fluid vc_custom_1662654680800 vc_row-o-content-middle vc_row-flex\"><div class=\"wpb_column vc_column_container vc_col-sm-6\"><div class=\"vc_column-inner\"><div class=\"wpb_wrapper\">\n\t<div class=\"title-subtitle-box  vc_custom_1662652408588\" style=\" margin-bottom:90px; text-align: center;\">\n\t\t<p  style=\"\">Tax-free deliveries in France<\/p>\n\t\t<h1 style=\" font-style: normal;\">VAT<\/h1>\n\t<\/div> \n\t<div class=\"wpb_text_column wpb_content_element\" >\n\t\t<div class=\"wpb_wrapper\">\n\t\t\t<h3>The following conditions must all be met:<\/h3>\n<ul>\n<li>The vessel is recorded on an official register under an administrative authority<\/li>\n<li>The vessel has permanent crew<\/li>\n<li>The vessel is affected to a commercial activity<\/li>\n<li>The vessel is at least 15m in length<\/li>\n<li>Le navire s\u2019engage \u00e0 sortir des eaux territoriales Fran\u00e7aises pour 70% au moins de ses trajets r\u00e9alis\u00e9s au cours de l\u2019ann\u00e9e 2024<\/li>\n<\/ul>\n<h3>You will need to provide copies of the following in advance of any delivery:<\/h3>\n<ul>\n<li>CERTIFICATE OF COMMERCIAL REGISTRATION<\/li>\n<li>THE SPECIFIC CHARTER AGREEMENT<\/li>\n<li>CREW LIST<\/li>\n<li>DECLARATION OF COMPLIANCE<\/li>\n<li>TARIF DOCUMENT DOUANIER 2024<\/li>\n<\/ul>\n\n\t\t<\/div>\n\t<\/div>\n<\/div><\/div><\/div><div class=\"wpb_column vc_column_container vc_col-sm-6\"><div class=\"vc_column-inner\"><div class=\"wpb_wrapper\"><div class=\"vc_empty_space\"   style=\"height: 120px\"><span class=\"vc_empty_space_inner\"><\/span><\/div>\n\t<div class=\"wpb_text_column wpb_content_element\" >\n\t\t<div class=\"wpb_wrapper\">\n\t\t\t<h5 style=\"text-align: center;\">If the operations take place during the weekend, a supplement of 25% is to be applied to the above scale.<\/h5>\n<h5 style=\"text-align: center;\">Also add the RTS of 180\u20ac that we pay to customs for their travel expenses during the weekend.<\/h5>\n\n\t\t<\/div>\n\t<\/div>\n<div class=\"vc_empty_space\"   style=\"height: 32px\"><span class=\"vc_empty_space_inner\"><\/span><\/div>\n\t<div class=\"wpb_text_column wpb_content_element\" >\n\t\t<div class=\"wpb_wrapper\">\n\t\t\t<table border=\"1\" width=\"100%\" cellspacing=\"1\" cellpadding=\"5\">\n<tbody>\n<tr>\n<td style=\"text-align: center;\"><strong>VALUE<\/strong><\/td>\n<td style=\"text-align: center;\"><strong>PRICE IN EUROS<\/strong><\/td>\n<\/tr>\n<tr>\n<td style=\"text-align: center;\">From \u20ac1,000 to \u20ac10,000<\/td>\n<td style=\"text-align: center;\">140 \u20ac<\/td>\n<\/tr>\n<tr>\n<td style=\"text-align: center;\">From \u20ac10,000 to \u20ac20,000<\/td>\n<td style=\"text-align: center;\">190 \u20ac<\/td>\n<\/tr>\n<tr>\n<td style=\"text-align: center;\">From \u20ac20,000 to \u20ac30,000<\/td>\n<td style=\"text-align: center;\">220 \u20ac<\/td>\n<\/tr>\n<tr>\n<td style=\"text-align: center;\">From \u20ac30,000 to \u20ac40,000<\/td>\n<td style=\"text-align: center;\">\u00a0240 \u20ac<\/td>\n<\/tr>\n<tr>\n<td style=\"text-align: center;\">From \u20ac40,000 to \u20ac50,000<\/td>\n<td style=\"text-align: center;\">320 \u20ac<\/td>\n<\/tr>\n<tr>\n<td style=\"text-align: center;\">More than \u20ac320<\/td>\n<td style=\"text-align: center;\">320 \u20ac<\/td>\n<\/tr>\n<tr>\n<td style=\"text-align: center;\">TID (Customs Data Processing)<\/td>\n<td style=\"text-align: center;\">10 \u20ac<\/td>\n<\/tr>\n<\/tbody>\n<\/table>\n\n\t\t<\/div>\n\t<\/div>\n<\/div><\/div><\/div><\/div><div class=\"vc_row wpb_row vc_row-fluid vc_custom_1662653708764\"><div class=\"wpb_column vc_column_container vc_col-sm-12\"><div class=\"vc_column-inner\"><div class=\"wpb_wrapper\">\n\t<div class=\"wpb_text_column wpb_content_element\" >\n\t\t<div class=\"wpb_wrapper\">\n\t\t\t<p style=\"text-align: justify;\">Please note that due to Customs constraints we need at least 48 hours\u2019 notice to carry out a tax-free delivery.<br \/>\nWe will also need to be informed at the time of placing an order whether a tax-free delivery is required.<br \/>\nTax-free delivery cannot be arranged after the goods have been delivered.<br \/>\nDeliveries can only be made during Customs hours and following receipt of their approval. Due to Customs office hours this means deliveries can only be made 09.00 \u2013 12.00 or 14.00 \u2013 17.00, Monday \u2013 Friday.<br \/>\nNo return of goods can be accepted once the delivery has cleared Customs.<br \/>\nGoods delivered tax free cannot legally be taken off board without going through an import procedure, involving paying significant customs charges as well as VAT.<br \/>\nCustoms reserve the right to board the vessel at the time of delivery and subsequently.<br \/>\n<strong>There are potentially serious consequences for false declarations.<\/strong><br \/>\n<strong>Please note that the invoice must be issued in the name of the company as it appears on the certificate of commercial registration.<\/strong><\/p>\n\n\t\t<\/div>\n\t<\/div>\n<\/div><\/div><\/div><\/div><div class=\"vc_row wpb_row vc_row-fluid vc_custom_1662654760351 vc_row-o-equal-height vc_row-o-content-middle vc_row-flex\"><div class=\"wpb_column vc_column_container vc_col-sm-12 vc_col-lg-6 vc_col-md-6 vc_col-has-fill\"><div class=\"vc_column-inner vc_custom_1662653956390\"><div class=\"wpb_wrapper\"><div class=\"vc_empty_space\"   style=\"height: 500px\"><span class=\"vc_empty_space_inner\"><\/span><\/div><\/div><\/div><\/div><div class=\"wpb_column vc_column_container vc_col-sm-12 vc_col-lg-6 vc_col-md-6\"><div class=\"vc_column-inner vc_custom_1460629151533\"><div class=\"wpb_wrapper\">\n\t<div class=\"title-subtitle-box  vc_custom_1662654229633\" style=\" margin-bottom:90px; text-align: center;\">\n\t\t<p  style=\"\">Riviera Cellars<\/p>\n\t\t<h1 style=\" font-style: normal;\">Share our passion<\/h1>\n\t<\/div> \n\t<div class=\"wpb_text_column wpb_content_element  vc_custom_1662654241545\" >\n\t\t<div class=\"wpb_wrapper\">\n\t\t\t<p style=\"text-align: center;\">The love of wine and the desire to share our passion are the driving forces behind our family business Riviera Cellars.<\/p>\n\n\t\t<\/div>\n\t<\/div>\n<div class=\"vc_btn3-container vc_btn3-center\" ><a style=\"background-color:#b0976d; color:#ffffff;\" class=\"vc_general vc_btn3 vc_btn3-size-md vc_btn3-shape-square vc_btn3-style-custom\" href=\"\/en\/shop\/\" title=\"\">Discover our cellar<\/a><\/div><\/div><\/div><\/div><\/div><div class=\"vc_row wpb_row vc_row-fluid vc_custom_1662654706440 vc_row-o-equal-height vc_row-o-content-middle vc_row-flex\"><div class=\"wpb_column vc_column_container vc_col-sm-12 vc_col-lg-6 vc_col-md-6\"><div class=\"vc_column-inner vc_custom_1460629243166\"><div class=\"wpb_wrapper\">\n\t<div class=\"title-subtitle-box\" style=\" text-align: center;\">\n\t\t<p  style=\"\">Riviera Cellars<\/p>\n\t\t<h1 style=\" font-style: normal;\">Wine supply<\/h1>\n\t<\/div> \n\t<div class=\"wpb_text_column wpb_content_element  vc_custom_1662654317134\" >\n\t\t<div class=\"wpb_wrapper\">\n\t\t\t<p style=\"text-align: center;\">The family business Riviera Cellars responds to each of your needs with responsiveness, professionalism and a strong desire to satisfy you!<\/p>\n\n\t\t<\/div>\n\t<\/div>\n<div class=\"vc_btn3-container vc_btn3-center\" ><a style=\"background-color:#b0976d; color:#ffffff;\" class=\"vc_general vc_btn3 vc_btn3-size-md vc_btn3-shape-square vc_btn3-style-custom\" href=\"tel:+33646014771\" title=\"\">Contact-us<\/a><\/div><\/div><\/div><\/div><div class=\"wpb_column vc_column_container vc_col-sm-12 vc_col-lg-6 vc_col-md-6 vc_col-has-fill\"><div class=\"vc_column-inner vc_custom_1662654186977\"><div class=\"wpb_wrapper\"><div class=\"vc_empty_space\"   style=\"height: 500px\"><span class=\"vc_empty_space_inner\"><\/span><\/div><\/div><\/div><\/div><\/div><div data-vc-full-width=\"true\" data-vc-full-width-init=\"false\" class=\"vc_row wpb_row vc_row-fluid vc_custom_1662654988090 vc_row-has-fill\"><div class=\"wpb_column vc_column_container vc_col-sm-12 vc_col-lg-offset-2 vc_col-lg-8 vc_col-md-offset-2 vc_col-md-8\"><div class=\"vc_column-inner\"><div class=\"wpb_wrapper\">\n\t<div class=\"title-subtitle-box  vc_custom_1661775982396\" style=\" margin-bottom:90px; text-align: center;\">\n\t\t<p  style=\"\">Our head office<\/p>\n\t\t<h2 style=\" font-style: normal;\">548 chemin des Colles, 06140 Vence, France<\/h2>\n\t<\/div> <div class=\"vc_btn3-container vc_btn3-center\" ><a style=\"background-color:#b0976d; color:#ffffff;\" class=\"vc_general vc_btn3 vc_btn3-size-md vc_btn3-shape-square vc_btn3-style-custom\" href=\"https:\/\/www.rivieracellars.fr\/en\/contact\/\" title=\"Contact\">Contact-us<\/a><\/div><\/div><\/div><\/div><\/div><div class=\"vc_row-full-width vc_clearfix\"><\/div>","protected":false},"excerpt":{"rendered":"Riviera Cellars Une exp\u00e9rience reconnue dans le monde du yachting et de la vill\u00e9giature ! L'expertise nourrie par notre passion du vin nous invite chaque jour \u00e0 nous surpasser pour d\u00e9nicher les plus belles p\u00e9pites, trouver les meilleurs mill\u00e9simes et satisfaire \u00e0 chacune des demandes de nos clients pour une livraison assur\u00e9e sur votre yacht,<br class=\"read-more-spacer\"> <a class=\"more-link\" href=\"https:\/\/www.rivieracellars.fr\/en\/wine-supply\/\">Read More<\/a>","protected":false},"author":1,"featured_media":0,"parent":0,"menu_order":0,"comment_status":"closed","ping_status":"closed","template":"","meta":{"_acf_changed":false,"footnotes":""},"class_list":["post-448","page","type-page","status-publish","hentry"],"acf":[],"yoast_head":"<!-- This site is optimized with the Yoast SEO plugin v27.4 - https:\/\/yoast.com\/product\/yoast-seo-wordpress\/ -->\n<title>Wine Supply - Riviera Cellars Wine Supply French Riviera<\/title>\n<meta name=\"description\" content=\"L&#039;expertise nourrie par notre passion du vin nous invite chaque jour \u00e0 nous surpasser pour d\u00e9nicher les plus belles p\u00e9pites, trouver les meilleurs mill\u00e9simes et satisfaire \u00e0 chacune des demandes de nos clients pour une livraison assur\u00e9e sur votre yacht, dans votre chalet de montagne ou dans votre r\u00e9sidence secondaire.\" \/>\n<meta name=\"robots\" content=\"index, follow, max-snippet:-1, max-image-preview:large, max-video-preview:-1\" \/>\n<link rel=\"canonical\" href=\"https:\/\/www.rivieracellars.fr\/en\/wine-supply\/\" \/>\n<meta property=\"og:locale\" content=\"en_GB\" \/>\n<meta property=\"og:type\" content=\"article\" \/>\n<meta property=\"og:title\" content=\"Wine Supply - Riviera Cellars Wine Supply French Riviera\" \/>\n<meta property=\"og:description\" content=\"L&#039;expertise nourrie par notre passion du vin nous invite chaque jour \u00e0 nous surpasser pour d\u00e9nicher les plus belles p\u00e9pites, trouver les meilleurs mill\u00e9simes et satisfaire \u00e0 chacune des demandes de nos clients pour une livraison assur\u00e9e sur votre yacht, dans votre chalet de montagne ou dans votre r\u00e9sidence secondaire.\" \/>\n<meta property=\"og:url\" content=\"https:\/\/www.rivieracellars.fr\/en\/wine-supply\/\" \/>\n<meta property=\"og:site_name\" content=\"Riviera Cellars Wine Supply French Riviera\" \/>\n<meta property=\"article:publisher\" content=\"https:\/\/www.facebook.com\/rivieracellarsfr\" \/>\n<meta property=\"article:modified_time\" content=\"2024-02-19T16:50:47+00:00\" \/>\n<meta name=\"twitter:card\" content=\"summary_large_image\" \/>\n<meta name=\"twitter:label1\" content=\"Estimated reading time\" \/>\n\t<meta name=\"twitter:data1\" content=\"7 minutes\" \/>\n<script type=\"application\/ld+json\" class=\"yoast-schema-graph\">{\"@context\":\"https:\\\/\\\/schema.org\",\"@graph\":[{\"@type\":\"WebPage\",\"@id\":\"https:\\\/\\\/www.rivieracellars.fr\\\/wine-supply\\\/\",\"url\":\"https:\\\/\\\/www.rivieracellars.fr\\\/wine-supply\\\/\",\"name\":\"Wine Supply - Riviera Cellars Wine Supply French Riviera\",\"isPartOf\":{\"@id\":\"https:\\\/\\\/www.rivieracellars.fr\\\/en\\\/#website\"},\"datePublished\":\"2016-03-21T08:58:31+00:00\",\"dateModified\":\"2024-02-19T16:50:47+00:00\",\"description\":\"L'expertise nourrie par notre passion du vin nous invite chaque jour \u00e0 nous surpasser pour d\u00e9nicher les plus belles p\u00e9pites, trouver les meilleurs mill\u00e9simes et satisfaire \u00e0 chacune des demandes de nos clients pour une livraison assur\u00e9e sur votre yacht, dans votre chalet de montagne ou dans votre r\u00e9sidence secondaire.\",\"inLanguage\":\"en-GB\",\"potentialAction\":[{\"@type\":\"ReadAction\",\"target\":[\"https:\\\/\\\/www.rivieracellars.fr\\\/wine-supply\\\/\"]}]},{\"@type\":\"WebSite\",\"@id\":\"https:\\\/\\\/www.rivieracellars.fr\\\/en\\\/#website\",\"url\":\"https:\\\/\\\/www.rivieracellars.fr\\\/en\\\/\",\"name\":\"Riviera Cellars Wine Supply French Riviera\",\"description\":\"Approvisionnement en vins et champagnes fins et rares\",\"publisher\":{\"@id\":\"https:\\\/\\\/www.rivieracellars.fr\\\/en\\\/#organization\"},\"potentialAction\":[{\"@type\":\"SearchAction\",\"target\":{\"@type\":\"EntryPoint\",\"urlTemplate\":\"https:\\\/\\\/www.rivieracellars.fr\\\/en\\\/?s={search_term_string}\"},\"query-input\":{\"@type\":\"PropertyValueSpecification\",\"valueRequired\":true,\"valueName\":\"search_term_string\"}}],\"inLanguage\":\"en-GB\"},{\"@type\":\"Organization\",\"@id\":\"https:\\\/\\\/www.rivieracellars.fr\\\/en\\\/#organization\",\"name\":\"Riviera Cellars\",\"alternateName\":\"RC\",\"url\":\"https:\\\/\\\/www.rivieracellars.fr\\\/en\\\/\",\"logo\":{\"@type\":\"ImageObject\",\"inLanguage\":\"en-GB\",\"@id\":\"https:\\\/\\\/www.rivieracellars.fr\\\/en\\\/#\\\/schema\\\/logo\\\/image\\\/\",\"url\":\"https:\\\/\\\/www.rivieracellars.fr\\\/wp-content\\\/uploads\\\/2022\\\/08\\\/Riviera-Cellars-Logo-White-NEW.png\",\"contentUrl\":\"https:\\\/\\\/www.rivieracellars.fr\\\/wp-content\\\/uploads\\\/2022\\\/08\\\/Riviera-Cellars-Logo-White-NEW.png\",\"width\":800,\"height\":317,\"caption\":\"Riviera Cellars\"},\"image\":{\"@id\":\"https:\\\/\\\/www.rivieracellars.fr\\\/en\\\/#\\\/schema\\\/logo\\\/image\\\/\"},\"sameAs\":[\"https:\\\/\\\/www.facebook.com\\\/rivieracellarsfr\"]}]}<\/script>\n<!-- \/ Yoast SEO plugin. -->","yoast_head_json":{"title":"Wine Supply - Riviera Cellars Wine Supply French Riviera","description":"L'expertise nourrie par notre passion du vin nous invite chaque jour \u00e0 nous surpasser pour d\u00e9nicher les plus belles p\u00e9pites, trouver les meilleurs mill\u00e9simes et satisfaire \u00e0 chacune des demandes de nos clients pour une livraison assur\u00e9e sur votre yacht, dans votre chalet de montagne ou dans votre r\u00e9sidence secondaire.","robots":{"index":"index","follow":"follow","max-snippet":"max-snippet:-1","max-image-preview":"max-image-preview:large","max-video-preview":"max-video-preview:-1"},"canonical":"https:\/\/www.rivieracellars.fr\/en\/wine-supply\/","og_locale":"en_GB","og_type":"article","og_title":"Wine Supply - Riviera Cellars Wine Supply French Riviera","og_description":"L'expertise nourrie par notre passion du vin nous invite chaque jour \u00e0 nous surpasser pour d\u00e9nicher les plus belles p\u00e9pites, trouver les meilleurs mill\u00e9simes et satisfaire \u00e0 chacune des demandes de nos clients pour une livraison assur\u00e9e sur votre yacht, dans votre chalet de montagne ou dans votre r\u00e9sidence secondaire.","og_url":"https:\/\/www.rivieracellars.fr\/en\/wine-supply\/","og_site_name":"Riviera Cellars Wine Supply French Riviera","article_publisher":"https:\/\/www.facebook.com\/rivieracellarsfr","article_modified_time":"2024-02-19T16:50:47+00:00","twitter_card":"summary_large_image","twitter_misc":{"Estimated reading time":"7 minutes"},"schema":{"@context":"https:\/\/schema.org","@graph":[{"@type":"WebPage","@id":"https:\/\/www.rivieracellars.fr\/wine-supply\/","url":"https:\/\/www.rivieracellars.fr\/wine-supply\/","name":"Wine Supply - Riviera Cellars Wine Supply French Riviera","isPartOf":{"@id":"https:\/\/www.rivieracellars.fr\/en\/#website"},"datePublished":"2016-03-21T08:58:31+00:00","dateModified":"2024-02-19T16:50:47+00:00","description":"L'expertise nourrie par notre passion du vin nous invite chaque jour \u00e0 nous surpasser pour d\u00e9nicher les plus belles p\u00e9pites, trouver les meilleurs mill\u00e9simes et satisfaire \u00e0 chacune des demandes de nos clients pour une livraison assur\u00e9e sur votre yacht, dans votre chalet de montagne ou dans votre r\u00e9sidence secondaire.","inLanguage":"en-GB","potentialAction":[{"@type":"ReadAction","target":["https:\/\/www.rivieracellars.fr\/wine-supply\/"]}]},{"@type":"WebSite","@id":"https:\/\/www.rivieracellars.fr\/en\/#website","url":"https:\/\/www.rivieracellars.fr\/en\/","name":"Riviera Cellars Wine Supply French Riviera","description":"Approvisionnement en vins et champagnes fins et rares","publisher":{"@id":"https:\/\/www.rivieracellars.fr\/en\/#organization"},"potentialAction":[{"@type":"SearchAction","target":{"@type":"EntryPoint","urlTemplate":"https:\/\/www.rivieracellars.fr\/en\/?s={search_term_string}"},"query-input":{"@type":"PropertyValueSpecification","valueRequired":true,"valueName":"search_term_string"}}],"inLanguage":"en-GB"},{"@type":"Organization","@id":"https:\/\/www.rivieracellars.fr\/en\/#organization","name":"Riviera Cellars","alternateName":"RC","url":"https:\/\/www.rivieracellars.fr\/en\/","logo":{"@type":"ImageObject","inLanguage":"en-GB","@id":"https:\/\/www.rivieracellars.fr\/en\/#\/schema\/logo\/image\/","url":"https:\/\/www.rivieracellars.fr\/wp-content\/uploads\/2022\/08\/Riviera-Cellars-Logo-White-NEW.png","contentUrl":"https:\/\/www.rivieracellars.fr\/wp-content\/uploads\/2022\/08\/Riviera-Cellars-Logo-White-NEW.png","width":800,"height":317,"caption":"Riviera Cellars"},"image":{"@id":"https:\/\/www.rivieracellars.fr\/en\/#\/schema\/logo\/image\/"},"sameAs":["https:\/\/www.facebook.com\/rivieracellarsfr"]}]}},"jetpack_sharing_enabled":true,"_links":{"self":[{"href":"https:\/\/www.rivieracellars.fr\/en\/wp-json\/wp\/v2\/pages\/448","targetHints":{"allow":["GET"]}}],"collection":[{"href":"https:\/\/www.rivieracellars.fr\/en\/wp-json\/wp\/v2\/pages"}],"about":[{"href":"https:\/\/www.rivieracellars.fr\/en\/wp-json\/wp\/v2\/types\/page"}],"author":[{"embeddable":true,"href":"https:\/\/www.rivieracellars.fr\/en\/wp-json\/wp\/v2\/users\/1"}],"replies":[{"embeddable":true,"href":"https:\/\/www.rivieracellars.fr\/en\/wp-json\/wp\/v2\/comments?post=448"}],"version-history":[{"count":75,"href":"https:\/\/www.rivieracellars.fr\/en\/wp-json\/wp\/v2\/pages\/448\/revisions"}],"predecessor-version":[{"id":4304,"href":"https:\/\/www.rivieracellars.fr\/en\/wp-json\/wp\/v2\/pages\/448\/revisions\/4304"}],"wp:attachment":[{"href":"https:\/\/www.rivieracellars.fr\/en\/wp-json\/wp\/v2\/media?parent=448"}],"curies":[{"name":"wp","href":"https:\/\/api.w.org\/{rel}","templated":true}]}}