{"id":1983,"date":"2022-09-06T17:19:14","date_gmt":"2022-09-06T15:19:14","guid":{"rendered":"https:\/\/www.rivieracellars.fr\/?post_type=product&#038;p=1983"},"modified":"2024-11-07T15:33:48","modified_gmt":"2024-11-07T14:33:48","slug":"beluga-noble-russian-vodka","status":"publish","type":"product","link":"https:\/\/www.rivieracellars.fr\/en\/product\/beluga-noble-russian-vodka\/","title":{"rendered":"Beluga Noble Russian Vodka"},"content":{"rendered":"<p style=\"text-align: justify;\"><strong>Excellence in the purest form<\/strong><\/p>\n<p style=\"text-align: justify;\">Beluga Noble is the epitome of refinement in every sense of the word and in every detail. Thanks to an exclusive production technique, combining innovations and age-old traditions, Beluga Noble achieves an inimitably smooth taste. Exceptional malt liquor and pure water from Siberian artesian wells guarantee a full and sweet taste. Honey, oat infusion, milk thistle extract and vanilla complete the picture, for a multifaceted, complete, superbly controlled flavor, in a word ideal. Maturation: 30 days The refined design of the bottle, with its artisanal components, impeccably reflects the presence of Beluga Noble.<\/p>\n<p style=\"text-align: justify;\">Decorated with their emblem, a small hand-attached beluga, each bottle is a unique piece. Beluga Noble vodka is produced in the heart of Siberia, in a region rightfully known for its ecological purity, a profitable choice thanks to which this vodka is now the leader of the Russian spirits market.<\/p>","protected":false},"excerpt":{"rendered":"<p>L\u2019excellence \u00e0 l\u2019\u00e9tat pur La Beluga Noble est un summum de raffinement dans tous les sens du terme et jusque dans les moindres d\u00e9tails. Gr\u00e2ce \u00e0 une technique de production exclusive, alliant innovations et traditions s\u00e9culaires, la Beluga Noble acc\u00e8de \u00e0 une saveur d\u2019une douceur inimitable. Eau-de-vie de malt d\u2019exception et eau pure issue de<br class=\"read-more-spacer\"> <a class=\"more-link\" href=\"https:\/\/www.rivieracellars.fr\/en\/product\/beluga-noble-russian-vodka\/\">Read More<\/a><\/p>","protected":false},"featured_media":1962,"template":"","meta":{"_acf_changed":false},"product_brand":[],"product_cat":[182],"product_tag":[186,185],"class_list":{"0":"post-1983","1":"product","2":"type-product","3":"status-publish","4":"has-post-thumbnail","6":"product_cat-spiritueux","7":"product_tag-russie","8":"product_tag-vodka","9":"pa_pays-russie","10":"pa_producteur-beluga","11":"pa_types-vodka","13":"first","14":"instock","15":"taxable","16":"shipping-taxable","17":"purchasable","18":"product-type-simple"},"acf":[],"yoast_head":"<!-- This site is optimized with the Yoast SEO plugin v27.4 - https:\/\/yoast.com\/product\/yoast-seo-wordpress\/ -->\n<title>Beluga Noble Russian Vodka - Riviera Cellars Wine Supply French Riviera<\/title>\n<meta name=\"description\" content=\"Eau-de-vie de malt d\u2019exception et eau pure issue de puits art\u00e9siens de Sib\u00e9rie sont les garanties d\u2019une saveur ample et douce.\" \/>\n<meta name=\"robots\" content=\"index, follow, max-snippet:-1, max-image-preview:large, max-video-preview:-1\" \/>\n<link rel=\"canonical\" href=\"https:\/\/www.rivieracellars.fr\/en\/product\/beluga-noble-russian-vodka\/\" \/>\n<meta property=\"og:locale\" content=\"en_GB\" \/>\n<meta property=\"og:type\" content=\"article\" \/>\n<meta property=\"og:title\" content=\"Beluga Noble Russian Vodka - Riviera Cellars Wine Supply French Riviera\" \/>\n<meta property=\"og:description\" content=\"Eau-de-vie de malt d\u2019exception et eau pure issue de puits art\u00e9siens de Sib\u00e9rie sont les garanties d\u2019une saveur ample et douce.\" \/>\n<meta property=\"og:url\" content=\"https:\/\/www.rivieracellars.fr\/en\/product\/beluga-noble-russian-vodka\/\" \/>\n<meta property=\"og:site_name\" content=\"Riviera Cellars Wine Supply French Riviera\" \/>\n<meta property=\"article:publisher\" content=\"https:\/\/www.facebook.com\/rivieracellarsfr\" \/>\n<meta property=\"article:modified_time\" content=\"2024-11-07T14:33:48+00:00\" \/>\n<meta property=\"og:image\" content=\"https:\/\/www.rivieracellars.fr\/wp-content\/uploads\/2022\/09\/Beluga-Noble-Russian-Vodka.png\" \/>\n\t<meta property=\"og:image:width\" content=\"1240\" \/>\n\t<meta property=\"og:image:height\" content=\"1240\" \/>\n\t<meta property=\"og:image:type\" content=\"image\/png\" \/>\n<meta name=\"twitter:card\" content=\"summary_large_image\" \/>\n<meta name=\"twitter:label1\" content=\"Estimated reading time\" \/>\n\t<meta name=\"twitter:data1\" content=\"2 minutes\" \/>\n<script type=\"application\/ld+json\" class=\"yoast-schema-graph\">{\"@context\":\"https:\\\/\\\/schema.org\",\"@graph\":[{\"@type\":\"WebPage\",\"@id\":\"https:\\\/\\\/www.rivieracellars.fr\\\/product\\\/beluga-noble-russian-vodka\\\/\",\"url\":\"https:\\\/\\\/www.rivieracellars.fr\\\/product\\\/beluga-noble-russian-vodka\\\/\",\"name\":\"Beluga Noble Russian Vodka - Riviera Cellars Wine Supply French Riviera\",\"isPartOf\":{\"@id\":\"https:\\\/\\\/www.rivieracellars.fr\\\/en\\\/#website\"},\"primaryImageOfPage\":{\"@id\":\"https:\\\/\\\/www.rivieracellars.fr\\\/product\\\/beluga-noble-russian-vodka\\\/#primaryimage\"},\"image\":{\"@id\":\"https:\\\/\\\/www.rivieracellars.fr\\\/product\\\/beluga-noble-russian-vodka\\\/#primaryimage\"},\"thumbnailUrl\":\"https:\\\/\\\/www.rivieracellars.fr\\\/wp-content\\\/uploads\\\/2022\\\/09\\\/Beluga-Noble-Russian-Vodka.png\",\"datePublished\":\"2022-09-06T15:19:14+00:00\",\"dateModified\":\"2024-11-07T14:33:48+00:00\",\"description\":\"Eau-de-vie de malt d\u2019exception et eau pure issue de puits art\u00e9siens de Sib\u00e9rie sont les garanties d\u2019une saveur ample et douce.\",\"breadcrumb\":{\"@id\":\"https:\\\/\\\/www.rivieracellars.fr\\\/product\\\/beluga-noble-russian-vodka\\\/#breadcrumb\"},\"inLanguage\":\"en-GB\",\"potentialAction\":[{\"@type\":\"ReadAction\",\"target\":[\"https:\\\/\\\/www.rivieracellars.fr\\\/product\\\/beluga-noble-russian-vodka\\\/\"]}]},{\"@type\":\"ImageObject\",\"inLanguage\":\"en-GB\",\"@id\":\"https:\\\/\\\/www.rivieracellars.fr\\\/product\\\/beluga-noble-russian-vodka\\\/#primaryimage\",\"url\":\"https:\\\/\\\/www.rivieracellars.fr\\\/wp-content\\\/uploads\\\/2022\\\/09\\\/Beluga-Noble-Russian-Vodka.png\",\"contentUrl\":\"https:\\\/\\\/www.rivieracellars.fr\\\/wp-content\\\/uploads\\\/2022\\\/09\\\/Beluga-Noble-Russian-Vodka.png\",\"width\":1240,\"height\":1240},{\"@type\":\"BreadcrumbList\",\"@id\":\"https:\\\/\\\/www.rivieracellars.fr\\\/product\\\/beluga-noble-russian-vodka\\\/#breadcrumb\",\"itemListElement\":[{\"@type\":\"ListItem\",\"position\":1,\"name\":\"Catalogue de nos Vins\",\"item\":\"https:\\\/\\\/www.rivieracellars.fr\\\/en\\\/shop\\\/\"},{\"@type\":\"ListItem\",\"position\":2,\"name\":\"Beluga Noble Russian Vodka\"}]},{\"@type\":\"WebSite\",\"@id\":\"https:\\\/\\\/www.rivieracellars.fr\\\/en\\\/#website\",\"url\":\"https:\\\/\\\/www.rivieracellars.fr\\\/en\\\/\",\"name\":\"Riviera Cellars Wine Supply French Riviera\",\"description\":\"Approvisionnement en vins et champagnes fins et rares\",\"publisher\":{\"@id\":\"https:\\\/\\\/www.rivieracellars.fr\\\/en\\\/#organization\"},\"potentialAction\":[{\"@type\":\"SearchAction\",\"target\":{\"@type\":\"EntryPoint\",\"urlTemplate\":\"https:\\\/\\\/www.rivieracellars.fr\\\/en\\\/?s={search_term_string}\"},\"query-input\":{\"@type\":\"PropertyValueSpecification\",\"valueRequired\":true,\"valueName\":\"search_term_string\"}}],\"inLanguage\":\"en-GB\"},{\"@type\":\"Organization\",\"@id\":\"https:\\\/\\\/www.rivieracellars.fr\\\/en\\\/#organization\",\"name\":\"Riviera Cellars\",\"alternateName\":\"RC\",\"url\":\"https:\\\/\\\/www.rivieracellars.fr\\\/en\\\/\",\"logo\":{\"@type\":\"ImageObject\",\"inLanguage\":\"en-GB\",\"@id\":\"https:\\\/\\\/www.rivieracellars.fr\\\/en\\\/#\\\/schema\\\/logo\\\/image\\\/\",\"url\":\"https:\\\/\\\/www.rivieracellars.fr\\\/wp-content\\\/uploads\\\/2022\\\/08\\\/Riviera-Cellars-Logo-White-NEW.png\",\"contentUrl\":\"https:\\\/\\\/www.rivieracellars.fr\\\/wp-content\\\/uploads\\\/2022\\\/08\\\/Riviera-Cellars-Logo-White-NEW.png\",\"width\":800,\"height\":317,\"caption\":\"Riviera Cellars\"},\"image\":{\"@id\":\"https:\\\/\\\/www.rivieracellars.fr\\\/en\\\/#\\\/schema\\\/logo\\\/image\\\/\"},\"sameAs\":[\"https:\\\/\\\/www.facebook.com\\\/rivieracellarsfr\"]}]}<\/script>\n<!-- \/ Yoast SEO plugin. -->","yoast_head_json":{"title":"Beluga Noble Russian Vodka - Riviera Cellars Wine Supply French Riviera","description":"Eau-de-vie de malt d\u2019exception et eau pure issue de puits art\u00e9siens de Sib\u00e9rie sont les garanties d\u2019une saveur ample et douce.","robots":{"index":"index","follow":"follow","max-snippet":"max-snippet:-1","max-image-preview":"max-image-preview:large","max-video-preview":"max-video-preview:-1"},"canonical":"https:\/\/www.rivieracellars.fr\/en\/product\/beluga-noble-russian-vodka\/","og_locale":"en_GB","og_type":"article","og_title":"Beluga Noble Russian Vodka - Riviera Cellars Wine Supply French Riviera","og_description":"Eau-de-vie de malt d\u2019exception et eau pure issue de puits art\u00e9siens de Sib\u00e9rie sont les garanties d\u2019une saveur ample et douce.","og_url":"https:\/\/www.rivieracellars.fr\/en\/product\/beluga-noble-russian-vodka\/","og_site_name":"Riviera Cellars Wine Supply French Riviera","article_publisher":"https:\/\/www.facebook.com\/rivieracellarsfr","article_modified_time":"2024-11-07T14:33:48+00:00","og_image":[{"width":1240,"height":1240,"url":"https:\/\/www.rivieracellars.fr\/wp-content\/uploads\/2022\/09\/Beluga-Noble-Russian-Vodka.png","type":"image\/png"}],"twitter_card":"summary_large_image","twitter_misc":{"Estimated reading time":"2 minutes"},"schema":{"@context":"https:\/\/schema.org","@graph":[{"@type":"WebPage","@id":"https:\/\/www.rivieracellars.fr\/product\/beluga-noble-russian-vodka\/","url":"https:\/\/www.rivieracellars.fr\/product\/beluga-noble-russian-vodka\/","name":"Beluga Noble Russian Vodka - Riviera Cellars Wine Supply French Riviera","isPartOf":{"@id":"https:\/\/www.rivieracellars.fr\/en\/#website"},"primaryImageOfPage":{"@id":"https:\/\/www.rivieracellars.fr\/product\/beluga-noble-russian-vodka\/#primaryimage"},"image":{"@id":"https:\/\/www.rivieracellars.fr\/product\/beluga-noble-russian-vodka\/#primaryimage"},"thumbnailUrl":"https:\/\/www.rivieracellars.fr\/wp-content\/uploads\/2022\/09\/Beluga-Noble-Russian-Vodka.png","datePublished":"2022-09-06T15:19:14+00:00","dateModified":"2024-11-07T14:33:48+00:00","description":"Eau-de-vie de malt d\u2019exception et eau pure issue de puits art\u00e9siens de Sib\u00e9rie sont les garanties d\u2019une saveur ample et douce.","breadcrumb":{"@id":"https:\/\/www.rivieracellars.fr\/product\/beluga-noble-russian-vodka\/#breadcrumb"},"inLanguage":"en-GB","potentialAction":[{"@type":"ReadAction","target":["https:\/\/www.rivieracellars.fr\/product\/beluga-noble-russian-vodka\/"]}]},{"@type":"ImageObject","inLanguage":"en-GB","@id":"https:\/\/www.rivieracellars.fr\/product\/beluga-noble-russian-vodka\/#primaryimage","url":"https:\/\/www.rivieracellars.fr\/wp-content\/uploads\/2022\/09\/Beluga-Noble-Russian-Vodka.png","contentUrl":"https:\/\/www.rivieracellars.fr\/wp-content\/uploads\/2022\/09\/Beluga-Noble-Russian-Vodka.png","width":1240,"height":1240},{"@type":"BreadcrumbList","@id":"https:\/\/www.rivieracellars.fr\/product\/beluga-noble-russian-vodka\/#breadcrumb","itemListElement":[{"@type":"ListItem","position":1,"name":"Catalogue de nos Vins","item":"https:\/\/www.rivieracellars.fr\/en\/shop\/"},{"@type":"ListItem","position":2,"name":"Beluga Noble Russian Vodka"}]},{"@type":"WebSite","@id":"https:\/\/www.rivieracellars.fr\/en\/#website","url":"https:\/\/www.rivieracellars.fr\/en\/","name":"Riviera Cellars Wine Supply French Riviera","description":"Approvisionnement en vins et champagnes fins et rares","publisher":{"@id":"https:\/\/www.rivieracellars.fr\/en\/#organization"},"potentialAction":[{"@type":"SearchAction","target":{"@type":"EntryPoint","urlTemplate":"https:\/\/www.rivieracellars.fr\/en\/?s={search_term_string}"},"query-input":{"@type":"PropertyValueSpecification","valueRequired":true,"valueName":"search_term_string"}}],"inLanguage":"en-GB"},{"@type":"Organization","@id":"https:\/\/www.rivieracellars.fr\/en\/#organization","name":"Riviera Cellars","alternateName":"RC","url":"https:\/\/www.rivieracellars.fr\/en\/","logo":{"@type":"ImageObject","inLanguage":"en-GB","@id":"https:\/\/www.rivieracellars.fr\/en\/#\/schema\/logo\/image\/","url":"https:\/\/www.rivieracellars.fr\/wp-content\/uploads\/2022\/08\/Riviera-Cellars-Logo-White-NEW.png","contentUrl":"https:\/\/www.rivieracellars.fr\/wp-content\/uploads\/2022\/08\/Riviera-Cellars-Logo-White-NEW.png","width":800,"height":317,"caption":"Riviera Cellars"},"image":{"@id":"https:\/\/www.rivieracellars.fr\/en\/#\/schema\/logo\/image\/"},"sameAs":["https:\/\/www.facebook.com\/rivieracellarsfr"]}]}},"jetpack_sharing_enabled":true,"_links":{"self":[{"href":"https:\/\/www.rivieracellars.fr\/en\/wp-json\/wp\/v2\/product\/1983","targetHints":{"allow":["GET"]}}],"collection":[{"href":"https:\/\/www.rivieracellars.fr\/en\/wp-json\/wp\/v2\/product"}],"about":[{"href":"https:\/\/www.rivieracellars.fr\/en\/wp-json\/wp\/v2\/types\/product"}],"wp:featuredmedia":[{"embeddable":true,"href":"https:\/\/www.rivieracellars.fr\/en\/wp-json\/wp\/v2\/media\/1962"}],"wp:attachment":[{"href":"https:\/\/www.rivieracellars.fr\/en\/wp-json\/wp\/v2\/media?parent=1983"}],"wp:term":[{"taxonomy":"product_brand","embeddable":true,"href":"https:\/\/www.rivieracellars.fr\/en\/wp-json\/wp\/v2\/product_brand?post=1983"},{"taxonomy":"product_cat","embeddable":true,"href":"https:\/\/www.rivieracellars.fr\/en\/wp-json\/wp\/v2\/product_cat?post=1983"},{"taxonomy":"product_tag","embeddable":true,"href":"https:\/\/www.rivieracellars.fr\/en\/wp-json\/wp\/v2\/product_tag?post=1983"}],"curies":[{"name":"wp","href":"https:\/\/api.w.org\/{rel}","templated":true}]}}