{"id":2488,"date":"2022-10-04T13:01:12","date_gmt":"2022-10-04T11:01:12","guid":{"rendered":"https:\/\/www.rivieracellars.fr\/?post_type=product&#038;p=2488"},"modified":"2025-12-15T12:53:25","modified_gmt":"2025-12-15T11:53:25","slug":"trimbach-riesling-reserve-2019","status":"publish","type":"product","link":"https:\/\/www.rivieracellars.fr\/en\/product\/trimbach-riesling-reserve-2019\/","title":{"rendered":"Trimbach: Riesling R\u00e9serve 2019"},"content":{"rendered":"<div id=\"bgLayers_comp-ktvhje4h__item1\" class=\"_3wnIc\" data-hook=\"bgLayers\">\n<div id=\"bgMedia_comp-ktvhje4h__item1\" class=\"_2GUhU\">The Reserve quality is the result of a rigorous selection of fully ripe grapes from the Ribeauvill\u00e9 and Hunawihr region. It defines a structured, balanced wine, full of fruit and finesse. This elegant Riesling, dry and precise, is perfect for a wide variety of dishes.<\/div>\n<\/div>","protected":false},"excerpt":{"rendered":"<p><strong>Colour :<\/strong> Light yellow.<\/p>\n<p><strong>Nose :<\/strong> Aromas of white flowers with mineral and lemon notes.<\/p>\n<p><strong>Palate :<\/strong>\u00a0A structured and fruity wine with a nice depth, mineral and saline finish.<\/p>\n<p><strong>Food Pairings :<\/strong>\u00a0Carpaccio of vegetables, Fish with a drizzle of olive oil, or Tapas.<\/p>","protected":false},"featured_media":2489,"template":"","meta":{"_acf_changed":false},"product_brand":[],"product_cat":[29],"product_tag":[44,28,56,50,32],"class_list":{"0":"post-2488","1":"product","2":"type-product","3":"status-publish","4":"has-post-thumbnail","6":"product_cat-vins-blancs","7":"product_tag-44","8":"product_tag-blanc","9":"product_tag-france","10":"product_tag-riesling","11":"product_tag-sec","12":"pa_appellation-aop-alsace","13":"pa_cepage-riesling","14":"pa_contenance-75-cl","15":"pa_couleur-blanc","16":"pa_millesime-86","17":"pa_pays-france","18":"pa_producteur-maison-trimbach","19":"pa_regions-alsace","20":"pa_sucrosite-sec","21":"pa_types-vin","22":"pa_volume-dalcool-226","24":"first","25":"outofstock","26":"taxable","27":"shipping-taxable","28":"purchasable","29":"product-type-simple"},"acf":[],"yoast_head":"<!-- This site is optimized with the Yoast SEO plugin v27.4 - https:\/\/yoast.com\/product\/yoast-seo-wordpress\/ -->\n<title>Trimbach: Riesling R\u00e9serve 2019 - Riviera Cellars Wine Supply French Riviera<\/title>\n<meta name=\"description\" content=\"Un vin structur\u00e9, \u00e9quilibr\u00e9, tout en fruit et en finesse.Cet \u00e9l\u00e9gant Riesling, sec et pr\u00e9cis fait resplendir une grande vari\u00e9t\u00e9 de mets.\" \/>\n<meta name=\"robots\" content=\"index, follow, max-snippet:-1, max-image-preview:large, max-video-preview:-1\" \/>\n<link rel=\"canonical\" href=\"https:\/\/www.rivieracellars.fr\/en\/product\/trimbach-riesling-reserve-2019\/\" \/>\n<meta property=\"og:locale\" content=\"en_GB\" \/>\n<meta property=\"og:type\" content=\"article\" \/>\n<meta property=\"og:title\" content=\"Trimbach: Riesling R\u00e9serve 2019 - Riviera Cellars Wine Supply French Riviera\" \/>\n<meta property=\"og:description\" content=\"Un vin structur\u00e9, \u00e9quilibr\u00e9, tout en fruit et en finesse.Cet \u00e9l\u00e9gant Riesling, sec et pr\u00e9cis fait resplendir une grande vari\u00e9t\u00e9 de mets.\" \/>\n<meta property=\"og:url\" content=\"https:\/\/www.rivieracellars.fr\/en\/product\/trimbach-riesling-reserve-2019\/\" \/>\n<meta property=\"og:site_name\" content=\"Riviera Cellars Wine Supply French Riviera\" \/>\n<meta property=\"article:publisher\" content=\"https:\/\/www.facebook.com\/rivieracellarsfr\" \/>\n<meta property=\"article:modified_time\" content=\"2025-12-15T11:53:25+00:00\" \/>\n<meta property=\"og:image\" content=\"https:\/\/www.rivieracellars.fr\/wp-content\/uploads\/2022\/10\/Riesling-Reserve-Trimbach.png\" \/>\n\t<meta property=\"og:image:width\" content=\"1080\" \/>\n\t<meta property=\"og:image:height\" content=\"1080\" \/>\n\t<meta property=\"og:image:type\" content=\"image\/png\" \/>\n<meta name=\"twitter:card\" content=\"summary_large_image\" \/>\n<meta name=\"twitter:label1\" content=\"Estimated reading time\" \/>\n\t<meta name=\"twitter:data1\" content=\"1 minute\" \/>\n<script type=\"application\/ld+json\" class=\"yoast-schema-graph\">{\"@context\":\"https:\\\/\\\/schema.org\",\"@graph\":[{\"@type\":\"WebPage\",\"@id\":\"https:\\\/\\\/www.rivieracellars.fr\\\/product\\\/trimbach-riesling-reserve-2019\\\/\",\"url\":\"https:\\\/\\\/www.rivieracellars.fr\\\/product\\\/trimbach-riesling-reserve-2019\\\/\",\"name\":\"Trimbach: Riesling R\u00e9serve 2019 - Riviera Cellars Wine Supply French Riviera\",\"isPartOf\":{\"@id\":\"https:\\\/\\\/www.rivieracellars.fr\\\/en\\\/#website\"},\"primaryImageOfPage\":{\"@id\":\"https:\\\/\\\/www.rivieracellars.fr\\\/product\\\/trimbach-riesling-reserve-2019\\\/#primaryimage\"},\"image\":{\"@id\":\"https:\\\/\\\/www.rivieracellars.fr\\\/product\\\/trimbach-riesling-reserve-2019\\\/#primaryimage\"},\"thumbnailUrl\":\"https:\\\/\\\/www.rivieracellars.fr\\\/wp-content\\\/uploads\\\/2022\\\/10\\\/Riesling-Reserve-Trimbach.png\",\"datePublished\":\"2022-10-04T11:01:12+00:00\",\"dateModified\":\"2025-12-15T11:53:25+00:00\",\"description\":\"Un vin structur\u00e9, \u00e9quilibr\u00e9, tout en fruit et en finesse.Cet \u00e9l\u00e9gant Riesling, sec et pr\u00e9cis fait resplendir une grande vari\u00e9t\u00e9 de mets.\",\"breadcrumb\":{\"@id\":\"https:\\\/\\\/www.rivieracellars.fr\\\/product\\\/trimbach-riesling-reserve-2019\\\/#breadcrumb\"},\"inLanguage\":\"en-GB\",\"potentialAction\":[{\"@type\":\"ReadAction\",\"target\":[\"https:\\\/\\\/www.rivieracellars.fr\\\/product\\\/trimbach-riesling-reserve-2019\\\/\"]}]},{\"@type\":\"ImageObject\",\"inLanguage\":\"en-GB\",\"@id\":\"https:\\\/\\\/www.rivieracellars.fr\\\/product\\\/trimbach-riesling-reserve-2019\\\/#primaryimage\",\"url\":\"https:\\\/\\\/www.rivieracellars.fr\\\/wp-content\\\/uploads\\\/2022\\\/10\\\/Riesling-Reserve-Trimbach.png\",\"contentUrl\":\"https:\\\/\\\/www.rivieracellars.fr\\\/wp-content\\\/uploads\\\/2022\\\/10\\\/Riesling-Reserve-Trimbach.png\",\"width\":1080,\"height\":1080},{\"@type\":\"BreadcrumbList\",\"@id\":\"https:\\\/\\\/www.rivieracellars.fr\\\/product\\\/trimbach-riesling-reserve-2019\\\/#breadcrumb\",\"itemListElement\":[{\"@type\":\"ListItem\",\"position\":1,\"name\":\"Catalogue de nos Vins\",\"item\":\"https:\\\/\\\/www.rivieracellars.fr\\\/en\\\/shop\\\/\"},{\"@type\":\"ListItem\",\"position\":2,\"name\":\"Trimbach: Riesling R\u00e9serve 2019\"}]},{\"@type\":\"WebSite\",\"@id\":\"https:\\\/\\\/www.rivieracellars.fr\\\/en\\\/#website\",\"url\":\"https:\\\/\\\/www.rivieracellars.fr\\\/en\\\/\",\"name\":\"Riviera Cellars Wine Supply French Riviera\",\"description\":\"Approvisionnement en vins et champagnes fins et rares\",\"publisher\":{\"@id\":\"https:\\\/\\\/www.rivieracellars.fr\\\/en\\\/#organization\"},\"potentialAction\":[{\"@type\":\"SearchAction\",\"target\":{\"@type\":\"EntryPoint\",\"urlTemplate\":\"https:\\\/\\\/www.rivieracellars.fr\\\/en\\\/?s={search_term_string}\"},\"query-input\":{\"@type\":\"PropertyValueSpecification\",\"valueRequired\":true,\"valueName\":\"search_term_string\"}}],\"inLanguage\":\"en-GB\"},{\"@type\":\"Organization\",\"@id\":\"https:\\\/\\\/www.rivieracellars.fr\\\/en\\\/#organization\",\"name\":\"Riviera Cellars\",\"alternateName\":\"RC\",\"url\":\"https:\\\/\\\/www.rivieracellars.fr\\\/en\\\/\",\"logo\":{\"@type\":\"ImageObject\",\"inLanguage\":\"en-GB\",\"@id\":\"https:\\\/\\\/www.rivieracellars.fr\\\/en\\\/#\\\/schema\\\/logo\\\/image\\\/\",\"url\":\"https:\\\/\\\/www.rivieracellars.fr\\\/wp-content\\\/uploads\\\/2022\\\/08\\\/Riviera-Cellars-Logo-White-NEW.png\",\"contentUrl\":\"https:\\\/\\\/www.rivieracellars.fr\\\/wp-content\\\/uploads\\\/2022\\\/08\\\/Riviera-Cellars-Logo-White-NEW.png\",\"width\":800,\"height\":317,\"caption\":\"Riviera Cellars\"},\"image\":{\"@id\":\"https:\\\/\\\/www.rivieracellars.fr\\\/en\\\/#\\\/schema\\\/logo\\\/image\\\/\"},\"sameAs\":[\"https:\\\/\\\/www.facebook.com\\\/rivieracellarsfr\"]}]}<\/script>\n<!-- \/ Yoast SEO plugin. -->","yoast_head_json":{"title":"Trimbach: Riesling R\u00e9serve 2019 - Riviera Cellars Wine Supply French Riviera","description":"Un vin structur\u00e9, \u00e9quilibr\u00e9, tout en fruit et en finesse.Cet \u00e9l\u00e9gant Riesling, sec et pr\u00e9cis fait resplendir une grande vari\u00e9t\u00e9 de mets.","robots":{"index":"index","follow":"follow","max-snippet":"max-snippet:-1","max-image-preview":"max-image-preview:large","max-video-preview":"max-video-preview:-1"},"canonical":"https:\/\/www.rivieracellars.fr\/en\/product\/trimbach-riesling-reserve-2019\/","og_locale":"en_GB","og_type":"article","og_title":"Trimbach: Riesling R\u00e9serve 2019 - Riviera Cellars Wine Supply French Riviera","og_description":"Un vin structur\u00e9, \u00e9quilibr\u00e9, tout en fruit et en finesse.Cet \u00e9l\u00e9gant Riesling, sec et pr\u00e9cis fait resplendir une grande vari\u00e9t\u00e9 de mets.","og_url":"https:\/\/www.rivieracellars.fr\/en\/product\/trimbach-riesling-reserve-2019\/","og_site_name":"Riviera Cellars Wine Supply French Riviera","article_publisher":"https:\/\/www.facebook.com\/rivieracellarsfr","article_modified_time":"2025-12-15T11:53:25+00:00","og_image":[{"width":1080,"height":1080,"url":"https:\/\/www.rivieracellars.fr\/wp-content\/uploads\/2022\/10\/Riesling-Reserve-Trimbach.png","type":"image\/png"}],"twitter_card":"summary_large_image","twitter_misc":{"Estimated reading time":"1 minute"},"schema":{"@context":"https:\/\/schema.org","@graph":[{"@type":"WebPage","@id":"https:\/\/www.rivieracellars.fr\/product\/trimbach-riesling-reserve-2019\/","url":"https:\/\/www.rivieracellars.fr\/product\/trimbach-riesling-reserve-2019\/","name":"Trimbach: Riesling R\u00e9serve 2019 - Riviera Cellars Wine Supply French Riviera","isPartOf":{"@id":"https:\/\/www.rivieracellars.fr\/en\/#website"},"primaryImageOfPage":{"@id":"https:\/\/www.rivieracellars.fr\/product\/trimbach-riesling-reserve-2019\/#primaryimage"},"image":{"@id":"https:\/\/www.rivieracellars.fr\/product\/trimbach-riesling-reserve-2019\/#primaryimage"},"thumbnailUrl":"https:\/\/www.rivieracellars.fr\/wp-content\/uploads\/2022\/10\/Riesling-Reserve-Trimbach.png","datePublished":"2022-10-04T11:01:12+00:00","dateModified":"2025-12-15T11:53:25+00:00","description":"Un vin structur\u00e9, \u00e9quilibr\u00e9, tout en fruit et en finesse.Cet \u00e9l\u00e9gant Riesling, sec et pr\u00e9cis fait resplendir une grande vari\u00e9t\u00e9 de mets.","breadcrumb":{"@id":"https:\/\/www.rivieracellars.fr\/product\/trimbach-riesling-reserve-2019\/#breadcrumb"},"inLanguage":"en-GB","potentialAction":[{"@type":"ReadAction","target":["https:\/\/www.rivieracellars.fr\/product\/trimbach-riesling-reserve-2019\/"]}]},{"@type":"ImageObject","inLanguage":"en-GB","@id":"https:\/\/www.rivieracellars.fr\/product\/trimbach-riesling-reserve-2019\/#primaryimage","url":"https:\/\/www.rivieracellars.fr\/wp-content\/uploads\/2022\/10\/Riesling-Reserve-Trimbach.png","contentUrl":"https:\/\/www.rivieracellars.fr\/wp-content\/uploads\/2022\/10\/Riesling-Reserve-Trimbach.png","width":1080,"height":1080},{"@type":"BreadcrumbList","@id":"https:\/\/www.rivieracellars.fr\/product\/trimbach-riesling-reserve-2019\/#breadcrumb","itemListElement":[{"@type":"ListItem","position":1,"name":"Catalogue de nos Vins","item":"https:\/\/www.rivieracellars.fr\/en\/shop\/"},{"@type":"ListItem","position":2,"name":"Trimbach: Riesling R\u00e9serve 2019"}]},{"@type":"WebSite","@id":"https:\/\/www.rivieracellars.fr\/en\/#website","url":"https:\/\/www.rivieracellars.fr\/en\/","name":"Riviera Cellars Wine Supply French Riviera","description":"Approvisionnement en vins et champagnes fins et rares","publisher":{"@id":"https:\/\/www.rivieracellars.fr\/en\/#organization"},"potentialAction":[{"@type":"SearchAction","target":{"@type":"EntryPoint","urlTemplate":"https:\/\/www.rivieracellars.fr\/en\/?s={search_term_string}"},"query-input":{"@type":"PropertyValueSpecification","valueRequired":true,"valueName":"search_term_string"}}],"inLanguage":"en-GB"},{"@type":"Organization","@id":"https:\/\/www.rivieracellars.fr\/en\/#organization","name":"Riviera Cellars","alternateName":"RC","url":"https:\/\/www.rivieracellars.fr\/en\/","logo":{"@type":"ImageObject","inLanguage":"en-GB","@id":"https:\/\/www.rivieracellars.fr\/en\/#\/schema\/logo\/image\/","url":"https:\/\/www.rivieracellars.fr\/wp-content\/uploads\/2022\/08\/Riviera-Cellars-Logo-White-NEW.png","contentUrl":"https:\/\/www.rivieracellars.fr\/wp-content\/uploads\/2022\/08\/Riviera-Cellars-Logo-White-NEW.png","width":800,"height":317,"caption":"Riviera Cellars"},"image":{"@id":"https:\/\/www.rivieracellars.fr\/en\/#\/schema\/logo\/image\/"},"sameAs":["https:\/\/www.facebook.com\/rivieracellarsfr"]}]}},"jetpack_sharing_enabled":true,"_links":{"self":[{"href":"https:\/\/www.rivieracellars.fr\/en\/wp-json\/wp\/v2\/product\/2488","targetHints":{"allow":["GET"]}}],"collection":[{"href":"https:\/\/www.rivieracellars.fr\/en\/wp-json\/wp\/v2\/product"}],"about":[{"href":"https:\/\/www.rivieracellars.fr\/en\/wp-json\/wp\/v2\/types\/product"}],"wp:featuredmedia":[{"embeddable":true,"href":"https:\/\/www.rivieracellars.fr\/en\/wp-json\/wp\/v2\/media\/2489"}],"wp:attachment":[{"href":"https:\/\/www.rivieracellars.fr\/en\/wp-json\/wp\/v2\/media?parent=2488"}],"wp:term":[{"taxonomy":"product_brand","embeddable":true,"href":"https:\/\/www.rivieracellars.fr\/en\/wp-json\/wp\/v2\/product_brand?post=2488"},{"taxonomy":"product_cat","embeddable":true,"href":"https:\/\/www.rivieracellars.fr\/en\/wp-json\/wp\/v2\/product_cat?post=2488"},{"taxonomy":"product_tag","embeddable":true,"href":"https:\/\/www.rivieracellars.fr\/en\/wp-json\/wp\/v2\/product_tag?post=2488"}],"curies":[{"name":"wp","href":"https:\/\/api.w.org\/{rel}","templated":true}]}}