{"id":2498,"date":"2022-10-04T16:18:52","date_gmt":"2022-10-04T14:18:52","guid":{"rendered":"https:\/\/www.rivieracellars.fr\/?post_type=product&#038;p=2498"},"modified":"2025-06-17T14:35:10","modified_gmt":"2025-06-17T12:35:10","slug":"domaine-du-pre-semele-sancerre-la-montee-de-st-romble-2018","status":"publish","type":"product","link":"https:\/\/www.rivieracellars.fr\/en\/product\/domaine-du-pre-semele-sancerre-la-montee-de-st-romble-2018\/","title":{"rendered":"Domaine du Pr\u00e9 Semel\u00e9 Sancerre \u00ab\u00a0La Mont\u00e9e de St-Romble\u00a0\u00bb 2018"},"content":{"rendered":"<p>Domaine du Pr\u00e9 Semel\u00e9 is located in Maimbray in the commune of Sury-en-Vaux, 5 km north of Sancerre.<br \/>\nThe vineyard has been passed down for 4 generations and remains a family-run business.<br \/>\nThe 2 brothers, Julien and Cl\u00e9ment Raimbault, currently cultivate 20 hectares of Sancerre appellation in organic conversion, with the greatest respect for the terroirs. The Sauvignons are planted on the clay-limestone slopes of Maimbray, 70% of which are white earth and 30% stony. The terres blanches bring power, roundness and minerality. The caillottes bring fruit and finesse. The white Sancerre wines are complex, with great purity and minerality.<\/p>\n<p><span style=\"color: #ffffff;\">\u00a0<\/span><\/p>","protected":false},"excerpt":{"rendered":"<p><strong>Colour :<\/strong> Light gold.<\/p>\n<p><strong>Nose :<\/strong> Notes of citrus (lemon), peach, pear and a finely integrated oaky.<\/p>\n<p><strong>Palate :<\/strong>\u00a0A wine with a fresh and acidic attack, fruits of a beautiful maturity.<\/p>\n<p><strong>Food Pairings :<\/strong>\u00a0Seafood, Fish, or Crottin de Chavignol.<\/p>","protected":false},"featured_media":2499,"template":"","meta":{"_acf_changed":false},"product_brand":[],"product_cat":[29],"product_tag":[44,28,56,43,32],"class_list":{"0":"post-2498","1":"product","2":"type-product","3":"status-publish","4":"has-post-thumbnail","6":"product_cat-vins-blancs","7":"product_tag-44","8":"product_tag-blanc","9":"product_tag-france","10":"product_tag-sancerre","11":"product_tag-sec","12":"pa_appellation-aop-sancerre","13":"pa_cepage-sauvignon-blanc","14":"pa_contenance-75-cl","15":"pa_couleur-blanc","16":"pa_millesime-86","17":"pa_pays-france","18":"pa_producteur-domaine-pre-semele","19":"pa_regions-loire","20":"pa_sucrosite-sec","21":"pa_types-vin","22":"pa_volume-dalcool-247","24":"first","25":"outofstock","26":"taxable","27":"shipping-taxable","28":"purchasable","29":"product-type-simple"},"acf":[],"yoast_head":"<!-- This site is optimized with the Yoast SEO plugin v27.4 - https:\/\/yoast.com\/product\/yoast-seo-wordpress\/ -->\n<title>Domaine du Pr\u00e9 Semel\u00e9 Sancerre &quot;La Mont\u00e9e de St-Romble&quot; 2018 - Riviera Cellars Wine Supply French Riviera<\/title>\n<meta name=\"description\" content=\"Le Domaine du Pr\u00e9 Semel\u00e9 est situ\u00e9 \u00e0 Maimbray sur la commune de Sury-en-Vaux \u00e0 5 km au nord de Sancerre.Le vignoble est transmis depuis 4 g\u00e9n\u00e9rations\" \/>\n<meta name=\"robots\" content=\"index, follow, max-snippet:-1, max-image-preview:large, max-video-preview:-1\" \/>\n<link rel=\"canonical\" href=\"https:\/\/www.rivieracellars.fr\/en\/product\/domaine-du-pre-semele-sancerre-la-montee-de-st-romble-2018\/\" \/>\n<meta property=\"og:locale\" content=\"en_GB\" \/>\n<meta property=\"og:type\" content=\"article\" \/>\n<meta property=\"og:title\" content=\"Domaine du Pr\u00e9 Semel\u00e9 Sancerre &quot;La Mont\u00e9e de St-Romble&quot; 2018 - Riviera Cellars Wine Supply French Riviera\" \/>\n<meta property=\"og:description\" content=\"Le Domaine du Pr\u00e9 Semel\u00e9 est situ\u00e9 \u00e0 Maimbray sur la commune de Sury-en-Vaux \u00e0 5 km au nord de Sancerre.Le vignoble est transmis depuis 4 g\u00e9n\u00e9rations\" \/>\n<meta property=\"og:url\" content=\"https:\/\/www.rivieracellars.fr\/en\/product\/domaine-du-pre-semele-sancerre-la-montee-de-st-romble-2018\/\" \/>\n<meta property=\"og:site_name\" content=\"Riviera Cellars Wine Supply French Riviera\" \/>\n<meta property=\"article:publisher\" content=\"https:\/\/www.facebook.com\/rivieracellarsfr\" \/>\n<meta property=\"article:modified_time\" content=\"2025-06-17T12:35:10+00:00\" \/>\n<meta property=\"og:image\" content=\"https:\/\/www.rivieracellars.fr\/wp-content\/uploads\/2022\/10\/Sancerre-Raimbault.png\" \/>\n\t<meta property=\"og:image:width\" content=\"1080\" \/>\n\t<meta property=\"og:image:height\" content=\"1080\" \/>\n\t<meta property=\"og:image:type\" content=\"image\/png\" \/>\n<meta name=\"twitter:card\" content=\"summary_large_image\" \/>\n<meta name=\"twitter:label1\" content=\"Estimated reading time\" \/>\n\t<meta name=\"twitter:data1\" content=\"1 minute\" \/>\n<script type=\"application\/ld+json\" class=\"yoast-schema-graph\">{\"@context\":\"https:\\\/\\\/schema.org\",\"@graph\":[{\"@type\":\"WebPage\",\"@id\":\"https:\\\/\\\/www.rivieracellars.fr\\\/product\\\/domaine-du-pre-semele-sancerre-la-montee-de-st-romble-2018\\\/\",\"url\":\"https:\\\/\\\/www.rivieracellars.fr\\\/product\\\/domaine-du-pre-semele-sancerre-la-montee-de-st-romble-2018\\\/\",\"name\":\"Domaine du Pr\u00e9 Semel\u00e9 Sancerre \\\"La Mont\u00e9e de St-Romble\\\" 2018 - Riviera Cellars Wine Supply French Riviera\",\"isPartOf\":{\"@id\":\"https:\\\/\\\/www.rivieracellars.fr\\\/en\\\/#website\"},\"primaryImageOfPage\":{\"@id\":\"https:\\\/\\\/www.rivieracellars.fr\\\/product\\\/domaine-du-pre-semele-sancerre-la-montee-de-st-romble-2018\\\/#primaryimage\"},\"image\":{\"@id\":\"https:\\\/\\\/www.rivieracellars.fr\\\/product\\\/domaine-du-pre-semele-sancerre-la-montee-de-st-romble-2018\\\/#primaryimage\"},\"thumbnailUrl\":\"https:\\\/\\\/www.rivieracellars.fr\\\/wp-content\\\/uploads\\\/2022\\\/10\\\/Sancerre-Raimbault.png\",\"datePublished\":\"2022-10-04T14:18:52+00:00\",\"dateModified\":\"2025-06-17T12:35:10+00:00\",\"description\":\"Le Domaine du Pr\u00e9 Semel\u00e9 est situ\u00e9 \u00e0 Maimbray sur la commune de Sury-en-Vaux \u00e0 5 km au nord de Sancerre.Le vignoble est transmis depuis 4 g\u00e9n\u00e9rations\",\"breadcrumb\":{\"@id\":\"https:\\\/\\\/www.rivieracellars.fr\\\/product\\\/domaine-du-pre-semele-sancerre-la-montee-de-st-romble-2018\\\/#breadcrumb\"},\"inLanguage\":\"en-GB\",\"potentialAction\":[{\"@type\":\"ReadAction\",\"target\":[\"https:\\\/\\\/www.rivieracellars.fr\\\/product\\\/domaine-du-pre-semele-sancerre-la-montee-de-st-romble-2018\\\/\"]}]},{\"@type\":\"ImageObject\",\"inLanguage\":\"en-GB\",\"@id\":\"https:\\\/\\\/www.rivieracellars.fr\\\/product\\\/domaine-du-pre-semele-sancerre-la-montee-de-st-romble-2018\\\/#primaryimage\",\"url\":\"https:\\\/\\\/www.rivieracellars.fr\\\/wp-content\\\/uploads\\\/2022\\\/10\\\/Sancerre-Raimbault.png\",\"contentUrl\":\"https:\\\/\\\/www.rivieracellars.fr\\\/wp-content\\\/uploads\\\/2022\\\/10\\\/Sancerre-Raimbault.png\",\"width\":1080,\"height\":1080},{\"@type\":\"BreadcrumbList\",\"@id\":\"https:\\\/\\\/www.rivieracellars.fr\\\/product\\\/domaine-du-pre-semele-sancerre-la-montee-de-st-romble-2018\\\/#breadcrumb\",\"itemListElement\":[{\"@type\":\"ListItem\",\"position\":1,\"name\":\"Catalogue de nos Vins\",\"item\":\"https:\\\/\\\/www.rivieracellars.fr\\\/en\\\/shop\\\/\"},{\"@type\":\"ListItem\",\"position\":2,\"name\":\"Domaine du Pr\u00e9 Semel\u00e9 Sancerre \u00ab\u00a0La Mont\u00e9e de St-Romble\u00a0\u00bb 2018\"}]},{\"@type\":\"WebSite\",\"@id\":\"https:\\\/\\\/www.rivieracellars.fr\\\/en\\\/#website\",\"url\":\"https:\\\/\\\/www.rivieracellars.fr\\\/en\\\/\",\"name\":\"Riviera Cellars Wine Supply French Riviera\",\"description\":\"Approvisionnement en vins et champagnes fins et rares\",\"publisher\":{\"@id\":\"https:\\\/\\\/www.rivieracellars.fr\\\/en\\\/#organization\"},\"potentialAction\":[{\"@type\":\"SearchAction\",\"target\":{\"@type\":\"EntryPoint\",\"urlTemplate\":\"https:\\\/\\\/www.rivieracellars.fr\\\/en\\\/?s={search_term_string}\"},\"query-input\":{\"@type\":\"PropertyValueSpecification\",\"valueRequired\":true,\"valueName\":\"search_term_string\"}}],\"inLanguage\":\"en-GB\"},{\"@type\":\"Organization\",\"@id\":\"https:\\\/\\\/www.rivieracellars.fr\\\/en\\\/#organization\",\"name\":\"Riviera Cellars\",\"alternateName\":\"RC\",\"url\":\"https:\\\/\\\/www.rivieracellars.fr\\\/en\\\/\",\"logo\":{\"@type\":\"ImageObject\",\"inLanguage\":\"en-GB\",\"@id\":\"https:\\\/\\\/www.rivieracellars.fr\\\/en\\\/#\\\/schema\\\/logo\\\/image\\\/\",\"url\":\"https:\\\/\\\/www.rivieracellars.fr\\\/wp-content\\\/uploads\\\/2022\\\/08\\\/Riviera-Cellars-Logo-White-NEW.png\",\"contentUrl\":\"https:\\\/\\\/www.rivieracellars.fr\\\/wp-content\\\/uploads\\\/2022\\\/08\\\/Riviera-Cellars-Logo-White-NEW.png\",\"width\":800,\"height\":317,\"caption\":\"Riviera Cellars\"},\"image\":{\"@id\":\"https:\\\/\\\/www.rivieracellars.fr\\\/en\\\/#\\\/schema\\\/logo\\\/image\\\/\"},\"sameAs\":[\"https:\\\/\\\/www.facebook.com\\\/rivieracellarsfr\"]}]}<\/script>\n<!-- \/ Yoast SEO plugin. -->","yoast_head_json":{"title":"Domaine du Pr\u00e9 Semel\u00e9 Sancerre \"La Mont\u00e9e de St-Romble\" 2018 - Riviera Cellars Wine Supply French Riviera","description":"Le Domaine du Pr\u00e9 Semel\u00e9 est situ\u00e9 \u00e0 Maimbray sur la commune de Sury-en-Vaux \u00e0 5 km au nord de Sancerre.Le vignoble est transmis depuis 4 g\u00e9n\u00e9rations","robots":{"index":"index","follow":"follow","max-snippet":"max-snippet:-1","max-image-preview":"max-image-preview:large","max-video-preview":"max-video-preview:-1"},"canonical":"https:\/\/www.rivieracellars.fr\/en\/product\/domaine-du-pre-semele-sancerre-la-montee-de-st-romble-2018\/","og_locale":"en_GB","og_type":"article","og_title":"Domaine du Pr\u00e9 Semel\u00e9 Sancerre \"La Mont\u00e9e de St-Romble\" 2018 - Riviera Cellars Wine Supply French Riviera","og_description":"Le Domaine du Pr\u00e9 Semel\u00e9 est situ\u00e9 \u00e0 Maimbray sur la commune de Sury-en-Vaux \u00e0 5 km au nord de Sancerre.Le vignoble est transmis depuis 4 g\u00e9n\u00e9rations","og_url":"https:\/\/www.rivieracellars.fr\/en\/product\/domaine-du-pre-semele-sancerre-la-montee-de-st-romble-2018\/","og_site_name":"Riviera Cellars Wine Supply French Riviera","article_publisher":"https:\/\/www.facebook.com\/rivieracellarsfr","article_modified_time":"2025-06-17T12:35:10+00:00","og_image":[{"width":1080,"height":1080,"url":"https:\/\/www.rivieracellars.fr\/wp-content\/uploads\/2022\/10\/Sancerre-Raimbault.png","type":"image\/png"}],"twitter_card":"summary_large_image","twitter_misc":{"Estimated reading time":"1 minute"},"schema":{"@context":"https:\/\/schema.org","@graph":[{"@type":"WebPage","@id":"https:\/\/www.rivieracellars.fr\/product\/domaine-du-pre-semele-sancerre-la-montee-de-st-romble-2018\/","url":"https:\/\/www.rivieracellars.fr\/product\/domaine-du-pre-semele-sancerre-la-montee-de-st-romble-2018\/","name":"Domaine du Pr\u00e9 Semel\u00e9 Sancerre \"La Mont\u00e9e de St-Romble\" 2018 - Riviera Cellars Wine Supply French Riviera","isPartOf":{"@id":"https:\/\/www.rivieracellars.fr\/en\/#website"},"primaryImageOfPage":{"@id":"https:\/\/www.rivieracellars.fr\/product\/domaine-du-pre-semele-sancerre-la-montee-de-st-romble-2018\/#primaryimage"},"image":{"@id":"https:\/\/www.rivieracellars.fr\/product\/domaine-du-pre-semele-sancerre-la-montee-de-st-romble-2018\/#primaryimage"},"thumbnailUrl":"https:\/\/www.rivieracellars.fr\/wp-content\/uploads\/2022\/10\/Sancerre-Raimbault.png","datePublished":"2022-10-04T14:18:52+00:00","dateModified":"2025-06-17T12:35:10+00:00","description":"Le Domaine du Pr\u00e9 Semel\u00e9 est situ\u00e9 \u00e0 Maimbray sur la commune de Sury-en-Vaux \u00e0 5 km au nord de Sancerre.Le vignoble est transmis depuis 4 g\u00e9n\u00e9rations","breadcrumb":{"@id":"https:\/\/www.rivieracellars.fr\/product\/domaine-du-pre-semele-sancerre-la-montee-de-st-romble-2018\/#breadcrumb"},"inLanguage":"en-GB","potentialAction":[{"@type":"ReadAction","target":["https:\/\/www.rivieracellars.fr\/product\/domaine-du-pre-semele-sancerre-la-montee-de-st-romble-2018\/"]}]},{"@type":"ImageObject","inLanguage":"en-GB","@id":"https:\/\/www.rivieracellars.fr\/product\/domaine-du-pre-semele-sancerre-la-montee-de-st-romble-2018\/#primaryimage","url":"https:\/\/www.rivieracellars.fr\/wp-content\/uploads\/2022\/10\/Sancerre-Raimbault.png","contentUrl":"https:\/\/www.rivieracellars.fr\/wp-content\/uploads\/2022\/10\/Sancerre-Raimbault.png","width":1080,"height":1080},{"@type":"BreadcrumbList","@id":"https:\/\/www.rivieracellars.fr\/product\/domaine-du-pre-semele-sancerre-la-montee-de-st-romble-2018\/#breadcrumb","itemListElement":[{"@type":"ListItem","position":1,"name":"Catalogue de nos Vins","item":"https:\/\/www.rivieracellars.fr\/en\/shop\/"},{"@type":"ListItem","position":2,"name":"Domaine du Pr\u00e9 Semel\u00e9 Sancerre \u00ab\u00a0La Mont\u00e9e de St-Romble\u00a0\u00bb 2018"}]},{"@type":"WebSite","@id":"https:\/\/www.rivieracellars.fr\/en\/#website","url":"https:\/\/www.rivieracellars.fr\/en\/","name":"Riviera Cellars Wine Supply French Riviera","description":"Approvisionnement en vins et champagnes fins et rares","publisher":{"@id":"https:\/\/www.rivieracellars.fr\/en\/#organization"},"potentialAction":[{"@type":"SearchAction","target":{"@type":"EntryPoint","urlTemplate":"https:\/\/www.rivieracellars.fr\/en\/?s={search_term_string}"},"query-input":{"@type":"PropertyValueSpecification","valueRequired":true,"valueName":"search_term_string"}}],"inLanguage":"en-GB"},{"@type":"Organization","@id":"https:\/\/www.rivieracellars.fr\/en\/#organization","name":"Riviera Cellars","alternateName":"RC","url":"https:\/\/www.rivieracellars.fr\/en\/","logo":{"@type":"ImageObject","inLanguage":"en-GB","@id":"https:\/\/www.rivieracellars.fr\/en\/#\/schema\/logo\/image\/","url":"https:\/\/www.rivieracellars.fr\/wp-content\/uploads\/2022\/08\/Riviera-Cellars-Logo-White-NEW.png","contentUrl":"https:\/\/www.rivieracellars.fr\/wp-content\/uploads\/2022\/08\/Riviera-Cellars-Logo-White-NEW.png","width":800,"height":317,"caption":"Riviera Cellars"},"image":{"@id":"https:\/\/www.rivieracellars.fr\/en\/#\/schema\/logo\/image\/"},"sameAs":["https:\/\/www.facebook.com\/rivieracellarsfr"]}]}},"jetpack_sharing_enabled":true,"_links":{"self":[{"href":"https:\/\/www.rivieracellars.fr\/en\/wp-json\/wp\/v2\/product\/2498","targetHints":{"allow":["GET"]}}],"collection":[{"href":"https:\/\/www.rivieracellars.fr\/en\/wp-json\/wp\/v2\/product"}],"about":[{"href":"https:\/\/www.rivieracellars.fr\/en\/wp-json\/wp\/v2\/types\/product"}],"wp:featuredmedia":[{"embeddable":true,"href":"https:\/\/www.rivieracellars.fr\/en\/wp-json\/wp\/v2\/media\/2499"}],"wp:attachment":[{"href":"https:\/\/www.rivieracellars.fr\/en\/wp-json\/wp\/v2\/media?parent=2498"}],"wp:term":[{"taxonomy":"product_brand","embeddable":true,"href":"https:\/\/www.rivieracellars.fr\/en\/wp-json\/wp\/v2\/product_brand?post=2498"},{"taxonomy":"product_cat","embeddable":true,"href":"https:\/\/www.rivieracellars.fr\/en\/wp-json\/wp\/v2\/product_cat?post=2498"},{"taxonomy":"product_tag","embeddable":true,"href":"https:\/\/www.rivieracellars.fr\/en\/wp-json\/wp\/v2\/product_tag?post=2498"}],"curies":[{"name":"wp","href":"https:\/\/api.w.org\/{rel}","templated":true}]}}