{"id":2695,"date":"2022-10-19T14:20:10","date_gmt":"2022-10-19T12:20:10","guid":{"rendered":"https:\/\/www.rivieracellars.fr\/?post_type=product&#038;p=2695"},"modified":"2025-07-02T10:40:18","modified_gmt":"2025-07-02T08:40:18","slug":"eight-lands-vodka-bio-speyside","status":"publish","type":"product","link":"https:\/\/www.rivieracellars.fr\/en\/product\/eight-lands-vodka-bio-speyside\/","title":{"rendered":"Eight Lands Organic Speyside Vodka"},"content":{"rendered":"<p>Aujourd&rsquo;hui, la <a href=\"https:\/\/www.eight-lands.com\/about\" target=\"_blank\" rel=\"noopener\">distillerie Glenrinnes<\/a> produit de la vodka et du gin biologiques prim\u00e9s. La recherche de la qualit\u00e9 est directement inspir\u00e9e par le riche patrimoine de whisky du Speyside. Lorsque la distillerie ne peut pas cultiver ou cueillir de mani\u00e8re durable leurs propres ingr\u00e9dients biologiques, ils font venir les meilleurs d&rsquo;ailleurs. Pas de cultures g\u00e9n\u00e9tiquement modifi\u00e9es. Pas de pesticides. Ils sont conscients de leur r\u00f4le de consommateur et de producteur, et ils s&rsquo;efforcent donc d&rsquo;\u00eatre responsables, durables et respectueux dans tout ce qu&rsquo;ils font.<\/p>\n<p>This philosophy underpins the decision to create Eight Lands spirits from 100% organic ingredients and their accreditation ensures a high level of traceability from grain to glass. In essence, this means that Eight Lands spirits are produced from the highest quality, sustainably sourced ingredients.<\/p>\n<p>Organic farming means that their ingredients are free of pesticides, of which there are usually 300. This means fewer chemicals, less forced cultivation, and ultimately more natural tasting products. It also has ecological benefits.<\/p>","protected":false},"excerpt":{"rendered":"<p><strong>Colour <\/strong>: Transparent.<\/p>\n<p><strong>Nose :<\/strong>\u00a0\u00a0Well-rounded nose of marzipan and vanilla bean<\/p>\n<p><strong>Palate :<\/strong>\u00a0You can really taste the quality grain on the palate, leading into butterscotch and coconut. A long, smooth finish with a hint of spice on the palate.<\/p>\n<p><strong>Pairings :<\/strong> Eight Lands Organic Speyside Vodka 50ml. Amontillado Sherry 10ml. Top it off with tonic water and a slice of lemon as a garnish.<\/p>","protected":false},"featured_media":2696,"template":"","meta":{"_acf_changed":false},"product_brand":[],"product_cat":[182],"product_tag":[372,185],"class_list":{"0":"post-2695","1":"product","2":"type-product","3":"status-publish","4":"has-post-thumbnail","6":"product_cat-spiritueux","7":"product_tag-ecosse","8":"product_tag-vodka","9":"pa_bio-biodynamie-bio","10":"pa_contenance-70-cl","11":"pa_pays-ecosse","12":"pa_producteur-glenrinnes-distillery","13":"pa_types-vodka","14":"pa_volume-dalcool-371","16":"first","17":"instock","18":"sale","19":"taxable","20":"shipping-taxable","21":"purchasable","22":"product-type-simple"},"acf":[],"yoast_head":"<!-- This site is optimized with the Yoast SEO plugin v27.4 - https:\/\/yoast.com\/product\/yoast-seo-wordpress\/ -->\n<title>Eight Lands Vodka Bio de Speyside - Riviera Cellars Wine Supply French Riviera<\/title>\n<meta name=\"description\" content=\"La distillerie Glenrinnes produit de la vodka biologique prim\u00e9, produite \u00e0 partir d&#039;ingr\u00e9dients de la plus haute qualit\u00e9 et provenant de sources durables.\" \/>\n<meta name=\"robots\" content=\"index, follow, max-snippet:-1, max-image-preview:large, max-video-preview:-1\" \/>\n<link rel=\"canonical\" href=\"https:\/\/www.rivieracellars.fr\/en\/product\/eight-lands-vodka-bio-speyside\/\" \/>\n<meta property=\"og:locale\" content=\"en_GB\" \/>\n<meta property=\"og:type\" content=\"article\" \/>\n<meta property=\"og:title\" content=\"Eight Lands Vodka Bio de Speyside - Riviera Cellars Wine Supply French Riviera\" \/>\n<meta property=\"og:description\" content=\"La distillerie Glenrinnes produit de la vodka biologique prim\u00e9, produite \u00e0 partir d&#039;ingr\u00e9dients de la plus haute qualit\u00e9 et provenant de sources durables.\" \/>\n<meta property=\"og:url\" content=\"https:\/\/www.rivieracellars.fr\/en\/product\/eight-lands-vodka-bio-speyside\/\" \/>\n<meta property=\"og:site_name\" content=\"Riviera Cellars Wine Supply French Riviera\" \/>\n<meta property=\"article:publisher\" content=\"https:\/\/www.facebook.com\/rivieracellarsfr\" \/>\n<meta property=\"article:modified_time\" content=\"2025-07-02T08:40:18+00:00\" \/>\n<meta property=\"og:image\" content=\"https:\/\/www.rivieracellars.fr\/wp-content\/uploads\/2022\/10\/HeightLands-Vodka.png\" \/>\n\t<meta property=\"og:image:width\" content=\"1080\" \/>\n\t<meta property=\"og:image:height\" content=\"1080\" \/>\n\t<meta property=\"og:image:type\" content=\"image\/png\" \/>\n<meta name=\"twitter:card\" content=\"summary_large_image\" \/>\n<meta name=\"twitter:label1\" content=\"Estimated reading time\" \/>\n\t<meta name=\"twitter:data1\" content=\"2 minutes\" \/>\n<script type=\"application\/ld+json\" class=\"yoast-schema-graph\">{\"@context\":\"https:\\\/\\\/schema.org\",\"@graph\":[{\"@type\":\"WebPage\",\"@id\":\"https:\\\/\\\/www.rivieracellars.fr\\\/product\\\/eight-lands-vodka-bio-speyside\\\/\",\"url\":\"https:\\\/\\\/www.rivieracellars.fr\\\/product\\\/eight-lands-vodka-bio-speyside\\\/\",\"name\":\"Eight Lands Vodka Bio de Speyside - Riviera Cellars Wine Supply French Riviera\",\"isPartOf\":{\"@id\":\"https:\\\/\\\/www.rivieracellars.fr\\\/en\\\/#website\"},\"primaryImageOfPage\":{\"@id\":\"https:\\\/\\\/www.rivieracellars.fr\\\/product\\\/eight-lands-vodka-bio-speyside\\\/#primaryimage\"},\"image\":{\"@id\":\"https:\\\/\\\/www.rivieracellars.fr\\\/product\\\/eight-lands-vodka-bio-speyside\\\/#primaryimage\"},\"thumbnailUrl\":\"https:\\\/\\\/www.rivieracellars.fr\\\/wp-content\\\/uploads\\\/2022\\\/10\\\/HeightLands-Vodka.png\",\"datePublished\":\"2022-10-19T12:20:10+00:00\",\"dateModified\":\"2025-07-02T08:40:18+00:00\",\"description\":\"La distillerie Glenrinnes produit de la vodka biologique prim\u00e9, produite \u00e0 partir d'ingr\u00e9dients de la plus haute qualit\u00e9 et provenant de sources durables.\",\"breadcrumb\":{\"@id\":\"https:\\\/\\\/www.rivieracellars.fr\\\/product\\\/eight-lands-vodka-bio-speyside\\\/#breadcrumb\"},\"inLanguage\":\"en-GB\",\"potentialAction\":[{\"@type\":\"ReadAction\",\"target\":[\"https:\\\/\\\/www.rivieracellars.fr\\\/product\\\/eight-lands-vodka-bio-speyside\\\/\"]}]},{\"@type\":\"ImageObject\",\"inLanguage\":\"en-GB\",\"@id\":\"https:\\\/\\\/www.rivieracellars.fr\\\/product\\\/eight-lands-vodka-bio-speyside\\\/#primaryimage\",\"url\":\"https:\\\/\\\/www.rivieracellars.fr\\\/wp-content\\\/uploads\\\/2022\\\/10\\\/HeightLands-Vodka.png\",\"contentUrl\":\"https:\\\/\\\/www.rivieracellars.fr\\\/wp-content\\\/uploads\\\/2022\\\/10\\\/HeightLands-Vodka.png\",\"width\":1080,\"height\":1080},{\"@type\":\"BreadcrumbList\",\"@id\":\"https:\\\/\\\/www.rivieracellars.fr\\\/product\\\/eight-lands-vodka-bio-speyside\\\/#breadcrumb\",\"itemListElement\":[{\"@type\":\"ListItem\",\"position\":1,\"name\":\"Catalogue de nos Vins\",\"item\":\"https:\\\/\\\/www.rivieracellars.fr\\\/en\\\/shop\\\/\"},{\"@type\":\"ListItem\",\"position\":2,\"name\":\"Eight Lands Vodka Bio de Speyside\"}]},{\"@type\":\"WebSite\",\"@id\":\"https:\\\/\\\/www.rivieracellars.fr\\\/en\\\/#website\",\"url\":\"https:\\\/\\\/www.rivieracellars.fr\\\/en\\\/\",\"name\":\"Riviera Cellars Wine Supply French Riviera\",\"description\":\"Approvisionnement en vins et champagnes fins et rares\",\"publisher\":{\"@id\":\"https:\\\/\\\/www.rivieracellars.fr\\\/en\\\/#organization\"},\"potentialAction\":[{\"@type\":\"SearchAction\",\"target\":{\"@type\":\"EntryPoint\",\"urlTemplate\":\"https:\\\/\\\/www.rivieracellars.fr\\\/en\\\/?s={search_term_string}\"},\"query-input\":{\"@type\":\"PropertyValueSpecification\",\"valueRequired\":true,\"valueName\":\"search_term_string\"}}],\"inLanguage\":\"en-GB\"},{\"@type\":\"Organization\",\"@id\":\"https:\\\/\\\/www.rivieracellars.fr\\\/en\\\/#organization\",\"name\":\"Riviera Cellars\",\"alternateName\":\"RC\",\"url\":\"https:\\\/\\\/www.rivieracellars.fr\\\/en\\\/\",\"logo\":{\"@type\":\"ImageObject\",\"inLanguage\":\"en-GB\",\"@id\":\"https:\\\/\\\/www.rivieracellars.fr\\\/en\\\/#\\\/schema\\\/logo\\\/image\\\/\",\"url\":\"https:\\\/\\\/www.rivieracellars.fr\\\/wp-content\\\/uploads\\\/2022\\\/08\\\/Riviera-Cellars-Logo-White-NEW.png\",\"contentUrl\":\"https:\\\/\\\/www.rivieracellars.fr\\\/wp-content\\\/uploads\\\/2022\\\/08\\\/Riviera-Cellars-Logo-White-NEW.png\",\"width\":800,\"height\":317,\"caption\":\"Riviera Cellars\"},\"image\":{\"@id\":\"https:\\\/\\\/www.rivieracellars.fr\\\/en\\\/#\\\/schema\\\/logo\\\/image\\\/\"},\"sameAs\":[\"https:\\\/\\\/www.facebook.com\\\/rivieracellarsfr\"]}]}<\/script>\n<!-- \/ Yoast SEO plugin. -->","yoast_head_json":{"title":"Eight Lands Vodka Bio de Speyside - Riviera Cellars Wine Supply French Riviera","description":"La distillerie Glenrinnes produit de la vodka biologique prim\u00e9, produite \u00e0 partir d'ingr\u00e9dients de la plus haute qualit\u00e9 et provenant de sources durables.","robots":{"index":"index","follow":"follow","max-snippet":"max-snippet:-1","max-image-preview":"max-image-preview:large","max-video-preview":"max-video-preview:-1"},"canonical":"https:\/\/www.rivieracellars.fr\/en\/product\/eight-lands-vodka-bio-speyside\/","og_locale":"en_GB","og_type":"article","og_title":"Eight Lands Vodka Bio de Speyside - Riviera Cellars Wine Supply French Riviera","og_description":"La distillerie Glenrinnes produit de la vodka biologique prim\u00e9, produite \u00e0 partir d'ingr\u00e9dients de la plus haute qualit\u00e9 et provenant de sources durables.","og_url":"https:\/\/www.rivieracellars.fr\/en\/product\/eight-lands-vodka-bio-speyside\/","og_site_name":"Riviera Cellars Wine Supply French Riviera","article_publisher":"https:\/\/www.facebook.com\/rivieracellarsfr","article_modified_time":"2025-07-02T08:40:18+00:00","og_image":[{"width":1080,"height":1080,"url":"https:\/\/www.rivieracellars.fr\/wp-content\/uploads\/2022\/10\/HeightLands-Vodka.png","type":"image\/png"}],"twitter_card":"summary_large_image","twitter_misc":{"Estimated reading time":"2 minutes"},"schema":{"@context":"https:\/\/schema.org","@graph":[{"@type":"WebPage","@id":"https:\/\/www.rivieracellars.fr\/product\/eight-lands-vodka-bio-speyside\/","url":"https:\/\/www.rivieracellars.fr\/product\/eight-lands-vodka-bio-speyside\/","name":"Eight Lands Vodka Bio de Speyside - Riviera Cellars Wine Supply French Riviera","isPartOf":{"@id":"https:\/\/www.rivieracellars.fr\/en\/#website"},"primaryImageOfPage":{"@id":"https:\/\/www.rivieracellars.fr\/product\/eight-lands-vodka-bio-speyside\/#primaryimage"},"image":{"@id":"https:\/\/www.rivieracellars.fr\/product\/eight-lands-vodka-bio-speyside\/#primaryimage"},"thumbnailUrl":"https:\/\/www.rivieracellars.fr\/wp-content\/uploads\/2022\/10\/HeightLands-Vodka.png","datePublished":"2022-10-19T12:20:10+00:00","dateModified":"2025-07-02T08:40:18+00:00","description":"La distillerie Glenrinnes produit de la vodka biologique prim\u00e9, produite \u00e0 partir d'ingr\u00e9dients de la plus haute qualit\u00e9 et provenant de sources durables.","breadcrumb":{"@id":"https:\/\/www.rivieracellars.fr\/product\/eight-lands-vodka-bio-speyside\/#breadcrumb"},"inLanguage":"en-GB","potentialAction":[{"@type":"ReadAction","target":["https:\/\/www.rivieracellars.fr\/product\/eight-lands-vodka-bio-speyside\/"]}]},{"@type":"ImageObject","inLanguage":"en-GB","@id":"https:\/\/www.rivieracellars.fr\/product\/eight-lands-vodka-bio-speyside\/#primaryimage","url":"https:\/\/www.rivieracellars.fr\/wp-content\/uploads\/2022\/10\/HeightLands-Vodka.png","contentUrl":"https:\/\/www.rivieracellars.fr\/wp-content\/uploads\/2022\/10\/HeightLands-Vodka.png","width":1080,"height":1080},{"@type":"BreadcrumbList","@id":"https:\/\/www.rivieracellars.fr\/product\/eight-lands-vodka-bio-speyside\/#breadcrumb","itemListElement":[{"@type":"ListItem","position":1,"name":"Catalogue de nos Vins","item":"https:\/\/www.rivieracellars.fr\/en\/shop\/"},{"@type":"ListItem","position":2,"name":"Eight Lands Vodka Bio de Speyside"}]},{"@type":"WebSite","@id":"https:\/\/www.rivieracellars.fr\/en\/#website","url":"https:\/\/www.rivieracellars.fr\/en\/","name":"Riviera Cellars Wine Supply French Riviera","description":"Approvisionnement en vins et champagnes fins et rares","publisher":{"@id":"https:\/\/www.rivieracellars.fr\/en\/#organization"},"potentialAction":[{"@type":"SearchAction","target":{"@type":"EntryPoint","urlTemplate":"https:\/\/www.rivieracellars.fr\/en\/?s={search_term_string}"},"query-input":{"@type":"PropertyValueSpecification","valueRequired":true,"valueName":"search_term_string"}}],"inLanguage":"en-GB"},{"@type":"Organization","@id":"https:\/\/www.rivieracellars.fr\/en\/#organization","name":"Riviera Cellars","alternateName":"RC","url":"https:\/\/www.rivieracellars.fr\/en\/","logo":{"@type":"ImageObject","inLanguage":"en-GB","@id":"https:\/\/www.rivieracellars.fr\/en\/#\/schema\/logo\/image\/","url":"https:\/\/www.rivieracellars.fr\/wp-content\/uploads\/2022\/08\/Riviera-Cellars-Logo-White-NEW.png","contentUrl":"https:\/\/www.rivieracellars.fr\/wp-content\/uploads\/2022\/08\/Riviera-Cellars-Logo-White-NEW.png","width":800,"height":317,"caption":"Riviera Cellars"},"image":{"@id":"https:\/\/www.rivieracellars.fr\/en\/#\/schema\/logo\/image\/"},"sameAs":["https:\/\/www.facebook.com\/rivieracellarsfr"]}]}},"jetpack_sharing_enabled":true,"_links":{"self":[{"href":"https:\/\/www.rivieracellars.fr\/en\/wp-json\/wp\/v2\/product\/2695","targetHints":{"allow":["GET"]}}],"collection":[{"href":"https:\/\/www.rivieracellars.fr\/en\/wp-json\/wp\/v2\/product"}],"about":[{"href":"https:\/\/www.rivieracellars.fr\/en\/wp-json\/wp\/v2\/types\/product"}],"wp:featuredmedia":[{"embeddable":true,"href":"https:\/\/www.rivieracellars.fr\/en\/wp-json\/wp\/v2\/media\/2696"}],"wp:attachment":[{"href":"https:\/\/www.rivieracellars.fr\/en\/wp-json\/wp\/v2\/media?parent=2695"}],"wp:term":[{"taxonomy":"product_brand","embeddable":true,"href":"https:\/\/www.rivieracellars.fr\/en\/wp-json\/wp\/v2\/product_brand?post=2695"},{"taxonomy":"product_cat","embeddable":true,"href":"https:\/\/www.rivieracellars.fr\/en\/wp-json\/wp\/v2\/product_cat?post=2695"},{"taxonomy":"product_tag","embeddable":true,"href":"https:\/\/www.rivieracellars.fr\/en\/wp-json\/wp\/v2\/product_tag?post=2695"}],"curies":[{"name":"wp","href":"https:\/\/api.w.org\/{rel}","templated":true}]}}