{"id":2702,"date":"2022-10-19T16:42:26","date_gmt":"2022-10-19T14:42:26","guid":{"rendered":"https:\/\/www.rivieracellars.fr\/?post_type=product&#038;p=2702"},"modified":"2024-02-07T00:00:08","modified_gmt":"2024-02-06T23:00:08","slug":"burmester-vintage-porto-2003","status":"publish","type":"product","link":"https:\/\/www.rivieracellars.fr\/en\/product\/burmester-vintage-porto-2003\/","title":{"rendered":"Burmester Vintage Porto 2003"},"content":{"rendered":"<p>The history of Burmester Ports dates back to 1730 when Henry Burmester and John Nash founded Burmester and Nash. From 1750 they began exporting Port to Europe and the British Isles. The company was dissolved and then reconstituted, passed down through the generations and finally acquired by a leading Port and DOC Douro wine group, Sogevinus Fine Wines. Burmester Ports are created in the Quinta Do Arnozelo in the heart of the famous Douro region. The vines are planted in terraces at an altitude of 300 metres. The Port Wines benefit from the ancestral know-how and are elaborated according to traditional methods.<\/p>","protected":false},"excerpt":{"rendered":"<p><strong>Colour <\/strong>: Deep red.<\/p>\n<p><strong>Nose :<\/strong> Of ripe red fruit.<\/p>\n<p><strong>Palate :<\/strong> Dense and powerful on the palate, showing a beautiful flavour of chocolate, red and wild fruits. Long finish.<\/p>\n<p><strong>Food Pairings :<\/strong> Blue cheese and sweet desserts.<\/p>","protected":false},"featured_media":2703,"template":"","meta":{"_acf_changed":false},"product_brand":[],"product_cat":[377],"product_tag":[390,387,386,31],"class_list":{"0":"post-2702","1":"product","2":"type-product","3":"status-publish","4":"has-post-thumbnail","6":"product_cat-vins-fortifies","7":"product_tag-390","8":"product_tag-porto","9":"product_tag-portugal","10":"product_tag-rouge","11":"pa_appellation-porto-doc","12":"pa_contenance-75-cl","13":"pa_couleur-rouge","14":"pa_millesime-389","15":"pa_pays-portugal","16":"pa_producteur-domaine-burmester","17":"pa_sucrosite-doux","18":"pa_types-vins-fortifies","19":"pa_volume-dalcool-401","21":"first","22":"instock","23":"taxable","24":"shipping-taxable","25":"purchasable","26":"product-type-simple"},"acf":[],"yoast_head":"<!-- This site is optimized with the Yoast SEO plugin v27.4 - https:\/\/yoast.com\/product\/yoast-seo-wordpress\/ -->\n<title>Burmester Vintage Porto 2003 - Riviera Cellars Wine Supply French Riviera<\/title>\n<meta name=\"description\" content=\"Les Portos Burmester sont cr\u00e9\u00e9s dans la Quinta Do Arnozelo au c\u0153ur de la c\u00e9l\u00e8bre r\u00e9gion du Douro, et sont \u00e9labor\u00e9s selon les m\u00e9thodes traditionnelles.\" \/>\n<meta name=\"robots\" content=\"index, follow, max-snippet:-1, max-image-preview:large, max-video-preview:-1\" \/>\n<link rel=\"canonical\" href=\"https:\/\/www.rivieracellars.fr\/en\/product\/burmester-vintage-porto-2003\/\" \/>\n<meta property=\"og:locale\" content=\"en_GB\" \/>\n<meta property=\"og:type\" content=\"article\" \/>\n<meta property=\"og:title\" content=\"Burmester Vintage Porto 2003 - Riviera Cellars Wine Supply French Riviera\" \/>\n<meta property=\"og:description\" content=\"Les Portos Burmester sont cr\u00e9\u00e9s dans la Quinta Do Arnozelo au c\u0153ur de la c\u00e9l\u00e8bre r\u00e9gion du Douro, et sont \u00e9labor\u00e9s selon les m\u00e9thodes traditionnelles.\" \/>\n<meta property=\"og:url\" content=\"https:\/\/www.rivieracellars.fr\/en\/product\/burmester-vintage-porto-2003\/\" \/>\n<meta property=\"og:site_name\" content=\"Riviera Cellars Wine Supply French Riviera\" \/>\n<meta property=\"article:publisher\" content=\"https:\/\/www.facebook.com\/rivieracellarsfr\" \/>\n<meta property=\"article:modified_time\" content=\"2024-02-06T23:00:08+00:00\" \/>\n<meta property=\"og:image\" content=\"https:\/\/www.rivieracellars.fr\/wp-content\/uploads\/2022\/10\/Burmester-2003.png\" \/>\n\t<meta property=\"og:image:width\" content=\"1080\" \/>\n\t<meta property=\"og:image:height\" content=\"1080\" \/>\n\t<meta property=\"og:image:type\" content=\"image\/png\" \/>\n<meta name=\"twitter:card\" content=\"summary_large_image\" \/>\n<meta name=\"twitter:label1\" content=\"Estimated reading time\" \/>\n\t<meta name=\"twitter:data1\" content=\"1 minute\" \/>\n<script type=\"application\/ld+json\" class=\"yoast-schema-graph\">{\"@context\":\"https:\\\/\\\/schema.org\",\"@graph\":[{\"@type\":\"WebPage\",\"@id\":\"https:\\\/\\\/www.rivieracellars.fr\\\/product\\\/burmester-vintage-porto-2003\\\/\",\"url\":\"https:\\\/\\\/www.rivieracellars.fr\\\/product\\\/burmester-vintage-porto-2003\\\/\",\"name\":\"Burmester Vintage Porto 2003 - Riviera Cellars Wine Supply French Riviera\",\"isPartOf\":{\"@id\":\"https:\\\/\\\/www.rivieracellars.fr\\\/en\\\/#website\"},\"primaryImageOfPage\":{\"@id\":\"https:\\\/\\\/www.rivieracellars.fr\\\/product\\\/burmester-vintage-porto-2003\\\/#primaryimage\"},\"image\":{\"@id\":\"https:\\\/\\\/www.rivieracellars.fr\\\/product\\\/burmester-vintage-porto-2003\\\/#primaryimage\"},\"thumbnailUrl\":\"https:\\\/\\\/www.rivieracellars.fr\\\/wp-content\\\/uploads\\\/2022\\\/10\\\/Burmester-2003.png\",\"datePublished\":\"2022-10-19T14:42:26+00:00\",\"dateModified\":\"2024-02-06T23:00:08+00:00\",\"description\":\"Les Portos Burmester sont cr\u00e9\u00e9s dans la Quinta Do Arnozelo au c\u0153ur de la c\u00e9l\u00e8bre r\u00e9gion du Douro, et sont \u00e9labor\u00e9s selon les m\u00e9thodes traditionnelles.\",\"breadcrumb\":{\"@id\":\"https:\\\/\\\/www.rivieracellars.fr\\\/product\\\/burmester-vintage-porto-2003\\\/#breadcrumb\"},\"inLanguage\":\"en-GB\",\"potentialAction\":[{\"@type\":\"ReadAction\",\"target\":[\"https:\\\/\\\/www.rivieracellars.fr\\\/product\\\/burmester-vintage-porto-2003\\\/\"]}]},{\"@type\":\"ImageObject\",\"inLanguage\":\"en-GB\",\"@id\":\"https:\\\/\\\/www.rivieracellars.fr\\\/product\\\/burmester-vintage-porto-2003\\\/#primaryimage\",\"url\":\"https:\\\/\\\/www.rivieracellars.fr\\\/wp-content\\\/uploads\\\/2022\\\/10\\\/Burmester-2003.png\",\"contentUrl\":\"https:\\\/\\\/www.rivieracellars.fr\\\/wp-content\\\/uploads\\\/2022\\\/10\\\/Burmester-2003.png\",\"width\":1080,\"height\":1080},{\"@type\":\"BreadcrumbList\",\"@id\":\"https:\\\/\\\/www.rivieracellars.fr\\\/product\\\/burmester-vintage-porto-2003\\\/#breadcrumb\",\"itemListElement\":[{\"@type\":\"ListItem\",\"position\":1,\"name\":\"Catalogue de nos Vins\",\"item\":\"https:\\\/\\\/www.rivieracellars.fr\\\/en\\\/shop\\\/\"},{\"@type\":\"ListItem\",\"position\":2,\"name\":\"Burmester Vintage Porto 2003\"}]},{\"@type\":\"WebSite\",\"@id\":\"https:\\\/\\\/www.rivieracellars.fr\\\/en\\\/#website\",\"url\":\"https:\\\/\\\/www.rivieracellars.fr\\\/en\\\/\",\"name\":\"Riviera Cellars Wine Supply French Riviera\",\"description\":\"Approvisionnement en vins et champagnes fins et rares\",\"publisher\":{\"@id\":\"https:\\\/\\\/www.rivieracellars.fr\\\/en\\\/#organization\"},\"potentialAction\":[{\"@type\":\"SearchAction\",\"target\":{\"@type\":\"EntryPoint\",\"urlTemplate\":\"https:\\\/\\\/www.rivieracellars.fr\\\/en\\\/?s={search_term_string}\"},\"query-input\":{\"@type\":\"PropertyValueSpecification\",\"valueRequired\":true,\"valueName\":\"search_term_string\"}}],\"inLanguage\":\"en-GB\"},{\"@type\":\"Organization\",\"@id\":\"https:\\\/\\\/www.rivieracellars.fr\\\/en\\\/#organization\",\"name\":\"Riviera Cellars\",\"alternateName\":\"RC\",\"url\":\"https:\\\/\\\/www.rivieracellars.fr\\\/en\\\/\",\"logo\":{\"@type\":\"ImageObject\",\"inLanguage\":\"en-GB\",\"@id\":\"https:\\\/\\\/www.rivieracellars.fr\\\/en\\\/#\\\/schema\\\/logo\\\/image\\\/\",\"url\":\"https:\\\/\\\/www.rivieracellars.fr\\\/wp-content\\\/uploads\\\/2022\\\/08\\\/Riviera-Cellars-Logo-White-NEW.png\",\"contentUrl\":\"https:\\\/\\\/www.rivieracellars.fr\\\/wp-content\\\/uploads\\\/2022\\\/08\\\/Riviera-Cellars-Logo-White-NEW.png\",\"width\":800,\"height\":317,\"caption\":\"Riviera Cellars\"},\"image\":{\"@id\":\"https:\\\/\\\/www.rivieracellars.fr\\\/en\\\/#\\\/schema\\\/logo\\\/image\\\/\"},\"sameAs\":[\"https:\\\/\\\/www.facebook.com\\\/rivieracellarsfr\"]}]}<\/script>\n<!-- \/ Yoast SEO plugin. -->","yoast_head_json":{"title":"Burmester Vintage Porto 2003 - Riviera Cellars Wine Supply French Riviera","description":"Les Portos Burmester sont cr\u00e9\u00e9s dans la Quinta Do Arnozelo au c\u0153ur de la c\u00e9l\u00e8bre r\u00e9gion du Douro, et sont \u00e9labor\u00e9s selon les m\u00e9thodes traditionnelles.","robots":{"index":"index","follow":"follow","max-snippet":"max-snippet:-1","max-image-preview":"max-image-preview:large","max-video-preview":"max-video-preview:-1"},"canonical":"https:\/\/www.rivieracellars.fr\/en\/product\/burmester-vintage-porto-2003\/","og_locale":"en_GB","og_type":"article","og_title":"Burmester Vintage Porto 2003 - Riviera Cellars Wine Supply French Riviera","og_description":"Les Portos Burmester sont cr\u00e9\u00e9s dans la Quinta Do Arnozelo au c\u0153ur de la c\u00e9l\u00e8bre r\u00e9gion du Douro, et sont \u00e9labor\u00e9s selon les m\u00e9thodes traditionnelles.","og_url":"https:\/\/www.rivieracellars.fr\/en\/product\/burmester-vintage-porto-2003\/","og_site_name":"Riviera Cellars Wine Supply French Riviera","article_publisher":"https:\/\/www.facebook.com\/rivieracellarsfr","article_modified_time":"2024-02-06T23:00:08+00:00","og_image":[{"width":1080,"height":1080,"url":"https:\/\/www.rivieracellars.fr\/wp-content\/uploads\/2022\/10\/Burmester-2003.png","type":"image\/png"}],"twitter_card":"summary_large_image","twitter_misc":{"Estimated reading time":"1 minute"},"schema":{"@context":"https:\/\/schema.org","@graph":[{"@type":"WebPage","@id":"https:\/\/www.rivieracellars.fr\/product\/burmester-vintage-porto-2003\/","url":"https:\/\/www.rivieracellars.fr\/product\/burmester-vintage-porto-2003\/","name":"Burmester Vintage Porto 2003 - Riviera Cellars Wine Supply French Riviera","isPartOf":{"@id":"https:\/\/www.rivieracellars.fr\/en\/#website"},"primaryImageOfPage":{"@id":"https:\/\/www.rivieracellars.fr\/product\/burmester-vintage-porto-2003\/#primaryimage"},"image":{"@id":"https:\/\/www.rivieracellars.fr\/product\/burmester-vintage-porto-2003\/#primaryimage"},"thumbnailUrl":"https:\/\/www.rivieracellars.fr\/wp-content\/uploads\/2022\/10\/Burmester-2003.png","datePublished":"2022-10-19T14:42:26+00:00","dateModified":"2024-02-06T23:00:08+00:00","description":"Les Portos Burmester sont cr\u00e9\u00e9s dans la Quinta Do Arnozelo au c\u0153ur de la c\u00e9l\u00e8bre r\u00e9gion du Douro, et sont \u00e9labor\u00e9s selon les m\u00e9thodes traditionnelles.","breadcrumb":{"@id":"https:\/\/www.rivieracellars.fr\/product\/burmester-vintage-porto-2003\/#breadcrumb"},"inLanguage":"en-GB","potentialAction":[{"@type":"ReadAction","target":["https:\/\/www.rivieracellars.fr\/product\/burmester-vintage-porto-2003\/"]}]},{"@type":"ImageObject","inLanguage":"en-GB","@id":"https:\/\/www.rivieracellars.fr\/product\/burmester-vintage-porto-2003\/#primaryimage","url":"https:\/\/www.rivieracellars.fr\/wp-content\/uploads\/2022\/10\/Burmester-2003.png","contentUrl":"https:\/\/www.rivieracellars.fr\/wp-content\/uploads\/2022\/10\/Burmester-2003.png","width":1080,"height":1080},{"@type":"BreadcrumbList","@id":"https:\/\/www.rivieracellars.fr\/product\/burmester-vintage-porto-2003\/#breadcrumb","itemListElement":[{"@type":"ListItem","position":1,"name":"Catalogue de nos Vins","item":"https:\/\/www.rivieracellars.fr\/en\/shop\/"},{"@type":"ListItem","position":2,"name":"Burmester Vintage Porto 2003"}]},{"@type":"WebSite","@id":"https:\/\/www.rivieracellars.fr\/en\/#website","url":"https:\/\/www.rivieracellars.fr\/en\/","name":"Riviera Cellars Wine Supply French Riviera","description":"Approvisionnement en vins et champagnes fins et rares","publisher":{"@id":"https:\/\/www.rivieracellars.fr\/en\/#organization"},"potentialAction":[{"@type":"SearchAction","target":{"@type":"EntryPoint","urlTemplate":"https:\/\/www.rivieracellars.fr\/en\/?s={search_term_string}"},"query-input":{"@type":"PropertyValueSpecification","valueRequired":true,"valueName":"search_term_string"}}],"inLanguage":"en-GB"},{"@type":"Organization","@id":"https:\/\/www.rivieracellars.fr\/en\/#organization","name":"Riviera Cellars","alternateName":"RC","url":"https:\/\/www.rivieracellars.fr\/en\/","logo":{"@type":"ImageObject","inLanguage":"en-GB","@id":"https:\/\/www.rivieracellars.fr\/en\/#\/schema\/logo\/image\/","url":"https:\/\/www.rivieracellars.fr\/wp-content\/uploads\/2022\/08\/Riviera-Cellars-Logo-White-NEW.png","contentUrl":"https:\/\/www.rivieracellars.fr\/wp-content\/uploads\/2022\/08\/Riviera-Cellars-Logo-White-NEW.png","width":800,"height":317,"caption":"Riviera Cellars"},"image":{"@id":"https:\/\/www.rivieracellars.fr\/en\/#\/schema\/logo\/image\/"},"sameAs":["https:\/\/www.facebook.com\/rivieracellarsfr"]}]}},"jetpack_sharing_enabled":true,"_links":{"self":[{"href":"https:\/\/www.rivieracellars.fr\/en\/wp-json\/wp\/v2\/product\/2702","targetHints":{"allow":["GET"]}}],"collection":[{"href":"https:\/\/www.rivieracellars.fr\/en\/wp-json\/wp\/v2\/product"}],"about":[{"href":"https:\/\/www.rivieracellars.fr\/en\/wp-json\/wp\/v2\/types\/product"}],"wp:featuredmedia":[{"embeddable":true,"href":"https:\/\/www.rivieracellars.fr\/en\/wp-json\/wp\/v2\/media\/2703"}],"wp:attachment":[{"href":"https:\/\/www.rivieracellars.fr\/en\/wp-json\/wp\/v2\/media?parent=2702"}],"wp:term":[{"taxonomy":"product_brand","embeddable":true,"href":"https:\/\/www.rivieracellars.fr\/en\/wp-json\/wp\/v2\/product_brand?post=2702"},{"taxonomy":"product_cat","embeddable":true,"href":"https:\/\/www.rivieracellars.fr\/en\/wp-json\/wp\/v2\/product_cat?post=2702"},{"taxonomy":"product_tag","embeddable":true,"href":"https:\/\/www.rivieracellars.fr\/en\/wp-json\/wp\/v2\/product_tag?post=2702"}],"curies":[{"name":"wp","href":"https:\/\/api.w.org\/{rel}","templated":true}]}}