{"id":2704,"date":"2022-10-19T17:06:55","date_gmt":"2022-10-19T15:06:55","guid":{"rendered":"https:\/\/www.rivieracellars.fr\/?post_type=product&#038;p=2704"},"modified":"2024-02-07T16:31:04","modified_gmt":"2024-02-07T15:31:04","slug":"baileys-irish-cream","status":"publish","type":"product","link":"https:\/\/www.rivieracellars.fr\/en\/product\/baileys-irish-cream\/","title":{"rendered":"Baileys Irish Cream"},"content":{"rendered":"<p>Created in 1974, Baileys pioneered the cream liqueur category and to this day proudly leads it. Baileys is the most-popular Irish cream liqueur around the globe. Won more medals than any of the competition.<\/p>","protected":false},"excerpt":{"rendered":"<p><strong>Colour <\/strong>: Cream coffee<\/p>\n<p><strong>Nose :<\/strong>\u00a0\u00a0A complex chocolate aroma with hints of exotic vanilla and the soft aroma of Irish Whiskey.<\/p>\n<p><strong>Palate :<\/strong>\u00a0Silky smooth mouth feels from the fresh cream and a warming sensation coming from the Irish whiskey, creamy chocolaty finish.<\/p>\n<p><strong>Pairings :<\/strong>\u00a0Straight and over ice, or add it to coffees, shooters or martinis. You can even enjoy some in a hot chocolate on colder days, or in a milkshake during the summer.<\/p>","protected":false},"featured_media":2705,"template":"","meta":{"_acf_changed":false},"product_brand":[],"product_cat":[182],"product_tag":[397,396],"class_list":{"0":"post-2704","1":"product","2":"type-product","3":"status-publish","4":"has-post-thumbnail","6":"product_cat-spiritueux","7":"product_tag-baileys","8":"product_tag-liqueur","9":"pa_contenance-100-cl","10":"pa_pays-irlande","11":"pa_producteur-r-a-bailey-co","12":"pa_sucrosite-doux","13":"pa_types-liqueur","14":"pa_volume-dalcool-395","16":"first","17":"instock","18":"taxable","19":"shipping-taxable","20":"purchasable","21":"product-type-simple"},"acf":[],"yoast_head":"<!-- This site is optimized with the Yoast SEO plugin v27.4 - https:\/\/yoast.com\/product\/yoast-seo-wordpress\/ -->\n<title>Baileys Irish Cream - Riviera Cellars Wine Supply French Riviera<\/title>\n<meta name=\"description\" content=\"Baileys a \u00e9t\u00e9 le pionnier de la cat\u00e9gorie des liqueurs \u00e0 la cr\u00e8me et, elle en est fi\u00e8rement le leader. L&#039;une des plus populaire dans le monde entier.\" \/>\n<meta name=\"robots\" content=\"index, follow, max-snippet:-1, max-image-preview:large, max-video-preview:-1\" \/>\n<link rel=\"canonical\" href=\"https:\/\/www.rivieracellars.fr\/en\/product\/baileys-irish-cream\/\" \/>\n<meta property=\"og:locale\" content=\"en_GB\" \/>\n<meta property=\"og:type\" content=\"article\" \/>\n<meta property=\"og:title\" content=\"Baileys Irish Cream - Riviera Cellars Wine Supply French Riviera\" \/>\n<meta property=\"og:description\" content=\"Baileys a \u00e9t\u00e9 le pionnier de la cat\u00e9gorie des liqueurs \u00e0 la cr\u00e8me et, elle en est fi\u00e8rement le leader. L&#039;une des plus populaire dans le monde entier.\" \/>\n<meta property=\"og:url\" content=\"https:\/\/www.rivieracellars.fr\/en\/product\/baileys-irish-cream\/\" \/>\n<meta property=\"og:site_name\" content=\"Riviera Cellars Wine Supply French Riviera\" \/>\n<meta property=\"article:publisher\" content=\"https:\/\/www.facebook.com\/rivieracellarsfr\" \/>\n<meta property=\"article:modified_time\" content=\"2024-02-07T15:31:04+00:00\" \/>\n<meta property=\"og:image\" content=\"https:\/\/www.rivieracellars.fr\/wp-content\/uploads\/2022\/10\/baileys.png\" \/>\n\t<meta property=\"og:image:width\" content=\"1080\" \/>\n\t<meta property=\"og:image:height\" content=\"1080\" \/>\n\t<meta property=\"og:image:type\" content=\"image\/png\" \/>\n<meta name=\"twitter:card\" content=\"summary_large_image\" \/>\n<meta name=\"twitter:label1\" content=\"Estimated reading time\" \/>\n\t<meta name=\"twitter:data1\" content=\"1 minute\" \/>\n<script type=\"application\/ld+json\" class=\"yoast-schema-graph\">{\"@context\":\"https:\\\/\\\/schema.org\",\"@graph\":[{\"@type\":\"WebPage\",\"@id\":\"https:\\\/\\\/www.rivieracellars.fr\\\/product\\\/baileys-irish-cream\\\/\",\"url\":\"https:\\\/\\\/www.rivieracellars.fr\\\/product\\\/baileys-irish-cream\\\/\",\"name\":\"Baileys Irish Cream - Riviera Cellars Wine Supply French Riviera\",\"isPartOf\":{\"@id\":\"https:\\\/\\\/www.rivieracellars.fr\\\/en\\\/#website\"},\"primaryImageOfPage\":{\"@id\":\"https:\\\/\\\/www.rivieracellars.fr\\\/product\\\/baileys-irish-cream\\\/#primaryimage\"},\"image\":{\"@id\":\"https:\\\/\\\/www.rivieracellars.fr\\\/product\\\/baileys-irish-cream\\\/#primaryimage\"},\"thumbnailUrl\":\"https:\\\/\\\/www.rivieracellars.fr\\\/wp-content\\\/uploads\\\/2022\\\/10\\\/baileys.png\",\"datePublished\":\"2022-10-19T15:06:55+00:00\",\"dateModified\":\"2024-02-07T15:31:04+00:00\",\"description\":\"Baileys a \u00e9t\u00e9 le pionnier de la cat\u00e9gorie des liqueurs \u00e0 la cr\u00e8me et, elle en est fi\u00e8rement le leader. L'une des plus populaire dans le monde entier.\",\"breadcrumb\":{\"@id\":\"https:\\\/\\\/www.rivieracellars.fr\\\/product\\\/baileys-irish-cream\\\/#breadcrumb\"},\"inLanguage\":\"en-GB\",\"potentialAction\":[{\"@type\":\"ReadAction\",\"target\":[\"https:\\\/\\\/www.rivieracellars.fr\\\/product\\\/baileys-irish-cream\\\/\"]}]},{\"@type\":\"ImageObject\",\"inLanguage\":\"en-GB\",\"@id\":\"https:\\\/\\\/www.rivieracellars.fr\\\/product\\\/baileys-irish-cream\\\/#primaryimage\",\"url\":\"https:\\\/\\\/www.rivieracellars.fr\\\/wp-content\\\/uploads\\\/2022\\\/10\\\/baileys.png\",\"contentUrl\":\"https:\\\/\\\/www.rivieracellars.fr\\\/wp-content\\\/uploads\\\/2022\\\/10\\\/baileys.png\",\"width\":1080,\"height\":1080},{\"@type\":\"BreadcrumbList\",\"@id\":\"https:\\\/\\\/www.rivieracellars.fr\\\/product\\\/baileys-irish-cream\\\/#breadcrumb\",\"itemListElement\":[{\"@type\":\"ListItem\",\"position\":1,\"name\":\"Catalogue de nos Vins\",\"item\":\"https:\\\/\\\/www.rivieracellars.fr\\\/en\\\/shop\\\/\"},{\"@type\":\"ListItem\",\"position\":2,\"name\":\"Baileys Irish Cream\"}]},{\"@type\":\"WebSite\",\"@id\":\"https:\\\/\\\/www.rivieracellars.fr\\\/en\\\/#website\",\"url\":\"https:\\\/\\\/www.rivieracellars.fr\\\/en\\\/\",\"name\":\"Riviera Cellars Wine Supply French Riviera\",\"description\":\"Approvisionnement en vins et champagnes fins et rares\",\"publisher\":{\"@id\":\"https:\\\/\\\/www.rivieracellars.fr\\\/en\\\/#organization\"},\"potentialAction\":[{\"@type\":\"SearchAction\",\"target\":{\"@type\":\"EntryPoint\",\"urlTemplate\":\"https:\\\/\\\/www.rivieracellars.fr\\\/en\\\/?s={search_term_string}\"},\"query-input\":{\"@type\":\"PropertyValueSpecification\",\"valueRequired\":true,\"valueName\":\"search_term_string\"}}],\"inLanguage\":\"en-GB\"},{\"@type\":\"Organization\",\"@id\":\"https:\\\/\\\/www.rivieracellars.fr\\\/en\\\/#organization\",\"name\":\"Riviera Cellars\",\"alternateName\":\"RC\",\"url\":\"https:\\\/\\\/www.rivieracellars.fr\\\/en\\\/\",\"logo\":{\"@type\":\"ImageObject\",\"inLanguage\":\"en-GB\",\"@id\":\"https:\\\/\\\/www.rivieracellars.fr\\\/en\\\/#\\\/schema\\\/logo\\\/image\\\/\",\"url\":\"https:\\\/\\\/www.rivieracellars.fr\\\/wp-content\\\/uploads\\\/2022\\\/08\\\/Riviera-Cellars-Logo-White-NEW.png\",\"contentUrl\":\"https:\\\/\\\/www.rivieracellars.fr\\\/wp-content\\\/uploads\\\/2022\\\/08\\\/Riviera-Cellars-Logo-White-NEW.png\",\"width\":800,\"height\":317,\"caption\":\"Riviera Cellars\"},\"image\":{\"@id\":\"https:\\\/\\\/www.rivieracellars.fr\\\/en\\\/#\\\/schema\\\/logo\\\/image\\\/\"},\"sameAs\":[\"https:\\\/\\\/www.facebook.com\\\/rivieracellarsfr\"]}]}<\/script>\n<!-- \/ Yoast SEO plugin. -->","yoast_head_json":{"title":"Baileys Irish Cream - Riviera Cellars Wine Supply French Riviera","description":"Baileys a \u00e9t\u00e9 le pionnier de la cat\u00e9gorie des liqueurs \u00e0 la cr\u00e8me et, elle en est fi\u00e8rement le leader. L'une des plus populaire dans le monde entier.","robots":{"index":"index","follow":"follow","max-snippet":"max-snippet:-1","max-image-preview":"max-image-preview:large","max-video-preview":"max-video-preview:-1"},"canonical":"https:\/\/www.rivieracellars.fr\/en\/product\/baileys-irish-cream\/","og_locale":"en_GB","og_type":"article","og_title":"Baileys Irish Cream - Riviera Cellars Wine Supply French Riviera","og_description":"Baileys a \u00e9t\u00e9 le pionnier de la cat\u00e9gorie des liqueurs \u00e0 la cr\u00e8me et, elle en est fi\u00e8rement le leader. L'une des plus populaire dans le monde entier.","og_url":"https:\/\/www.rivieracellars.fr\/en\/product\/baileys-irish-cream\/","og_site_name":"Riviera Cellars Wine Supply French Riviera","article_publisher":"https:\/\/www.facebook.com\/rivieracellarsfr","article_modified_time":"2024-02-07T15:31:04+00:00","og_image":[{"width":1080,"height":1080,"url":"https:\/\/www.rivieracellars.fr\/wp-content\/uploads\/2022\/10\/baileys.png","type":"image\/png"}],"twitter_card":"summary_large_image","twitter_misc":{"Estimated reading time":"1 minute"},"schema":{"@context":"https:\/\/schema.org","@graph":[{"@type":"WebPage","@id":"https:\/\/www.rivieracellars.fr\/product\/baileys-irish-cream\/","url":"https:\/\/www.rivieracellars.fr\/product\/baileys-irish-cream\/","name":"Baileys Irish Cream - Riviera Cellars Wine Supply French Riviera","isPartOf":{"@id":"https:\/\/www.rivieracellars.fr\/en\/#website"},"primaryImageOfPage":{"@id":"https:\/\/www.rivieracellars.fr\/product\/baileys-irish-cream\/#primaryimage"},"image":{"@id":"https:\/\/www.rivieracellars.fr\/product\/baileys-irish-cream\/#primaryimage"},"thumbnailUrl":"https:\/\/www.rivieracellars.fr\/wp-content\/uploads\/2022\/10\/baileys.png","datePublished":"2022-10-19T15:06:55+00:00","dateModified":"2024-02-07T15:31:04+00:00","description":"Baileys a \u00e9t\u00e9 le pionnier de la cat\u00e9gorie des liqueurs \u00e0 la cr\u00e8me et, elle en est fi\u00e8rement le leader. L'une des plus populaire dans le monde entier.","breadcrumb":{"@id":"https:\/\/www.rivieracellars.fr\/product\/baileys-irish-cream\/#breadcrumb"},"inLanguage":"en-GB","potentialAction":[{"@type":"ReadAction","target":["https:\/\/www.rivieracellars.fr\/product\/baileys-irish-cream\/"]}]},{"@type":"ImageObject","inLanguage":"en-GB","@id":"https:\/\/www.rivieracellars.fr\/product\/baileys-irish-cream\/#primaryimage","url":"https:\/\/www.rivieracellars.fr\/wp-content\/uploads\/2022\/10\/baileys.png","contentUrl":"https:\/\/www.rivieracellars.fr\/wp-content\/uploads\/2022\/10\/baileys.png","width":1080,"height":1080},{"@type":"BreadcrumbList","@id":"https:\/\/www.rivieracellars.fr\/product\/baileys-irish-cream\/#breadcrumb","itemListElement":[{"@type":"ListItem","position":1,"name":"Catalogue de nos Vins","item":"https:\/\/www.rivieracellars.fr\/en\/shop\/"},{"@type":"ListItem","position":2,"name":"Baileys Irish Cream"}]},{"@type":"WebSite","@id":"https:\/\/www.rivieracellars.fr\/en\/#website","url":"https:\/\/www.rivieracellars.fr\/en\/","name":"Riviera Cellars Wine Supply French Riviera","description":"Approvisionnement en vins et champagnes fins et rares","publisher":{"@id":"https:\/\/www.rivieracellars.fr\/en\/#organization"},"potentialAction":[{"@type":"SearchAction","target":{"@type":"EntryPoint","urlTemplate":"https:\/\/www.rivieracellars.fr\/en\/?s={search_term_string}"},"query-input":{"@type":"PropertyValueSpecification","valueRequired":true,"valueName":"search_term_string"}}],"inLanguage":"en-GB"},{"@type":"Organization","@id":"https:\/\/www.rivieracellars.fr\/en\/#organization","name":"Riviera Cellars","alternateName":"RC","url":"https:\/\/www.rivieracellars.fr\/en\/","logo":{"@type":"ImageObject","inLanguage":"en-GB","@id":"https:\/\/www.rivieracellars.fr\/en\/#\/schema\/logo\/image\/","url":"https:\/\/www.rivieracellars.fr\/wp-content\/uploads\/2022\/08\/Riviera-Cellars-Logo-White-NEW.png","contentUrl":"https:\/\/www.rivieracellars.fr\/wp-content\/uploads\/2022\/08\/Riviera-Cellars-Logo-White-NEW.png","width":800,"height":317,"caption":"Riviera Cellars"},"image":{"@id":"https:\/\/www.rivieracellars.fr\/en\/#\/schema\/logo\/image\/"},"sameAs":["https:\/\/www.facebook.com\/rivieracellarsfr"]}]}},"jetpack_sharing_enabled":true,"_links":{"self":[{"href":"https:\/\/www.rivieracellars.fr\/en\/wp-json\/wp\/v2\/product\/2704","targetHints":{"allow":["GET"]}}],"collection":[{"href":"https:\/\/www.rivieracellars.fr\/en\/wp-json\/wp\/v2\/product"}],"about":[{"href":"https:\/\/www.rivieracellars.fr\/en\/wp-json\/wp\/v2\/types\/product"}],"wp:featuredmedia":[{"embeddable":true,"href":"https:\/\/www.rivieracellars.fr\/en\/wp-json\/wp\/v2\/media\/2705"}],"wp:attachment":[{"href":"https:\/\/www.rivieracellars.fr\/en\/wp-json\/wp\/v2\/media?parent=2704"}],"wp:term":[{"taxonomy":"product_brand","embeddable":true,"href":"https:\/\/www.rivieracellars.fr\/en\/wp-json\/wp\/v2\/product_brand?post=2704"},{"taxonomy":"product_cat","embeddable":true,"href":"https:\/\/www.rivieracellars.fr\/en\/wp-json\/wp\/v2\/product_cat?post=2704"},{"taxonomy":"product_tag","embeddable":true,"href":"https:\/\/www.rivieracellars.fr\/en\/wp-json\/wp\/v2\/product_tag?post=2704"}],"curies":[{"name":"wp","href":"https:\/\/api.w.org\/{rel}","templated":true}]}}