{"id":2858,"date":"2022-11-08T11:28:54","date_gmt":"2022-11-08T10:28:54","guid":{"rendered":"https:\/\/www.rivieracellars.fr\/?post_type=product&#038;p=2858"},"modified":"2023-12-20T16:53:09","modified_gmt":"2023-12-20T15:53:09","slug":"chateau-pape-clement-cru-classe-de-graves-2016","status":"publish","type":"product","link":"https:\/\/www.rivieracellars.fr\/en\/product\/chateau-pape-clement-cru-classe-de-graves-2016\/","title":{"rendered":"Ch\u00e2teau Pape Cl\u00e9ment Cru Class\u00e9 de Graves 2016"},"content":{"rendered":"<div id=\"comp-l4pav9go\" class=\"_2Hij5 _3bcaz\" data-testid=\"richTextElement\">\n<p>Ch\u00e2teau Pape Cl\u00e9ment is a prestigious French wine estate in the Bordeaux region. Located on Pyrenean clay gravel soils, this vineyard produces great Pessac-L\u00e9ognan wines.<\/p>\n<p class=\"font_8\"><span class=\"color_25\">The symbol of the Keys, opening the doors to discovery, knowledge and emotion, is the symbol chosen by Bernard Magrez as a recognition and signature element for all his wines. They represent the guarantee and the personal commitment of the owner to offer you products of the highest quality.<\/span><\/p>\n<p class=\"font_8\"><span class=\"color_25\">Finally, they are an invitation to push open the door of their Grands Crus Class\u00e9s, which are open to the public and welcome you throughout the year to discover the world and the wines of Bernard Magrez.<\/span><\/p>\n<\/div>\n<div id=\"comp-l4pav9i0\" class=\"XUUsC\">\n<div class=\"xQ_iF\" data-testid=\"linkElement\"><\/div>\n<\/div>\n<div id=\"comp-l4pavn4h\" class=\"XUUsC\">\n<div class=\"xQ_iF\" data-testid=\"linkElement\"><\/div>\n<\/div>","protected":false},"excerpt":{"rendered":"<p><strong>Colour: <\/strong>Ruby red.<\/p>\n<p><strong>Nose : <\/strong>Expressive, frank and complex. All kinds of fragrance families can be noted: fruit, floral, and spice.<\/p>\n<p><strong>Palate : <\/strong>The attack is frank, round and smooth, even caressing. Intense aromas first recall the complex sensations perceived on the nose. There is a scent of leather and slightly burnt wood, and notes of roasting. A beautiful aromatic amplitude, and as for the finish, it is of remarkable elegance.<\/p>\n<p><strong>Food Pairings : <\/strong>Charcuterie, Foie gras, Red meat, Poultry, Game, Barbecue, Chocolate dessert.<\/p>\n<h3><strong>Price per original wooden case of 6 bottles<\/strong><\/h3>\n<p><em>*Sold only in cases of 6. Total price of the case is shown below.\u00a0<\/em><\/p>","protected":false},"featured_media":2682,"template":"","meta":{"_acf_changed":false},"product_brand":[],"product_cat":[30],"product_tag":[39,38,56,782,363,31],"class_list":{"0":"post-2858","1":"product","2":"type-product","3":"status-publish","4":"has-post-thumbnail","6":"product_cat-vins-rouges","7":"product_tag-39","8":"product_tag-bordeaux","9":"product_tag-france","10":"product_tag-grand-cru-classe-de-grave","11":"product_tag-pessac-leognan","12":"product_tag-rouge","13":"pa_appellation-aop-pessac-leognan","14":"pa_cepage-cabernet-sauvignon","15":"pa_cepage-merlot","16":"pa_cepage-petit-verdot","17":"pa_conditionnement-cbo-caisse-bois-original","18":"pa_contenance-6-x-75cl","19":"pa_couleur-rouge","20":"pa_millesime-85","21":"pa_pays-france","22":"pa_potentiel-de-garde-601","23":"pa_producteur-chateau-pape-clement","24":"pa_regions-bordeaux","25":"pa_sucrosite-sec","26":"pa_types-vin","27":"pa_volume-dalcool-226","29":"first","30":"instock","31":"taxable","32":"shipping-taxable","33":"purchasable","34":"product-type-simple"},"acf":[],"yoast_head":"<!-- This site is optimized with the Yoast SEO plugin v27.4 - https:\/\/yoast.com\/product\/yoast-seo-wordpress\/ -->\n<title>Ch\u00e2teau Pape Cl\u00e9ment Cru Class\u00e9 de Graves 2016 - Riviera Cellars Wine Supply French Riviera<\/title>\n<meta name=\"description\" content=\"Ch\u00e2teau Pape Cl\u00e9ment est un domaine viticole fran\u00e7ais prestigieux du vignoble de Bordeaux. Implant\u00e9 sur des sols de graves argileuses pyr\u00e9n\u00e9ennes,\" \/>\n<meta name=\"robots\" content=\"index, follow, max-snippet:-1, max-image-preview:large, max-video-preview:-1\" \/>\n<link rel=\"canonical\" href=\"https:\/\/www.rivieracellars.fr\/en\/product\/chateau-pape-clement-cru-classe-de-graves-2016\/\" \/>\n<meta property=\"og:locale\" content=\"en_GB\" \/>\n<meta property=\"og:type\" content=\"article\" \/>\n<meta property=\"og:title\" content=\"Ch\u00e2teau Pape Cl\u00e9ment Cru Class\u00e9 de Graves 2016 - Riviera Cellars Wine Supply French Riviera\" \/>\n<meta property=\"og:description\" content=\"Ch\u00e2teau Pape Cl\u00e9ment est un domaine viticole fran\u00e7ais prestigieux du vignoble de Bordeaux. Implant\u00e9 sur des sols de graves argileuses pyr\u00e9n\u00e9ennes,\" \/>\n<meta property=\"og:url\" content=\"https:\/\/www.rivieracellars.fr\/en\/product\/chateau-pape-clement-cru-classe-de-graves-2016\/\" \/>\n<meta property=\"og:site_name\" content=\"Riviera Cellars Wine Supply French Riviera\" \/>\n<meta property=\"article:publisher\" content=\"https:\/\/www.facebook.com\/rivieracellarsfr\" \/>\n<meta property=\"article:modified_time\" content=\"2023-12-20T15:53:09+00:00\" \/>\n<meta property=\"og:image\" content=\"https:\/\/www.rivieracellars.fr\/wp-content\/uploads\/2022\/10\/Pape-clement.png\" \/>\n\t<meta property=\"og:image:width\" content=\"1080\" \/>\n\t<meta property=\"og:image:height\" content=\"1080\" \/>\n\t<meta property=\"og:image:type\" content=\"image\/png\" \/>\n<meta name=\"twitter:card\" content=\"summary_large_image\" \/>\n<meta name=\"twitter:label1\" content=\"Estimated reading time\" \/>\n\t<meta name=\"twitter:data1\" content=\"1 minute\" \/>\n<script type=\"application\/ld+json\" class=\"yoast-schema-graph\">{\"@context\":\"https:\\\/\\\/schema.org\",\"@graph\":[{\"@type\":\"WebPage\",\"@id\":\"https:\\\/\\\/www.rivieracellars.fr\\\/product\\\/chateau-pape-clement-cru-classe-de-graves-2016\\\/\",\"url\":\"https:\\\/\\\/www.rivieracellars.fr\\\/product\\\/chateau-pape-clement-cru-classe-de-graves-2016\\\/\",\"name\":\"Ch\u00e2teau Pape Cl\u00e9ment Cru Class\u00e9 de Graves 2016 - Riviera Cellars Wine Supply French Riviera\",\"isPartOf\":{\"@id\":\"https:\\\/\\\/www.rivieracellars.fr\\\/en\\\/#website\"},\"primaryImageOfPage\":{\"@id\":\"https:\\\/\\\/www.rivieracellars.fr\\\/product\\\/chateau-pape-clement-cru-classe-de-graves-2016\\\/#primaryimage\"},\"image\":{\"@id\":\"https:\\\/\\\/www.rivieracellars.fr\\\/product\\\/chateau-pape-clement-cru-classe-de-graves-2016\\\/#primaryimage\"},\"thumbnailUrl\":\"https:\\\/\\\/www.rivieracellars.fr\\\/wp-content\\\/uploads\\\/2022\\\/10\\\/Pape-clement.png\",\"datePublished\":\"2022-11-08T10:28:54+00:00\",\"dateModified\":\"2023-12-20T15:53:09+00:00\",\"description\":\"Ch\u00e2teau Pape Cl\u00e9ment est un domaine viticole fran\u00e7ais prestigieux du vignoble de Bordeaux. Implant\u00e9 sur des sols de graves argileuses pyr\u00e9n\u00e9ennes,\",\"breadcrumb\":{\"@id\":\"https:\\\/\\\/www.rivieracellars.fr\\\/product\\\/chateau-pape-clement-cru-classe-de-graves-2016\\\/#breadcrumb\"},\"inLanguage\":\"en-GB\",\"potentialAction\":[{\"@type\":\"ReadAction\",\"target\":[\"https:\\\/\\\/www.rivieracellars.fr\\\/product\\\/chateau-pape-clement-cru-classe-de-graves-2016\\\/\"]}]},{\"@type\":\"ImageObject\",\"inLanguage\":\"en-GB\",\"@id\":\"https:\\\/\\\/www.rivieracellars.fr\\\/product\\\/chateau-pape-clement-cru-classe-de-graves-2016\\\/#primaryimage\",\"url\":\"https:\\\/\\\/www.rivieracellars.fr\\\/wp-content\\\/uploads\\\/2022\\\/10\\\/Pape-clement.png\",\"contentUrl\":\"https:\\\/\\\/www.rivieracellars.fr\\\/wp-content\\\/uploads\\\/2022\\\/10\\\/Pape-clement.png\",\"width\":1080,\"height\":1080},{\"@type\":\"BreadcrumbList\",\"@id\":\"https:\\\/\\\/www.rivieracellars.fr\\\/product\\\/chateau-pape-clement-cru-classe-de-graves-2016\\\/#breadcrumb\",\"itemListElement\":[{\"@type\":\"ListItem\",\"position\":1,\"name\":\"Catalogue de nos Vins\",\"item\":\"https:\\\/\\\/www.rivieracellars.fr\\\/en\\\/shop\\\/\"},{\"@type\":\"ListItem\",\"position\":2,\"name\":\"Ch\u00e2teau Pape Cl\u00e9ment Cru Class\u00e9 de Graves 2016\"}]},{\"@type\":\"WebSite\",\"@id\":\"https:\\\/\\\/www.rivieracellars.fr\\\/en\\\/#website\",\"url\":\"https:\\\/\\\/www.rivieracellars.fr\\\/en\\\/\",\"name\":\"Riviera Cellars Wine Supply French Riviera\",\"description\":\"Approvisionnement en vins et champagnes fins et rares\",\"publisher\":{\"@id\":\"https:\\\/\\\/www.rivieracellars.fr\\\/en\\\/#organization\"},\"potentialAction\":[{\"@type\":\"SearchAction\",\"target\":{\"@type\":\"EntryPoint\",\"urlTemplate\":\"https:\\\/\\\/www.rivieracellars.fr\\\/en\\\/?s={search_term_string}\"},\"query-input\":{\"@type\":\"PropertyValueSpecification\",\"valueRequired\":true,\"valueName\":\"search_term_string\"}}],\"inLanguage\":\"en-GB\"},{\"@type\":\"Organization\",\"@id\":\"https:\\\/\\\/www.rivieracellars.fr\\\/en\\\/#organization\",\"name\":\"Riviera Cellars\",\"alternateName\":\"RC\",\"url\":\"https:\\\/\\\/www.rivieracellars.fr\\\/en\\\/\",\"logo\":{\"@type\":\"ImageObject\",\"inLanguage\":\"en-GB\",\"@id\":\"https:\\\/\\\/www.rivieracellars.fr\\\/en\\\/#\\\/schema\\\/logo\\\/image\\\/\",\"url\":\"https:\\\/\\\/www.rivieracellars.fr\\\/wp-content\\\/uploads\\\/2022\\\/08\\\/Riviera-Cellars-Logo-White-NEW.png\",\"contentUrl\":\"https:\\\/\\\/www.rivieracellars.fr\\\/wp-content\\\/uploads\\\/2022\\\/08\\\/Riviera-Cellars-Logo-White-NEW.png\",\"width\":800,\"height\":317,\"caption\":\"Riviera Cellars\"},\"image\":{\"@id\":\"https:\\\/\\\/www.rivieracellars.fr\\\/en\\\/#\\\/schema\\\/logo\\\/image\\\/\"},\"sameAs\":[\"https:\\\/\\\/www.facebook.com\\\/rivieracellarsfr\"]}]}<\/script>\n<!-- \/ Yoast SEO plugin. -->","yoast_head_json":{"title":"Ch\u00e2teau Pape Cl\u00e9ment Cru Class\u00e9 de Graves 2016 - Riviera Cellars Wine Supply French Riviera","description":"Ch\u00e2teau Pape Cl\u00e9ment est un domaine viticole fran\u00e7ais prestigieux du vignoble de Bordeaux. Implant\u00e9 sur des sols de graves argileuses pyr\u00e9n\u00e9ennes,","robots":{"index":"index","follow":"follow","max-snippet":"max-snippet:-1","max-image-preview":"max-image-preview:large","max-video-preview":"max-video-preview:-1"},"canonical":"https:\/\/www.rivieracellars.fr\/en\/product\/chateau-pape-clement-cru-classe-de-graves-2016\/","og_locale":"en_GB","og_type":"article","og_title":"Ch\u00e2teau Pape Cl\u00e9ment Cru Class\u00e9 de Graves 2016 - Riviera Cellars Wine Supply French Riviera","og_description":"Ch\u00e2teau Pape Cl\u00e9ment est un domaine viticole fran\u00e7ais prestigieux du vignoble de Bordeaux. Implant\u00e9 sur des sols de graves argileuses pyr\u00e9n\u00e9ennes,","og_url":"https:\/\/www.rivieracellars.fr\/en\/product\/chateau-pape-clement-cru-classe-de-graves-2016\/","og_site_name":"Riviera Cellars Wine Supply French Riviera","article_publisher":"https:\/\/www.facebook.com\/rivieracellarsfr","article_modified_time":"2023-12-20T15:53:09+00:00","og_image":[{"width":1080,"height":1080,"url":"https:\/\/www.rivieracellars.fr\/wp-content\/uploads\/2022\/10\/Pape-clement.png","type":"image\/png"}],"twitter_card":"summary_large_image","twitter_misc":{"Estimated reading time":"1 minute"},"schema":{"@context":"https:\/\/schema.org","@graph":[{"@type":"WebPage","@id":"https:\/\/www.rivieracellars.fr\/product\/chateau-pape-clement-cru-classe-de-graves-2016\/","url":"https:\/\/www.rivieracellars.fr\/product\/chateau-pape-clement-cru-classe-de-graves-2016\/","name":"Ch\u00e2teau Pape Cl\u00e9ment Cru Class\u00e9 de Graves 2016 - Riviera Cellars Wine Supply French Riviera","isPartOf":{"@id":"https:\/\/www.rivieracellars.fr\/en\/#website"},"primaryImageOfPage":{"@id":"https:\/\/www.rivieracellars.fr\/product\/chateau-pape-clement-cru-classe-de-graves-2016\/#primaryimage"},"image":{"@id":"https:\/\/www.rivieracellars.fr\/product\/chateau-pape-clement-cru-classe-de-graves-2016\/#primaryimage"},"thumbnailUrl":"https:\/\/www.rivieracellars.fr\/wp-content\/uploads\/2022\/10\/Pape-clement.png","datePublished":"2022-11-08T10:28:54+00:00","dateModified":"2023-12-20T15:53:09+00:00","description":"Ch\u00e2teau Pape Cl\u00e9ment est un domaine viticole fran\u00e7ais prestigieux du vignoble de Bordeaux. Implant\u00e9 sur des sols de graves argileuses pyr\u00e9n\u00e9ennes,","breadcrumb":{"@id":"https:\/\/www.rivieracellars.fr\/product\/chateau-pape-clement-cru-classe-de-graves-2016\/#breadcrumb"},"inLanguage":"en-GB","potentialAction":[{"@type":"ReadAction","target":["https:\/\/www.rivieracellars.fr\/product\/chateau-pape-clement-cru-classe-de-graves-2016\/"]}]},{"@type":"ImageObject","inLanguage":"en-GB","@id":"https:\/\/www.rivieracellars.fr\/product\/chateau-pape-clement-cru-classe-de-graves-2016\/#primaryimage","url":"https:\/\/www.rivieracellars.fr\/wp-content\/uploads\/2022\/10\/Pape-clement.png","contentUrl":"https:\/\/www.rivieracellars.fr\/wp-content\/uploads\/2022\/10\/Pape-clement.png","width":1080,"height":1080},{"@type":"BreadcrumbList","@id":"https:\/\/www.rivieracellars.fr\/product\/chateau-pape-clement-cru-classe-de-graves-2016\/#breadcrumb","itemListElement":[{"@type":"ListItem","position":1,"name":"Catalogue de nos Vins","item":"https:\/\/www.rivieracellars.fr\/en\/shop\/"},{"@type":"ListItem","position":2,"name":"Ch\u00e2teau Pape Cl\u00e9ment Cru Class\u00e9 de Graves 2016"}]},{"@type":"WebSite","@id":"https:\/\/www.rivieracellars.fr\/en\/#website","url":"https:\/\/www.rivieracellars.fr\/en\/","name":"Riviera Cellars Wine Supply French Riviera","description":"Approvisionnement en vins et champagnes fins et rares","publisher":{"@id":"https:\/\/www.rivieracellars.fr\/en\/#organization"},"potentialAction":[{"@type":"SearchAction","target":{"@type":"EntryPoint","urlTemplate":"https:\/\/www.rivieracellars.fr\/en\/?s={search_term_string}"},"query-input":{"@type":"PropertyValueSpecification","valueRequired":true,"valueName":"search_term_string"}}],"inLanguage":"en-GB"},{"@type":"Organization","@id":"https:\/\/www.rivieracellars.fr\/en\/#organization","name":"Riviera Cellars","alternateName":"RC","url":"https:\/\/www.rivieracellars.fr\/en\/","logo":{"@type":"ImageObject","inLanguage":"en-GB","@id":"https:\/\/www.rivieracellars.fr\/en\/#\/schema\/logo\/image\/","url":"https:\/\/www.rivieracellars.fr\/wp-content\/uploads\/2022\/08\/Riviera-Cellars-Logo-White-NEW.png","contentUrl":"https:\/\/www.rivieracellars.fr\/wp-content\/uploads\/2022\/08\/Riviera-Cellars-Logo-White-NEW.png","width":800,"height":317,"caption":"Riviera Cellars"},"image":{"@id":"https:\/\/www.rivieracellars.fr\/en\/#\/schema\/logo\/image\/"},"sameAs":["https:\/\/www.facebook.com\/rivieracellarsfr"]}]}},"jetpack_sharing_enabled":true,"_links":{"self":[{"href":"https:\/\/www.rivieracellars.fr\/en\/wp-json\/wp\/v2\/product\/2858","targetHints":{"allow":["GET"]}}],"collection":[{"href":"https:\/\/www.rivieracellars.fr\/en\/wp-json\/wp\/v2\/product"}],"about":[{"href":"https:\/\/www.rivieracellars.fr\/en\/wp-json\/wp\/v2\/types\/product"}],"wp:featuredmedia":[{"embeddable":true,"href":"https:\/\/www.rivieracellars.fr\/en\/wp-json\/wp\/v2\/media\/2682"}],"wp:attachment":[{"href":"https:\/\/www.rivieracellars.fr\/en\/wp-json\/wp\/v2\/media?parent=2858"}],"wp:term":[{"taxonomy":"product_brand","embeddable":true,"href":"https:\/\/www.rivieracellars.fr\/en\/wp-json\/wp\/v2\/product_brand?post=2858"},{"taxonomy":"product_cat","embeddable":true,"href":"https:\/\/www.rivieracellars.fr\/en\/wp-json\/wp\/v2\/product_cat?post=2858"},{"taxonomy":"product_tag","embeddable":true,"href":"https:\/\/www.rivieracellars.fr\/en\/wp-json\/wp\/v2\/product_tag?post=2858"}],"curies":[{"name":"wp","href":"https:\/\/api.w.org\/{rel}","templated":true}]}}