{"id":3184,"date":"2023-02-02T17:05:25","date_gmt":"2023-02-02T16:05:25","guid":{"rendered":"https:\/\/www.rivieracellars.fr\/?post_type=product&#038;p=3184"},"modified":"2024-04-18T17:51:35","modified_gmt":"2024-04-18T15:51:35","slug":"haut-brion-1er-grand-cru-classe-1982","status":"publish","type":"product","link":"https:\/\/www.rivieracellars.fr\/en\/product\/haut-brion-1er-grand-cru-classe-1982\/","title":{"rendered":"Chateau Haut Brion 1er Grand Cru Class\u00e9 1982"},"content":{"rendered":"<p>Ch\u00e2teau Haut-Brion is the most famous wine estate in the Graves region. It is located in the Pessac-Leognan1 appellation area, in the communes of Pessac (headquarters) and Talence, in the Bordeaux conurbation. It produces one of the most prestigious Bordeaux wines, which bears the same name. Ch\u00e2teau Haut-Brion is a \"premier grand cru class\u00e9\" according to the 1855 classification of Bordeaux wines. It shares this rare distinction with Ch\u00e2teau Margaux, Ch\u00e2teau Latour, Ch\u00e2teau Mouton Rothschild and Ch\u00e2teau Lafite Rothschild. In addition, Chateau Haut-Brion is also classified as a Graves Cru in the 1959 classification.<\/p>\n<p>The success of Ch\u00e2teau Haut-Brion is based on its respect for tradition, its values and its unique know-how acquired over the centuries, as well as on an innovative vision which gives it its modernity. Through its wines, the estate aims to reveal the quintessence of an exceptional terroir.<\/p>","protected":false},"excerpt":{"rendered":"<p><strong>Colour: <\/strong>Deep garnet-red.<\/p>\n<p><strong>Nose : <\/strong>Deep and flamboyant with aromas of black plums, blackcurrant, roasted nuts, cigar and herbal notes.<\/p>\n<p><strong>Palate : <\/strong>Full-bodied, deep and very powerful, with layers of fruit, a strong soil signature, moderate tannins, and great length and grip on the finish.<\/p>\n<p><strong>Food Pairings : <\/strong>Pan-fried foie gras, pigeon, duck breast, rib of beef, venison, game.<\/p>","protected":false},"featured_media":3185,"template":"","meta":{"_acf_changed":false},"product_brand":[],"product_cat":[30],"product_tag":[516,304,38,56,360,363,31],"class_list":{"0":"post-3184","1":"product","2":"type-product","3":"status-publish","4":"has-post-thumbnail","6":"product_cat-vins-rouges","7":"product_tag-516","8":"product_tag-1er-grand-cru-classe","9":"product_tag-bordeaux","10":"product_tag-france","11":"product_tag-haut-brion","12":"product_tag-pessac-leognan","13":"product_tag-rouge","14":"pa_appellation-aop-pessac-leognan","15":"pa_cepage-cabernet-sauvignon","16":"pa_cepage-merlot","17":"pa_cepage-sangiovese","18":"pa_contenance-75-cl","19":"pa_couleur-rouge","20":"pa_millesime-515","21":"pa_pays-france","22":"pa_producteur-chateau-haut-brion","23":"pa_regions-bordeaux","24":"pa_sucrosite-sec","25":"pa_types-vin","26":"pa_volume-dalcool-230","28":"first","29":"outofstock","30":"sale","31":"taxable","32":"shipping-taxable","33":"purchasable","34":"product-type-simple"},"acf":[],"yoast_head":"<!-- This site is optimized with the Yoast SEO plugin v27.4 - https:\/\/yoast.com\/product\/yoast-seo-wordpress\/ -->\n<title>Chateau Haut Brion 1er Grand Cru Class\u00e9 1982 - Riviera Cellars Wine Supply French Riviera<\/title>\n<meta name=\"description\" content=\"Le ch\u00e2teau Haut-Brion est le domaine viticole le plus r\u00e9put\u00e9 du vignoble des Graves. Il est situ\u00e9 dans l&#039; aire d&#039;appellation du pessac-l\u00e9ognan1,\" \/>\n<meta name=\"robots\" content=\"index, follow, max-snippet:-1, max-image-preview:large, max-video-preview:-1\" \/>\n<link rel=\"canonical\" href=\"https:\/\/www.rivieracellars.fr\/en\/product\/haut-brion-1er-grand-cru-classe-1982\/\" \/>\n<meta property=\"og:locale\" content=\"en_GB\" \/>\n<meta property=\"og:type\" content=\"article\" \/>\n<meta property=\"og:title\" content=\"Chateau Haut Brion 1er Grand Cru Class\u00e9 1982 - Riviera Cellars Wine Supply French Riviera\" \/>\n<meta property=\"og:description\" content=\"Le ch\u00e2teau Haut-Brion est le domaine viticole le plus r\u00e9put\u00e9 du vignoble des Graves. Il est situ\u00e9 dans l&#039; aire d&#039;appellation du pessac-l\u00e9ognan1,\" \/>\n<meta property=\"og:url\" content=\"https:\/\/www.rivieracellars.fr\/en\/product\/haut-brion-1er-grand-cru-classe-1982\/\" \/>\n<meta property=\"og:site_name\" content=\"Riviera Cellars Wine Supply French Riviera\" \/>\n<meta property=\"article:publisher\" content=\"https:\/\/www.facebook.com\/rivieracellarsfr\" \/>\n<meta property=\"article:modified_time\" content=\"2024-04-18T15:51:35+00:00\" \/>\n<meta property=\"og:image\" content=\"https:\/\/www.rivieracellars.fr\/wp-content\/uploads\/2023\/02\/Haut-Brion1982.png\" \/>\n\t<meta property=\"og:image:width\" content=\"1080\" \/>\n\t<meta property=\"og:image:height\" content=\"1080\" \/>\n\t<meta property=\"og:image:type\" content=\"image\/png\" \/>\n<meta name=\"twitter:card\" content=\"summary_large_image\" \/>\n<meta name=\"twitter:label1\" content=\"Estimated reading time\" \/>\n\t<meta name=\"twitter:data1\" content=\"1 minute\" \/>\n<script type=\"application\/ld+json\" class=\"yoast-schema-graph\">{\"@context\":\"https:\\\/\\\/schema.org\",\"@graph\":[{\"@type\":\"WebPage\",\"@id\":\"https:\\\/\\\/www.rivieracellars.fr\\\/product\\\/haut-brion-1er-grand-cru-classe-1982\\\/\",\"url\":\"https:\\\/\\\/www.rivieracellars.fr\\\/product\\\/haut-brion-1er-grand-cru-classe-1982\\\/\",\"name\":\"Chateau Haut Brion 1er Grand Cru Class\u00e9 1982 - Riviera Cellars Wine Supply French Riviera\",\"isPartOf\":{\"@id\":\"https:\\\/\\\/www.rivieracellars.fr\\\/en\\\/#website\"},\"primaryImageOfPage\":{\"@id\":\"https:\\\/\\\/www.rivieracellars.fr\\\/product\\\/haut-brion-1er-grand-cru-classe-1982\\\/#primaryimage\"},\"image\":{\"@id\":\"https:\\\/\\\/www.rivieracellars.fr\\\/product\\\/haut-brion-1er-grand-cru-classe-1982\\\/#primaryimage\"},\"thumbnailUrl\":\"https:\\\/\\\/www.rivieracellars.fr\\\/wp-content\\\/uploads\\\/2023\\\/02\\\/Haut-Brion1982.png\",\"datePublished\":\"2023-02-02T16:05:25+00:00\",\"dateModified\":\"2024-04-18T15:51:35+00:00\",\"description\":\"Le ch\u00e2teau Haut-Brion est le domaine viticole le plus r\u00e9put\u00e9 du vignoble des Graves. Il est situ\u00e9 dans l' aire d'appellation du pessac-l\u00e9ognan1,\",\"breadcrumb\":{\"@id\":\"https:\\\/\\\/www.rivieracellars.fr\\\/product\\\/haut-brion-1er-grand-cru-classe-1982\\\/#breadcrumb\"},\"inLanguage\":\"en-GB\",\"potentialAction\":[{\"@type\":\"ReadAction\",\"target\":[\"https:\\\/\\\/www.rivieracellars.fr\\\/product\\\/haut-brion-1er-grand-cru-classe-1982\\\/\"]}]},{\"@type\":\"ImageObject\",\"inLanguage\":\"en-GB\",\"@id\":\"https:\\\/\\\/www.rivieracellars.fr\\\/product\\\/haut-brion-1er-grand-cru-classe-1982\\\/#primaryimage\",\"url\":\"https:\\\/\\\/www.rivieracellars.fr\\\/wp-content\\\/uploads\\\/2023\\\/02\\\/Haut-Brion1982.png\",\"contentUrl\":\"https:\\\/\\\/www.rivieracellars.fr\\\/wp-content\\\/uploads\\\/2023\\\/02\\\/Haut-Brion1982.png\",\"width\":1080,\"height\":1080},{\"@type\":\"BreadcrumbList\",\"@id\":\"https:\\\/\\\/www.rivieracellars.fr\\\/product\\\/haut-brion-1er-grand-cru-classe-1982\\\/#breadcrumb\",\"itemListElement\":[{\"@type\":\"ListItem\",\"position\":1,\"name\":\"Catalogue de nos Vins\",\"item\":\"https:\\\/\\\/www.rivieracellars.fr\\\/en\\\/shop\\\/\"},{\"@type\":\"ListItem\",\"position\":2,\"name\":\"Chateau Haut Brion 1er Grand Cru Class\u00e9 1982\"}]},{\"@type\":\"WebSite\",\"@id\":\"https:\\\/\\\/www.rivieracellars.fr\\\/en\\\/#website\",\"url\":\"https:\\\/\\\/www.rivieracellars.fr\\\/en\\\/\",\"name\":\"Riviera Cellars Wine Supply French Riviera\",\"description\":\"Approvisionnement en vins et champagnes fins et rares\",\"publisher\":{\"@id\":\"https:\\\/\\\/www.rivieracellars.fr\\\/en\\\/#organization\"},\"potentialAction\":[{\"@type\":\"SearchAction\",\"target\":{\"@type\":\"EntryPoint\",\"urlTemplate\":\"https:\\\/\\\/www.rivieracellars.fr\\\/en\\\/?s={search_term_string}\"},\"query-input\":{\"@type\":\"PropertyValueSpecification\",\"valueRequired\":true,\"valueName\":\"search_term_string\"}}],\"inLanguage\":\"en-GB\"},{\"@type\":\"Organization\",\"@id\":\"https:\\\/\\\/www.rivieracellars.fr\\\/en\\\/#organization\",\"name\":\"Riviera Cellars\",\"alternateName\":\"RC\",\"url\":\"https:\\\/\\\/www.rivieracellars.fr\\\/en\\\/\",\"logo\":{\"@type\":\"ImageObject\",\"inLanguage\":\"en-GB\",\"@id\":\"https:\\\/\\\/www.rivieracellars.fr\\\/en\\\/#\\\/schema\\\/logo\\\/image\\\/\",\"url\":\"https:\\\/\\\/www.rivieracellars.fr\\\/wp-content\\\/uploads\\\/2022\\\/08\\\/Riviera-Cellars-Logo-White-NEW.png\",\"contentUrl\":\"https:\\\/\\\/www.rivieracellars.fr\\\/wp-content\\\/uploads\\\/2022\\\/08\\\/Riviera-Cellars-Logo-White-NEW.png\",\"width\":800,\"height\":317,\"caption\":\"Riviera Cellars\"},\"image\":{\"@id\":\"https:\\\/\\\/www.rivieracellars.fr\\\/en\\\/#\\\/schema\\\/logo\\\/image\\\/\"},\"sameAs\":[\"https:\\\/\\\/www.facebook.com\\\/rivieracellarsfr\"]}]}<\/script>\n<!-- \/ Yoast SEO plugin. -->","yoast_head_json":{"title":"Chateau Haut Brion 1er Grand Cru Class\u00e9 1982 - Riviera Cellars Wine Supply French Riviera","description":"Le ch\u00e2teau Haut-Brion est le domaine viticole le plus r\u00e9put\u00e9 du vignoble des Graves. Il est situ\u00e9 dans l' aire d'appellation du pessac-l\u00e9ognan1,","robots":{"index":"index","follow":"follow","max-snippet":"max-snippet:-1","max-image-preview":"max-image-preview:large","max-video-preview":"max-video-preview:-1"},"canonical":"https:\/\/www.rivieracellars.fr\/en\/product\/haut-brion-1er-grand-cru-classe-1982\/","og_locale":"en_GB","og_type":"article","og_title":"Chateau Haut Brion 1er Grand Cru Class\u00e9 1982 - Riviera Cellars Wine Supply French Riviera","og_description":"Le ch\u00e2teau Haut-Brion est le domaine viticole le plus r\u00e9put\u00e9 du vignoble des Graves. Il est situ\u00e9 dans l' aire d'appellation du pessac-l\u00e9ognan1,","og_url":"https:\/\/www.rivieracellars.fr\/en\/product\/haut-brion-1er-grand-cru-classe-1982\/","og_site_name":"Riviera Cellars Wine Supply French Riviera","article_publisher":"https:\/\/www.facebook.com\/rivieracellarsfr","article_modified_time":"2024-04-18T15:51:35+00:00","og_image":[{"width":1080,"height":1080,"url":"https:\/\/www.rivieracellars.fr\/wp-content\/uploads\/2023\/02\/Haut-Brion1982.png","type":"image\/png"}],"twitter_card":"summary_large_image","twitter_misc":{"Estimated reading time":"1 minute"},"schema":{"@context":"https:\/\/schema.org","@graph":[{"@type":"WebPage","@id":"https:\/\/www.rivieracellars.fr\/product\/haut-brion-1er-grand-cru-classe-1982\/","url":"https:\/\/www.rivieracellars.fr\/product\/haut-brion-1er-grand-cru-classe-1982\/","name":"Chateau Haut Brion 1er Grand Cru Class\u00e9 1982 - Riviera Cellars Wine Supply French Riviera","isPartOf":{"@id":"https:\/\/www.rivieracellars.fr\/en\/#website"},"primaryImageOfPage":{"@id":"https:\/\/www.rivieracellars.fr\/product\/haut-brion-1er-grand-cru-classe-1982\/#primaryimage"},"image":{"@id":"https:\/\/www.rivieracellars.fr\/product\/haut-brion-1er-grand-cru-classe-1982\/#primaryimage"},"thumbnailUrl":"https:\/\/www.rivieracellars.fr\/wp-content\/uploads\/2023\/02\/Haut-Brion1982.png","datePublished":"2023-02-02T16:05:25+00:00","dateModified":"2024-04-18T15:51:35+00:00","description":"Le ch\u00e2teau Haut-Brion est le domaine viticole le plus r\u00e9put\u00e9 du vignoble des Graves. Il est situ\u00e9 dans l' aire d'appellation du pessac-l\u00e9ognan1,","breadcrumb":{"@id":"https:\/\/www.rivieracellars.fr\/product\/haut-brion-1er-grand-cru-classe-1982\/#breadcrumb"},"inLanguage":"en-GB","potentialAction":[{"@type":"ReadAction","target":["https:\/\/www.rivieracellars.fr\/product\/haut-brion-1er-grand-cru-classe-1982\/"]}]},{"@type":"ImageObject","inLanguage":"en-GB","@id":"https:\/\/www.rivieracellars.fr\/product\/haut-brion-1er-grand-cru-classe-1982\/#primaryimage","url":"https:\/\/www.rivieracellars.fr\/wp-content\/uploads\/2023\/02\/Haut-Brion1982.png","contentUrl":"https:\/\/www.rivieracellars.fr\/wp-content\/uploads\/2023\/02\/Haut-Brion1982.png","width":1080,"height":1080},{"@type":"BreadcrumbList","@id":"https:\/\/www.rivieracellars.fr\/product\/haut-brion-1er-grand-cru-classe-1982\/#breadcrumb","itemListElement":[{"@type":"ListItem","position":1,"name":"Catalogue de nos Vins","item":"https:\/\/www.rivieracellars.fr\/en\/shop\/"},{"@type":"ListItem","position":2,"name":"Chateau Haut Brion 1er Grand Cru Class\u00e9 1982"}]},{"@type":"WebSite","@id":"https:\/\/www.rivieracellars.fr\/en\/#website","url":"https:\/\/www.rivieracellars.fr\/en\/","name":"Riviera Cellars Wine Supply French Riviera","description":"Approvisionnement en vins et champagnes fins et rares","publisher":{"@id":"https:\/\/www.rivieracellars.fr\/en\/#organization"},"potentialAction":[{"@type":"SearchAction","target":{"@type":"EntryPoint","urlTemplate":"https:\/\/www.rivieracellars.fr\/en\/?s={search_term_string}"},"query-input":{"@type":"PropertyValueSpecification","valueRequired":true,"valueName":"search_term_string"}}],"inLanguage":"en-GB"},{"@type":"Organization","@id":"https:\/\/www.rivieracellars.fr\/en\/#organization","name":"Riviera Cellars","alternateName":"RC","url":"https:\/\/www.rivieracellars.fr\/en\/","logo":{"@type":"ImageObject","inLanguage":"en-GB","@id":"https:\/\/www.rivieracellars.fr\/en\/#\/schema\/logo\/image\/","url":"https:\/\/www.rivieracellars.fr\/wp-content\/uploads\/2022\/08\/Riviera-Cellars-Logo-White-NEW.png","contentUrl":"https:\/\/www.rivieracellars.fr\/wp-content\/uploads\/2022\/08\/Riviera-Cellars-Logo-White-NEW.png","width":800,"height":317,"caption":"Riviera Cellars"},"image":{"@id":"https:\/\/www.rivieracellars.fr\/en\/#\/schema\/logo\/image\/"},"sameAs":["https:\/\/www.facebook.com\/rivieracellarsfr"]}]}},"jetpack_sharing_enabled":true,"_links":{"self":[{"href":"https:\/\/www.rivieracellars.fr\/en\/wp-json\/wp\/v2\/product\/3184","targetHints":{"allow":["GET"]}}],"collection":[{"href":"https:\/\/www.rivieracellars.fr\/en\/wp-json\/wp\/v2\/product"}],"about":[{"href":"https:\/\/www.rivieracellars.fr\/en\/wp-json\/wp\/v2\/types\/product"}],"wp:featuredmedia":[{"embeddable":true,"href":"https:\/\/www.rivieracellars.fr\/en\/wp-json\/wp\/v2\/media\/3185"}],"wp:attachment":[{"href":"https:\/\/www.rivieracellars.fr\/en\/wp-json\/wp\/v2\/media?parent=3184"}],"wp:term":[{"taxonomy":"product_brand","embeddable":true,"href":"https:\/\/www.rivieracellars.fr\/en\/wp-json\/wp\/v2\/product_brand?post=3184"},{"taxonomy":"product_cat","embeddable":true,"href":"https:\/\/www.rivieracellars.fr\/en\/wp-json\/wp\/v2\/product_cat?post=3184"},{"taxonomy":"product_tag","embeddable":true,"href":"https:\/\/www.rivieracellars.fr\/en\/wp-json\/wp\/v2\/product_tag?post=3184"}],"curies":[{"name":"wp","href":"https:\/\/api.w.org\/{rel}","templated":true}]}}