{"id":3211,"date":"2023-02-06T18:07:26","date_gmt":"2023-02-06T17:07:26","guid":{"rendered":"https:\/\/www.rivieracellars.fr\/?post_type=product&#038;p=3211"},"modified":"2025-08-01T11:32:11","modified_gmt":"2025-08-01T09:32:11","slug":"jean-louis-chave-hermitage-rouge-2006","status":"publish","type":"product","link":"https:\/\/www.rivieracellars.fr\/en\/product\/jean-louis-chave-hermitage-rouge-2006\/","title":{"rendered":"Jean louis chave Hermitage rouge 2006"},"content":{"rendered":"<p>Winemakers in the northern Rh\u00f4ne since 1481, the Chave family represents 16 generations of uninterrupted lineage committed to producing some of the world's finest Syrah, Marsanne and Roussanne. Jean Louis joined his father in 1992. It was then that he completely replanted vineyards on the original family estate in St Joseph, which had been abandoned in the early 1900s when phylloxera struck the region. Chave toils tediously in the vineyards, painstakingly rebuilding terraces on the incredibly steep slopes of the Northern Rh\u00f4ne. The difficult terrain demands machine-free farming and all work is organic. The wines are vinified using indigenous yeasts and aged in a mixture of barrels and casks, depending on the wine.<\/p>\n<p>Domaine Jean-Louis Chave's wines are among the most sought-after in the region and the Hermitage is one of the best wines in the world. Few wines offer as much pleasure and complexity.<\/p>","protected":false},"excerpt":{"rendered":"<p><strong>Colour : <\/strong>Deep Ruby.<\/p>\n<p><strong>Nose : <\/strong>Bouquet of caramelized black fruits, cassis, tapenade, spring flowers and an undeniable minerality.<\/p>\n<p><strong>Palate\u00a0<\/strong>Elegance and freshness, very nice structure, rich, fat, broad, very fine tannins, smooth, almost creamy.<\/p>\n<p><strong>Food Pairings : <\/strong>Leg of lamb from Ventoux, pigeon with truffles, foie gras mousse, country p\u00e2t\u00e9 with pepper.<\/p>\n<p>&nbsp;<\/p>","protected":false},"featured_media":3213,"template":"","meta":{"_acf_changed":false},"product_brand":[],"product_cat":[30],"product_tag":[521,537,56,536,31,32,535,505],"class_list":{"0":"post-3211","1":"product","2":"type-product","3":"status-publish","4":"has-post-thumbnail","6":"product_cat-vins-rouges","7":"product_tag-521","8":"product_tag-chave","9":"product_tag-france","10":"product_tag-hermitage","11":"product_tag-rouge","12":"product_tag-sec","13":"product_tag-syrah","14":"product_tag-vallee-du-rhone","15":"pa_appellation-aop-hermitage","16":"pa_bio-biodynamie-bio","17":"pa_cepage-syrah","18":"pa_contenance-75-cl","19":"pa_couleur-rouge","20":"pa_millesime-519","21":"pa_pays-france","22":"pa_producteur-jean-louis-chave","23":"pa_regions-rhone","24":"pa_sucrosite-sec","25":"pa_types-vin","26":"pa_volume-dalcool-224","28":"first","29":"instock","30":"taxable","31":"shipping-taxable","32":"purchasable","33":"product-type-simple"},"acf":[],"yoast_head":"<!-- This site is optimized with the Yoast SEO plugin v27.4 - https:\/\/yoast.com\/product\/yoast-seo-wordpress\/ -->\n<title>Jean louis chave Hermitage rouge 2006 - Riviera Cellars Wine Supply French Riviera<\/title>\n<meta name=\"description\" content=\"Vignerons dans le nord du Rh\u00f4ne depuis 1481, la famille Chave repr\u00e9sente 16 g\u00e9n\u00e9rations de lign\u00e9es ininterrompues engag\u00e9es dans la production de certaines\" \/>\n<meta name=\"robots\" content=\"index, follow, max-snippet:-1, max-image-preview:large, max-video-preview:-1\" \/>\n<link rel=\"canonical\" href=\"https:\/\/www.rivieracellars.fr\/en\/product\/jean-louis-chave-hermitage-rouge-2006\/\" \/>\n<meta property=\"og:locale\" content=\"en_GB\" \/>\n<meta property=\"og:type\" content=\"article\" \/>\n<meta property=\"og:title\" content=\"Jean louis chave Hermitage rouge 2006 - Riviera Cellars Wine Supply French Riviera\" \/>\n<meta property=\"og:description\" content=\"Vignerons dans le nord du Rh\u00f4ne depuis 1481, la famille Chave repr\u00e9sente 16 g\u00e9n\u00e9rations de lign\u00e9es ininterrompues engag\u00e9es dans la production de certaines\" \/>\n<meta property=\"og:url\" content=\"https:\/\/www.rivieracellars.fr\/en\/product\/jean-louis-chave-hermitage-rouge-2006\/\" \/>\n<meta property=\"og:site_name\" content=\"Riviera Cellars Wine Supply French Riviera\" \/>\n<meta property=\"article:publisher\" content=\"https:\/\/www.facebook.com\/rivieracellarsfr\" \/>\n<meta property=\"article:modified_time\" content=\"2025-08-01T09:32:11+00:00\" \/>\n<meta property=\"og:image\" content=\"https:\/\/www.rivieracellars.fr\/wp-content\/uploads\/2023\/02\/JLChaveHermitage2006.png\" \/>\n\t<meta property=\"og:image:width\" content=\"1080\" \/>\n\t<meta property=\"og:image:height\" content=\"1080\" \/>\n\t<meta property=\"og:image:type\" content=\"image\/png\" \/>\n<meta name=\"twitter:card\" content=\"summary_large_image\" \/>\n<meta name=\"twitter:label1\" content=\"Estimated reading time\" \/>\n\t<meta name=\"twitter:data1\" content=\"1 minute\" \/>\n<script type=\"application\/ld+json\" class=\"yoast-schema-graph\">{\"@context\":\"https:\\\/\\\/schema.org\",\"@graph\":[{\"@type\":\"WebPage\",\"@id\":\"https:\\\/\\\/www.rivieracellars.fr\\\/product\\\/jean-louis-chave-hermitage-rouge-2006\\\/\",\"url\":\"https:\\\/\\\/www.rivieracellars.fr\\\/product\\\/jean-louis-chave-hermitage-rouge-2006\\\/\",\"name\":\"Jean louis chave Hermitage rouge 2006 - Riviera Cellars Wine Supply French Riviera\",\"isPartOf\":{\"@id\":\"https:\\\/\\\/www.rivieracellars.fr\\\/en\\\/#website\"},\"primaryImageOfPage\":{\"@id\":\"https:\\\/\\\/www.rivieracellars.fr\\\/product\\\/jean-louis-chave-hermitage-rouge-2006\\\/#primaryimage\"},\"image\":{\"@id\":\"https:\\\/\\\/www.rivieracellars.fr\\\/product\\\/jean-louis-chave-hermitage-rouge-2006\\\/#primaryimage\"},\"thumbnailUrl\":\"https:\\\/\\\/www.rivieracellars.fr\\\/wp-content\\\/uploads\\\/2023\\\/02\\\/JLChaveHermitage2006.png\",\"datePublished\":\"2023-02-06T17:07:26+00:00\",\"dateModified\":\"2025-08-01T09:32:11+00:00\",\"description\":\"Vignerons dans le nord du Rh\u00f4ne depuis 1481, la famille Chave repr\u00e9sente 16 g\u00e9n\u00e9rations de lign\u00e9es ininterrompues engag\u00e9es dans la production de certaines\",\"breadcrumb\":{\"@id\":\"https:\\\/\\\/www.rivieracellars.fr\\\/product\\\/jean-louis-chave-hermitage-rouge-2006\\\/#breadcrumb\"},\"inLanguage\":\"en-GB\",\"potentialAction\":[{\"@type\":\"ReadAction\",\"target\":[\"https:\\\/\\\/www.rivieracellars.fr\\\/product\\\/jean-louis-chave-hermitage-rouge-2006\\\/\"]}]},{\"@type\":\"ImageObject\",\"inLanguage\":\"en-GB\",\"@id\":\"https:\\\/\\\/www.rivieracellars.fr\\\/product\\\/jean-louis-chave-hermitage-rouge-2006\\\/#primaryimage\",\"url\":\"https:\\\/\\\/www.rivieracellars.fr\\\/wp-content\\\/uploads\\\/2023\\\/02\\\/JLChaveHermitage2006.png\",\"contentUrl\":\"https:\\\/\\\/www.rivieracellars.fr\\\/wp-content\\\/uploads\\\/2023\\\/02\\\/JLChaveHermitage2006.png\",\"width\":1080,\"height\":1080},{\"@type\":\"BreadcrumbList\",\"@id\":\"https:\\\/\\\/www.rivieracellars.fr\\\/product\\\/jean-louis-chave-hermitage-rouge-2006\\\/#breadcrumb\",\"itemListElement\":[{\"@type\":\"ListItem\",\"position\":1,\"name\":\"Catalogue de nos Vins\",\"item\":\"https:\\\/\\\/www.rivieracellars.fr\\\/en\\\/shop\\\/\"},{\"@type\":\"ListItem\",\"position\":2,\"name\":\"Jean louis chave Hermitage rouge 2006\"}]},{\"@type\":\"WebSite\",\"@id\":\"https:\\\/\\\/www.rivieracellars.fr\\\/en\\\/#website\",\"url\":\"https:\\\/\\\/www.rivieracellars.fr\\\/en\\\/\",\"name\":\"Riviera Cellars Wine Supply French Riviera\",\"description\":\"Approvisionnement en vins et champagnes fins et rares\",\"publisher\":{\"@id\":\"https:\\\/\\\/www.rivieracellars.fr\\\/en\\\/#organization\"},\"potentialAction\":[{\"@type\":\"SearchAction\",\"target\":{\"@type\":\"EntryPoint\",\"urlTemplate\":\"https:\\\/\\\/www.rivieracellars.fr\\\/en\\\/?s={search_term_string}\"},\"query-input\":{\"@type\":\"PropertyValueSpecification\",\"valueRequired\":true,\"valueName\":\"search_term_string\"}}],\"inLanguage\":\"en-GB\"},{\"@type\":\"Organization\",\"@id\":\"https:\\\/\\\/www.rivieracellars.fr\\\/en\\\/#organization\",\"name\":\"Riviera Cellars\",\"alternateName\":\"RC\",\"url\":\"https:\\\/\\\/www.rivieracellars.fr\\\/en\\\/\",\"logo\":{\"@type\":\"ImageObject\",\"inLanguage\":\"en-GB\",\"@id\":\"https:\\\/\\\/www.rivieracellars.fr\\\/en\\\/#\\\/schema\\\/logo\\\/image\\\/\",\"url\":\"https:\\\/\\\/www.rivieracellars.fr\\\/wp-content\\\/uploads\\\/2022\\\/08\\\/Riviera-Cellars-Logo-White-NEW.png\",\"contentUrl\":\"https:\\\/\\\/www.rivieracellars.fr\\\/wp-content\\\/uploads\\\/2022\\\/08\\\/Riviera-Cellars-Logo-White-NEW.png\",\"width\":800,\"height\":317,\"caption\":\"Riviera Cellars\"},\"image\":{\"@id\":\"https:\\\/\\\/www.rivieracellars.fr\\\/en\\\/#\\\/schema\\\/logo\\\/image\\\/\"},\"sameAs\":[\"https:\\\/\\\/www.facebook.com\\\/rivieracellarsfr\"]}]}<\/script>\n<!-- \/ Yoast SEO plugin. -->","yoast_head_json":{"title":"Jean louis chave Hermitage rouge 2006 - Riviera Cellars Wine Supply French Riviera","description":"Vignerons dans le nord du Rh\u00f4ne depuis 1481, la famille Chave repr\u00e9sente 16 g\u00e9n\u00e9rations de lign\u00e9es ininterrompues engag\u00e9es dans la production de certaines","robots":{"index":"index","follow":"follow","max-snippet":"max-snippet:-1","max-image-preview":"max-image-preview:large","max-video-preview":"max-video-preview:-1"},"canonical":"https:\/\/www.rivieracellars.fr\/en\/product\/jean-louis-chave-hermitage-rouge-2006\/","og_locale":"en_GB","og_type":"article","og_title":"Jean louis chave Hermitage rouge 2006 - Riviera Cellars Wine Supply French Riviera","og_description":"Vignerons dans le nord du Rh\u00f4ne depuis 1481, la famille Chave repr\u00e9sente 16 g\u00e9n\u00e9rations de lign\u00e9es ininterrompues engag\u00e9es dans la production de certaines","og_url":"https:\/\/www.rivieracellars.fr\/en\/product\/jean-louis-chave-hermitage-rouge-2006\/","og_site_name":"Riviera Cellars Wine Supply French Riviera","article_publisher":"https:\/\/www.facebook.com\/rivieracellarsfr","article_modified_time":"2025-08-01T09:32:11+00:00","og_image":[{"width":1080,"height":1080,"url":"https:\/\/www.rivieracellars.fr\/wp-content\/uploads\/2023\/02\/JLChaveHermitage2006.png","type":"image\/png"}],"twitter_card":"summary_large_image","twitter_misc":{"Estimated reading time":"1 minute"},"schema":{"@context":"https:\/\/schema.org","@graph":[{"@type":"WebPage","@id":"https:\/\/www.rivieracellars.fr\/product\/jean-louis-chave-hermitage-rouge-2006\/","url":"https:\/\/www.rivieracellars.fr\/product\/jean-louis-chave-hermitage-rouge-2006\/","name":"Jean louis chave Hermitage rouge 2006 - Riviera Cellars Wine Supply French Riviera","isPartOf":{"@id":"https:\/\/www.rivieracellars.fr\/en\/#website"},"primaryImageOfPage":{"@id":"https:\/\/www.rivieracellars.fr\/product\/jean-louis-chave-hermitage-rouge-2006\/#primaryimage"},"image":{"@id":"https:\/\/www.rivieracellars.fr\/product\/jean-louis-chave-hermitage-rouge-2006\/#primaryimage"},"thumbnailUrl":"https:\/\/www.rivieracellars.fr\/wp-content\/uploads\/2023\/02\/JLChaveHermitage2006.png","datePublished":"2023-02-06T17:07:26+00:00","dateModified":"2025-08-01T09:32:11+00:00","description":"Vignerons dans le nord du Rh\u00f4ne depuis 1481, la famille Chave repr\u00e9sente 16 g\u00e9n\u00e9rations de lign\u00e9es ininterrompues engag\u00e9es dans la production de certaines","breadcrumb":{"@id":"https:\/\/www.rivieracellars.fr\/product\/jean-louis-chave-hermitage-rouge-2006\/#breadcrumb"},"inLanguage":"en-GB","potentialAction":[{"@type":"ReadAction","target":["https:\/\/www.rivieracellars.fr\/product\/jean-louis-chave-hermitage-rouge-2006\/"]}]},{"@type":"ImageObject","inLanguage":"en-GB","@id":"https:\/\/www.rivieracellars.fr\/product\/jean-louis-chave-hermitage-rouge-2006\/#primaryimage","url":"https:\/\/www.rivieracellars.fr\/wp-content\/uploads\/2023\/02\/JLChaveHermitage2006.png","contentUrl":"https:\/\/www.rivieracellars.fr\/wp-content\/uploads\/2023\/02\/JLChaveHermitage2006.png","width":1080,"height":1080},{"@type":"BreadcrumbList","@id":"https:\/\/www.rivieracellars.fr\/product\/jean-louis-chave-hermitage-rouge-2006\/#breadcrumb","itemListElement":[{"@type":"ListItem","position":1,"name":"Catalogue de nos Vins","item":"https:\/\/www.rivieracellars.fr\/en\/shop\/"},{"@type":"ListItem","position":2,"name":"Jean louis chave Hermitage rouge 2006"}]},{"@type":"WebSite","@id":"https:\/\/www.rivieracellars.fr\/en\/#website","url":"https:\/\/www.rivieracellars.fr\/en\/","name":"Riviera Cellars Wine Supply French Riviera","description":"Approvisionnement en vins et champagnes fins et rares","publisher":{"@id":"https:\/\/www.rivieracellars.fr\/en\/#organization"},"potentialAction":[{"@type":"SearchAction","target":{"@type":"EntryPoint","urlTemplate":"https:\/\/www.rivieracellars.fr\/en\/?s={search_term_string}"},"query-input":{"@type":"PropertyValueSpecification","valueRequired":true,"valueName":"search_term_string"}}],"inLanguage":"en-GB"},{"@type":"Organization","@id":"https:\/\/www.rivieracellars.fr\/en\/#organization","name":"Riviera Cellars","alternateName":"RC","url":"https:\/\/www.rivieracellars.fr\/en\/","logo":{"@type":"ImageObject","inLanguage":"en-GB","@id":"https:\/\/www.rivieracellars.fr\/en\/#\/schema\/logo\/image\/","url":"https:\/\/www.rivieracellars.fr\/wp-content\/uploads\/2022\/08\/Riviera-Cellars-Logo-White-NEW.png","contentUrl":"https:\/\/www.rivieracellars.fr\/wp-content\/uploads\/2022\/08\/Riviera-Cellars-Logo-White-NEW.png","width":800,"height":317,"caption":"Riviera Cellars"},"image":{"@id":"https:\/\/www.rivieracellars.fr\/en\/#\/schema\/logo\/image\/"},"sameAs":["https:\/\/www.facebook.com\/rivieracellarsfr"]}]}},"jetpack_sharing_enabled":true,"_links":{"self":[{"href":"https:\/\/www.rivieracellars.fr\/en\/wp-json\/wp\/v2\/product\/3211","targetHints":{"allow":["GET"]}}],"collection":[{"href":"https:\/\/www.rivieracellars.fr\/en\/wp-json\/wp\/v2\/product"}],"about":[{"href":"https:\/\/www.rivieracellars.fr\/en\/wp-json\/wp\/v2\/types\/product"}],"wp:featuredmedia":[{"embeddable":true,"href":"https:\/\/www.rivieracellars.fr\/en\/wp-json\/wp\/v2\/media\/3213"}],"wp:attachment":[{"href":"https:\/\/www.rivieracellars.fr\/en\/wp-json\/wp\/v2\/media?parent=3211"}],"wp:term":[{"taxonomy":"product_brand","embeddable":true,"href":"https:\/\/www.rivieracellars.fr\/en\/wp-json\/wp\/v2\/product_brand?post=3211"},{"taxonomy":"product_cat","embeddable":true,"href":"https:\/\/www.rivieracellars.fr\/en\/wp-json\/wp\/v2\/product_cat?post=3211"},{"taxonomy":"product_tag","embeddable":true,"href":"https:\/\/www.rivieracellars.fr\/en\/wp-json\/wp\/v2\/product_tag?post=3211"}],"curies":[{"name":"wp","href":"https:\/\/api.w.org\/{rel}","templated":true}]}}