{"id":3280,"date":"2023-02-20T14:12:12","date_gmt":"2023-02-20T13:12:12","guid":{"rendered":"https:\/\/www.rivieracellars.fr\/?post_type=product&#038;p=3280"},"modified":"2024-03-08T12:51:49","modified_gmt":"2024-03-08T11:51:49","slug":"domaine-des-comtes-lafon-meursault-perrieres-1er-cru-2011","status":"publish","type":"product","link":"https:\/\/www.rivieracellars.fr\/en\/product\/domaine-des-comtes-lafon-meursault-perrieres-1er-cru-2011\/","title":{"rendered":"Domaine des Comtes Lafon Meursault Perri\u00e8res 1er Cru 2011"},"content":{"rendered":"<p>Pierre and Henri Lafon's interest in their father's estate was modest. After Pierre's untimely death in 1944, Henri clearly undertook to sell the estate. Ren\u00e9 Lafon, Pierre's son, although working and living in Paris at the time, opposed this move. During this uncertain period for the future of the estate, the vineyard was mainly run on a sharecropping basis. After his decisive intervention to avoid the dismemberment of the vines, Ren\u00e9 Lafon took over the estate in 1956. In collaboration with the sharecroppers, he undertook the restoration of the vines and carried out major replanting. Gradually, more and more of the harvest was bottled, until all of it was bottled in 1961. His interest in vines and wine led him to leave Paris in 1967 and settle permanently in Meursault, in the Victorian building that he still occupies today with his wife. Dominique Lafon took over from his father in 1984, initially with his brother Bruno. From 1987 onwards, he began to gradually break the sharecropping contracts (9-year leases). He is a winegrower of principles, fundamentally attached to the land, to quality and respect for the soil, but also to the traditions inherited from his ancestors. He wanted to go organic very early on, quickly giving up weed killers and choosing to return to working the soil, which is essential for the expression of the terroirs. Dominique Lafon is even one of the forerunners of biodynamic viticulture in Burgundy, since he chose to make his first trials in 1995 before converting all of his 16 hectares to biodynamic viticulture in 1998.<\/p>","protected":false},"excerpt":{"rendered":"<p><strong>Colour :<\/strong> Bright gold.<\/p>\n<p><strong>Nose :<\/strong> Deep and elegant, with aromas of fresh almond, candied lemon and white peach.<\/p>\n<p><strong>Palate : <\/strong>\u00a0Balanced, harmonious, dense, rich and ample but perfectly balanced thanks to an acidity that energizes the structure. Very good length with a note of freshness that makes the wine tasty.<\/p>\n<p><strong>Food Pairings : <\/strong>Fish in creamy sauce, Turbot with mustard, Skate with black butter. But also with blue cheese, stilton, Roquefort<\/p>","protected":false},"featured_media":3281,"template":"","meta":{"_acf_changed":false},"product_brand":[],"product_cat":[29],"product_tag":[272,355,28,52,26,56,424,32],"class_list":{"0":"post-3280","1":"product","2":"type-product","3":"status-publish","4":"has-post-thumbnail","6":"product_cat-vins-blancs","7":"product_tag-1er-cru","8":"product_tag-355","9":"product_tag-blanc","10":"product_tag-bourgogne","11":"product_tag-chardonnay","12":"product_tag-france","13":"product_tag-meursault","14":"product_tag-sec","15":"pa_appellation-aop-meursault-1er-cru","16":"pa_bio-biodynamie-biodynamie","17":"pa_cepage-chardonnay","18":"pa_conditionnement-caisse-carton","19":"pa_contenance-75-cl","20":"pa_couleur-blanc","21":"pa_millesime-323","22":"pa_pays-france","23":"pa_potentiel-de-garde-592","24":"pa_producteur-domaine-des-comtes-lafon","25":"pa_regions-bourgogne","26":"pa_sous-region-cote-de-beaune","27":"pa_sucrosite-sec","28":"pa_types-vin","29":"pa_volume-dalcool-247","31":"first","32":"instock","33":"taxable","34":"shipping-taxable","35":"purchasable","36":"product-type-simple"},"acf":[],"yoast_head":"<!-- This site is optimized with the Yoast SEO plugin v27.4 - https:\/\/yoast.com\/product\/yoast-seo-wordpress\/ -->\n<title>Domaine des Comtes Lafon Meursault Perri\u00e8res 1er Cru 2011 - Riviera Cellars Wine Supply French Riviera<\/title>\n<meta name=\"description\" content=\"Pierre et Henri Lafon, l&#039;int\u00e9r\u00eat qu&#039;ils port\u00e8rent au domaine constitu\u00e9 par leur p\u00e8re fut modeste. Apr\u00e8s le d\u00e9c\u00e8s pr\u00e9matur\u00e9 de Pierre en 1944,\" \/>\n<meta name=\"robots\" content=\"index, follow, max-snippet:-1, max-image-preview:large, max-video-preview:-1\" \/>\n<link rel=\"canonical\" href=\"https:\/\/www.rivieracellars.fr\/en\/product\/domaine-des-comtes-lafon-meursault-perrieres-1er-cru-2011\/\" \/>\n<meta property=\"og:locale\" content=\"en_GB\" \/>\n<meta property=\"og:type\" content=\"article\" \/>\n<meta property=\"og:title\" content=\"Domaine des Comtes Lafon Meursault Perri\u00e8res 1er Cru 2011 - Riviera Cellars Wine Supply French Riviera\" \/>\n<meta property=\"og:description\" content=\"Pierre et Henri Lafon, l&#039;int\u00e9r\u00eat qu&#039;ils port\u00e8rent au domaine constitu\u00e9 par leur p\u00e8re fut modeste. Apr\u00e8s le d\u00e9c\u00e8s pr\u00e9matur\u00e9 de Pierre en 1944,\" \/>\n<meta property=\"og:url\" content=\"https:\/\/www.rivieracellars.fr\/en\/product\/domaine-des-comtes-lafon-meursault-perrieres-1er-cru-2011\/\" \/>\n<meta property=\"og:site_name\" content=\"Riviera Cellars Wine Supply French Riviera\" \/>\n<meta property=\"article:publisher\" content=\"https:\/\/www.facebook.com\/rivieracellarsfr\" \/>\n<meta property=\"article:modified_time\" content=\"2024-03-08T11:51:49+00:00\" \/>\n<meta property=\"og:image\" content=\"https:\/\/www.rivieracellars.fr\/wp-content\/uploads\/2023\/02\/comtes-lafon-meursault-1er-cru-perrieres-2011.png\" \/>\n\t<meta property=\"og:image:width\" content=\"1080\" \/>\n\t<meta property=\"og:image:height\" content=\"1080\" \/>\n\t<meta property=\"og:image:type\" content=\"image\/png\" \/>\n<meta name=\"twitter:card\" content=\"summary_large_image\" \/>\n<meta name=\"twitter:label1\" content=\"Estimated reading time\" \/>\n\t<meta name=\"twitter:data1\" content=\"2 minutes\" \/>\n<script type=\"application\/ld+json\" class=\"yoast-schema-graph\">{\"@context\":\"https:\\\/\\\/schema.org\",\"@graph\":[{\"@type\":\"WebPage\",\"@id\":\"https:\\\/\\\/www.rivieracellars.fr\\\/product\\\/domaine-des-comtes-lafon-meursault-perrieres-1er-cru-2011\\\/\",\"url\":\"https:\\\/\\\/www.rivieracellars.fr\\\/product\\\/domaine-des-comtes-lafon-meursault-perrieres-1er-cru-2011\\\/\",\"name\":\"Domaine des Comtes Lafon Meursault Perri\u00e8res 1er Cru 2011 - Riviera Cellars Wine Supply French Riviera\",\"isPartOf\":{\"@id\":\"https:\\\/\\\/www.rivieracellars.fr\\\/en\\\/#website\"},\"primaryImageOfPage\":{\"@id\":\"https:\\\/\\\/www.rivieracellars.fr\\\/product\\\/domaine-des-comtes-lafon-meursault-perrieres-1er-cru-2011\\\/#primaryimage\"},\"image\":{\"@id\":\"https:\\\/\\\/www.rivieracellars.fr\\\/product\\\/domaine-des-comtes-lafon-meursault-perrieres-1er-cru-2011\\\/#primaryimage\"},\"thumbnailUrl\":\"https:\\\/\\\/www.rivieracellars.fr\\\/wp-content\\\/uploads\\\/2023\\\/02\\\/comtes-lafon-meursault-1er-cru-perrieres-2011.png\",\"datePublished\":\"2023-02-20T13:12:12+00:00\",\"dateModified\":\"2024-03-08T11:51:49+00:00\",\"description\":\"Pierre et Henri Lafon, l'int\u00e9r\u00eat qu'ils port\u00e8rent au domaine constitu\u00e9 par leur p\u00e8re fut modeste. Apr\u00e8s le d\u00e9c\u00e8s pr\u00e9matur\u00e9 de Pierre en 1944,\",\"breadcrumb\":{\"@id\":\"https:\\\/\\\/www.rivieracellars.fr\\\/product\\\/domaine-des-comtes-lafon-meursault-perrieres-1er-cru-2011\\\/#breadcrumb\"},\"inLanguage\":\"en-GB\",\"potentialAction\":[{\"@type\":\"ReadAction\",\"target\":[\"https:\\\/\\\/www.rivieracellars.fr\\\/product\\\/domaine-des-comtes-lafon-meursault-perrieres-1er-cru-2011\\\/\"]}]},{\"@type\":\"ImageObject\",\"inLanguage\":\"en-GB\",\"@id\":\"https:\\\/\\\/www.rivieracellars.fr\\\/product\\\/domaine-des-comtes-lafon-meursault-perrieres-1er-cru-2011\\\/#primaryimage\",\"url\":\"https:\\\/\\\/www.rivieracellars.fr\\\/wp-content\\\/uploads\\\/2023\\\/02\\\/comtes-lafon-meursault-1er-cru-perrieres-2011.png\",\"contentUrl\":\"https:\\\/\\\/www.rivieracellars.fr\\\/wp-content\\\/uploads\\\/2023\\\/02\\\/comtes-lafon-meursault-1er-cru-perrieres-2011.png\",\"width\":1080,\"height\":1080},{\"@type\":\"BreadcrumbList\",\"@id\":\"https:\\\/\\\/www.rivieracellars.fr\\\/product\\\/domaine-des-comtes-lafon-meursault-perrieres-1er-cru-2011\\\/#breadcrumb\",\"itemListElement\":[{\"@type\":\"ListItem\",\"position\":1,\"name\":\"Catalogue de nos Vins\",\"item\":\"https:\\\/\\\/www.rivieracellars.fr\\\/en\\\/shop\\\/\"},{\"@type\":\"ListItem\",\"position\":2,\"name\":\"Domaine des Comtes Lafon Meursault Perri\u00e8res 1er Cru 2011\"}]},{\"@type\":\"WebSite\",\"@id\":\"https:\\\/\\\/www.rivieracellars.fr\\\/en\\\/#website\",\"url\":\"https:\\\/\\\/www.rivieracellars.fr\\\/en\\\/\",\"name\":\"Riviera Cellars Wine Supply French Riviera\",\"description\":\"Approvisionnement en vins et champagnes fins et rares\",\"publisher\":{\"@id\":\"https:\\\/\\\/www.rivieracellars.fr\\\/en\\\/#organization\"},\"potentialAction\":[{\"@type\":\"SearchAction\",\"target\":{\"@type\":\"EntryPoint\",\"urlTemplate\":\"https:\\\/\\\/www.rivieracellars.fr\\\/en\\\/?s={search_term_string}\"},\"query-input\":{\"@type\":\"PropertyValueSpecification\",\"valueRequired\":true,\"valueName\":\"search_term_string\"}}],\"inLanguage\":\"en-GB\"},{\"@type\":\"Organization\",\"@id\":\"https:\\\/\\\/www.rivieracellars.fr\\\/en\\\/#organization\",\"name\":\"Riviera Cellars\",\"alternateName\":\"RC\",\"url\":\"https:\\\/\\\/www.rivieracellars.fr\\\/en\\\/\",\"logo\":{\"@type\":\"ImageObject\",\"inLanguage\":\"en-GB\",\"@id\":\"https:\\\/\\\/www.rivieracellars.fr\\\/en\\\/#\\\/schema\\\/logo\\\/image\\\/\",\"url\":\"https:\\\/\\\/www.rivieracellars.fr\\\/wp-content\\\/uploads\\\/2022\\\/08\\\/Riviera-Cellars-Logo-White-NEW.png\",\"contentUrl\":\"https:\\\/\\\/www.rivieracellars.fr\\\/wp-content\\\/uploads\\\/2022\\\/08\\\/Riviera-Cellars-Logo-White-NEW.png\",\"width\":800,\"height\":317,\"caption\":\"Riviera Cellars\"},\"image\":{\"@id\":\"https:\\\/\\\/www.rivieracellars.fr\\\/en\\\/#\\\/schema\\\/logo\\\/image\\\/\"},\"sameAs\":[\"https:\\\/\\\/www.facebook.com\\\/rivieracellarsfr\"]}]}<\/script>\n<!-- \/ Yoast SEO plugin. -->","yoast_head_json":{"title":"Domaine des Comtes Lafon Meursault Perri\u00e8res 1er Cru 2011 - Riviera Cellars Wine Supply French Riviera","description":"Pierre et Henri Lafon, l'int\u00e9r\u00eat qu'ils port\u00e8rent au domaine constitu\u00e9 par leur p\u00e8re fut modeste. Apr\u00e8s le d\u00e9c\u00e8s pr\u00e9matur\u00e9 de Pierre en 1944,","robots":{"index":"index","follow":"follow","max-snippet":"max-snippet:-1","max-image-preview":"max-image-preview:large","max-video-preview":"max-video-preview:-1"},"canonical":"https:\/\/www.rivieracellars.fr\/en\/product\/domaine-des-comtes-lafon-meursault-perrieres-1er-cru-2011\/","og_locale":"en_GB","og_type":"article","og_title":"Domaine des Comtes Lafon Meursault Perri\u00e8res 1er Cru 2011 - Riviera Cellars Wine Supply French Riviera","og_description":"Pierre et Henri Lafon, l'int\u00e9r\u00eat qu'ils port\u00e8rent au domaine constitu\u00e9 par leur p\u00e8re fut modeste. Apr\u00e8s le d\u00e9c\u00e8s pr\u00e9matur\u00e9 de Pierre en 1944,","og_url":"https:\/\/www.rivieracellars.fr\/en\/product\/domaine-des-comtes-lafon-meursault-perrieres-1er-cru-2011\/","og_site_name":"Riviera Cellars Wine Supply French Riviera","article_publisher":"https:\/\/www.facebook.com\/rivieracellarsfr","article_modified_time":"2024-03-08T11:51:49+00:00","og_image":[{"width":1080,"height":1080,"url":"https:\/\/www.rivieracellars.fr\/wp-content\/uploads\/2023\/02\/comtes-lafon-meursault-1er-cru-perrieres-2011.png","type":"image\/png"}],"twitter_card":"summary_large_image","twitter_misc":{"Estimated reading time":"2 minutes"},"schema":{"@context":"https:\/\/schema.org","@graph":[{"@type":"WebPage","@id":"https:\/\/www.rivieracellars.fr\/product\/domaine-des-comtes-lafon-meursault-perrieres-1er-cru-2011\/","url":"https:\/\/www.rivieracellars.fr\/product\/domaine-des-comtes-lafon-meursault-perrieres-1er-cru-2011\/","name":"Domaine des Comtes Lafon Meursault Perri\u00e8res 1er Cru 2011 - Riviera Cellars Wine Supply French Riviera","isPartOf":{"@id":"https:\/\/www.rivieracellars.fr\/en\/#website"},"primaryImageOfPage":{"@id":"https:\/\/www.rivieracellars.fr\/product\/domaine-des-comtes-lafon-meursault-perrieres-1er-cru-2011\/#primaryimage"},"image":{"@id":"https:\/\/www.rivieracellars.fr\/product\/domaine-des-comtes-lafon-meursault-perrieres-1er-cru-2011\/#primaryimage"},"thumbnailUrl":"https:\/\/www.rivieracellars.fr\/wp-content\/uploads\/2023\/02\/comtes-lafon-meursault-1er-cru-perrieres-2011.png","datePublished":"2023-02-20T13:12:12+00:00","dateModified":"2024-03-08T11:51:49+00:00","description":"Pierre et Henri Lafon, l'int\u00e9r\u00eat qu'ils port\u00e8rent au domaine constitu\u00e9 par leur p\u00e8re fut modeste. Apr\u00e8s le d\u00e9c\u00e8s pr\u00e9matur\u00e9 de Pierre en 1944,","breadcrumb":{"@id":"https:\/\/www.rivieracellars.fr\/product\/domaine-des-comtes-lafon-meursault-perrieres-1er-cru-2011\/#breadcrumb"},"inLanguage":"en-GB","potentialAction":[{"@type":"ReadAction","target":["https:\/\/www.rivieracellars.fr\/product\/domaine-des-comtes-lafon-meursault-perrieres-1er-cru-2011\/"]}]},{"@type":"ImageObject","inLanguage":"en-GB","@id":"https:\/\/www.rivieracellars.fr\/product\/domaine-des-comtes-lafon-meursault-perrieres-1er-cru-2011\/#primaryimage","url":"https:\/\/www.rivieracellars.fr\/wp-content\/uploads\/2023\/02\/comtes-lafon-meursault-1er-cru-perrieres-2011.png","contentUrl":"https:\/\/www.rivieracellars.fr\/wp-content\/uploads\/2023\/02\/comtes-lafon-meursault-1er-cru-perrieres-2011.png","width":1080,"height":1080},{"@type":"BreadcrumbList","@id":"https:\/\/www.rivieracellars.fr\/product\/domaine-des-comtes-lafon-meursault-perrieres-1er-cru-2011\/#breadcrumb","itemListElement":[{"@type":"ListItem","position":1,"name":"Catalogue de nos Vins","item":"https:\/\/www.rivieracellars.fr\/en\/shop\/"},{"@type":"ListItem","position":2,"name":"Domaine des Comtes Lafon Meursault Perri\u00e8res 1er Cru 2011"}]},{"@type":"WebSite","@id":"https:\/\/www.rivieracellars.fr\/en\/#website","url":"https:\/\/www.rivieracellars.fr\/en\/","name":"Riviera Cellars Wine Supply French Riviera","description":"Approvisionnement en vins et champagnes fins et rares","publisher":{"@id":"https:\/\/www.rivieracellars.fr\/en\/#organization"},"potentialAction":[{"@type":"SearchAction","target":{"@type":"EntryPoint","urlTemplate":"https:\/\/www.rivieracellars.fr\/en\/?s={search_term_string}"},"query-input":{"@type":"PropertyValueSpecification","valueRequired":true,"valueName":"search_term_string"}}],"inLanguage":"en-GB"},{"@type":"Organization","@id":"https:\/\/www.rivieracellars.fr\/en\/#organization","name":"Riviera Cellars","alternateName":"RC","url":"https:\/\/www.rivieracellars.fr\/en\/","logo":{"@type":"ImageObject","inLanguage":"en-GB","@id":"https:\/\/www.rivieracellars.fr\/en\/#\/schema\/logo\/image\/","url":"https:\/\/www.rivieracellars.fr\/wp-content\/uploads\/2022\/08\/Riviera-Cellars-Logo-White-NEW.png","contentUrl":"https:\/\/www.rivieracellars.fr\/wp-content\/uploads\/2022\/08\/Riviera-Cellars-Logo-White-NEW.png","width":800,"height":317,"caption":"Riviera Cellars"},"image":{"@id":"https:\/\/www.rivieracellars.fr\/en\/#\/schema\/logo\/image\/"},"sameAs":["https:\/\/www.facebook.com\/rivieracellarsfr"]}]}},"jetpack_sharing_enabled":true,"_links":{"self":[{"href":"https:\/\/www.rivieracellars.fr\/en\/wp-json\/wp\/v2\/product\/3280","targetHints":{"allow":["GET"]}}],"collection":[{"href":"https:\/\/www.rivieracellars.fr\/en\/wp-json\/wp\/v2\/product"}],"about":[{"href":"https:\/\/www.rivieracellars.fr\/en\/wp-json\/wp\/v2\/types\/product"}],"wp:featuredmedia":[{"embeddable":true,"href":"https:\/\/www.rivieracellars.fr\/en\/wp-json\/wp\/v2\/media\/3281"}],"wp:attachment":[{"href":"https:\/\/www.rivieracellars.fr\/en\/wp-json\/wp\/v2\/media?parent=3280"}],"wp:term":[{"taxonomy":"product_brand","embeddable":true,"href":"https:\/\/www.rivieracellars.fr\/en\/wp-json\/wp\/v2\/product_brand?post=3280"},{"taxonomy":"product_cat","embeddable":true,"href":"https:\/\/www.rivieracellars.fr\/en\/wp-json\/wp\/v2\/product_cat?post=3280"},{"taxonomy":"product_tag","embeddable":true,"href":"https:\/\/www.rivieracellars.fr\/en\/wp-json\/wp\/v2\/product_tag?post=3280"}],"curies":[{"name":"wp","href":"https:\/\/api.w.org\/{rel}","templated":true}]}}