{"id":3284,"date":"2023-02-20T17:37:44","date_gmt":"2023-02-20T16:37:44","guid":{"rendered":"https:\/\/www.rivieracellars.fr\/?post_type=product&#038;p=3284"},"modified":"2025-06-04T11:41:19","modified_gmt":"2025-06-04T09:41:19","slug":"chateau-mouton-rothschild-1er-cru-classe-1995","status":"publish","type":"product","link":"https:\/\/www.rivieracellars.fr\/en\/product\/chateau-mouton-rothschild-1er-cru-classe-1995\/","title":{"rendered":"Ch\u00e2teau Mouton Rothschild 1er Grand Cru Class\u00e9 1995"},"content":{"rendered":"<p><strong>Ch\u00e2teau Mouton Rothschild<\/strong> is a renowned Medoc wine estate located in the commune of Pauillac. It produces one of the most prestigious Bordeaux wines, in the Pauillac appellation. In 1973, although no modification was ever granted in the 1855 classification, Baron Philippe obtained - not without difficulty - the revision and Mouton officially joined the elite of the First Classified Growths of Bordeaux. When he died in 1988, his daughter Philippine took over the reins, assisted by an outstanding technical team, and successfully maintained her father's projects until his death in 2014. Today, his three children Camille Sereys de Rothschild, Philippe Sereys de Rothschild and Julien de Beaumarchais de Rothschild manage the estate together. Originally named \"Ch\u00e2teau Mouton\", it has been owned by the English branch of the Rothschild family since 1853. Every year since 1945, the label has been illustrated by a famous artist (including Chagall, Miro, Picasso...). The chateau's emblem is the ram.<\/p>","protected":false},"excerpt":{"rendered":"<p><strong>Colour: <\/strong>Dark, deep purple.<\/p>\n<p><strong>Nose : <\/strong>A bouquet with aromas of candied and stewed fruits with an opening on the fruit in brandy.<\/p>\n<p><strong>Palate : <\/strong>Beautiful freshness with aromas of candied fruit and hints of liquorice. Powerful and dense tannins. The finish is long and warm thanks to the persistence of the fruit.<\/p>\n<p><strong>Food Pairings : <\/strong>Game, grilled white meat, grilled red meat, hard cheese. Avoid dishes that are too spicy.<\/p>","protected":false},"featured_media":3285,"template":"","meta":{"_acf_changed":false},"product_brand":[],"product_cat":[30],"product_tag":[582,304,38,56,598,318,31,32],"class_list":{"0":"post-3284","1":"product","2":"type-product","3":"status-publish","4":"has-post-thumbnail","6":"product_cat-vins-rouges","7":"product_tag-582","8":"product_tag-1er-grand-cru-classe","9":"product_tag-bordeaux","10":"product_tag-france","11":"product_tag-mouton-rothschild","12":"product_tag-pauillac","13":"product_tag-rouge","14":"product_tag-sec","15":"pa_appellation-aop-pauillac","16":"pa_cepage-cabernet-franc","17":"pa_cepage-cabernet-sauvignon","18":"pa_cepage-merlot","19":"pa_conditionnement-caisse-carton","20":"pa_contenance-75-cl","21":"pa_couleur-rouge","22":"pa_millesime-580","23":"pa_pays-france","24":"pa_potentiel-de-garde-597","25":"pa_producteur-chateau-mouton-rothschild","26":"pa_regions-bordeaux","27":"pa_sous-region-medoc","28":"pa_sucrosite-sec","29":"pa_types-vin","30":"pa_volume-dalcool-230","32":"first","33":"instock","34":"taxable","35":"shipping-taxable","36":"purchasable","37":"product-type-simple"},"acf":[],"yoast_head":"<!-- This site is optimized with the Yoast SEO plugin v27.4 - https:\/\/yoast.com\/product\/yoast-seo-wordpress\/ -->\n<title>Ch\u00e2teau Mouton Rothschild 1er Grand Cru Class\u00e9 1995 - Riviera Cellars Wine Supply French Riviera<\/title>\n<meta name=\"description\" content=\"Ch\u00e2teau Mouton Rothschild\u00a0est un domaine viticole r\u00e9put\u00e9 du\u00a0Medoc, situ\u00e9 dans la commune de\u00a0Pauillac. Il produit l&#039;un des vins de Bordeaux\u00a0les plus\" \/>\n<meta name=\"robots\" content=\"index, follow, max-snippet:-1, max-image-preview:large, max-video-preview:-1\" \/>\n<link rel=\"canonical\" href=\"https:\/\/www.rivieracellars.fr\/en\/product\/chateau-mouton-rothschild-1er-cru-classe-1995\/\" \/>\n<meta property=\"og:locale\" content=\"en_GB\" \/>\n<meta property=\"og:type\" content=\"article\" \/>\n<meta property=\"og:title\" content=\"Ch\u00e2teau Mouton Rothschild 1er Grand Cru Class\u00e9 1995 - Riviera Cellars Wine Supply French Riviera\" \/>\n<meta property=\"og:description\" content=\"Ch\u00e2teau Mouton Rothschild\u00a0est un domaine viticole r\u00e9put\u00e9 du\u00a0Medoc, situ\u00e9 dans la commune de\u00a0Pauillac. Il produit l&#039;un des vins de Bordeaux\u00a0les plus\" \/>\n<meta property=\"og:url\" content=\"https:\/\/www.rivieracellars.fr\/en\/product\/chateau-mouton-rothschild-1er-cru-classe-1995\/\" \/>\n<meta property=\"og:site_name\" content=\"Riviera Cellars Wine Supply French Riviera\" \/>\n<meta property=\"article:publisher\" content=\"https:\/\/www.facebook.com\/rivieracellarsfr\" \/>\n<meta property=\"article:modified_time\" content=\"2025-06-04T09:41:19+00:00\" \/>\n<meta property=\"og:image\" content=\"https:\/\/www.rivieracellars.fr\/wp-content\/uploads\/2023\/02\/MoutonRotschild1995.png\" \/>\n\t<meta property=\"og:image:width\" content=\"1024\" \/>\n\t<meta property=\"og:image:height\" content=\"1024\" \/>\n\t<meta property=\"og:image:type\" content=\"image\/png\" \/>\n<meta name=\"twitter:card\" content=\"summary_large_image\" \/>\n<meta name=\"twitter:label1\" content=\"Estimated reading time\" \/>\n\t<meta name=\"twitter:data1\" content=\"1 minute\" \/>\n<script type=\"application\/ld+json\" class=\"yoast-schema-graph\">{\"@context\":\"https:\\\/\\\/schema.org\",\"@graph\":[{\"@type\":\"WebPage\",\"@id\":\"https:\\\/\\\/www.rivieracellars.fr\\\/product\\\/chateau-mouton-rothschild-1er-cru-classe-1995\\\/\",\"url\":\"https:\\\/\\\/www.rivieracellars.fr\\\/product\\\/chateau-mouton-rothschild-1er-cru-classe-1995\\\/\",\"name\":\"Ch\u00e2teau Mouton Rothschild 1er Grand Cru Class\u00e9 1995 - Riviera Cellars Wine Supply French Riviera\",\"isPartOf\":{\"@id\":\"https:\\\/\\\/www.rivieracellars.fr\\\/en\\\/#website\"},\"primaryImageOfPage\":{\"@id\":\"https:\\\/\\\/www.rivieracellars.fr\\\/product\\\/chateau-mouton-rothschild-1er-cru-classe-1995\\\/#primaryimage\"},\"image\":{\"@id\":\"https:\\\/\\\/www.rivieracellars.fr\\\/product\\\/chateau-mouton-rothschild-1er-cru-classe-1995\\\/#primaryimage\"},\"thumbnailUrl\":\"https:\\\/\\\/www.rivieracellars.fr\\\/wp-content\\\/uploads\\\/2023\\\/02\\\/MoutonRotschild1995.png\",\"datePublished\":\"2023-02-20T16:37:44+00:00\",\"dateModified\":\"2025-06-04T09:41:19+00:00\",\"description\":\"Ch\u00e2teau Mouton Rothschild\u00a0est un domaine viticole r\u00e9put\u00e9 du\u00a0Medoc, situ\u00e9 dans la commune de\u00a0Pauillac. Il produit l'un des vins de Bordeaux\u00a0les plus\",\"breadcrumb\":{\"@id\":\"https:\\\/\\\/www.rivieracellars.fr\\\/product\\\/chateau-mouton-rothschild-1er-cru-classe-1995\\\/#breadcrumb\"},\"inLanguage\":\"en-GB\",\"potentialAction\":[{\"@type\":\"ReadAction\",\"target\":[\"https:\\\/\\\/www.rivieracellars.fr\\\/product\\\/chateau-mouton-rothschild-1er-cru-classe-1995\\\/\"]}]},{\"@type\":\"ImageObject\",\"inLanguage\":\"en-GB\",\"@id\":\"https:\\\/\\\/www.rivieracellars.fr\\\/product\\\/chateau-mouton-rothschild-1er-cru-classe-1995\\\/#primaryimage\",\"url\":\"https:\\\/\\\/www.rivieracellars.fr\\\/wp-content\\\/uploads\\\/2023\\\/02\\\/MoutonRotschild1995.png\",\"contentUrl\":\"https:\\\/\\\/www.rivieracellars.fr\\\/wp-content\\\/uploads\\\/2023\\\/02\\\/MoutonRotschild1995.png\",\"width\":1024,\"height\":1024},{\"@type\":\"BreadcrumbList\",\"@id\":\"https:\\\/\\\/www.rivieracellars.fr\\\/product\\\/chateau-mouton-rothschild-1er-cru-classe-1995\\\/#breadcrumb\",\"itemListElement\":[{\"@type\":\"ListItem\",\"position\":1,\"name\":\"Catalogue de nos Vins\",\"item\":\"https:\\\/\\\/www.rivieracellars.fr\\\/en\\\/shop\\\/\"},{\"@type\":\"ListItem\",\"position\":2,\"name\":\"Ch\u00e2teau Mouton Rothschild 1er Grand Cru Class\u00e9 1995\"}]},{\"@type\":\"WebSite\",\"@id\":\"https:\\\/\\\/www.rivieracellars.fr\\\/en\\\/#website\",\"url\":\"https:\\\/\\\/www.rivieracellars.fr\\\/en\\\/\",\"name\":\"Riviera Cellars Wine Supply French Riviera\",\"description\":\"Approvisionnement en vins et champagnes fins et rares\",\"publisher\":{\"@id\":\"https:\\\/\\\/www.rivieracellars.fr\\\/en\\\/#organization\"},\"potentialAction\":[{\"@type\":\"SearchAction\",\"target\":{\"@type\":\"EntryPoint\",\"urlTemplate\":\"https:\\\/\\\/www.rivieracellars.fr\\\/en\\\/?s={search_term_string}\"},\"query-input\":{\"@type\":\"PropertyValueSpecification\",\"valueRequired\":true,\"valueName\":\"search_term_string\"}}],\"inLanguage\":\"en-GB\"},{\"@type\":\"Organization\",\"@id\":\"https:\\\/\\\/www.rivieracellars.fr\\\/en\\\/#organization\",\"name\":\"Riviera Cellars\",\"alternateName\":\"RC\",\"url\":\"https:\\\/\\\/www.rivieracellars.fr\\\/en\\\/\",\"logo\":{\"@type\":\"ImageObject\",\"inLanguage\":\"en-GB\",\"@id\":\"https:\\\/\\\/www.rivieracellars.fr\\\/en\\\/#\\\/schema\\\/logo\\\/image\\\/\",\"url\":\"https:\\\/\\\/www.rivieracellars.fr\\\/wp-content\\\/uploads\\\/2022\\\/08\\\/Riviera-Cellars-Logo-White-NEW.png\",\"contentUrl\":\"https:\\\/\\\/www.rivieracellars.fr\\\/wp-content\\\/uploads\\\/2022\\\/08\\\/Riviera-Cellars-Logo-White-NEW.png\",\"width\":800,\"height\":317,\"caption\":\"Riviera Cellars\"},\"image\":{\"@id\":\"https:\\\/\\\/www.rivieracellars.fr\\\/en\\\/#\\\/schema\\\/logo\\\/image\\\/\"},\"sameAs\":[\"https:\\\/\\\/www.facebook.com\\\/rivieracellarsfr\"]}]}<\/script>\n<!-- \/ Yoast SEO plugin. -->","yoast_head_json":{"title":"Ch\u00e2teau Mouton Rothschild 1er Grand Cru Class\u00e9 1995 - Riviera Cellars Wine Supply French Riviera","description":"Ch\u00e2teau Mouton Rothschild\u00a0est un domaine viticole r\u00e9put\u00e9 du\u00a0Medoc, situ\u00e9 dans la commune de\u00a0Pauillac. Il produit l'un des vins de Bordeaux\u00a0les plus","robots":{"index":"index","follow":"follow","max-snippet":"max-snippet:-1","max-image-preview":"max-image-preview:large","max-video-preview":"max-video-preview:-1"},"canonical":"https:\/\/www.rivieracellars.fr\/en\/product\/chateau-mouton-rothschild-1er-cru-classe-1995\/","og_locale":"en_GB","og_type":"article","og_title":"Ch\u00e2teau Mouton Rothschild 1er Grand Cru Class\u00e9 1995 - Riviera Cellars Wine Supply French Riviera","og_description":"Ch\u00e2teau Mouton Rothschild\u00a0est un domaine viticole r\u00e9put\u00e9 du\u00a0Medoc, situ\u00e9 dans la commune de\u00a0Pauillac. Il produit l'un des vins de Bordeaux\u00a0les plus","og_url":"https:\/\/www.rivieracellars.fr\/en\/product\/chateau-mouton-rothschild-1er-cru-classe-1995\/","og_site_name":"Riviera Cellars Wine Supply French Riviera","article_publisher":"https:\/\/www.facebook.com\/rivieracellarsfr","article_modified_time":"2025-06-04T09:41:19+00:00","og_image":[{"width":1024,"height":1024,"url":"https:\/\/www.rivieracellars.fr\/wp-content\/uploads\/2023\/02\/MoutonRotschild1995.png","type":"image\/png"}],"twitter_card":"summary_large_image","twitter_misc":{"Estimated reading time":"1 minute"},"schema":{"@context":"https:\/\/schema.org","@graph":[{"@type":"WebPage","@id":"https:\/\/www.rivieracellars.fr\/product\/chateau-mouton-rothschild-1er-cru-classe-1995\/","url":"https:\/\/www.rivieracellars.fr\/product\/chateau-mouton-rothschild-1er-cru-classe-1995\/","name":"Ch\u00e2teau Mouton Rothschild 1er Grand Cru Class\u00e9 1995 - Riviera Cellars Wine Supply French Riviera","isPartOf":{"@id":"https:\/\/www.rivieracellars.fr\/en\/#website"},"primaryImageOfPage":{"@id":"https:\/\/www.rivieracellars.fr\/product\/chateau-mouton-rothschild-1er-cru-classe-1995\/#primaryimage"},"image":{"@id":"https:\/\/www.rivieracellars.fr\/product\/chateau-mouton-rothschild-1er-cru-classe-1995\/#primaryimage"},"thumbnailUrl":"https:\/\/www.rivieracellars.fr\/wp-content\/uploads\/2023\/02\/MoutonRotschild1995.png","datePublished":"2023-02-20T16:37:44+00:00","dateModified":"2025-06-04T09:41:19+00:00","description":"Ch\u00e2teau Mouton Rothschild\u00a0est un domaine viticole r\u00e9put\u00e9 du\u00a0Medoc, situ\u00e9 dans la commune de\u00a0Pauillac. Il produit l'un des vins de Bordeaux\u00a0les plus","breadcrumb":{"@id":"https:\/\/www.rivieracellars.fr\/product\/chateau-mouton-rothschild-1er-cru-classe-1995\/#breadcrumb"},"inLanguage":"en-GB","potentialAction":[{"@type":"ReadAction","target":["https:\/\/www.rivieracellars.fr\/product\/chateau-mouton-rothschild-1er-cru-classe-1995\/"]}]},{"@type":"ImageObject","inLanguage":"en-GB","@id":"https:\/\/www.rivieracellars.fr\/product\/chateau-mouton-rothschild-1er-cru-classe-1995\/#primaryimage","url":"https:\/\/www.rivieracellars.fr\/wp-content\/uploads\/2023\/02\/MoutonRotschild1995.png","contentUrl":"https:\/\/www.rivieracellars.fr\/wp-content\/uploads\/2023\/02\/MoutonRotschild1995.png","width":1024,"height":1024},{"@type":"BreadcrumbList","@id":"https:\/\/www.rivieracellars.fr\/product\/chateau-mouton-rothschild-1er-cru-classe-1995\/#breadcrumb","itemListElement":[{"@type":"ListItem","position":1,"name":"Catalogue de nos Vins","item":"https:\/\/www.rivieracellars.fr\/en\/shop\/"},{"@type":"ListItem","position":2,"name":"Ch\u00e2teau Mouton Rothschild 1er Grand Cru Class\u00e9 1995"}]},{"@type":"WebSite","@id":"https:\/\/www.rivieracellars.fr\/en\/#website","url":"https:\/\/www.rivieracellars.fr\/en\/","name":"Riviera Cellars Wine Supply French Riviera","description":"Approvisionnement en vins et champagnes fins et rares","publisher":{"@id":"https:\/\/www.rivieracellars.fr\/en\/#organization"},"potentialAction":[{"@type":"SearchAction","target":{"@type":"EntryPoint","urlTemplate":"https:\/\/www.rivieracellars.fr\/en\/?s={search_term_string}"},"query-input":{"@type":"PropertyValueSpecification","valueRequired":true,"valueName":"search_term_string"}}],"inLanguage":"en-GB"},{"@type":"Organization","@id":"https:\/\/www.rivieracellars.fr\/en\/#organization","name":"Riviera Cellars","alternateName":"RC","url":"https:\/\/www.rivieracellars.fr\/en\/","logo":{"@type":"ImageObject","inLanguage":"en-GB","@id":"https:\/\/www.rivieracellars.fr\/en\/#\/schema\/logo\/image\/","url":"https:\/\/www.rivieracellars.fr\/wp-content\/uploads\/2022\/08\/Riviera-Cellars-Logo-White-NEW.png","contentUrl":"https:\/\/www.rivieracellars.fr\/wp-content\/uploads\/2022\/08\/Riviera-Cellars-Logo-White-NEW.png","width":800,"height":317,"caption":"Riviera Cellars"},"image":{"@id":"https:\/\/www.rivieracellars.fr\/en\/#\/schema\/logo\/image\/"},"sameAs":["https:\/\/www.facebook.com\/rivieracellarsfr"]}]}},"jetpack_sharing_enabled":true,"_links":{"self":[{"href":"https:\/\/www.rivieracellars.fr\/en\/wp-json\/wp\/v2\/product\/3284","targetHints":{"allow":["GET"]}}],"collection":[{"href":"https:\/\/www.rivieracellars.fr\/en\/wp-json\/wp\/v2\/product"}],"about":[{"href":"https:\/\/www.rivieracellars.fr\/en\/wp-json\/wp\/v2\/types\/product"}],"wp:featuredmedia":[{"embeddable":true,"href":"https:\/\/www.rivieracellars.fr\/en\/wp-json\/wp\/v2\/media\/3285"}],"wp:attachment":[{"href":"https:\/\/www.rivieracellars.fr\/en\/wp-json\/wp\/v2\/media?parent=3284"}],"wp:term":[{"taxonomy":"product_brand","embeddable":true,"href":"https:\/\/www.rivieracellars.fr\/en\/wp-json\/wp\/v2\/product_brand?post=3284"},{"taxonomy":"product_cat","embeddable":true,"href":"https:\/\/www.rivieracellars.fr\/en\/wp-json\/wp\/v2\/product_cat?post=3284"},{"taxonomy":"product_tag","embeddable":true,"href":"https:\/\/www.rivieracellars.fr\/en\/wp-json\/wp\/v2\/product_tag?post=3284"}],"curies":[{"name":"wp","href":"https:\/\/api.w.org\/{rel}","templated":true}]}}