{"id":3314,"date":"2023-02-23T11:28:13","date_gmt":"2023-02-23T10:28:13","guid":{"rendered":"https:\/\/www.rivieracellars.fr\/?post_type=product&#038;p=3314"},"modified":"2024-07-20T11:14:27","modified_gmt":"2024-07-20T09:14:27","slug":"domaine-de-la-romanee-conti-grand-cru-2009","status":"publish","type":"product","link":"https:\/\/www.rivieracellars.fr\/en\/product\/domaine-de-la-romanee-conti-grand-cru-2009\/","title":{"rendered":"Domaine de la Roman\u00e9e-Conti Grand Cru 2004"},"content":{"rendered":"<p>Domaine de la Roman\u00e9e-Conti dates from the 18th century. It is a symbol of French excellence. Every wine lover dreams of being able to taste one of its bottles one day. Produced in small quantities, they are now very rare and, as a result, highly sought after. There are not enough of them to satisfy all wine lovers, which is why some bottles sometimes fetch record prices. Vintages from 1959, 1999, 2005 and 2009 are particularly popular, as are the record-breaking 2015 vintages.<\/p>\n<p><em>\"Vin de Prince, it is velvet, seduction and mystery. It is the most Proustian of the great wines: under the secret perfume of a rose petal, barely faded, of a Roman\u00e9e-Conti 1956, is it not the intense and pure sensation of Time Regained that invades us? Could it be that the gods have left us a souvenir in this square of land? The fascinating trace of a timeless perfection?<\/em><\/p>\n<p><em>(Richard Olney dans \u00ab\u00a0Roman\u00e9e-Conti\u00a0\u00bb \u00e9ditions Flammarion \u2013 1991)<\/em><\/p>","protected":false},"excerpt":{"rendered":"<p><strong>Colour : <\/strong>Garnet.<\/p>\n<p><strong>Nose : <\/strong>Very aromatic with incredibly fine aromas of old roses, Asian spices, coffee, plums and dark chocolate.<\/p>\n<p><strong>Palate : <\/strong>\u00a0Very elegant, full and richly structured around fine-grained tannins, with good density, long, racy, incredible length.<\/p>\n<p><strong>Food Pairings : <\/strong>Smoked venison with parsnip pur\u00e9e, salt baked beetroot. Sirloin steak with bearnaise sauce.<\/p>","protected":false},"featured_media":3315,"template":"","meta":{"_acf_changed":false},"product_brand":[],"product_cat":[30],"product_tag":[571,52,56,27,490,31,32],"class_list":{"0":"post-3314","1":"product","2":"type-product","3":"status-publish","4":"has-post-thumbnail","6":"product_cat-vins-rouges","7":"product_tag-571","8":"product_tag-bourgogne","9":"product_tag-france","10":"product_tag-pinot-noir","11":"product_tag-romanee-conti","12":"product_tag-rouge","13":"product_tag-sec","14":"pa_appellation-aop-romanee-conti","15":"pa_bio-biodynamie-bio","16":"pa_cepage-pinot-noir","17":"pa_conditionnement-caisse-carton","18":"pa_contenance-75-cl","19":"pa_couleur-rouge","20":"pa_millesime-569","21":"pa_pays-france","22":"pa_potentiel-de-garde-581","23":"pa_producteur-doamine-de-la-romanee-conti","24":"pa_regions-bourgogne","25":"pa_sous-region-cote-de-nuits","26":"pa_sucrosite-sec","27":"pa_types-vin","28":"pa_volume-dalcool-247","30":"first","31":"instock","32":"sale","33":"taxable","34":"shipping-taxable","35":"purchasable","36":"product-type-simple"},"acf":[],"yoast_head":"<!-- This site is optimized with the Yoast SEO plugin v27.4 - https:\/\/yoast.com\/product\/yoast-seo-wordpress\/ -->\n<title>Domaine de la Roman\u00e9e-Conti Grand Cru 2004 - Riviera Cellars Wine Supply French Riviera<\/title>\n<meta name=\"description\" content=\"Domaine de la Roman\u00e9e-Conti date du XVIIIe si\u00e8cle. Il est un symbole de l\u2019excellence fran\u00e7aise. Tout amateur de vin r\u00eave de pouvoir go\u00fbter\" \/>\n<meta name=\"robots\" content=\"index, follow, max-snippet:-1, max-image-preview:large, max-video-preview:-1\" \/>\n<link rel=\"canonical\" href=\"https:\/\/www.rivieracellars.fr\/en\/product\/domaine-de-la-romanee-conti-grand-cru-2009\/\" \/>\n<meta property=\"og:locale\" content=\"en_GB\" \/>\n<meta property=\"og:type\" content=\"article\" \/>\n<meta property=\"og:title\" content=\"Domaine de la Roman\u00e9e-Conti Grand Cru 2004 - Riviera Cellars Wine Supply French Riviera\" \/>\n<meta property=\"og:description\" content=\"Domaine de la Roman\u00e9e-Conti date du XVIIIe si\u00e8cle. Il est un symbole de l\u2019excellence fran\u00e7aise. Tout amateur de vin r\u00eave de pouvoir go\u00fbter\" \/>\n<meta property=\"og:url\" content=\"https:\/\/www.rivieracellars.fr\/en\/product\/domaine-de-la-romanee-conti-grand-cru-2009\/\" \/>\n<meta property=\"og:site_name\" content=\"Riviera Cellars Wine Supply French Riviera\" \/>\n<meta property=\"article:publisher\" content=\"https:\/\/www.facebook.com\/rivieracellarsfr\" \/>\n<meta property=\"article:modified_time\" content=\"2024-07-20T09:14:27+00:00\" \/>\n<meta property=\"og:image\" content=\"https:\/\/www.rivieracellars.fr\/wp-content\/uploads\/2023\/02\/Romanee-Conti-2004.png\" \/>\n\t<meta property=\"og:image:width\" content=\"1080\" \/>\n\t<meta property=\"og:image:height\" content=\"1080\" \/>\n\t<meta property=\"og:image:type\" content=\"image\/png\" \/>\n<meta name=\"twitter:card\" content=\"summary_large_image\" \/>\n<meta name=\"twitter:label1\" content=\"Estimated reading time\" \/>\n\t<meta name=\"twitter:data1\" content=\"1 minute\" \/>\n<script type=\"application\/ld+json\" class=\"yoast-schema-graph\">{\"@context\":\"https:\\\/\\\/schema.org\",\"@graph\":[{\"@type\":\"WebPage\",\"@id\":\"https:\\\/\\\/www.rivieracellars.fr\\\/product\\\/domaine-de-la-romanee-conti-grand-cru-2009\\\/\",\"url\":\"https:\\\/\\\/www.rivieracellars.fr\\\/product\\\/domaine-de-la-romanee-conti-grand-cru-2009\\\/\",\"name\":\"Domaine de la Roman\u00e9e-Conti Grand Cru 2004 - Riviera Cellars Wine Supply French Riviera\",\"isPartOf\":{\"@id\":\"https:\\\/\\\/www.rivieracellars.fr\\\/en\\\/#website\"},\"primaryImageOfPage\":{\"@id\":\"https:\\\/\\\/www.rivieracellars.fr\\\/product\\\/domaine-de-la-romanee-conti-grand-cru-2009\\\/#primaryimage\"},\"image\":{\"@id\":\"https:\\\/\\\/www.rivieracellars.fr\\\/product\\\/domaine-de-la-romanee-conti-grand-cru-2009\\\/#primaryimage\"},\"thumbnailUrl\":\"https:\\\/\\\/www.rivieracellars.fr\\\/wp-content\\\/uploads\\\/2023\\\/02\\\/Romanee-Conti-2004.png\",\"datePublished\":\"2023-02-23T10:28:13+00:00\",\"dateModified\":\"2024-07-20T09:14:27+00:00\",\"description\":\"Domaine de la Roman\u00e9e-Conti date du XVIIIe si\u00e8cle. Il est un symbole de l\u2019excellence fran\u00e7aise. Tout amateur de vin r\u00eave de pouvoir go\u00fbter\",\"breadcrumb\":{\"@id\":\"https:\\\/\\\/www.rivieracellars.fr\\\/product\\\/domaine-de-la-romanee-conti-grand-cru-2009\\\/#breadcrumb\"},\"inLanguage\":\"en-GB\",\"potentialAction\":[{\"@type\":\"ReadAction\",\"target\":[\"https:\\\/\\\/www.rivieracellars.fr\\\/product\\\/domaine-de-la-romanee-conti-grand-cru-2009\\\/\"]}]},{\"@type\":\"ImageObject\",\"inLanguage\":\"en-GB\",\"@id\":\"https:\\\/\\\/www.rivieracellars.fr\\\/product\\\/domaine-de-la-romanee-conti-grand-cru-2009\\\/#primaryimage\",\"url\":\"https:\\\/\\\/www.rivieracellars.fr\\\/wp-content\\\/uploads\\\/2023\\\/02\\\/Romanee-Conti-2004.png\",\"contentUrl\":\"https:\\\/\\\/www.rivieracellars.fr\\\/wp-content\\\/uploads\\\/2023\\\/02\\\/Romanee-Conti-2004.png\",\"width\":1080,\"height\":1080},{\"@type\":\"BreadcrumbList\",\"@id\":\"https:\\\/\\\/www.rivieracellars.fr\\\/product\\\/domaine-de-la-romanee-conti-grand-cru-2009\\\/#breadcrumb\",\"itemListElement\":[{\"@type\":\"ListItem\",\"position\":1,\"name\":\"Catalogue de nos Vins\",\"item\":\"https:\\\/\\\/www.rivieracellars.fr\\\/en\\\/shop\\\/\"},{\"@type\":\"ListItem\",\"position\":2,\"name\":\"Domaine de la Roman\u00e9e-Conti Grand Cru 2004\"}]},{\"@type\":\"WebSite\",\"@id\":\"https:\\\/\\\/www.rivieracellars.fr\\\/en\\\/#website\",\"url\":\"https:\\\/\\\/www.rivieracellars.fr\\\/en\\\/\",\"name\":\"Riviera Cellars Wine Supply French Riviera\",\"description\":\"Approvisionnement en vins et champagnes fins et rares\",\"publisher\":{\"@id\":\"https:\\\/\\\/www.rivieracellars.fr\\\/en\\\/#organization\"},\"potentialAction\":[{\"@type\":\"SearchAction\",\"target\":{\"@type\":\"EntryPoint\",\"urlTemplate\":\"https:\\\/\\\/www.rivieracellars.fr\\\/en\\\/?s={search_term_string}\"},\"query-input\":{\"@type\":\"PropertyValueSpecification\",\"valueRequired\":true,\"valueName\":\"search_term_string\"}}],\"inLanguage\":\"en-GB\"},{\"@type\":\"Organization\",\"@id\":\"https:\\\/\\\/www.rivieracellars.fr\\\/en\\\/#organization\",\"name\":\"Riviera Cellars\",\"alternateName\":\"RC\",\"url\":\"https:\\\/\\\/www.rivieracellars.fr\\\/en\\\/\",\"logo\":{\"@type\":\"ImageObject\",\"inLanguage\":\"en-GB\",\"@id\":\"https:\\\/\\\/www.rivieracellars.fr\\\/en\\\/#\\\/schema\\\/logo\\\/image\\\/\",\"url\":\"https:\\\/\\\/www.rivieracellars.fr\\\/wp-content\\\/uploads\\\/2022\\\/08\\\/Riviera-Cellars-Logo-White-NEW.png\",\"contentUrl\":\"https:\\\/\\\/www.rivieracellars.fr\\\/wp-content\\\/uploads\\\/2022\\\/08\\\/Riviera-Cellars-Logo-White-NEW.png\",\"width\":800,\"height\":317,\"caption\":\"Riviera Cellars\"},\"image\":{\"@id\":\"https:\\\/\\\/www.rivieracellars.fr\\\/en\\\/#\\\/schema\\\/logo\\\/image\\\/\"},\"sameAs\":[\"https:\\\/\\\/www.facebook.com\\\/rivieracellarsfr\"]}]}<\/script>\n<!-- \/ Yoast SEO plugin. -->","yoast_head_json":{"title":"Domaine de la Roman\u00e9e-Conti Grand Cru 2004 - Riviera Cellars Wine Supply French Riviera","description":"Domaine de la Roman\u00e9e-Conti date du XVIIIe si\u00e8cle. Il est un symbole de l\u2019excellence fran\u00e7aise. Tout amateur de vin r\u00eave de pouvoir go\u00fbter","robots":{"index":"index","follow":"follow","max-snippet":"max-snippet:-1","max-image-preview":"max-image-preview:large","max-video-preview":"max-video-preview:-1"},"canonical":"https:\/\/www.rivieracellars.fr\/en\/product\/domaine-de-la-romanee-conti-grand-cru-2009\/","og_locale":"en_GB","og_type":"article","og_title":"Domaine de la Roman\u00e9e-Conti Grand Cru 2004 - Riviera Cellars Wine Supply French Riviera","og_description":"Domaine de la Roman\u00e9e-Conti date du XVIIIe si\u00e8cle. Il est un symbole de l\u2019excellence fran\u00e7aise. Tout amateur de vin r\u00eave de pouvoir go\u00fbter","og_url":"https:\/\/www.rivieracellars.fr\/en\/product\/domaine-de-la-romanee-conti-grand-cru-2009\/","og_site_name":"Riviera Cellars Wine Supply French Riviera","article_publisher":"https:\/\/www.facebook.com\/rivieracellarsfr","article_modified_time":"2024-07-20T09:14:27+00:00","og_image":[{"width":1080,"height":1080,"url":"https:\/\/www.rivieracellars.fr\/wp-content\/uploads\/2023\/02\/Romanee-Conti-2004.png","type":"image\/png"}],"twitter_card":"summary_large_image","twitter_misc":{"Estimated reading time":"1 minute"},"schema":{"@context":"https:\/\/schema.org","@graph":[{"@type":"WebPage","@id":"https:\/\/www.rivieracellars.fr\/product\/domaine-de-la-romanee-conti-grand-cru-2009\/","url":"https:\/\/www.rivieracellars.fr\/product\/domaine-de-la-romanee-conti-grand-cru-2009\/","name":"Domaine de la Roman\u00e9e-Conti Grand Cru 2004 - Riviera Cellars Wine Supply French Riviera","isPartOf":{"@id":"https:\/\/www.rivieracellars.fr\/en\/#website"},"primaryImageOfPage":{"@id":"https:\/\/www.rivieracellars.fr\/product\/domaine-de-la-romanee-conti-grand-cru-2009\/#primaryimage"},"image":{"@id":"https:\/\/www.rivieracellars.fr\/product\/domaine-de-la-romanee-conti-grand-cru-2009\/#primaryimage"},"thumbnailUrl":"https:\/\/www.rivieracellars.fr\/wp-content\/uploads\/2023\/02\/Romanee-Conti-2004.png","datePublished":"2023-02-23T10:28:13+00:00","dateModified":"2024-07-20T09:14:27+00:00","description":"Domaine de la Roman\u00e9e-Conti date du XVIIIe si\u00e8cle. Il est un symbole de l\u2019excellence fran\u00e7aise. Tout amateur de vin r\u00eave de pouvoir go\u00fbter","breadcrumb":{"@id":"https:\/\/www.rivieracellars.fr\/product\/domaine-de-la-romanee-conti-grand-cru-2009\/#breadcrumb"},"inLanguage":"en-GB","potentialAction":[{"@type":"ReadAction","target":["https:\/\/www.rivieracellars.fr\/product\/domaine-de-la-romanee-conti-grand-cru-2009\/"]}]},{"@type":"ImageObject","inLanguage":"en-GB","@id":"https:\/\/www.rivieracellars.fr\/product\/domaine-de-la-romanee-conti-grand-cru-2009\/#primaryimage","url":"https:\/\/www.rivieracellars.fr\/wp-content\/uploads\/2023\/02\/Romanee-Conti-2004.png","contentUrl":"https:\/\/www.rivieracellars.fr\/wp-content\/uploads\/2023\/02\/Romanee-Conti-2004.png","width":1080,"height":1080},{"@type":"BreadcrumbList","@id":"https:\/\/www.rivieracellars.fr\/product\/domaine-de-la-romanee-conti-grand-cru-2009\/#breadcrumb","itemListElement":[{"@type":"ListItem","position":1,"name":"Catalogue de nos Vins","item":"https:\/\/www.rivieracellars.fr\/en\/shop\/"},{"@type":"ListItem","position":2,"name":"Domaine de la Roman\u00e9e-Conti Grand Cru 2004"}]},{"@type":"WebSite","@id":"https:\/\/www.rivieracellars.fr\/en\/#website","url":"https:\/\/www.rivieracellars.fr\/en\/","name":"Riviera Cellars Wine Supply French Riviera","description":"Approvisionnement en vins et champagnes fins et rares","publisher":{"@id":"https:\/\/www.rivieracellars.fr\/en\/#organization"},"potentialAction":[{"@type":"SearchAction","target":{"@type":"EntryPoint","urlTemplate":"https:\/\/www.rivieracellars.fr\/en\/?s={search_term_string}"},"query-input":{"@type":"PropertyValueSpecification","valueRequired":true,"valueName":"search_term_string"}}],"inLanguage":"en-GB"},{"@type":"Organization","@id":"https:\/\/www.rivieracellars.fr\/en\/#organization","name":"Riviera Cellars","alternateName":"RC","url":"https:\/\/www.rivieracellars.fr\/en\/","logo":{"@type":"ImageObject","inLanguage":"en-GB","@id":"https:\/\/www.rivieracellars.fr\/en\/#\/schema\/logo\/image\/","url":"https:\/\/www.rivieracellars.fr\/wp-content\/uploads\/2022\/08\/Riviera-Cellars-Logo-White-NEW.png","contentUrl":"https:\/\/www.rivieracellars.fr\/wp-content\/uploads\/2022\/08\/Riviera-Cellars-Logo-White-NEW.png","width":800,"height":317,"caption":"Riviera Cellars"},"image":{"@id":"https:\/\/www.rivieracellars.fr\/en\/#\/schema\/logo\/image\/"},"sameAs":["https:\/\/www.facebook.com\/rivieracellarsfr"]}]}},"jetpack_sharing_enabled":true,"_links":{"self":[{"href":"https:\/\/www.rivieracellars.fr\/en\/wp-json\/wp\/v2\/product\/3314","targetHints":{"allow":["GET"]}}],"collection":[{"href":"https:\/\/www.rivieracellars.fr\/en\/wp-json\/wp\/v2\/product"}],"about":[{"href":"https:\/\/www.rivieracellars.fr\/en\/wp-json\/wp\/v2\/types\/product"}],"wp:featuredmedia":[{"embeddable":true,"href":"https:\/\/www.rivieracellars.fr\/en\/wp-json\/wp\/v2\/media\/3315"}],"wp:attachment":[{"href":"https:\/\/www.rivieracellars.fr\/en\/wp-json\/wp\/v2\/media?parent=3314"}],"wp:term":[{"taxonomy":"product_brand","embeddable":true,"href":"https:\/\/www.rivieracellars.fr\/en\/wp-json\/wp\/v2\/product_brand?post=3314"},{"taxonomy":"product_cat","embeddable":true,"href":"https:\/\/www.rivieracellars.fr\/en\/wp-json\/wp\/v2\/product_cat?post=3314"},{"taxonomy":"product_tag","embeddable":true,"href":"https:\/\/www.rivieracellars.fr\/en\/wp-json\/wp\/v2\/product_tag?post=3314"}],"curies":[{"name":"wp","href":"https:\/\/api.w.org\/{rel}","templated":true}]}}