{"id":3469,"date":"2023-05-02T15:58:57","date_gmt":"2023-05-02T13:58:57","guid":{"rendered":"https:\/\/www.rivieracellars.fr\/?post_type=product&#038;p=3469"},"modified":"2025-04-12T11:44:03","modified_gmt":"2025-04-12T09:44:03","slug":"chateau-la-calisse-coteaux-varois-en-provence-cuvee-patricia-ortelli-rose-2022","status":"publish","type":"product","link":"https:\/\/www.rivieracellars.fr\/en\/product\/chateau-la-calisse-coteaux-varois-en-provence-cuvee-patricia-ortelli-rose-2022\/","title":{"rendered":"Ch\u00e2teau La Calisse C\u00f4teaux Varois en Provence cuv\u00e9e Patricia Ortelli Ros\u00e9 2023"},"content":{"rendered":"<p>A vineyard that has been entirely restored since its acquisition in 1991 by Patricia Ortelli. The vines have been replanted in a north-south direction on land with a balanced limestone texture that has been subsoiled, drained and levelled and extends over several sunny terraces. Situated at an altitude of 380 m in a cone generating a microclimate, this terroir is very favourable to vines already cultivated by the Romans.<\/p>\n<p>The soil is maintained according to ancient practices = claws, ploughing, no weedkillers or chemical fertilisers. The treatments are traditional, essentially copper and sulphur. Since 1996, the vineyard has been certified organic (ECOCERT control).<\/p>","protected":false},"excerpt":{"rendered":"<p><strong>Colour : <\/strong>Pale pink.<\/p>\n<p><strong>Nose : <\/strong>Round, balanced, silky with redcurrant aromas.<\/p>\n<p><strong>Palate : <\/strong>Airy and fresh with aromas of vine peach and clementine.<\/p>\n<p><strong>Food Pairings : <\/strong>As an aperitif, in salads or with fresh meat (carpaccio, tartar, grilled meat), grilled fish.<\/p>","protected":false},"featured_media":3649,"template":"","meta":{"_acf_changed":false},"product_brand":[],"product_cat":[266],"product_tag":[633,634,56,289,57,535,661],"class_list":{"0":"post-3469","1":"product","2":"type-product","3":"status-publish","4":"has-post-thumbnail","6":"product_cat-vins-roses","7":"product_tag-633","8":"product_tag-cotes-de-provence","9":"product_tag-france","10":"product_tag-grenache","11":"product_tag-rose","12":"product_tag-syrah","13":"product_tag-vars","14":"pa_appellation-coteaux-varois-en-provence","15":"pa_bio-biodynamie-bio","16":"pa_cepage-grenache","17":"pa_cepage-syrah","18":"pa_conditionnement-caisse-carton","19":"pa_contenance-75-cl","20":"pa_couleur-rose","21":"pa_millesime-631","22":"pa_pays-france","23":"pa_producteur-chateau-la-calisse","24":"pa_regions-provence-alpes-cote-dazur","25":"pa_sous-region-vars","26":"pa_sucrosite-sec","27":"pa_types-vin","28":"pa_volume-dalcool-224","30":"first","31":"outofstock","32":"taxable","33":"shipping-taxable","34":"purchasable","35":"product-type-simple"},"acf":[],"yoast_head":"<!-- This site is optimized with the Yoast SEO plugin v27.4 - https:\/\/yoast.com\/product\/yoast-seo-wordpress\/ -->\n<title>Ch\u00e2teau La Calisse C\u00f4teaux Varois en Provence cuv\u00e9e Patricia Ortelli Ros\u00e9 2023 - Riviera Cellars Wine Supply French Riviera<\/title>\n<meta name=\"description\" content=\"Un Vignoble enti\u00e8rement reconstitu\u00e9 depuis son acquisition en 1991 par Patricia Ortelli. Les vignes ont \u00e9t\u00e9 replant\u00e9es dans le sens Nord Sud sur des terres\" \/>\n<meta name=\"robots\" content=\"index, follow, max-snippet:-1, max-image-preview:large, max-video-preview:-1\" \/>\n<link rel=\"canonical\" href=\"https:\/\/www.rivieracellars.fr\/en\/product\/chateau-la-calisse-coteaux-varois-en-provence-cuvee-patricia-ortelli-rose-2022\/\" \/>\n<meta property=\"og:locale\" content=\"en_GB\" \/>\n<meta property=\"og:type\" content=\"article\" \/>\n<meta property=\"og:title\" content=\"Ch\u00e2teau La Calisse C\u00f4teaux Varois en Provence cuv\u00e9e Patricia Ortelli Ros\u00e9 2023 - Riviera Cellars Wine Supply French Riviera\" \/>\n<meta property=\"og:description\" content=\"Un Vignoble enti\u00e8rement reconstitu\u00e9 depuis son acquisition en 1991 par Patricia Ortelli. Les vignes ont \u00e9t\u00e9 replant\u00e9es dans le sens Nord Sud sur des terres\" \/>\n<meta property=\"og:url\" content=\"https:\/\/www.rivieracellars.fr\/en\/product\/chateau-la-calisse-coteaux-varois-en-provence-cuvee-patricia-ortelli-rose-2022\/\" \/>\n<meta property=\"og:site_name\" content=\"Riviera Cellars Wine Supply French Riviera\" \/>\n<meta property=\"article:publisher\" content=\"https:\/\/www.facebook.com\/rivieracellarsfr\" \/>\n<meta property=\"article:modified_time\" content=\"2025-04-12T09:44:03+00:00\" \/>\n<meta property=\"og:image\" content=\"https:\/\/www.rivieracellars.fr\/wp-content\/uploads\/2023\/05\/Rose-Patricia-Ortelli-1.png\" \/>\n\t<meta property=\"og:image:width\" content=\"1080\" \/>\n\t<meta property=\"og:image:height\" content=\"1080\" \/>\n\t<meta property=\"og:image:type\" content=\"image\/png\" \/>\n<meta name=\"twitter:card\" content=\"summary_large_image\" \/>\n<meta name=\"twitter:label1\" content=\"Estimated reading time\" \/>\n\t<meta name=\"twitter:data1\" content=\"1 minute\" \/>\n<script type=\"application\/ld+json\" class=\"yoast-schema-graph\">{\"@context\":\"https:\\\/\\\/schema.org\",\"@graph\":[{\"@type\":\"WebPage\",\"@id\":\"https:\\\/\\\/www.rivieracellars.fr\\\/product\\\/chateau-la-calisse-coteaux-varois-en-provence-cuvee-patricia-ortelli-rose-2022\\\/\",\"url\":\"https:\\\/\\\/www.rivieracellars.fr\\\/product\\\/chateau-la-calisse-coteaux-varois-en-provence-cuvee-patricia-ortelli-rose-2022\\\/\",\"name\":\"Ch\u00e2teau La Calisse C\u00f4teaux Varois en Provence cuv\u00e9e Patricia Ortelli Ros\u00e9 2023 - Riviera Cellars Wine Supply French Riviera\",\"isPartOf\":{\"@id\":\"https:\\\/\\\/www.rivieracellars.fr\\\/en\\\/#website\"},\"primaryImageOfPage\":{\"@id\":\"https:\\\/\\\/www.rivieracellars.fr\\\/product\\\/chateau-la-calisse-coteaux-varois-en-provence-cuvee-patricia-ortelli-rose-2022\\\/#primaryimage\"},\"image\":{\"@id\":\"https:\\\/\\\/www.rivieracellars.fr\\\/product\\\/chateau-la-calisse-coteaux-varois-en-provence-cuvee-patricia-ortelli-rose-2022\\\/#primaryimage\"},\"thumbnailUrl\":\"https:\\\/\\\/www.rivieracellars.fr\\\/wp-content\\\/uploads\\\/2023\\\/05\\\/Rose-Patricia-Ortelli-1.png\",\"datePublished\":\"2023-05-02T13:58:57+00:00\",\"dateModified\":\"2025-04-12T09:44:03+00:00\",\"description\":\"Un Vignoble enti\u00e8rement reconstitu\u00e9 depuis son acquisition en 1991 par Patricia Ortelli. Les vignes ont \u00e9t\u00e9 replant\u00e9es dans le sens Nord Sud sur des terres\",\"breadcrumb\":{\"@id\":\"https:\\\/\\\/www.rivieracellars.fr\\\/product\\\/chateau-la-calisse-coteaux-varois-en-provence-cuvee-patricia-ortelli-rose-2022\\\/#breadcrumb\"},\"inLanguage\":\"en-GB\",\"potentialAction\":[{\"@type\":\"ReadAction\",\"target\":[\"https:\\\/\\\/www.rivieracellars.fr\\\/product\\\/chateau-la-calisse-coteaux-varois-en-provence-cuvee-patricia-ortelli-rose-2022\\\/\"]}]},{\"@type\":\"ImageObject\",\"inLanguage\":\"en-GB\",\"@id\":\"https:\\\/\\\/www.rivieracellars.fr\\\/product\\\/chateau-la-calisse-coteaux-varois-en-provence-cuvee-patricia-ortelli-rose-2022\\\/#primaryimage\",\"url\":\"https:\\\/\\\/www.rivieracellars.fr\\\/wp-content\\\/uploads\\\/2023\\\/05\\\/Rose-Patricia-Ortelli-1.png\",\"contentUrl\":\"https:\\\/\\\/www.rivieracellars.fr\\\/wp-content\\\/uploads\\\/2023\\\/05\\\/Rose-Patricia-Ortelli-1.png\",\"width\":1080,\"height\":1080},{\"@type\":\"BreadcrumbList\",\"@id\":\"https:\\\/\\\/www.rivieracellars.fr\\\/product\\\/chateau-la-calisse-coteaux-varois-en-provence-cuvee-patricia-ortelli-rose-2022\\\/#breadcrumb\",\"itemListElement\":[{\"@type\":\"ListItem\",\"position\":1,\"name\":\"Catalogue de nos Vins\",\"item\":\"https:\\\/\\\/www.rivieracellars.fr\\\/en\\\/shop\\\/\"},{\"@type\":\"ListItem\",\"position\":2,\"name\":\"Ch\u00e2teau La Calisse C\u00f4teaux Varois en Provence cuv\u00e9e Patricia Ortelli Ros\u00e9 2023\"}]},{\"@type\":\"WebSite\",\"@id\":\"https:\\\/\\\/www.rivieracellars.fr\\\/en\\\/#website\",\"url\":\"https:\\\/\\\/www.rivieracellars.fr\\\/en\\\/\",\"name\":\"Riviera Cellars Wine Supply French Riviera\",\"description\":\"Approvisionnement en vins et champagnes fins et rares\",\"publisher\":{\"@id\":\"https:\\\/\\\/www.rivieracellars.fr\\\/en\\\/#organization\"},\"potentialAction\":[{\"@type\":\"SearchAction\",\"target\":{\"@type\":\"EntryPoint\",\"urlTemplate\":\"https:\\\/\\\/www.rivieracellars.fr\\\/en\\\/?s={search_term_string}\"},\"query-input\":{\"@type\":\"PropertyValueSpecification\",\"valueRequired\":true,\"valueName\":\"search_term_string\"}}],\"inLanguage\":\"en-GB\"},{\"@type\":\"Organization\",\"@id\":\"https:\\\/\\\/www.rivieracellars.fr\\\/en\\\/#organization\",\"name\":\"Riviera Cellars\",\"alternateName\":\"RC\",\"url\":\"https:\\\/\\\/www.rivieracellars.fr\\\/en\\\/\",\"logo\":{\"@type\":\"ImageObject\",\"inLanguage\":\"en-GB\",\"@id\":\"https:\\\/\\\/www.rivieracellars.fr\\\/en\\\/#\\\/schema\\\/logo\\\/image\\\/\",\"url\":\"https:\\\/\\\/www.rivieracellars.fr\\\/wp-content\\\/uploads\\\/2022\\\/08\\\/Riviera-Cellars-Logo-White-NEW.png\",\"contentUrl\":\"https:\\\/\\\/www.rivieracellars.fr\\\/wp-content\\\/uploads\\\/2022\\\/08\\\/Riviera-Cellars-Logo-White-NEW.png\",\"width\":800,\"height\":317,\"caption\":\"Riviera Cellars\"},\"image\":{\"@id\":\"https:\\\/\\\/www.rivieracellars.fr\\\/en\\\/#\\\/schema\\\/logo\\\/image\\\/\"},\"sameAs\":[\"https:\\\/\\\/www.facebook.com\\\/rivieracellarsfr\"]}]}<\/script>\n<!-- \/ Yoast SEO plugin. -->","yoast_head_json":{"title":"Ch\u00e2teau La Calisse C\u00f4teaux Varois en Provence cuv\u00e9e Patricia Ortelli Ros\u00e9 2023 - Riviera Cellars Wine Supply French Riviera","description":"Un Vignoble enti\u00e8rement reconstitu\u00e9 depuis son acquisition en 1991 par Patricia Ortelli. Les vignes ont \u00e9t\u00e9 replant\u00e9es dans le sens Nord Sud sur des terres","robots":{"index":"index","follow":"follow","max-snippet":"max-snippet:-1","max-image-preview":"max-image-preview:large","max-video-preview":"max-video-preview:-1"},"canonical":"https:\/\/www.rivieracellars.fr\/en\/product\/chateau-la-calisse-coteaux-varois-en-provence-cuvee-patricia-ortelli-rose-2022\/","og_locale":"en_GB","og_type":"article","og_title":"Ch\u00e2teau La Calisse C\u00f4teaux Varois en Provence cuv\u00e9e Patricia Ortelli Ros\u00e9 2023 - Riviera Cellars Wine Supply French Riviera","og_description":"Un Vignoble enti\u00e8rement reconstitu\u00e9 depuis son acquisition en 1991 par Patricia Ortelli. Les vignes ont \u00e9t\u00e9 replant\u00e9es dans le sens Nord Sud sur des terres","og_url":"https:\/\/www.rivieracellars.fr\/en\/product\/chateau-la-calisse-coteaux-varois-en-provence-cuvee-patricia-ortelli-rose-2022\/","og_site_name":"Riviera Cellars Wine Supply French Riviera","article_publisher":"https:\/\/www.facebook.com\/rivieracellarsfr","article_modified_time":"2025-04-12T09:44:03+00:00","og_image":[{"width":1080,"height":1080,"url":"https:\/\/www.rivieracellars.fr\/wp-content\/uploads\/2023\/05\/Rose-Patricia-Ortelli-1.png","type":"image\/png"}],"twitter_card":"summary_large_image","twitter_misc":{"Estimated reading time":"1 minute"},"schema":{"@context":"https:\/\/schema.org","@graph":[{"@type":"WebPage","@id":"https:\/\/www.rivieracellars.fr\/product\/chateau-la-calisse-coteaux-varois-en-provence-cuvee-patricia-ortelli-rose-2022\/","url":"https:\/\/www.rivieracellars.fr\/product\/chateau-la-calisse-coteaux-varois-en-provence-cuvee-patricia-ortelli-rose-2022\/","name":"Ch\u00e2teau La Calisse C\u00f4teaux Varois en Provence cuv\u00e9e Patricia Ortelli Ros\u00e9 2023 - Riviera Cellars Wine Supply French Riviera","isPartOf":{"@id":"https:\/\/www.rivieracellars.fr\/en\/#website"},"primaryImageOfPage":{"@id":"https:\/\/www.rivieracellars.fr\/product\/chateau-la-calisse-coteaux-varois-en-provence-cuvee-patricia-ortelli-rose-2022\/#primaryimage"},"image":{"@id":"https:\/\/www.rivieracellars.fr\/product\/chateau-la-calisse-coteaux-varois-en-provence-cuvee-patricia-ortelli-rose-2022\/#primaryimage"},"thumbnailUrl":"https:\/\/www.rivieracellars.fr\/wp-content\/uploads\/2023\/05\/Rose-Patricia-Ortelli-1.png","datePublished":"2023-05-02T13:58:57+00:00","dateModified":"2025-04-12T09:44:03+00:00","description":"Un Vignoble enti\u00e8rement reconstitu\u00e9 depuis son acquisition en 1991 par Patricia Ortelli. Les vignes ont \u00e9t\u00e9 replant\u00e9es dans le sens Nord Sud sur des terres","breadcrumb":{"@id":"https:\/\/www.rivieracellars.fr\/product\/chateau-la-calisse-coteaux-varois-en-provence-cuvee-patricia-ortelli-rose-2022\/#breadcrumb"},"inLanguage":"en-GB","potentialAction":[{"@type":"ReadAction","target":["https:\/\/www.rivieracellars.fr\/product\/chateau-la-calisse-coteaux-varois-en-provence-cuvee-patricia-ortelli-rose-2022\/"]}]},{"@type":"ImageObject","inLanguage":"en-GB","@id":"https:\/\/www.rivieracellars.fr\/product\/chateau-la-calisse-coteaux-varois-en-provence-cuvee-patricia-ortelli-rose-2022\/#primaryimage","url":"https:\/\/www.rivieracellars.fr\/wp-content\/uploads\/2023\/05\/Rose-Patricia-Ortelli-1.png","contentUrl":"https:\/\/www.rivieracellars.fr\/wp-content\/uploads\/2023\/05\/Rose-Patricia-Ortelli-1.png","width":1080,"height":1080},{"@type":"BreadcrumbList","@id":"https:\/\/www.rivieracellars.fr\/product\/chateau-la-calisse-coteaux-varois-en-provence-cuvee-patricia-ortelli-rose-2022\/#breadcrumb","itemListElement":[{"@type":"ListItem","position":1,"name":"Catalogue de nos Vins","item":"https:\/\/www.rivieracellars.fr\/en\/shop\/"},{"@type":"ListItem","position":2,"name":"Ch\u00e2teau La Calisse C\u00f4teaux Varois en Provence cuv\u00e9e Patricia Ortelli Ros\u00e9 2023"}]},{"@type":"WebSite","@id":"https:\/\/www.rivieracellars.fr\/en\/#website","url":"https:\/\/www.rivieracellars.fr\/en\/","name":"Riviera Cellars Wine Supply French Riviera","description":"Approvisionnement en vins et champagnes fins et rares","publisher":{"@id":"https:\/\/www.rivieracellars.fr\/en\/#organization"},"potentialAction":[{"@type":"SearchAction","target":{"@type":"EntryPoint","urlTemplate":"https:\/\/www.rivieracellars.fr\/en\/?s={search_term_string}"},"query-input":{"@type":"PropertyValueSpecification","valueRequired":true,"valueName":"search_term_string"}}],"inLanguage":"en-GB"},{"@type":"Organization","@id":"https:\/\/www.rivieracellars.fr\/en\/#organization","name":"Riviera Cellars","alternateName":"RC","url":"https:\/\/www.rivieracellars.fr\/en\/","logo":{"@type":"ImageObject","inLanguage":"en-GB","@id":"https:\/\/www.rivieracellars.fr\/en\/#\/schema\/logo\/image\/","url":"https:\/\/www.rivieracellars.fr\/wp-content\/uploads\/2022\/08\/Riviera-Cellars-Logo-White-NEW.png","contentUrl":"https:\/\/www.rivieracellars.fr\/wp-content\/uploads\/2022\/08\/Riviera-Cellars-Logo-White-NEW.png","width":800,"height":317,"caption":"Riviera Cellars"},"image":{"@id":"https:\/\/www.rivieracellars.fr\/en\/#\/schema\/logo\/image\/"},"sameAs":["https:\/\/www.facebook.com\/rivieracellarsfr"]}]}},"jetpack_sharing_enabled":true,"_links":{"self":[{"href":"https:\/\/www.rivieracellars.fr\/en\/wp-json\/wp\/v2\/product\/3469","targetHints":{"allow":["GET"]}}],"collection":[{"href":"https:\/\/www.rivieracellars.fr\/en\/wp-json\/wp\/v2\/product"}],"about":[{"href":"https:\/\/www.rivieracellars.fr\/en\/wp-json\/wp\/v2\/types\/product"}],"wp:featuredmedia":[{"embeddable":true,"href":"https:\/\/www.rivieracellars.fr\/en\/wp-json\/wp\/v2\/media\/3649"}],"wp:attachment":[{"href":"https:\/\/www.rivieracellars.fr\/en\/wp-json\/wp\/v2\/media?parent=3469"}],"wp:term":[{"taxonomy":"product_brand","embeddable":true,"href":"https:\/\/www.rivieracellars.fr\/en\/wp-json\/wp\/v2\/product_brand?post=3469"},{"taxonomy":"product_cat","embeddable":true,"href":"https:\/\/www.rivieracellars.fr\/en\/wp-json\/wp\/v2\/product_cat?post=3469"},{"taxonomy":"product_tag","embeddable":true,"href":"https:\/\/www.rivieracellars.fr\/en\/wp-json\/wp\/v2\/product_tag?post=3469"}],"curies":[{"name":"wp","href":"https:\/\/api.w.org\/{rel}","templated":true}]}}