{"id":3501,"date":"2023-05-09T18:07:40","date_gmt":"2023-05-09T16:07:40","guid":{"rendered":"https:\/\/www.rivieracellars.fr\/?post_type=product&#038;p=3501"},"modified":"2025-01-22T17:22:54","modified_gmt":"2025-01-22T16:22:54","slug":"domaine-armand-rousseau-chambertin-clos-de-beze-grand-cru-2010","status":"publish","type":"product","link":"https:\/\/www.rivieracellars.fr\/en\/product\/domaine-armand-rousseau-chambertin-clos-de-beze-grand-cru-2010\/","title":{"rendered":"Domaine Armand Rousseau Chambertin Clos de B\u00e8ze Grand Cru 2010"},"content":{"rendered":"<p>It is in Burgundy that the Rousseau family has been working for 4 generations with the same passion and the most beautiful terroirs of the C\u00f4te de Nuits...<\/p>\n<p>Eric runs the Domaine with the help of his daughter Cyrielle. Over the years, the Domaine has grown and now works a surface area of 15 hectares 33, including 3 hectares of Appellation Village, 3 hectares 77 of Appellation Premier Cru and 8 hectares 51 of Appellation Grand Cru, located on the territories of Gevrey-Chambertin and Morey-Saint-Denis. Since its creation, it is a ritual that is naturally established in the family of winegrowers: the previous generation teaches the next one so that it perpetuates a close link between Man and the vine as well as the work well done. This passion for the vine is reborn again and again in the Rousseau family... This deep respect for the terroir is rooted in the family.<\/p>","protected":false},"excerpt":{"rendered":"<p class=\"Default\"><b><span style=\"font-family: 'Rubik Light';\">Colour : <\/span><\/b><span style=\"font-family: 'Rubik Light';\">Dark ruby red, almost opaque.<\/span><\/p>\n<p><strong>Nose : <\/strong>Intense aromas of black fruits such as black cherry, blackberry, plum and cassis, with subtle notes of vanilla, smoke and spices.<\/p>\n<p><strong>Palate : <\/strong><strong>\u00a0<\/strong>Concentrated and powerful with firm but fine tannins. Dark fruit flavours dominate with a touch of liquorice and dark chocolate. The finish is long and persistent, leaving an impression of freshness and elegance.<\/p>\n<p><strong>Food Pairings : <\/strong>Grilled lamb chops with herbs, Escalope of foie gras fried with truffles.<\/p>","protected":false},"featured_media":3497,"template":"","meta":{"_acf_changed":false},"product_brand":[],"product_cat":[30],"product_tag":[23,52,619,56,274,27,31,628,32],"class_list":{"0":"post-3501","1":"product","2":"type-product","3":"status-publish","4":"has-post-thumbnail","6":"product_cat-vins-rouges","7":"product_tag-23","8":"product_tag-bourgogne","9":"product_tag-cote-de-nuits","10":"product_tag-france","11":"product_tag-grand-cru","12":"product_tag-pinot-noir","13":"product_tag-rouge","14":"product_tag-rousseau","15":"product_tag-sec","16":"pa_appellation-aop-chambertin-clos-de-beze","17":"pa_cepage-pinot-noir","18":"pa_conditionnement-caisse-carton","19":"pa_contenance-75-cl","20":"pa_couleur-rouge","21":"pa_millesime-80","22":"pa_pays-france","23":"pa_potentiel-de-garde-581","24":"pa_producteur-domaine-armand-rousseau","25":"pa_regions-bourgogne","26":"pa_sous-region-cote-de-nuits","27":"pa_sucrosite-sec","28":"pa_types-vin","29":"pa_volume-dalcool-226","31":"first","32":"instock","33":"taxable","34":"shipping-taxable","35":"purchasable","36":"product-type-simple"},"acf":[],"yoast_head":"<!-- This site is optimized with the Yoast SEO plugin v27.4 - https:\/\/yoast.com\/product\/yoast-seo-wordpress\/ -->\n<title>Domaine Armand Rousseau Chambertin Clos de B\u00e8ze Grand Cru 2010 - Riviera Cellars Wine Supply French Riviera<\/title>\n<meta name=\"description\" content=\"C&#039;est en Bourgogne que la famille Rousseau travaille depuis 4 g\u00e9n\u00e9rations avec la m\u00eame passion et les plus beaux terroirs de la c\u00f4te de Nuits\u2026\" \/>\n<meta name=\"robots\" content=\"index, follow, max-snippet:-1, max-image-preview:large, max-video-preview:-1\" \/>\n<link rel=\"canonical\" href=\"https:\/\/www.rivieracellars.fr\/en\/product\/domaine-armand-rousseau-chambertin-clos-de-beze-grand-cru-2010\/\" \/>\n<meta property=\"og:locale\" content=\"en_GB\" \/>\n<meta property=\"og:type\" content=\"article\" \/>\n<meta property=\"og:title\" content=\"Domaine Armand Rousseau Chambertin Clos de B\u00e8ze Grand Cru 2010 - Riviera Cellars Wine Supply French Riviera\" \/>\n<meta property=\"og:description\" content=\"C&#039;est en Bourgogne que la famille Rousseau travaille depuis 4 g\u00e9n\u00e9rations avec la m\u00eame passion et les plus beaux terroirs de la c\u00f4te de Nuits\u2026\" \/>\n<meta property=\"og:url\" content=\"https:\/\/www.rivieracellars.fr\/en\/product\/domaine-armand-rousseau-chambertin-clos-de-beze-grand-cru-2010\/\" \/>\n<meta property=\"og:site_name\" content=\"Riviera Cellars Wine Supply French Riviera\" \/>\n<meta property=\"article:publisher\" content=\"https:\/\/www.facebook.com\/rivieracellarsfr\" \/>\n<meta property=\"article:modified_time\" content=\"2025-01-22T16:22:54+00:00\" \/>\n<meta property=\"og:image\" content=\"https:\/\/www.rivieracellars.fr\/wp-content\/uploads\/2023\/05\/ARclosdeBeze2010.png\" \/>\n\t<meta property=\"og:image:width\" content=\"1080\" \/>\n\t<meta property=\"og:image:height\" content=\"1080\" \/>\n\t<meta property=\"og:image:type\" content=\"image\/png\" \/>\n<meta name=\"twitter:card\" content=\"summary_large_image\" \/>\n<meta name=\"twitter:label1\" content=\"Estimated reading time\" \/>\n\t<meta name=\"twitter:data1\" content=\"1 minute\" \/>\n<script type=\"application\/ld+json\" class=\"yoast-schema-graph\">{\"@context\":\"https:\\\/\\\/schema.org\",\"@graph\":[{\"@type\":\"WebPage\",\"@id\":\"https:\\\/\\\/www.rivieracellars.fr\\\/product\\\/domaine-armand-rousseau-chambertin-clos-de-beze-grand-cru-2010\\\/\",\"url\":\"https:\\\/\\\/www.rivieracellars.fr\\\/product\\\/domaine-armand-rousseau-chambertin-clos-de-beze-grand-cru-2010\\\/\",\"name\":\"Domaine Armand Rousseau Chambertin Clos de B\u00e8ze Grand Cru 2010 - Riviera Cellars Wine Supply French Riviera\",\"isPartOf\":{\"@id\":\"https:\\\/\\\/www.rivieracellars.fr\\\/en\\\/#website\"},\"primaryImageOfPage\":{\"@id\":\"https:\\\/\\\/www.rivieracellars.fr\\\/product\\\/domaine-armand-rousseau-chambertin-clos-de-beze-grand-cru-2010\\\/#primaryimage\"},\"image\":{\"@id\":\"https:\\\/\\\/www.rivieracellars.fr\\\/product\\\/domaine-armand-rousseau-chambertin-clos-de-beze-grand-cru-2010\\\/#primaryimage\"},\"thumbnailUrl\":\"https:\\\/\\\/www.rivieracellars.fr\\\/wp-content\\\/uploads\\\/2023\\\/05\\\/ARclosdeBeze2010.png\",\"datePublished\":\"2023-05-09T16:07:40+00:00\",\"dateModified\":\"2025-01-22T16:22:54+00:00\",\"description\":\"C'est en Bourgogne que la famille Rousseau travaille depuis 4 g\u00e9n\u00e9rations avec la m\u00eame passion et les plus beaux terroirs de la c\u00f4te de Nuits\u2026\",\"breadcrumb\":{\"@id\":\"https:\\\/\\\/www.rivieracellars.fr\\\/product\\\/domaine-armand-rousseau-chambertin-clos-de-beze-grand-cru-2010\\\/#breadcrumb\"},\"inLanguage\":\"en-GB\",\"potentialAction\":[{\"@type\":\"ReadAction\",\"target\":[\"https:\\\/\\\/www.rivieracellars.fr\\\/product\\\/domaine-armand-rousseau-chambertin-clos-de-beze-grand-cru-2010\\\/\"]}]},{\"@type\":\"ImageObject\",\"inLanguage\":\"en-GB\",\"@id\":\"https:\\\/\\\/www.rivieracellars.fr\\\/product\\\/domaine-armand-rousseau-chambertin-clos-de-beze-grand-cru-2010\\\/#primaryimage\",\"url\":\"https:\\\/\\\/www.rivieracellars.fr\\\/wp-content\\\/uploads\\\/2023\\\/05\\\/ARclosdeBeze2010.png\",\"contentUrl\":\"https:\\\/\\\/www.rivieracellars.fr\\\/wp-content\\\/uploads\\\/2023\\\/05\\\/ARclosdeBeze2010.png\",\"width\":1080,\"height\":1080},{\"@type\":\"BreadcrumbList\",\"@id\":\"https:\\\/\\\/www.rivieracellars.fr\\\/product\\\/domaine-armand-rousseau-chambertin-clos-de-beze-grand-cru-2010\\\/#breadcrumb\",\"itemListElement\":[{\"@type\":\"ListItem\",\"position\":1,\"name\":\"Catalogue de nos Vins\",\"item\":\"https:\\\/\\\/www.rivieracellars.fr\\\/en\\\/shop\\\/\"},{\"@type\":\"ListItem\",\"position\":2,\"name\":\"Domaine Armand Rousseau Chambertin Clos de B\u00e8ze Grand Cru 2010\"}]},{\"@type\":\"WebSite\",\"@id\":\"https:\\\/\\\/www.rivieracellars.fr\\\/en\\\/#website\",\"url\":\"https:\\\/\\\/www.rivieracellars.fr\\\/en\\\/\",\"name\":\"Riviera Cellars Wine Supply French Riviera\",\"description\":\"Approvisionnement en vins et champagnes fins et rares\",\"publisher\":{\"@id\":\"https:\\\/\\\/www.rivieracellars.fr\\\/en\\\/#organization\"},\"potentialAction\":[{\"@type\":\"SearchAction\",\"target\":{\"@type\":\"EntryPoint\",\"urlTemplate\":\"https:\\\/\\\/www.rivieracellars.fr\\\/en\\\/?s={search_term_string}\"},\"query-input\":{\"@type\":\"PropertyValueSpecification\",\"valueRequired\":true,\"valueName\":\"search_term_string\"}}],\"inLanguage\":\"en-GB\"},{\"@type\":\"Organization\",\"@id\":\"https:\\\/\\\/www.rivieracellars.fr\\\/en\\\/#organization\",\"name\":\"Riviera Cellars\",\"alternateName\":\"RC\",\"url\":\"https:\\\/\\\/www.rivieracellars.fr\\\/en\\\/\",\"logo\":{\"@type\":\"ImageObject\",\"inLanguage\":\"en-GB\",\"@id\":\"https:\\\/\\\/www.rivieracellars.fr\\\/en\\\/#\\\/schema\\\/logo\\\/image\\\/\",\"url\":\"https:\\\/\\\/www.rivieracellars.fr\\\/wp-content\\\/uploads\\\/2022\\\/08\\\/Riviera-Cellars-Logo-White-NEW.png\",\"contentUrl\":\"https:\\\/\\\/www.rivieracellars.fr\\\/wp-content\\\/uploads\\\/2022\\\/08\\\/Riviera-Cellars-Logo-White-NEW.png\",\"width\":800,\"height\":317,\"caption\":\"Riviera Cellars\"},\"image\":{\"@id\":\"https:\\\/\\\/www.rivieracellars.fr\\\/en\\\/#\\\/schema\\\/logo\\\/image\\\/\"},\"sameAs\":[\"https:\\\/\\\/www.facebook.com\\\/rivieracellarsfr\"]}]}<\/script>\n<!-- \/ Yoast SEO plugin. -->","yoast_head_json":{"title":"Domaine Armand Rousseau Chambertin Clos de B\u00e8ze Grand Cru 2010 - Riviera Cellars Wine Supply French Riviera","description":"C'est en Bourgogne que la famille Rousseau travaille depuis 4 g\u00e9n\u00e9rations avec la m\u00eame passion et les plus beaux terroirs de la c\u00f4te de Nuits\u2026","robots":{"index":"index","follow":"follow","max-snippet":"max-snippet:-1","max-image-preview":"max-image-preview:large","max-video-preview":"max-video-preview:-1"},"canonical":"https:\/\/www.rivieracellars.fr\/en\/product\/domaine-armand-rousseau-chambertin-clos-de-beze-grand-cru-2010\/","og_locale":"en_GB","og_type":"article","og_title":"Domaine Armand Rousseau Chambertin Clos de B\u00e8ze Grand Cru 2010 - Riviera Cellars Wine Supply French Riviera","og_description":"C'est en Bourgogne que la famille Rousseau travaille depuis 4 g\u00e9n\u00e9rations avec la m\u00eame passion et les plus beaux terroirs de la c\u00f4te de Nuits\u2026","og_url":"https:\/\/www.rivieracellars.fr\/en\/product\/domaine-armand-rousseau-chambertin-clos-de-beze-grand-cru-2010\/","og_site_name":"Riviera Cellars Wine Supply French Riviera","article_publisher":"https:\/\/www.facebook.com\/rivieracellarsfr","article_modified_time":"2025-01-22T16:22:54+00:00","og_image":[{"width":1080,"height":1080,"url":"https:\/\/www.rivieracellars.fr\/wp-content\/uploads\/2023\/05\/ARclosdeBeze2010.png","type":"image\/png"}],"twitter_card":"summary_large_image","twitter_misc":{"Estimated reading time":"1 minute"},"schema":{"@context":"https:\/\/schema.org","@graph":[{"@type":"WebPage","@id":"https:\/\/www.rivieracellars.fr\/product\/domaine-armand-rousseau-chambertin-clos-de-beze-grand-cru-2010\/","url":"https:\/\/www.rivieracellars.fr\/product\/domaine-armand-rousseau-chambertin-clos-de-beze-grand-cru-2010\/","name":"Domaine Armand Rousseau Chambertin Clos de B\u00e8ze Grand Cru 2010 - Riviera Cellars Wine Supply French Riviera","isPartOf":{"@id":"https:\/\/www.rivieracellars.fr\/en\/#website"},"primaryImageOfPage":{"@id":"https:\/\/www.rivieracellars.fr\/product\/domaine-armand-rousseau-chambertin-clos-de-beze-grand-cru-2010\/#primaryimage"},"image":{"@id":"https:\/\/www.rivieracellars.fr\/product\/domaine-armand-rousseau-chambertin-clos-de-beze-grand-cru-2010\/#primaryimage"},"thumbnailUrl":"https:\/\/www.rivieracellars.fr\/wp-content\/uploads\/2023\/05\/ARclosdeBeze2010.png","datePublished":"2023-05-09T16:07:40+00:00","dateModified":"2025-01-22T16:22:54+00:00","description":"C'est en Bourgogne que la famille Rousseau travaille depuis 4 g\u00e9n\u00e9rations avec la m\u00eame passion et les plus beaux terroirs de la c\u00f4te de Nuits\u2026","breadcrumb":{"@id":"https:\/\/www.rivieracellars.fr\/product\/domaine-armand-rousseau-chambertin-clos-de-beze-grand-cru-2010\/#breadcrumb"},"inLanguage":"en-GB","potentialAction":[{"@type":"ReadAction","target":["https:\/\/www.rivieracellars.fr\/product\/domaine-armand-rousseau-chambertin-clos-de-beze-grand-cru-2010\/"]}]},{"@type":"ImageObject","inLanguage":"en-GB","@id":"https:\/\/www.rivieracellars.fr\/product\/domaine-armand-rousseau-chambertin-clos-de-beze-grand-cru-2010\/#primaryimage","url":"https:\/\/www.rivieracellars.fr\/wp-content\/uploads\/2023\/05\/ARclosdeBeze2010.png","contentUrl":"https:\/\/www.rivieracellars.fr\/wp-content\/uploads\/2023\/05\/ARclosdeBeze2010.png","width":1080,"height":1080},{"@type":"BreadcrumbList","@id":"https:\/\/www.rivieracellars.fr\/product\/domaine-armand-rousseau-chambertin-clos-de-beze-grand-cru-2010\/#breadcrumb","itemListElement":[{"@type":"ListItem","position":1,"name":"Catalogue de nos Vins","item":"https:\/\/www.rivieracellars.fr\/en\/shop\/"},{"@type":"ListItem","position":2,"name":"Domaine Armand Rousseau Chambertin Clos de B\u00e8ze Grand Cru 2010"}]},{"@type":"WebSite","@id":"https:\/\/www.rivieracellars.fr\/en\/#website","url":"https:\/\/www.rivieracellars.fr\/en\/","name":"Riviera Cellars Wine Supply French Riviera","description":"Approvisionnement en vins et champagnes fins et rares","publisher":{"@id":"https:\/\/www.rivieracellars.fr\/en\/#organization"},"potentialAction":[{"@type":"SearchAction","target":{"@type":"EntryPoint","urlTemplate":"https:\/\/www.rivieracellars.fr\/en\/?s={search_term_string}"},"query-input":{"@type":"PropertyValueSpecification","valueRequired":true,"valueName":"search_term_string"}}],"inLanguage":"en-GB"},{"@type":"Organization","@id":"https:\/\/www.rivieracellars.fr\/en\/#organization","name":"Riviera Cellars","alternateName":"RC","url":"https:\/\/www.rivieracellars.fr\/en\/","logo":{"@type":"ImageObject","inLanguage":"en-GB","@id":"https:\/\/www.rivieracellars.fr\/en\/#\/schema\/logo\/image\/","url":"https:\/\/www.rivieracellars.fr\/wp-content\/uploads\/2022\/08\/Riviera-Cellars-Logo-White-NEW.png","contentUrl":"https:\/\/www.rivieracellars.fr\/wp-content\/uploads\/2022\/08\/Riviera-Cellars-Logo-White-NEW.png","width":800,"height":317,"caption":"Riviera Cellars"},"image":{"@id":"https:\/\/www.rivieracellars.fr\/en\/#\/schema\/logo\/image\/"},"sameAs":["https:\/\/www.facebook.com\/rivieracellarsfr"]}]}},"jetpack_sharing_enabled":true,"_links":{"self":[{"href":"https:\/\/www.rivieracellars.fr\/en\/wp-json\/wp\/v2\/product\/3501","targetHints":{"allow":["GET"]}}],"collection":[{"href":"https:\/\/www.rivieracellars.fr\/en\/wp-json\/wp\/v2\/product"}],"about":[{"href":"https:\/\/www.rivieracellars.fr\/en\/wp-json\/wp\/v2\/types\/product"}],"wp:featuredmedia":[{"embeddable":true,"href":"https:\/\/www.rivieracellars.fr\/en\/wp-json\/wp\/v2\/media\/3497"}],"wp:attachment":[{"href":"https:\/\/www.rivieracellars.fr\/en\/wp-json\/wp\/v2\/media?parent=3501"}],"wp:term":[{"taxonomy":"product_brand","embeddable":true,"href":"https:\/\/www.rivieracellars.fr\/en\/wp-json\/wp\/v2\/product_brand?post=3501"},{"taxonomy":"product_cat","embeddable":true,"href":"https:\/\/www.rivieracellars.fr\/en\/wp-json\/wp\/v2\/product_cat?post=3501"},{"taxonomy":"product_tag","embeddable":true,"href":"https:\/\/www.rivieracellars.fr\/en\/wp-json\/wp\/v2\/product_tag?post=3501"}],"curies":[{"name":"wp","href":"https:\/\/api.w.org\/{rel}","templated":true}]}}