{"id":3510,"date":"2023-05-12T10:37:55","date_gmt":"2023-05-12T08:37:55","guid":{"rendered":"https:\/\/www.rivieracellars.fr\/?post_type=product&#038;p=3510"},"modified":"2024-04-02T17:21:18","modified_gmt":"2024-04-02T15:21:18","slug":"domaine-perrot-minot-chambertin-clos-de-beze-grand-cru-vieilles-vignes-2006","status":"publish","type":"product","link":"https:\/\/www.rivieracellars.fr\/en\/product\/domaine-perrot-minot-chambertin-clos-de-beze-grand-cru-vieilles-vignes-2006\/","title":{"rendered":"Domaine Perrot-Minot Chambertin Clos de B\u00e8ze Grand Cru Vieilles Vignes 2006"},"content":{"rendered":"<p>The origins of the estate go back to the middle of the 19th century, but it is Am\u00e9d\u00e9e Merme who is going to enlarge and structure the vineyard at the beginning of the 20th century. Accompanied by his son Armand, they sought to ensure the reputation of the estate in France and beyond by producing quality wines. In the 1970s, Marie France Merme continued the work of her father Armand with her husband Henri Perrot-Minot. After Armand's death, Marie-France and Henri took over the reins of the estate, which was renamed Perrot-Minot. Together, they perpetuated the tradition of quality and innovation that had already prevailed in the previous two generations.<\/p>\n<p>In 1993, their son Christophe Perrot-Minot joined the domain and took over the management, after having worked as a wine broker for seven years. His previous experiences have given him a deep and broad knowledge of the winegrowing profession.<\/p>","protected":false},"excerpt":{"rendered":"<p><strong>Colour\u00a0<\/strong>: Deep ruby red.<\/p>\n<p><strong>Nose : <\/strong>Intense aromas of ripe black fruits, blackcurrant, cherry and blackberry, as well as notes of spices.<\/p>\n<p><strong>Palate : <\/strong><strong>\u00a0<\/strong>Rich and slightly acidic with grainy tannins. Aromas of red berries, peat, gravel and chalk. A very nice balance, elegance and harmony.<\/p>\n<p><strong>Food Pairings : <\/strong>It goes perfectly with game in sauce, mature cheeses and most beef dishes.<\/p>","protected":false},"featured_media":3512,"template":"","meta":{"_acf_changed":false},"product_brand":[],"product_cat":[30],"product_tag":[521,52,618,619,56,274,27,31,32],"class_list":{"0":"post-3510","1":"product","2":"type-product","3":"status-publish","4":"has-post-thumbnail","6":"product_cat-vins-rouges","7":"product_tag-521","8":"product_tag-bourgogne","9":"product_tag-chambertin","10":"product_tag-cote-de-nuits","11":"product_tag-france","12":"product_tag-grand-cru","13":"product_tag-pinot-noir","14":"product_tag-rouge","15":"product_tag-sec","16":"pa_appellation-aop-chambertin-clos-de-beze-2","17":"pa_cepage-pinot-noir","18":"pa_conditionnement-caisse-carton","19":"pa_contenance-75-cl","20":"pa_couleur-rouge","21":"pa_millesime-519","22":"pa_pays-france","23":"pa_producteur-domaine-perrot-minot","24":"pa_regions-bourgogne","25":"pa_sous-region-cote-de-nuits","26":"pa_sucrosite-sec","27":"pa_types-vin","28":"pa_volume-dalcool-224","30":"first","31":"outofstock","32":"taxable","33":"shipping-taxable","34":"purchasable","35":"product-type-simple"},"acf":[],"yoast_head":"<!-- This site is optimized with the Yoast SEO plugin v27.4 - https:\/\/yoast.com\/product\/yoast-seo-wordpress\/ -->\n<title>Domaine Perrot-Minot Chambertin Clos de B\u00e8ze Grand Cru Vieilles Vignes 2006 - Riviera Cellars Wine Supply French Riviera<\/title>\n<meta name=\"description\" content=\"Les origines du domaine remontent au milieu du XIXe\u00a0si\u00e8cle, mais c&#039;est Am\u00e9d\u00e9e Merme qui va s&#039;attacher \u00e0 agrandir et structurer le vignoble au d\u00e9but du XXe\" \/>\n<meta name=\"robots\" content=\"index, follow, max-snippet:-1, max-image-preview:large, max-video-preview:-1\" \/>\n<link rel=\"canonical\" href=\"https:\/\/www.rivieracellars.fr\/en\/product\/domaine-perrot-minot-chambertin-clos-de-beze-grand-cru-vieilles-vignes-2006\/\" \/>\n<meta property=\"og:locale\" content=\"en_GB\" \/>\n<meta property=\"og:type\" content=\"article\" \/>\n<meta property=\"og:title\" content=\"Domaine Perrot-Minot Chambertin Clos de B\u00e8ze Grand Cru Vieilles Vignes 2006 - Riviera Cellars Wine Supply French Riviera\" \/>\n<meta property=\"og:description\" content=\"Les origines du domaine remontent au milieu du XIXe\u00a0si\u00e8cle, mais c&#039;est Am\u00e9d\u00e9e Merme qui va s&#039;attacher \u00e0 agrandir et structurer le vignoble au d\u00e9but du XXe\" \/>\n<meta property=\"og:url\" content=\"https:\/\/www.rivieracellars.fr\/en\/product\/domaine-perrot-minot-chambertin-clos-de-beze-grand-cru-vieilles-vignes-2006\/\" \/>\n<meta property=\"og:site_name\" content=\"Riviera Cellars Wine Supply French Riviera\" \/>\n<meta property=\"article:publisher\" content=\"https:\/\/www.facebook.com\/rivieracellarsfr\" \/>\n<meta property=\"article:modified_time\" content=\"2024-04-02T15:21:18+00:00\" \/>\n<meta property=\"og:image\" content=\"https:\/\/www.rivieracellars.fr\/wp-content\/uploads\/2023\/05\/chambertinClosdeBeze2006-1.png\" \/>\n\t<meta property=\"og:image:width\" content=\"1080\" \/>\n\t<meta property=\"og:image:height\" content=\"1080\" \/>\n\t<meta property=\"og:image:type\" content=\"image\/png\" \/>\n<meta name=\"twitter:card\" content=\"summary_large_image\" \/>\n<meta name=\"twitter:label1\" content=\"Estimated reading time\" \/>\n\t<meta name=\"twitter:data1\" content=\"1 minute\" \/>\n<script type=\"application\/ld+json\" class=\"yoast-schema-graph\">{\"@context\":\"https:\\\/\\\/schema.org\",\"@graph\":[{\"@type\":\"WebPage\",\"@id\":\"https:\\\/\\\/www.rivieracellars.fr\\\/product\\\/domaine-perrot-minot-chambertin-clos-de-beze-grand-cru-vieilles-vignes-2006\\\/\",\"url\":\"https:\\\/\\\/www.rivieracellars.fr\\\/product\\\/domaine-perrot-minot-chambertin-clos-de-beze-grand-cru-vieilles-vignes-2006\\\/\",\"name\":\"Domaine Perrot-Minot Chambertin Clos de B\u00e8ze Grand Cru Vieilles Vignes 2006 - Riviera Cellars Wine Supply French Riviera\",\"isPartOf\":{\"@id\":\"https:\\\/\\\/www.rivieracellars.fr\\\/en\\\/#website\"},\"primaryImageOfPage\":{\"@id\":\"https:\\\/\\\/www.rivieracellars.fr\\\/product\\\/domaine-perrot-minot-chambertin-clos-de-beze-grand-cru-vieilles-vignes-2006\\\/#primaryimage\"},\"image\":{\"@id\":\"https:\\\/\\\/www.rivieracellars.fr\\\/product\\\/domaine-perrot-minot-chambertin-clos-de-beze-grand-cru-vieilles-vignes-2006\\\/#primaryimage\"},\"thumbnailUrl\":\"https:\\\/\\\/www.rivieracellars.fr\\\/wp-content\\\/uploads\\\/2023\\\/05\\\/chambertinClosdeBeze2006-1.png\",\"datePublished\":\"2023-05-12T08:37:55+00:00\",\"dateModified\":\"2024-04-02T15:21:18+00:00\",\"description\":\"Les origines du domaine remontent au milieu du XIXe\u00a0si\u00e8cle, mais c'est Am\u00e9d\u00e9e Merme qui va s'attacher \u00e0 agrandir et structurer le vignoble au d\u00e9but du XXe\",\"breadcrumb\":{\"@id\":\"https:\\\/\\\/www.rivieracellars.fr\\\/product\\\/domaine-perrot-minot-chambertin-clos-de-beze-grand-cru-vieilles-vignes-2006\\\/#breadcrumb\"},\"inLanguage\":\"en-GB\",\"potentialAction\":[{\"@type\":\"ReadAction\",\"target\":[\"https:\\\/\\\/www.rivieracellars.fr\\\/product\\\/domaine-perrot-minot-chambertin-clos-de-beze-grand-cru-vieilles-vignes-2006\\\/\"]}]},{\"@type\":\"ImageObject\",\"inLanguage\":\"en-GB\",\"@id\":\"https:\\\/\\\/www.rivieracellars.fr\\\/product\\\/domaine-perrot-minot-chambertin-clos-de-beze-grand-cru-vieilles-vignes-2006\\\/#primaryimage\",\"url\":\"https:\\\/\\\/www.rivieracellars.fr\\\/wp-content\\\/uploads\\\/2023\\\/05\\\/chambertinClosdeBeze2006-1.png\",\"contentUrl\":\"https:\\\/\\\/www.rivieracellars.fr\\\/wp-content\\\/uploads\\\/2023\\\/05\\\/chambertinClosdeBeze2006-1.png\",\"width\":1080,\"height\":1080},{\"@type\":\"BreadcrumbList\",\"@id\":\"https:\\\/\\\/www.rivieracellars.fr\\\/product\\\/domaine-perrot-minot-chambertin-clos-de-beze-grand-cru-vieilles-vignes-2006\\\/#breadcrumb\",\"itemListElement\":[{\"@type\":\"ListItem\",\"position\":1,\"name\":\"Catalogue de nos Vins\",\"item\":\"https:\\\/\\\/www.rivieracellars.fr\\\/en\\\/shop\\\/\"},{\"@type\":\"ListItem\",\"position\":2,\"name\":\"Domaine Perrot-Minot Chambertin Clos de B\u00e8ze Grand Cru Vieilles Vignes 2006\"}]},{\"@type\":\"WebSite\",\"@id\":\"https:\\\/\\\/www.rivieracellars.fr\\\/en\\\/#website\",\"url\":\"https:\\\/\\\/www.rivieracellars.fr\\\/en\\\/\",\"name\":\"Riviera Cellars Wine Supply French Riviera\",\"description\":\"Approvisionnement en vins et champagnes fins et rares\",\"publisher\":{\"@id\":\"https:\\\/\\\/www.rivieracellars.fr\\\/en\\\/#organization\"},\"potentialAction\":[{\"@type\":\"SearchAction\",\"target\":{\"@type\":\"EntryPoint\",\"urlTemplate\":\"https:\\\/\\\/www.rivieracellars.fr\\\/en\\\/?s={search_term_string}\"},\"query-input\":{\"@type\":\"PropertyValueSpecification\",\"valueRequired\":true,\"valueName\":\"search_term_string\"}}],\"inLanguage\":\"en-GB\"},{\"@type\":\"Organization\",\"@id\":\"https:\\\/\\\/www.rivieracellars.fr\\\/en\\\/#organization\",\"name\":\"Riviera Cellars\",\"alternateName\":\"RC\",\"url\":\"https:\\\/\\\/www.rivieracellars.fr\\\/en\\\/\",\"logo\":{\"@type\":\"ImageObject\",\"inLanguage\":\"en-GB\",\"@id\":\"https:\\\/\\\/www.rivieracellars.fr\\\/en\\\/#\\\/schema\\\/logo\\\/image\\\/\",\"url\":\"https:\\\/\\\/www.rivieracellars.fr\\\/wp-content\\\/uploads\\\/2022\\\/08\\\/Riviera-Cellars-Logo-White-NEW.png\",\"contentUrl\":\"https:\\\/\\\/www.rivieracellars.fr\\\/wp-content\\\/uploads\\\/2022\\\/08\\\/Riviera-Cellars-Logo-White-NEW.png\",\"width\":800,\"height\":317,\"caption\":\"Riviera Cellars\"},\"image\":{\"@id\":\"https:\\\/\\\/www.rivieracellars.fr\\\/en\\\/#\\\/schema\\\/logo\\\/image\\\/\"},\"sameAs\":[\"https:\\\/\\\/www.facebook.com\\\/rivieracellarsfr\"]}]}<\/script>\n<!-- \/ Yoast SEO plugin. -->","yoast_head_json":{"title":"Domaine Perrot-Minot Chambertin Clos de B\u00e8ze Grand Cru Vieilles Vignes 2006 - Riviera Cellars Wine Supply French Riviera","description":"Les origines du domaine remontent au milieu du XIXe\u00a0si\u00e8cle, mais c'est Am\u00e9d\u00e9e Merme qui va s'attacher \u00e0 agrandir et structurer le vignoble au d\u00e9but du XXe","robots":{"index":"index","follow":"follow","max-snippet":"max-snippet:-1","max-image-preview":"max-image-preview:large","max-video-preview":"max-video-preview:-1"},"canonical":"https:\/\/www.rivieracellars.fr\/en\/product\/domaine-perrot-minot-chambertin-clos-de-beze-grand-cru-vieilles-vignes-2006\/","og_locale":"en_GB","og_type":"article","og_title":"Domaine Perrot-Minot Chambertin Clos de B\u00e8ze Grand Cru Vieilles Vignes 2006 - Riviera Cellars Wine Supply French Riviera","og_description":"Les origines du domaine remontent au milieu du XIXe\u00a0si\u00e8cle, mais c'est Am\u00e9d\u00e9e Merme qui va s'attacher \u00e0 agrandir et structurer le vignoble au d\u00e9but du XXe","og_url":"https:\/\/www.rivieracellars.fr\/en\/product\/domaine-perrot-minot-chambertin-clos-de-beze-grand-cru-vieilles-vignes-2006\/","og_site_name":"Riviera Cellars Wine Supply French Riviera","article_publisher":"https:\/\/www.facebook.com\/rivieracellarsfr","article_modified_time":"2024-04-02T15:21:18+00:00","og_image":[{"width":1080,"height":1080,"url":"https:\/\/www.rivieracellars.fr\/wp-content\/uploads\/2023\/05\/chambertinClosdeBeze2006-1.png","type":"image\/png"}],"twitter_card":"summary_large_image","twitter_misc":{"Estimated reading time":"1 minute"},"schema":{"@context":"https:\/\/schema.org","@graph":[{"@type":"WebPage","@id":"https:\/\/www.rivieracellars.fr\/product\/domaine-perrot-minot-chambertin-clos-de-beze-grand-cru-vieilles-vignes-2006\/","url":"https:\/\/www.rivieracellars.fr\/product\/domaine-perrot-minot-chambertin-clos-de-beze-grand-cru-vieilles-vignes-2006\/","name":"Domaine Perrot-Minot Chambertin Clos de B\u00e8ze Grand Cru Vieilles Vignes 2006 - Riviera Cellars Wine Supply French Riviera","isPartOf":{"@id":"https:\/\/www.rivieracellars.fr\/en\/#website"},"primaryImageOfPage":{"@id":"https:\/\/www.rivieracellars.fr\/product\/domaine-perrot-minot-chambertin-clos-de-beze-grand-cru-vieilles-vignes-2006\/#primaryimage"},"image":{"@id":"https:\/\/www.rivieracellars.fr\/product\/domaine-perrot-minot-chambertin-clos-de-beze-grand-cru-vieilles-vignes-2006\/#primaryimage"},"thumbnailUrl":"https:\/\/www.rivieracellars.fr\/wp-content\/uploads\/2023\/05\/chambertinClosdeBeze2006-1.png","datePublished":"2023-05-12T08:37:55+00:00","dateModified":"2024-04-02T15:21:18+00:00","description":"Les origines du domaine remontent au milieu du XIXe\u00a0si\u00e8cle, mais c'est Am\u00e9d\u00e9e Merme qui va s'attacher \u00e0 agrandir et structurer le vignoble au d\u00e9but du XXe","breadcrumb":{"@id":"https:\/\/www.rivieracellars.fr\/product\/domaine-perrot-minot-chambertin-clos-de-beze-grand-cru-vieilles-vignes-2006\/#breadcrumb"},"inLanguage":"en-GB","potentialAction":[{"@type":"ReadAction","target":["https:\/\/www.rivieracellars.fr\/product\/domaine-perrot-minot-chambertin-clos-de-beze-grand-cru-vieilles-vignes-2006\/"]}]},{"@type":"ImageObject","inLanguage":"en-GB","@id":"https:\/\/www.rivieracellars.fr\/product\/domaine-perrot-minot-chambertin-clos-de-beze-grand-cru-vieilles-vignes-2006\/#primaryimage","url":"https:\/\/www.rivieracellars.fr\/wp-content\/uploads\/2023\/05\/chambertinClosdeBeze2006-1.png","contentUrl":"https:\/\/www.rivieracellars.fr\/wp-content\/uploads\/2023\/05\/chambertinClosdeBeze2006-1.png","width":1080,"height":1080},{"@type":"BreadcrumbList","@id":"https:\/\/www.rivieracellars.fr\/product\/domaine-perrot-minot-chambertin-clos-de-beze-grand-cru-vieilles-vignes-2006\/#breadcrumb","itemListElement":[{"@type":"ListItem","position":1,"name":"Catalogue de nos Vins","item":"https:\/\/www.rivieracellars.fr\/en\/shop\/"},{"@type":"ListItem","position":2,"name":"Domaine Perrot-Minot Chambertin Clos de B\u00e8ze Grand Cru Vieilles Vignes 2006"}]},{"@type":"WebSite","@id":"https:\/\/www.rivieracellars.fr\/en\/#website","url":"https:\/\/www.rivieracellars.fr\/en\/","name":"Riviera Cellars Wine Supply French Riviera","description":"Approvisionnement en vins et champagnes fins et rares","publisher":{"@id":"https:\/\/www.rivieracellars.fr\/en\/#organization"},"potentialAction":[{"@type":"SearchAction","target":{"@type":"EntryPoint","urlTemplate":"https:\/\/www.rivieracellars.fr\/en\/?s={search_term_string}"},"query-input":{"@type":"PropertyValueSpecification","valueRequired":true,"valueName":"search_term_string"}}],"inLanguage":"en-GB"},{"@type":"Organization","@id":"https:\/\/www.rivieracellars.fr\/en\/#organization","name":"Riviera Cellars","alternateName":"RC","url":"https:\/\/www.rivieracellars.fr\/en\/","logo":{"@type":"ImageObject","inLanguage":"en-GB","@id":"https:\/\/www.rivieracellars.fr\/en\/#\/schema\/logo\/image\/","url":"https:\/\/www.rivieracellars.fr\/wp-content\/uploads\/2022\/08\/Riviera-Cellars-Logo-White-NEW.png","contentUrl":"https:\/\/www.rivieracellars.fr\/wp-content\/uploads\/2022\/08\/Riviera-Cellars-Logo-White-NEW.png","width":800,"height":317,"caption":"Riviera Cellars"},"image":{"@id":"https:\/\/www.rivieracellars.fr\/en\/#\/schema\/logo\/image\/"},"sameAs":["https:\/\/www.facebook.com\/rivieracellarsfr"]}]}},"jetpack_sharing_enabled":true,"_links":{"self":[{"href":"https:\/\/www.rivieracellars.fr\/en\/wp-json\/wp\/v2\/product\/3510","targetHints":{"allow":["GET"]}}],"collection":[{"href":"https:\/\/www.rivieracellars.fr\/en\/wp-json\/wp\/v2\/product"}],"about":[{"href":"https:\/\/www.rivieracellars.fr\/en\/wp-json\/wp\/v2\/types\/product"}],"wp:featuredmedia":[{"embeddable":true,"href":"https:\/\/www.rivieracellars.fr\/en\/wp-json\/wp\/v2\/media\/3512"}],"wp:attachment":[{"href":"https:\/\/www.rivieracellars.fr\/en\/wp-json\/wp\/v2\/media?parent=3510"}],"wp:term":[{"taxonomy":"product_brand","embeddable":true,"href":"https:\/\/www.rivieracellars.fr\/en\/wp-json\/wp\/v2\/product_brand?post=3510"},{"taxonomy":"product_cat","embeddable":true,"href":"https:\/\/www.rivieracellars.fr\/en\/wp-json\/wp\/v2\/product_cat?post=3510"},{"taxonomy":"product_tag","embeddable":true,"href":"https:\/\/www.rivieracellars.fr\/en\/wp-json\/wp\/v2\/product_tag?post=3510"}],"curies":[{"name":"wp","href":"https:\/\/api.w.org\/{rel}","templated":true}]}}