{"id":3528,"date":"2023-05-16T16:13:48","date_gmt":"2023-05-16T14:13:48","guid":{"rendered":"https:\/\/www.rivieracellars.fr\/?post_type=product&#038;p=3528"},"modified":"2023-05-16T16:13:49","modified_gmt":"2023-05-16T14:13:49","slug":"domaine-georges-roumier-clos-de-la-bussiere-1er-cru-2009","status":"publish","type":"product","link":"https:\/\/www.rivieracellars.fr\/en\/product\/domaine-georges-roumier-clos-de-la-bussiere-1er-cru-2009\/","title":{"rendered":"Domaine Georges Roumier Clos de la Bussiere 1er Cru 2009"},"content":{"rendered":"<p>Domaine Georges Roumier is one of the most renowned wine estates in Burgundy, France. Its history goes back several generations and is closely linked to the Roumier family. The estate was founded by Georges Roumier in the 1920s. Originally, the estate consisted mainly of vineyards in Chambolle-Musigny, a famous wine-producing commune in Burgundy. Georges Roumier was one of the first winemakers in the region to bottle his own wines, rather than selling them in bulk. Over the years, the domaine expanded and acquired parcels in other prestigious Burgundy appellations, including Morey-Saint-Denis and Bonnes-Mares. Georges Roumier was known for his meticulous approach to viticulture and his constant search for quality. Georges' son, Jean-Marie Roumier, took over the estate in the 1950s. He continued to develop the reputation of the estate and worked to expand the vineyards.<\/p>\n<p>Today, the estate is run by Christophe Roumier, Georges' grandson. Christophe joined the estate in 1982 and brought his own vision and passion for viticulture. He is recognised as one of the most talented winemakers in the region and has maintained the excellence and reputation of the estate. Domaine Georges Roumier is renowned for producing classy, elegant and expressive wines that capture the quintessence of Burgundy terroirs. Their approach to viticulture is based on respect for nature and the search for balance in the vineyards.<\/p>\n<p>With carefully tended vineyards and traditional winemaking practices, Domaine Georges Roumier continues to be one of the most sought-after estates in Burgundy, with worldwide demand for its wines often outstripping the limited supply.<\/p>","protected":false},"excerpt":{"rendered":"<p><strong>Colour: <\/strong>Deep ruby red.<\/p>\n<p><strong>Nose : <\/strong>Intense and complex, with aromas of ripe black fruits such as cherry, juicy blackberry, blackcurrant and hints of violet.<\/p>\n<p><strong>Palate : <\/strong>Full-bodied and well-balanced, with refined, firm tannins. Black fruit flavours mingle with spicy and woody notes, with a long, lingering finish.<\/p>\n<p><strong>Food Pairings : <\/strong>Hare \u00e0 la royale with P\u00e9rigord black truffle sauce.<\/p>","protected":false},"featured_media":3529,"template":"","meta":{"_acf_changed":false},"product_brand":[],"product_cat":[30],"product_tag":[272,34,52,619,56,689,27,31,32],"class_list":{"0":"post-3528","1":"product","2":"type-product","3":"status-publish","4":"has-post-thumbnail","6":"product_cat-vins-rouges","7":"product_tag-1er-cru","8":"product_tag-34","9":"product_tag-bourgogne","10":"product_tag-cote-de-nuits","11":"product_tag-france","12":"product_tag-morey-saint-denis","13":"product_tag-pinot-noir","14":"product_tag-rouge","15":"product_tag-sec","16":"pa_appellation-aop-morey-saint-denis-1er-cru","17":"pa_cepage-pinot-noir","18":"pa_conditionnement-caisse-carton","19":"pa_contenance-75-cl","20":"pa_couleur-rouge","21":"pa_millesime-90","22":"pa_pays-france","23":"pa_potentiel-de-garde-684","24":"pa_producteur-domaine-georges-roumier","25":"pa_regions-bourgogne","26":"pa_sous-region-cote-de-nuits","27":"pa_sucrosite-sec","28":"pa_types-vin","29":"pa_volume-dalcool-226","31":"first","32":"instock","33":"taxable","34":"shipping-taxable","35":"purchasable","36":"product-type-simple"},"acf":[],"yoast_head":"<!-- This site is optimized with the Yoast SEO plugin v27.4 - https:\/\/yoast.com\/product\/yoast-seo-wordpress\/ -->\n<title>Domaine Georges Roumier Clos de la Bussiere 1er Cru 2009 - Riviera Cellars Wine Supply French Riviera<\/title>\n<meta name=\"description\" content=\"Le Domaine Georges Roumier est l&#039;un des domaines viticoles les plus renomm\u00e9s de Bourgogne, en France. Son histoire remonte \u00e0 plusieurs g\u00e9n\u00e9rations et\" \/>\n<meta name=\"robots\" content=\"index, follow, max-snippet:-1, max-image-preview:large, max-video-preview:-1\" \/>\n<link rel=\"canonical\" href=\"https:\/\/www.rivieracellars.fr\/en\/product\/domaine-georges-roumier-clos-de-la-bussiere-1er-cru-2009\/\" \/>\n<meta property=\"og:locale\" content=\"en_GB\" \/>\n<meta property=\"og:type\" content=\"article\" \/>\n<meta property=\"og:title\" content=\"Domaine Georges Roumier Clos de la Bussiere 1er Cru 2009 - Riviera Cellars Wine Supply French Riviera\" \/>\n<meta property=\"og:description\" content=\"Le Domaine Georges Roumier est l&#039;un des domaines viticoles les plus renomm\u00e9s de Bourgogne, en France. Son histoire remonte \u00e0 plusieurs g\u00e9n\u00e9rations et\" \/>\n<meta property=\"og:url\" content=\"https:\/\/www.rivieracellars.fr\/en\/product\/domaine-georges-roumier-clos-de-la-bussiere-1er-cru-2009\/\" \/>\n<meta property=\"og:site_name\" content=\"Riviera Cellars Wine Supply French Riviera\" \/>\n<meta property=\"article:publisher\" content=\"https:\/\/www.facebook.com\/rivieracellarsfr\" \/>\n<meta property=\"article:modified_time\" content=\"2023-05-16T14:13:49+00:00\" \/>\n<meta property=\"og:image\" content=\"https:\/\/www.rivieracellars.fr\/wp-content\/uploads\/2023\/05\/MSDenis2009.png\" \/>\n\t<meta property=\"og:image:width\" content=\"1080\" \/>\n\t<meta property=\"og:image:height\" content=\"1080\" \/>\n\t<meta property=\"og:image:type\" content=\"image\/png\" \/>\n<meta name=\"twitter:card\" content=\"summary_large_image\" \/>\n<meta name=\"twitter:label1\" content=\"Estimated reading time\" \/>\n\t<meta name=\"twitter:data1\" content=\"2 minutes\" \/>\n<script type=\"application\/ld+json\" class=\"yoast-schema-graph\">{\"@context\":\"https:\\\/\\\/schema.org\",\"@graph\":[{\"@type\":\"WebPage\",\"@id\":\"https:\\\/\\\/www.rivieracellars.fr\\\/product\\\/domaine-georges-roumier-clos-de-la-bussiere-1er-cru-2009\\\/\",\"url\":\"https:\\\/\\\/www.rivieracellars.fr\\\/product\\\/domaine-georges-roumier-clos-de-la-bussiere-1er-cru-2009\\\/\",\"name\":\"Domaine Georges Roumier Clos de la Bussiere 1er Cru 2009 - Riviera Cellars Wine Supply French Riviera\",\"isPartOf\":{\"@id\":\"https:\\\/\\\/www.rivieracellars.fr\\\/en\\\/#website\"},\"primaryImageOfPage\":{\"@id\":\"https:\\\/\\\/www.rivieracellars.fr\\\/product\\\/domaine-georges-roumier-clos-de-la-bussiere-1er-cru-2009\\\/#primaryimage\"},\"image\":{\"@id\":\"https:\\\/\\\/www.rivieracellars.fr\\\/product\\\/domaine-georges-roumier-clos-de-la-bussiere-1er-cru-2009\\\/#primaryimage\"},\"thumbnailUrl\":\"https:\\\/\\\/www.rivieracellars.fr\\\/wp-content\\\/uploads\\\/2023\\\/05\\\/MSDenis2009.png\",\"datePublished\":\"2023-05-16T14:13:48+00:00\",\"dateModified\":\"2023-05-16T14:13:49+00:00\",\"description\":\"Le Domaine Georges Roumier est l'un des domaines viticoles les plus renomm\u00e9s de Bourgogne, en France. Son histoire remonte \u00e0 plusieurs g\u00e9n\u00e9rations et\",\"breadcrumb\":{\"@id\":\"https:\\\/\\\/www.rivieracellars.fr\\\/product\\\/domaine-georges-roumier-clos-de-la-bussiere-1er-cru-2009\\\/#breadcrumb\"},\"inLanguage\":\"en-GB\",\"potentialAction\":[{\"@type\":\"ReadAction\",\"target\":[\"https:\\\/\\\/www.rivieracellars.fr\\\/product\\\/domaine-georges-roumier-clos-de-la-bussiere-1er-cru-2009\\\/\"]}]},{\"@type\":\"ImageObject\",\"inLanguage\":\"en-GB\",\"@id\":\"https:\\\/\\\/www.rivieracellars.fr\\\/product\\\/domaine-georges-roumier-clos-de-la-bussiere-1er-cru-2009\\\/#primaryimage\",\"url\":\"https:\\\/\\\/www.rivieracellars.fr\\\/wp-content\\\/uploads\\\/2023\\\/05\\\/MSDenis2009.png\",\"contentUrl\":\"https:\\\/\\\/www.rivieracellars.fr\\\/wp-content\\\/uploads\\\/2023\\\/05\\\/MSDenis2009.png\",\"width\":1080,\"height\":1080},{\"@type\":\"BreadcrumbList\",\"@id\":\"https:\\\/\\\/www.rivieracellars.fr\\\/product\\\/domaine-georges-roumier-clos-de-la-bussiere-1er-cru-2009\\\/#breadcrumb\",\"itemListElement\":[{\"@type\":\"ListItem\",\"position\":1,\"name\":\"Catalogue de nos Vins\",\"item\":\"https:\\\/\\\/www.rivieracellars.fr\\\/en\\\/shop\\\/\"},{\"@type\":\"ListItem\",\"position\":2,\"name\":\"Domaine Georges Roumier Clos de la Bussiere 1er Cru 2009\"}]},{\"@type\":\"WebSite\",\"@id\":\"https:\\\/\\\/www.rivieracellars.fr\\\/en\\\/#website\",\"url\":\"https:\\\/\\\/www.rivieracellars.fr\\\/en\\\/\",\"name\":\"Riviera Cellars Wine Supply French Riviera\",\"description\":\"Approvisionnement en vins et champagnes fins et rares\",\"publisher\":{\"@id\":\"https:\\\/\\\/www.rivieracellars.fr\\\/en\\\/#organization\"},\"potentialAction\":[{\"@type\":\"SearchAction\",\"target\":{\"@type\":\"EntryPoint\",\"urlTemplate\":\"https:\\\/\\\/www.rivieracellars.fr\\\/en\\\/?s={search_term_string}\"},\"query-input\":{\"@type\":\"PropertyValueSpecification\",\"valueRequired\":true,\"valueName\":\"search_term_string\"}}],\"inLanguage\":\"en-GB\"},{\"@type\":\"Organization\",\"@id\":\"https:\\\/\\\/www.rivieracellars.fr\\\/en\\\/#organization\",\"name\":\"Riviera Cellars\",\"alternateName\":\"RC\",\"url\":\"https:\\\/\\\/www.rivieracellars.fr\\\/en\\\/\",\"logo\":{\"@type\":\"ImageObject\",\"inLanguage\":\"en-GB\",\"@id\":\"https:\\\/\\\/www.rivieracellars.fr\\\/en\\\/#\\\/schema\\\/logo\\\/image\\\/\",\"url\":\"https:\\\/\\\/www.rivieracellars.fr\\\/wp-content\\\/uploads\\\/2022\\\/08\\\/Riviera-Cellars-Logo-White-NEW.png\",\"contentUrl\":\"https:\\\/\\\/www.rivieracellars.fr\\\/wp-content\\\/uploads\\\/2022\\\/08\\\/Riviera-Cellars-Logo-White-NEW.png\",\"width\":800,\"height\":317,\"caption\":\"Riviera Cellars\"},\"image\":{\"@id\":\"https:\\\/\\\/www.rivieracellars.fr\\\/en\\\/#\\\/schema\\\/logo\\\/image\\\/\"},\"sameAs\":[\"https:\\\/\\\/www.facebook.com\\\/rivieracellarsfr\"]}]}<\/script>\n<!-- \/ Yoast SEO plugin. -->","yoast_head_json":{"title":"Domaine Georges Roumier Clos de la Bussiere 1er Cru 2009 - Riviera Cellars Wine Supply French Riviera","description":"Le Domaine Georges Roumier est l'un des domaines viticoles les plus renomm\u00e9s de Bourgogne, en France. Son histoire remonte \u00e0 plusieurs g\u00e9n\u00e9rations et","robots":{"index":"index","follow":"follow","max-snippet":"max-snippet:-1","max-image-preview":"max-image-preview:large","max-video-preview":"max-video-preview:-1"},"canonical":"https:\/\/www.rivieracellars.fr\/en\/product\/domaine-georges-roumier-clos-de-la-bussiere-1er-cru-2009\/","og_locale":"en_GB","og_type":"article","og_title":"Domaine Georges Roumier Clos de la Bussiere 1er Cru 2009 - Riviera Cellars Wine Supply French Riviera","og_description":"Le Domaine Georges Roumier est l'un des domaines viticoles les plus renomm\u00e9s de Bourgogne, en France. Son histoire remonte \u00e0 plusieurs g\u00e9n\u00e9rations et","og_url":"https:\/\/www.rivieracellars.fr\/en\/product\/domaine-georges-roumier-clos-de-la-bussiere-1er-cru-2009\/","og_site_name":"Riviera Cellars Wine Supply French Riviera","article_publisher":"https:\/\/www.facebook.com\/rivieracellarsfr","article_modified_time":"2023-05-16T14:13:49+00:00","og_image":[{"width":1080,"height":1080,"url":"https:\/\/www.rivieracellars.fr\/wp-content\/uploads\/2023\/05\/MSDenis2009.png","type":"image\/png"}],"twitter_card":"summary_large_image","twitter_misc":{"Estimated reading time":"2 minutes"},"schema":{"@context":"https:\/\/schema.org","@graph":[{"@type":"WebPage","@id":"https:\/\/www.rivieracellars.fr\/product\/domaine-georges-roumier-clos-de-la-bussiere-1er-cru-2009\/","url":"https:\/\/www.rivieracellars.fr\/product\/domaine-georges-roumier-clos-de-la-bussiere-1er-cru-2009\/","name":"Domaine Georges Roumier Clos de la Bussiere 1er Cru 2009 - Riviera Cellars Wine Supply French Riviera","isPartOf":{"@id":"https:\/\/www.rivieracellars.fr\/en\/#website"},"primaryImageOfPage":{"@id":"https:\/\/www.rivieracellars.fr\/product\/domaine-georges-roumier-clos-de-la-bussiere-1er-cru-2009\/#primaryimage"},"image":{"@id":"https:\/\/www.rivieracellars.fr\/product\/domaine-georges-roumier-clos-de-la-bussiere-1er-cru-2009\/#primaryimage"},"thumbnailUrl":"https:\/\/www.rivieracellars.fr\/wp-content\/uploads\/2023\/05\/MSDenis2009.png","datePublished":"2023-05-16T14:13:48+00:00","dateModified":"2023-05-16T14:13:49+00:00","description":"Le Domaine Georges Roumier est l'un des domaines viticoles les plus renomm\u00e9s de Bourgogne, en France. Son histoire remonte \u00e0 plusieurs g\u00e9n\u00e9rations et","breadcrumb":{"@id":"https:\/\/www.rivieracellars.fr\/product\/domaine-georges-roumier-clos-de-la-bussiere-1er-cru-2009\/#breadcrumb"},"inLanguage":"en-GB","potentialAction":[{"@type":"ReadAction","target":["https:\/\/www.rivieracellars.fr\/product\/domaine-georges-roumier-clos-de-la-bussiere-1er-cru-2009\/"]}]},{"@type":"ImageObject","inLanguage":"en-GB","@id":"https:\/\/www.rivieracellars.fr\/product\/domaine-georges-roumier-clos-de-la-bussiere-1er-cru-2009\/#primaryimage","url":"https:\/\/www.rivieracellars.fr\/wp-content\/uploads\/2023\/05\/MSDenis2009.png","contentUrl":"https:\/\/www.rivieracellars.fr\/wp-content\/uploads\/2023\/05\/MSDenis2009.png","width":1080,"height":1080},{"@type":"BreadcrumbList","@id":"https:\/\/www.rivieracellars.fr\/product\/domaine-georges-roumier-clos-de-la-bussiere-1er-cru-2009\/#breadcrumb","itemListElement":[{"@type":"ListItem","position":1,"name":"Catalogue de nos Vins","item":"https:\/\/www.rivieracellars.fr\/en\/shop\/"},{"@type":"ListItem","position":2,"name":"Domaine Georges Roumier Clos de la Bussiere 1er Cru 2009"}]},{"@type":"WebSite","@id":"https:\/\/www.rivieracellars.fr\/en\/#website","url":"https:\/\/www.rivieracellars.fr\/en\/","name":"Riviera Cellars Wine Supply French Riviera","description":"Approvisionnement en vins et champagnes fins et rares","publisher":{"@id":"https:\/\/www.rivieracellars.fr\/en\/#organization"},"potentialAction":[{"@type":"SearchAction","target":{"@type":"EntryPoint","urlTemplate":"https:\/\/www.rivieracellars.fr\/en\/?s={search_term_string}"},"query-input":{"@type":"PropertyValueSpecification","valueRequired":true,"valueName":"search_term_string"}}],"inLanguage":"en-GB"},{"@type":"Organization","@id":"https:\/\/www.rivieracellars.fr\/en\/#organization","name":"Riviera Cellars","alternateName":"RC","url":"https:\/\/www.rivieracellars.fr\/en\/","logo":{"@type":"ImageObject","inLanguage":"en-GB","@id":"https:\/\/www.rivieracellars.fr\/en\/#\/schema\/logo\/image\/","url":"https:\/\/www.rivieracellars.fr\/wp-content\/uploads\/2022\/08\/Riviera-Cellars-Logo-White-NEW.png","contentUrl":"https:\/\/www.rivieracellars.fr\/wp-content\/uploads\/2022\/08\/Riviera-Cellars-Logo-White-NEW.png","width":800,"height":317,"caption":"Riviera Cellars"},"image":{"@id":"https:\/\/www.rivieracellars.fr\/en\/#\/schema\/logo\/image\/"},"sameAs":["https:\/\/www.facebook.com\/rivieracellarsfr"]}]}},"jetpack_sharing_enabled":true,"_links":{"self":[{"href":"https:\/\/www.rivieracellars.fr\/en\/wp-json\/wp\/v2\/product\/3528","targetHints":{"allow":["GET"]}}],"collection":[{"href":"https:\/\/www.rivieracellars.fr\/en\/wp-json\/wp\/v2\/product"}],"about":[{"href":"https:\/\/www.rivieracellars.fr\/en\/wp-json\/wp\/v2\/types\/product"}],"wp:featuredmedia":[{"embeddable":true,"href":"https:\/\/www.rivieracellars.fr\/en\/wp-json\/wp\/v2\/media\/3529"}],"wp:attachment":[{"href":"https:\/\/www.rivieracellars.fr\/en\/wp-json\/wp\/v2\/media?parent=3528"}],"wp:term":[{"taxonomy":"product_brand","embeddable":true,"href":"https:\/\/www.rivieracellars.fr\/en\/wp-json\/wp\/v2\/product_brand?post=3528"},{"taxonomy":"product_cat","embeddable":true,"href":"https:\/\/www.rivieracellars.fr\/en\/wp-json\/wp\/v2\/product_cat?post=3528"},{"taxonomy":"product_tag","embeddable":true,"href":"https:\/\/www.rivieracellars.fr\/en\/wp-json\/wp\/v2\/product_tag?post=3528"}],"curies":[{"name":"wp","href":"https:\/\/api.w.org\/{rel}","templated":true}]}}