{"id":3572,"date":"2023-05-25T15:57:22","date_gmt":"2023-05-25T13:57:22","guid":{"rendered":"https:\/\/www.rivieracellars.fr\/?post_type=product&#038;p=3572"},"modified":"2025-04-29T17:21:57","modified_gmt":"2025-04-29T15:21:57","slug":"domaine-cecile-tremblay-echezeaux-grand-cru-du-dessus-2016","status":"publish","type":"product","link":"https:\/\/www.rivieracellars.fr\/en\/product\/domaine-cecile-tremblay-echezeaux-grand-cru-du-dessus-2016\/","title":{"rendered":"Domaine C\u00e9cile Tremblay Ech\u00e9zeaux Grand Cru \u00ab\u00a0du dessus\u00a0\u00bb 2016"},"content":{"rendered":"<p>Domaine C\u00e9cile Tremblay is a wine estate located in Vosne-Roman\u00e9e, Burgundy, France. C\u00e9cile Tremblay herself has been at the head of the estate since 2003. She took over the family business and quickly established herself as one of the most talented winemakers in the region.<\/p>\n<p>The history of the estate goes back several generations. The Tremblay family has been growing vines in Vosne-Roman\u00e9e since the mid-19th century. Originally, the estate was mainly dedicated to the production of grapes, which were sold to other merchants in the region. C\u00e9cile Tremblay decided to transform this practice by making her own wines, in order to highlight the exceptional potential of the family vineyards. The estate owns parcels in some of the most prestigious vineyards of the C\u00f4te de Nuits, including Grand Cru appellations such as La T\u00e2che, Roman\u00e9e-Saint-Vivant and Echezeaux. C\u00e9cile Tremblay attaches great importance to organic viticulture and works meticulously in the vineyards to obtain grapes of the highest possible quality.<\/p>\n<p>In the cellar, C\u00e9cile Tremblay adopts a non-interventionist approach, allowing the wine to express itself naturally without the excessive use of chemicals or aggressive winemaking techniques. Her wines are delicately aged, using mainly French oak barrels, to preserve the purity and finesse of the aromas and flavours. Domaine C\u00e9cile Tremblay wines are highly sought after by wine lovers and connoisseurs around the world for their exceptional quality, deep expression of terroir and ability to age gracefully. C\u00e9cile Tremblay is respected for her passion, her commitment to excellence and her artisanal approach to viticulture and winemaking.<\/p>","protected":false},"excerpt":{"rendered":"<p><strong>Colour\u00a0<\/strong>Deep, intense red with violet highlights.<\/p>\n<p><strong>Nose : <\/strong>Powerful and complex, revealing great aromatic intensity. Ripe black fruit aromas such as black cherry, blackberry and plum, as well as more delicate red fruit notes such as raspberry. Floral nuances, such as violet, add an extra dimension to the whole. Sweet spice notes, such as cinnamon and clove, blend harmoniously with the fruity aromas.<\/p>\n<p><strong>Palate : <\/strong><strong>\u00a0<\/strong>Rich, generous and structured. The tannins are firm but well integrated, providing a velvety texture. The black fruit flavours are confirmed, with subtle hints of red berries and blackcurrant. There are also hints of liquorice, undergrowth and a hint of smoke. The complexity is supported by a nice freshness, which brings a certain vivacity to the whole. The finish is long and persistent, leaving a pleasant sensation in the mouth.<\/p>\n<p><strong>Food Pairings : <\/strong>It goes perfectly with game in sauce, mature cheeses and most beef dishes.<\/p>","protected":false},"featured_media":3573,"template":"","meta":{"_acf_changed":false},"product_brand":[],"product_cat":[30],"product_tag":[39,52,619,679,56,274,27,31,32],"class_list":{"0":"post-3572","1":"product","2":"type-product","3":"status-publish","4":"has-post-thumbnail","6":"product_cat-vins-rouges","7":"product_tag-39","8":"product_tag-bourgogne","9":"product_tag-cote-de-nuits","10":"product_tag-echezeaux","11":"product_tag-france","12":"product_tag-grand-cru","13":"product_tag-pinot-noir","14":"product_tag-rouge","15":"product_tag-sec","16":"pa_appellation-aop-echezeaux-grand-cru","17":"pa_bio-biodynamie-bio","18":"pa_bio-biodynamie-biodynamie","19":"pa_cepage-pinot-noir","20":"pa_conditionnement-caisse-carton","21":"pa_contenance-75-cl","22":"pa_couleur-rouge","23":"pa_millesime-85","24":"pa_pays-france","25":"pa_potentiel-de-garde-577","26":"pa_producteur-domaine-cecile-tremblay","27":"pa_regions-bourgogne","28":"pa_sous-region-cote-de-nuits","29":"pa_sucrosite-sec","30":"pa_types-vin","31":"pa_volume-dalcool-226","33":"first","34":"instock","35":"taxable","36":"shipping-taxable","37":"purchasable","38":"product-type-simple"},"acf":[],"yoast_head":"<!-- This site is optimized with the Yoast SEO plugin v27.4 - https:\/\/yoast.com\/product\/yoast-seo-wordpress\/ -->\n<title>Domaine C\u00e9cile Tremblay Ech\u00e9zeaux Grand Cru &quot;du dessus&quot; 2016 - Riviera Cellars Wine Supply French Riviera<\/title>\n<meta name=\"description\" content=\"Le Domaine C\u00e9cile Tremblay est un domaine viticole situ\u00e9 \u00e0 Vosne-Roman\u00e9e, en Bourgogne, en France. C&#039;est C\u00e9cile Tremblay elle-m\u00eame qui est \u00e0 la t\u00eate du doma\" \/>\n<meta name=\"robots\" content=\"index, follow, max-snippet:-1, max-image-preview:large, max-video-preview:-1\" \/>\n<link rel=\"canonical\" href=\"https:\/\/www.rivieracellars.fr\/en\/product\/domaine-cecile-tremblay-echezeaux-grand-cru-du-dessus-2016\/\" \/>\n<meta property=\"og:locale\" content=\"en_GB\" \/>\n<meta property=\"og:type\" content=\"article\" \/>\n<meta property=\"og:title\" content=\"Domaine C\u00e9cile Tremblay Ech\u00e9zeaux Grand Cru &quot;du dessus&quot; 2016 - Riviera Cellars Wine Supply French Riviera\" \/>\n<meta property=\"og:description\" content=\"Le Domaine C\u00e9cile Tremblay est un domaine viticole situ\u00e9 \u00e0 Vosne-Roman\u00e9e, en Bourgogne, en France. C&#039;est C\u00e9cile Tremblay elle-m\u00eame qui est \u00e0 la t\u00eate du doma\" \/>\n<meta property=\"og:url\" content=\"https:\/\/www.rivieracellars.fr\/en\/product\/domaine-cecile-tremblay-echezeaux-grand-cru-du-dessus-2016\/\" \/>\n<meta property=\"og:site_name\" content=\"Riviera Cellars Wine Supply French Riviera\" \/>\n<meta property=\"article:publisher\" content=\"https:\/\/www.facebook.com\/rivieracellarsfr\" \/>\n<meta property=\"article:modified_time\" content=\"2025-04-29T15:21:57+00:00\" \/>\n<meta property=\"og:image\" content=\"https:\/\/www.rivieracellars.fr\/wp-content\/uploads\/2023\/05\/Echezeaux2016.png\" \/>\n\t<meta property=\"og:image:width\" content=\"1080\" \/>\n\t<meta property=\"og:image:height\" content=\"1080\" \/>\n\t<meta property=\"og:image:type\" content=\"image\/png\" \/>\n<meta name=\"twitter:card\" content=\"summary_large_image\" \/>\n<meta name=\"twitter:label1\" content=\"Estimated reading time\" \/>\n\t<meta name=\"twitter:data1\" content=\"2 minutes\" \/>\n<script type=\"application\/ld+json\" class=\"yoast-schema-graph\">{\"@context\":\"https:\\\/\\\/schema.org\",\"@graph\":[{\"@type\":\"WebPage\",\"@id\":\"https:\\\/\\\/www.rivieracellars.fr\\\/product\\\/domaine-cecile-tremblay-echezeaux-grand-cru-du-dessus-2016\\\/\",\"url\":\"https:\\\/\\\/www.rivieracellars.fr\\\/product\\\/domaine-cecile-tremblay-echezeaux-grand-cru-du-dessus-2016\\\/\",\"name\":\"Domaine C\u00e9cile Tremblay Ech\u00e9zeaux Grand Cru \\\"du dessus\\\" 2016 - Riviera Cellars Wine Supply French Riviera\",\"isPartOf\":{\"@id\":\"https:\\\/\\\/www.rivieracellars.fr\\\/en\\\/#website\"},\"primaryImageOfPage\":{\"@id\":\"https:\\\/\\\/www.rivieracellars.fr\\\/product\\\/domaine-cecile-tremblay-echezeaux-grand-cru-du-dessus-2016\\\/#primaryimage\"},\"image\":{\"@id\":\"https:\\\/\\\/www.rivieracellars.fr\\\/product\\\/domaine-cecile-tremblay-echezeaux-grand-cru-du-dessus-2016\\\/#primaryimage\"},\"thumbnailUrl\":\"https:\\\/\\\/www.rivieracellars.fr\\\/wp-content\\\/uploads\\\/2023\\\/05\\\/Echezeaux2016.png\",\"datePublished\":\"2023-05-25T13:57:22+00:00\",\"dateModified\":\"2025-04-29T15:21:57+00:00\",\"description\":\"Le Domaine C\u00e9cile Tremblay est un domaine viticole situ\u00e9 \u00e0 Vosne-Roman\u00e9e, en Bourgogne, en France. C'est C\u00e9cile Tremblay elle-m\u00eame qui est \u00e0 la t\u00eate du doma\",\"breadcrumb\":{\"@id\":\"https:\\\/\\\/www.rivieracellars.fr\\\/product\\\/domaine-cecile-tremblay-echezeaux-grand-cru-du-dessus-2016\\\/#breadcrumb\"},\"inLanguage\":\"en-GB\",\"potentialAction\":[{\"@type\":\"ReadAction\",\"target\":[\"https:\\\/\\\/www.rivieracellars.fr\\\/product\\\/domaine-cecile-tremblay-echezeaux-grand-cru-du-dessus-2016\\\/\"]}]},{\"@type\":\"ImageObject\",\"inLanguage\":\"en-GB\",\"@id\":\"https:\\\/\\\/www.rivieracellars.fr\\\/product\\\/domaine-cecile-tremblay-echezeaux-grand-cru-du-dessus-2016\\\/#primaryimage\",\"url\":\"https:\\\/\\\/www.rivieracellars.fr\\\/wp-content\\\/uploads\\\/2023\\\/05\\\/Echezeaux2016.png\",\"contentUrl\":\"https:\\\/\\\/www.rivieracellars.fr\\\/wp-content\\\/uploads\\\/2023\\\/05\\\/Echezeaux2016.png\",\"width\":1080,\"height\":1080},{\"@type\":\"BreadcrumbList\",\"@id\":\"https:\\\/\\\/www.rivieracellars.fr\\\/product\\\/domaine-cecile-tremblay-echezeaux-grand-cru-du-dessus-2016\\\/#breadcrumb\",\"itemListElement\":[{\"@type\":\"ListItem\",\"position\":1,\"name\":\"Catalogue de nos Vins\",\"item\":\"https:\\\/\\\/www.rivieracellars.fr\\\/en\\\/shop\\\/\"},{\"@type\":\"ListItem\",\"position\":2,\"name\":\"Domaine C\u00e9cile Tremblay Ech\u00e9zeaux Grand Cru \u00ab\u00a0du dessus\u00a0\u00bb 2016\"}]},{\"@type\":\"WebSite\",\"@id\":\"https:\\\/\\\/www.rivieracellars.fr\\\/en\\\/#website\",\"url\":\"https:\\\/\\\/www.rivieracellars.fr\\\/en\\\/\",\"name\":\"Riviera Cellars Wine Supply French Riviera\",\"description\":\"Approvisionnement en vins et champagnes fins et rares\",\"publisher\":{\"@id\":\"https:\\\/\\\/www.rivieracellars.fr\\\/en\\\/#organization\"},\"potentialAction\":[{\"@type\":\"SearchAction\",\"target\":{\"@type\":\"EntryPoint\",\"urlTemplate\":\"https:\\\/\\\/www.rivieracellars.fr\\\/en\\\/?s={search_term_string}\"},\"query-input\":{\"@type\":\"PropertyValueSpecification\",\"valueRequired\":true,\"valueName\":\"search_term_string\"}}],\"inLanguage\":\"en-GB\"},{\"@type\":\"Organization\",\"@id\":\"https:\\\/\\\/www.rivieracellars.fr\\\/en\\\/#organization\",\"name\":\"Riviera Cellars\",\"alternateName\":\"RC\",\"url\":\"https:\\\/\\\/www.rivieracellars.fr\\\/en\\\/\",\"logo\":{\"@type\":\"ImageObject\",\"inLanguage\":\"en-GB\",\"@id\":\"https:\\\/\\\/www.rivieracellars.fr\\\/en\\\/#\\\/schema\\\/logo\\\/image\\\/\",\"url\":\"https:\\\/\\\/www.rivieracellars.fr\\\/wp-content\\\/uploads\\\/2022\\\/08\\\/Riviera-Cellars-Logo-White-NEW.png\",\"contentUrl\":\"https:\\\/\\\/www.rivieracellars.fr\\\/wp-content\\\/uploads\\\/2022\\\/08\\\/Riviera-Cellars-Logo-White-NEW.png\",\"width\":800,\"height\":317,\"caption\":\"Riviera Cellars\"},\"image\":{\"@id\":\"https:\\\/\\\/www.rivieracellars.fr\\\/en\\\/#\\\/schema\\\/logo\\\/image\\\/\"},\"sameAs\":[\"https:\\\/\\\/www.facebook.com\\\/rivieracellarsfr\"]}]}<\/script>\n<!-- \/ Yoast SEO plugin. -->","yoast_head_json":{"title":"Domaine C\u00e9cile Tremblay Ech\u00e9zeaux Grand Cru \"du dessus\" 2016 - Riviera Cellars Wine Supply French Riviera","description":"Le Domaine C\u00e9cile Tremblay est un domaine viticole situ\u00e9 \u00e0 Vosne-Roman\u00e9e, en Bourgogne, en France. C'est C\u00e9cile Tremblay elle-m\u00eame qui est \u00e0 la t\u00eate du doma","robots":{"index":"index","follow":"follow","max-snippet":"max-snippet:-1","max-image-preview":"max-image-preview:large","max-video-preview":"max-video-preview:-1"},"canonical":"https:\/\/www.rivieracellars.fr\/en\/product\/domaine-cecile-tremblay-echezeaux-grand-cru-du-dessus-2016\/","og_locale":"en_GB","og_type":"article","og_title":"Domaine C\u00e9cile Tremblay Ech\u00e9zeaux Grand Cru \"du dessus\" 2016 - Riviera Cellars Wine Supply French Riviera","og_description":"Le Domaine C\u00e9cile Tremblay est un domaine viticole situ\u00e9 \u00e0 Vosne-Roman\u00e9e, en Bourgogne, en France. C'est C\u00e9cile Tremblay elle-m\u00eame qui est \u00e0 la t\u00eate du doma","og_url":"https:\/\/www.rivieracellars.fr\/en\/product\/domaine-cecile-tremblay-echezeaux-grand-cru-du-dessus-2016\/","og_site_name":"Riviera Cellars Wine Supply French Riviera","article_publisher":"https:\/\/www.facebook.com\/rivieracellarsfr","article_modified_time":"2025-04-29T15:21:57+00:00","og_image":[{"width":1080,"height":1080,"url":"https:\/\/www.rivieracellars.fr\/wp-content\/uploads\/2023\/05\/Echezeaux2016.png","type":"image\/png"}],"twitter_card":"summary_large_image","twitter_misc":{"Estimated reading time":"2 minutes"},"schema":{"@context":"https:\/\/schema.org","@graph":[{"@type":"WebPage","@id":"https:\/\/www.rivieracellars.fr\/product\/domaine-cecile-tremblay-echezeaux-grand-cru-du-dessus-2016\/","url":"https:\/\/www.rivieracellars.fr\/product\/domaine-cecile-tremblay-echezeaux-grand-cru-du-dessus-2016\/","name":"Domaine C\u00e9cile Tremblay Ech\u00e9zeaux Grand Cru \"du dessus\" 2016 - Riviera Cellars Wine Supply French Riviera","isPartOf":{"@id":"https:\/\/www.rivieracellars.fr\/en\/#website"},"primaryImageOfPage":{"@id":"https:\/\/www.rivieracellars.fr\/product\/domaine-cecile-tremblay-echezeaux-grand-cru-du-dessus-2016\/#primaryimage"},"image":{"@id":"https:\/\/www.rivieracellars.fr\/product\/domaine-cecile-tremblay-echezeaux-grand-cru-du-dessus-2016\/#primaryimage"},"thumbnailUrl":"https:\/\/www.rivieracellars.fr\/wp-content\/uploads\/2023\/05\/Echezeaux2016.png","datePublished":"2023-05-25T13:57:22+00:00","dateModified":"2025-04-29T15:21:57+00:00","description":"Le Domaine C\u00e9cile Tremblay est un domaine viticole situ\u00e9 \u00e0 Vosne-Roman\u00e9e, en Bourgogne, en France. C'est C\u00e9cile Tremblay elle-m\u00eame qui est \u00e0 la t\u00eate du doma","breadcrumb":{"@id":"https:\/\/www.rivieracellars.fr\/product\/domaine-cecile-tremblay-echezeaux-grand-cru-du-dessus-2016\/#breadcrumb"},"inLanguage":"en-GB","potentialAction":[{"@type":"ReadAction","target":["https:\/\/www.rivieracellars.fr\/product\/domaine-cecile-tremblay-echezeaux-grand-cru-du-dessus-2016\/"]}]},{"@type":"ImageObject","inLanguage":"en-GB","@id":"https:\/\/www.rivieracellars.fr\/product\/domaine-cecile-tremblay-echezeaux-grand-cru-du-dessus-2016\/#primaryimage","url":"https:\/\/www.rivieracellars.fr\/wp-content\/uploads\/2023\/05\/Echezeaux2016.png","contentUrl":"https:\/\/www.rivieracellars.fr\/wp-content\/uploads\/2023\/05\/Echezeaux2016.png","width":1080,"height":1080},{"@type":"BreadcrumbList","@id":"https:\/\/www.rivieracellars.fr\/product\/domaine-cecile-tremblay-echezeaux-grand-cru-du-dessus-2016\/#breadcrumb","itemListElement":[{"@type":"ListItem","position":1,"name":"Catalogue de nos Vins","item":"https:\/\/www.rivieracellars.fr\/en\/shop\/"},{"@type":"ListItem","position":2,"name":"Domaine C\u00e9cile Tremblay Ech\u00e9zeaux Grand Cru \u00ab\u00a0du dessus\u00a0\u00bb 2016"}]},{"@type":"WebSite","@id":"https:\/\/www.rivieracellars.fr\/en\/#website","url":"https:\/\/www.rivieracellars.fr\/en\/","name":"Riviera Cellars Wine Supply French Riviera","description":"Approvisionnement en vins et champagnes fins et rares","publisher":{"@id":"https:\/\/www.rivieracellars.fr\/en\/#organization"},"potentialAction":[{"@type":"SearchAction","target":{"@type":"EntryPoint","urlTemplate":"https:\/\/www.rivieracellars.fr\/en\/?s={search_term_string}"},"query-input":{"@type":"PropertyValueSpecification","valueRequired":true,"valueName":"search_term_string"}}],"inLanguage":"en-GB"},{"@type":"Organization","@id":"https:\/\/www.rivieracellars.fr\/en\/#organization","name":"Riviera Cellars","alternateName":"RC","url":"https:\/\/www.rivieracellars.fr\/en\/","logo":{"@type":"ImageObject","inLanguage":"en-GB","@id":"https:\/\/www.rivieracellars.fr\/en\/#\/schema\/logo\/image\/","url":"https:\/\/www.rivieracellars.fr\/wp-content\/uploads\/2022\/08\/Riviera-Cellars-Logo-White-NEW.png","contentUrl":"https:\/\/www.rivieracellars.fr\/wp-content\/uploads\/2022\/08\/Riviera-Cellars-Logo-White-NEW.png","width":800,"height":317,"caption":"Riviera Cellars"},"image":{"@id":"https:\/\/www.rivieracellars.fr\/en\/#\/schema\/logo\/image\/"},"sameAs":["https:\/\/www.facebook.com\/rivieracellarsfr"]}]}},"jetpack_sharing_enabled":true,"_links":{"self":[{"href":"https:\/\/www.rivieracellars.fr\/en\/wp-json\/wp\/v2\/product\/3572","targetHints":{"allow":["GET"]}}],"collection":[{"href":"https:\/\/www.rivieracellars.fr\/en\/wp-json\/wp\/v2\/product"}],"about":[{"href":"https:\/\/www.rivieracellars.fr\/en\/wp-json\/wp\/v2\/types\/product"}],"wp:featuredmedia":[{"embeddable":true,"href":"https:\/\/www.rivieracellars.fr\/en\/wp-json\/wp\/v2\/media\/3573"}],"wp:attachment":[{"href":"https:\/\/www.rivieracellars.fr\/en\/wp-json\/wp\/v2\/media?parent=3572"}],"wp:term":[{"taxonomy":"product_brand","embeddable":true,"href":"https:\/\/www.rivieracellars.fr\/en\/wp-json\/wp\/v2\/product_brand?post=3572"},{"taxonomy":"product_cat","embeddable":true,"href":"https:\/\/www.rivieracellars.fr\/en\/wp-json\/wp\/v2\/product_cat?post=3572"},{"taxonomy":"product_tag","embeddable":true,"href":"https:\/\/www.rivieracellars.fr\/en\/wp-json\/wp\/v2\/product_tag?post=3572"}],"curies":[{"name":"wp","href":"https:\/\/api.w.org\/{rel}","templated":true}]}}