{"id":3614,"date":"2023-06-02T17:15:45","date_gmt":"2023-06-02T15:15:45","guid":{"rendered":"https:\/\/www.rivieracellars.fr\/?post_type=product&#038;p=3614"},"modified":"2025-04-29T17:17:35","modified_gmt":"2025-04-29T15:17:35","slug":"domaine-francois-raveneau-chablis-1er-cru-montee-de-tonnerre-2012","status":"publish","type":"product","link":"https:\/\/www.rivieracellars.fr\/en\/product\/domaine-francois-raveneau-chablis-1er-cru-montee-de-tonnerre-2012\/","title":{"rendered":"Domaine Fran\u00e7ois Raveneau Chablis 1er Cru Mont\u00e9e de Tonnerre 2012"},"content":{"rendered":"<p>Domaine Raveneau is located in Chablis, Burgundy, and is regarded as one of the region's most prestigious wine producers. Its history goes back several generations. The estate was founded in the early 20th century by Fran\u00e7ois Raveneau, who began growing vines and producing wine in Chablis. At the time, the estate was relatively modest, with a limited area of vines. It was in the 1940s that the Raveneau estate began to gain recognition, thanks in particular to the work of Fran\u00e7ois Raveneau and his son, Jean-Marie Raveneau. They implemented rigorous viticultural practices, focusing on quality and respecting the specific characteristics of the Chablis terroir<\/p>\n<p>Domaine Raveneau has distinguished itself by producing wines of great purity, with a precise expression of the Chablis terroir. The Raveneau family has acquired parcels of vines in prestigious locations such as Mont\u00e9e de Tonnerre, Blanchot, Valmur and Les Clos, among others. The style of Domaine Raveneau wines is marked by the freshness, minerality and liveliness characteristic of Chablis wines. The wines are carefully matured, using French oak barrels, but avoiding excessive influence of wood, in order to preserve the expression of the terroir and the purity of the fruit. Over the years, Domaine Raveneau's wines have acquired a worldwide reputation and have become highly sought-after by wine lovers and collectors alike. Demand far outstrips supply, making these wines rare and coveted.<\/p>\n<p>Today, the Raveneau estate is run by Bernard Raveneau, son of Jean-Marie Raveneau, and Isabelle Raveneau, daughter of Fran\u00e7ois Raveneau. They continue to perpetuate the family tradition by producing exceptional wines, while preserving the heritage and reputation of the Raveneau estate in Chablis.<\/p>","protected":false},"excerpt":{"rendered":"<p><strong>Colour : <\/strong>Pale yellow with green highlights.<\/p>\n<p><strong>Nose : <\/strong>Complex and intense, with aromas of white flowers, citrus fruit and white-fleshed fruit such as apple and pear. Mineral notes characteristic of the Chablis region can also be detected.<\/p>\n<p><strong>Palate : <\/strong><strong>\u00a0<\/strong>Fresh and lively, with a fine acidity that gives it great vivacity. Citrus flavours mingle with mineral notes, creating a delicate harmony. The texture is delicate and light, giving a sensation of finesse and purity. The finish is long and persistent, leaving a pleasant sensation of freshness on the palate.<\/p>\n<p><strong>Food Pairings : <\/strong>Seafood dishes, grilled fish or goat's cheese.<\/p>","protected":false},"featured_media":3615,"template":"","meta":{"_acf_changed":false},"product_brand":[],"product_cat":[29],"product_tag":[272,277,28,52,419,26,56,723,32],"class_list":{"0":"post-3614","1":"product","2":"type-product","3":"status-publish","4":"has-post-thumbnail","6":"product_cat-vins-blancs","7":"product_tag-1er-cru","8":"product_tag-277","9":"product_tag-blanc","10":"product_tag-bourgogne","11":"product_tag-chablis","12":"product_tag-chardonnay","13":"product_tag-france","14":"product_tag-raveneau","15":"product_tag-sec","16":"pa_appellation-aop-chablis-1er-cru","17":"pa_cepage-chardonnay","18":"pa_conditionnement-caisse-carton","19":"pa_contenance-75-cl","20":"pa_couleur-blanc","21":"pa_millesime-276","22":"pa_pays-france","23":"pa_potentiel-de-garde-577","24":"pa_producteur-domaine-francois-raveneau","25":"pa_regions-bourgogne","26":"pa_sous-region-chablis","27":"pa_sucrosite-sec","28":"pa_types-vin","29":"pa_volume-dalcool-247","31":"first","32":"instock","33":"taxable","34":"shipping-taxable","35":"purchasable","36":"product-type-simple"},"acf":[],"yoast_head":"<!-- This site is optimized with the Yoast SEO plugin v27.4 - https:\/\/yoast.com\/product\/yoast-seo-wordpress\/ -->\n<title>Domaine Fran\u00e7ois Raveneau Chablis 1er Cru Mont\u00e9e de Tonnerre 2012 - Riviera Cellars Wine Supply French Riviera<\/title>\n<meta name=\"description\" content=\"Le domaine Raveneau est situ\u00e9 \u00e0 Chablis, en Bourgogne, et est consid\u00e9r\u00e9 comme l&#039;un des plus prestigieux producteurs de vins de la r\u00e9gion. Son histoire\" \/>\n<meta name=\"robots\" content=\"index, follow, max-snippet:-1, max-image-preview:large, max-video-preview:-1\" \/>\n<link rel=\"canonical\" href=\"https:\/\/www.rivieracellars.fr\/en\/product\/domaine-francois-raveneau-chablis-1er-cru-montee-de-tonnerre-2012\/\" \/>\n<meta property=\"og:locale\" content=\"en_GB\" \/>\n<meta property=\"og:type\" content=\"article\" \/>\n<meta property=\"og:title\" content=\"Domaine Fran\u00e7ois Raveneau Chablis 1er Cru Mont\u00e9e de Tonnerre 2012 - Riviera Cellars Wine Supply French Riviera\" \/>\n<meta property=\"og:description\" content=\"Le domaine Raveneau est situ\u00e9 \u00e0 Chablis, en Bourgogne, et est consid\u00e9r\u00e9 comme l&#039;un des plus prestigieux producteurs de vins de la r\u00e9gion. Son histoire\" \/>\n<meta property=\"og:url\" content=\"https:\/\/www.rivieracellars.fr\/en\/product\/domaine-francois-raveneau-chablis-1er-cru-montee-de-tonnerre-2012\/\" \/>\n<meta property=\"og:site_name\" content=\"Riviera Cellars Wine Supply French Riviera\" \/>\n<meta property=\"article:publisher\" content=\"https:\/\/www.facebook.com\/rivieracellarsfr\" \/>\n<meta property=\"article:modified_time\" content=\"2025-04-29T15:17:35+00:00\" \/>\n<meta property=\"og:image\" content=\"https:\/\/www.rivieracellars.fr\/wp-content\/uploads\/2023\/06\/Chablis2012.png\" \/>\n\t<meta property=\"og:image:width\" content=\"1080\" \/>\n\t<meta property=\"og:image:height\" content=\"1080\" \/>\n\t<meta property=\"og:image:type\" content=\"image\/png\" \/>\n<meta name=\"twitter:card\" content=\"summary_large_image\" \/>\n<meta name=\"twitter:label1\" content=\"Estimated reading time\" \/>\n\t<meta name=\"twitter:data1\" content=\"2 minutes\" \/>\n<script type=\"application\/ld+json\" class=\"yoast-schema-graph\">{\"@context\":\"https:\\\/\\\/schema.org\",\"@graph\":[{\"@type\":\"WebPage\",\"@id\":\"https:\\\/\\\/www.rivieracellars.fr\\\/product\\\/domaine-francois-raveneau-chablis-1er-cru-montee-de-tonnerre-2012\\\/\",\"url\":\"https:\\\/\\\/www.rivieracellars.fr\\\/product\\\/domaine-francois-raveneau-chablis-1er-cru-montee-de-tonnerre-2012\\\/\",\"name\":\"Domaine Fran\u00e7ois Raveneau Chablis 1er Cru Mont\u00e9e de Tonnerre 2012 - Riviera Cellars Wine Supply French Riviera\",\"isPartOf\":{\"@id\":\"https:\\\/\\\/www.rivieracellars.fr\\\/en\\\/#website\"},\"primaryImageOfPage\":{\"@id\":\"https:\\\/\\\/www.rivieracellars.fr\\\/product\\\/domaine-francois-raveneau-chablis-1er-cru-montee-de-tonnerre-2012\\\/#primaryimage\"},\"image\":{\"@id\":\"https:\\\/\\\/www.rivieracellars.fr\\\/product\\\/domaine-francois-raveneau-chablis-1er-cru-montee-de-tonnerre-2012\\\/#primaryimage\"},\"thumbnailUrl\":\"https:\\\/\\\/www.rivieracellars.fr\\\/wp-content\\\/uploads\\\/2023\\\/06\\\/Chablis2012.png\",\"datePublished\":\"2023-06-02T15:15:45+00:00\",\"dateModified\":\"2025-04-29T15:17:35+00:00\",\"description\":\"Le domaine Raveneau est situ\u00e9 \u00e0 Chablis, en Bourgogne, et est consid\u00e9r\u00e9 comme l'un des plus prestigieux producteurs de vins de la r\u00e9gion. Son histoire\",\"breadcrumb\":{\"@id\":\"https:\\\/\\\/www.rivieracellars.fr\\\/product\\\/domaine-francois-raveneau-chablis-1er-cru-montee-de-tonnerre-2012\\\/#breadcrumb\"},\"inLanguage\":\"en-GB\",\"potentialAction\":[{\"@type\":\"ReadAction\",\"target\":[\"https:\\\/\\\/www.rivieracellars.fr\\\/product\\\/domaine-francois-raveneau-chablis-1er-cru-montee-de-tonnerre-2012\\\/\"]}]},{\"@type\":\"ImageObject\",\"inLanguage\":\"en-GB\",\"@id\":\"https:\\\/\\\/www.rivieracellars.fr\\\/product\\\/domaine-francois-raveneau-chablis-1er-cru-montee-de-tonnerre-2012\\\/#primaryimage\",\"url\":\"https:\\\/\\\/www.rivieracellars.fr\\\/wp-content\\\/uploads\\\/2023\\\/06\\\/Chablis2012.png\",\"contentUrl\":\"https:\\\/\\\/www.rivieracellars.fr\\\/wp-content\\\/uploads\\\/2023\\\/06\\\/Chablis2012.png\",\"width\":1080,\"height\":1080},{\"@type\":\"BreadcrumbList\",\"@id\":\"https:\\\/\\\/www.rivieracellars.fr\\\/product\\\/domaine-francois-raveneau-chablis-1er-cru-montee-de-tonnerre-2012\\\/#breadcrumb\",\"itemListElement\":[{\"@type\":\"ListItem\",\"position\":1,\"name\":\"Catalogue de nos Vins\",\"item\":\"https:\\\/\\\/www.rivieracellars.fr\\\/en\\\/shop\\\/\"},{\"@type\":\"ListItem\",\"position\":2,\"name\":\"Domaine Fran\u00e7ois Raveneau Chablis 1er Cru Mont\u00e9e de Tonnerre 2012\"}]},{\"@type\":\"WebSite\",\"@id\":\"https:\\\/\\\/www.rivieracellars.fr\\\/en\\\/#website\",\"url\":\"https:\\\/\\\/www.rivieracellars.fr\\\/en\\\/\",\"name\":\"Riviera Cellars Wine Supply French Riviera\",\"description\":\"Approvisionnement en vins et champagnes fins et rares\",\"publisher\":{\"@id\":\"https:\\\/\\\/www.rivieracellars.fr\\\/en\\\/#organization\"},\"potentialAction\":[{\"@type\":\"SearchAction\",\"target\":{\"@type\":\"EntryPoint\",\"urlTemplate\":\"https:\\\/\\\/www.rivieracellars.fr\\\/en\\\/?s={search_term_string}\"},\"query-input\":{\"@type\":\"PropertyValueSpecification\",\"valueRequired\":true,\"valueName\":\"search_term_string\"}}],\"inLanguage\":\"en-GB\"},{\"@type\":\"Organization\",\"@id\":\"https:\\\/\\\/www.rivieracellars.fr\\\/en\\\/#organization\",\"name\":\"Riviera Cellars\",\"alternateName\":\"RC\",\"url\":\"https:\\\/\\\/www.rivieracellars.fr\\\/en\\\/\",\"logo\":{\"@type\":\"ImageObject\",\"inLanguage\":\"en-GB\",\"@id\":\"https:\\\/\\\/www.rivieracellars.fr\\\/en\\\/#\\\/schema\\\/logo\\\/image\\\/\",\"url\":\"https:\\\/\\\/www.rivieracellars.fr\\\/wp-content\\\/uploads\\\/2022\\\/08\\\/Riviera-Cellars-Logo-White-NEW.png\",\"contentUrl\":\"https:\\\/\\\/www.rivieracellars.fr\\\/wp-content\\\/uploads\\\/2022\\\/08\\\/Riviera-Cellars-Logo-White-NEW.png\",\"width\":800,\"height\":317,\"caption\":\"Riviera Cellars\"},\"image\":{\"@id\":\"https:\\\/\\\/www.rivieracellars.fr\\\/en\\\/#\\\/schema\\\/logo\\\/image\\\/\"},\"sameAs\":[\"https:\\\/\\\/www.facebook.com\\\/rivieracellarsfr\"]}]}<\/script>\n<!-- \/ Yoast SEO plugin. -->","yoast_head_json":{"title":"Domaine Fran\u00e7ois Raveneau Chablis 1er Cru Mont\u00e9e de Tonnerre 2012 - Riviera Cellars Wine Supply French Riviera","description":"Le domaine Raveneau est situ\u00e9 \u00e0 Chablis, en Bourgogne, et est consid\u00e9r\u00e9 comme l'un des plus prestigieux producteurs de vins de la r\u00e9gion. Son histoire","robots":{"index":"index","follow":"follow","max-snippet":"max-snippet:-1","max-image-preview":"max-image-preview:large","max-video-preview":"max-video-preview:-1"},"canonical":"https:\/\/www.rivieracellars.fr\/en\/product\/domaine-francois-raveneau-chablis-1er-cru-montee-de-tonnerre-2012\/","og_locale":"en_GB","og_type":"article","og_title":"Domaine Fran\u00e7ois Raveneau Chablis 1er Cru Mont\u00e9e de Tonnerre 2012 - Riviera Cellars Wine Supply French Riviera","og_description":"Le domaine Raveneau est situ\u00e9 \u00e0 Chablis, en Bourgogne, et est consid\u00e9r\u00e9 comme l'un des plus prestigieux producteurs de vins de la r\u00e9gion. Son histoire","og_url":"https:\/\/www.rivieracellars.fr\/en\/product\/domaine-francois-raveneau-chablis-1er-cru-montee-de-tonnerre-2012\/","og_site_name":"Riviera Cellars Wine Supply French Riviera","article_publisher":"https:\/\/www.facebook.com\/rivieracellarsfr","article_modified_time":"2025-04-29T15:17:35+00:00","og_image":[{"width":1080,"height":1080,"url":"https:\/\/www.rivieracellars.fr\/wp-content\/uploads\/2023\/06\/Chablis2012.png","type":"image\/png"}],"twitter_card":"summary_large_image","twitter_misc":{"Estimated reading time":"2 minutes"},"schema":{"@context":"https:\/\/schema.org","@graph":[{"@type":"WebPage","@id":"https:\/\/www.rivieracellars.fr\/product\/domaine-francois-raveneau-chablis-1er-cru-montee-de-tonnerre-2012\/","url":"https:\/\/www.rivieracellars.fr\/product\/domaine-francois-raveneau-chablis-1er-cru-montee-de-tonnerre-2012\/","name":"Domaine Fran\u00e7ois Raveneau Chablis 1er Cru Mont\u00e9e de Tonnerre 2012 - Riviera Cellars Wine Supply French Riviera","isPartOf":{"@id":"https:\/\/www.rivieracellars.fr\/en\/#website"},"primaryImageOfPage":{"@id":"https:\/\/www.rivieracellars.fr\/product\/domaine-francois-raveneau-chablis-1er-cru-montee-de-tonnerre-2012\/#primaryimage"},"image":{"@id":"https:\/\/www.rivieracellars.fr\/product\/domaine-francois-raveneau-chablis-1er-cru-montee-de-tonnerre-2012\/#primaryimage"},"thumbnailUrl":"https:\/\/www.rivieracellars.fr\/wp-content\/uploads\/2023\/06\/Chablis2012.png","datePublished":"2023-06-02T15:15:45+00:00","dateModified":"2025-04-29T15:17:35+00:00","description":"Le domaine Raveneau est situ\u00e9 \u00e0 Chablis, en Bourgogne, et est consid\u00e9r\u00e9 comme l'un des plus prestigieux producteurs de vins de la r\u00e9gion. Son histoire","breadcrumb":{"@id":"https:\/\/www.rivieracellars.fr\/product\/domaine-francois-raveneau-chablis-1er-cru-montee-de-tonnerre-2012\/#breadcrumb"},"inLanguage":"en-GB","potentialAction":[{"@type":"ReadAction","target":["https:\/\/www.rivieracellars.fr\/product\/domaine-francois-raveneau-chablis-1er-cru-montee-de-tonnerre-2012\/"]}]},{"@type":"ImageObject","inLanguage":"en-GB","@id":"https:\/\/www.rivieracellars.fr\/product\/domaine-francois-raveneau-chablis-1er-cru-montee-de-tonnerre-2012\/#primaryimage","url":"https:\/\/www.rivieracellars.fr\/wp-content\/uploads\/2023\/06\/Chablis2012.png","contentUrl":"https:\/\/www.rivieracellars.fr\/wp-content\/uploads\/2023\/06\/Chablis2012.png","width":1080,"height":1080},{"@type":"BreadcrumbList","@id":"https:\/\/www.rivieracellars.fr\/product\/domaine-francois-raveneau-chablis-1er-cru-montee-de-tonnerre-2012\/#breadcrumb","itemListElement":[{"@type":"ListItem","position":1,"name":"Catalogue de nos Vins","item":"https:\/\/www.rivieracellars.fr\/en\/shop\/"},{"@type":"ListItem","position":2,"name":"Domaine Fran\u00e7ois Raveneau Chablis 1er Cru Mont\u00e9e de Tonnerre 2012"}]},{"@type":"WebSite","@id":"https:\/\/www.rivieracellars.fr\/en\/#website","url":"https:\/\/www.rivieracellars.fr\/en\/","name":"Riviera Cellars Wine Supply French Riviera","description":"Approvisionnement en vins et champagnes fins et rares","publisher":{"@id":"https:\/\/www.rivieracellars.fr\/en\/#organization"},"potentialAction":[{"@type":"SearchAction","target":{"@type":"EntryPoint","urlTemplate":"https:\/\/www.rivieracellars.fr\/en\/?s={search_term_string}"},"query-input":{"@type":"PropertyValueSpecification","valueRequired":true,"valueName":"search_term_string"}}],"inLanguage":"en-GB"},{"@type":"Organization","@id":"https:\/\/www.rivieracellars.fr\/en\/#organization","name":"Riviera Cellars","alternateName":"RC","url":"https:\/\/www.rivieracellars.fr\/en\/","logo":{"@type":"ImageObject","inLanguage":"en-GB","@id":"https:\/\/www.rivieracellars.fr\/en\/#\/schema\/logo\/image\/","url":"https:\/\/www.rivieracellars.fr\/wp-content\/uploads\/2022\/08\/Riviera-Cellars-Logo-White-NEW.png","contentUrl":"https:\/\/www.rivieracellars.fr\/wp-content\/uploads\/2022\/08\/Riviera-Cellars-Logo-White-NEW.png","width":800,"height":317,"caption":"Riviera Cellars"},"image":{"@id":"https:\/\/www.rivieracellars.fr\/en\/#\/schema\/logo\/image\/"},"sameAs":["https:\/\/www.facebook.com\/rivieracellarsfr"]}]}},"jetpack_sharing_enabled":true,"_links":{"self":[{"href":"https:\/\/www.rivieracellars.fr\/en\/wp-json\/wp\/v2\/product\/3614","targetHints":{"allow":["GET"]}}],"collection":[{"href":"https:\/\/www.rivieracellars.fr\/en\/wp-json\/wp\/v2\/product"}],"about":[{"href":"https:\/\/www.rivieracellars.fr\/en\/wp-json\/wp\/v2\/types\/product"}],"wp:featuredmedia":[{"embeddable":true,"href":"https:\/\/www.rivieracellars.fr\/en\/wp-json\/wp\/v2\/media\/3615"}],"wp:attachment":[{"href":"https:\/\/www.rivieracellars.fr\/en\/wp-json\/wp\/v2\/media?parent=3614"}],"wp:term":[{"taxonomy":"product_brand","embeddable":true,"href":"https:\/\/www.rivieracellars.fr\/en\/wp-json\/wp\/v2\/product_brand?post=3614"},{"taxonomy":"product_cat","embeddable":true,"href":"https:\/\/www.rivieracellars.fr\/en\/wp-json\/wp\/v2\/product_cat?post=3614"},{"taxonomy":"product_tag","embeddable":true,"href":"https:\/\/www.rivieracellars.fr\/en\/wp-json\/wp\/v2\/product_tag?post=3614"}],"curies":[{"name":"wp","href":"https:\/\/api.w.org\/{rel}","templated":true}]}}