{"id":4244,"date":"2024-01-29T12:04:23","date_gmt":"2024-01-29T11:04:23","guid":{"rendered":"https:\/\/www.rivieracellars.fr\/?post_type=product&#038;p=4244"},"modified":"2025-03-23T10:53:17","modified_gmt":"2025-03-23T09:53:17","slug":"gin-decroix-bio","status":"publish","type":"product","link":"https:\/\/www.rivieracellars.fr\/en\/product\/gin-decroix-bio\/","title":{"rendered":"Gin DECROIX Bio"},"content":{"rendered":"<p>At the heart of this project is the very first French organic gin, made from an exceptional Sichuan pepper tree planted over twenty years ago on the Decroix farm. The berries of this pepper plant, with their powerful, spontaneous aroma, form the base note of this gin. They are complemented by coriander, cardamom, ginger, angelica and, of course, juniper berries indigenous to the Montmor\u00e9lien hillsides. After macerating for 48 hours in organic wheat alcohol, the botanical blend is distilled in a Stupfler\u00ae still, renowned for the quality of its aromatic expression. This gin stands out for its taste, finesse and sense, offering an aromatic imprint strong enough to retain its personality, whether in a gin and tonic or in cocktails.<\/p>\n<p><strong>Vivant\u00a0:<\/strong><br \/>\nEstablished in 2018 in Chalais, south of the Charente, Vivant stands out as a pioneer in the production of 100% organic spirits in France, including cognac, whisky, gin and rum. Inspired by the approach taken by Decroix cognacs, the brand is committed to eliminating all use of chemicals, synthetic fertilisers and pesticides in its production.<\/p>\n<p>To guarantee the traceability, certification and control of its products, Vivant has established an integrated agricultural chain, ensuring complete supervision from field to glass. The company cultivates direct relationships with local farms, making multi-year commitments and guaranteeing the purchase of crops at advantageous prices.<\/p>\n<p>Vivant takes an eco-responsible approach to the choice of its packaging, selecting bottles and packaging elements that are assessed for their ecological balance, from production to recycling, reuse or eventual destruction. Vivant products are distinguished by their absence of additives such as sugars, colourings, food flavourings and texturising agents, and are made from agricultural materials of impeccable quality.<\/p>\n<p>Founded on principles such as social responsibility and the desire to contribute to the preservation of nature, Vivant's approach is characterised by collaboration with local farms, a high level of craftsmanship and a total absence of additives. These aspects make Vivant spirits exceptional products.<\/p>","protected":false},"excerpt":{"rendered":"<p><strong>Colour<\/strong><strong> :<\/strong> transparent<\/p>\n<p><strong>Nose :<\/strong>\u00a0\u00a0Lively and spicy, with light, herbaceous notes, this blend reveals the distinctive presence of ginger, coriander and Sichuan pepper.<\/p>\n<p><strong>Palate :<\/strong>\u00a0Combining freshness and intensity in a lively, vibrant dynamic, this spirit transports us to the Charentes region with a singular aromatic identity highlighting plants and spices. The finish is distinguished by its intensity.<\/p>\n<p><strong>Pairings :<\/strong>\u00a0As a cocktail or serve chilled with Fever-Tree Mediterranean tonic water.<\/p>","protected":false},"featured_media":4245,"template":"","meta":{"_acf_changed":false},"product_brand":[],"product_cat":[182],"product_tag":[969,905,906,967,56,376,968],"class_list":{"0":"post-4244","1":"product","2":"type-product","3":"status-publish","4":"has-post-thumbnail","6":"product_cat-spiritueux","7":"product_tag-969","8":"product_tag-bio","9":"product_tag-biologique","10":"product_tag-charente","11":"product_tag-france","12":"product_tag-gin","13":"product_tag-poivre","14":"pa_bio-biodynamie-bio","15":"pa_contenance-70-cl","16":"pa_pays-france","17":"pa_producteur-vivant","18":"pa_regions-charente","19":"pa_types-gin","20":"pa_volume-dalcool-965","22":"first","23":"instock","24":"taxable","25":"shipping-taxable","26":"purchasable","27":"product-type-simple"},"acf":[],"yoast_head":"<!-- This site is optimized with the Yoast SEO plugin v27.4 - https:\/\/yoast.com\/product\/yoast-seo-wordpress\/ -->\n<title>Gin DECROIX Bio - Riviera Cellars Wine Supply French Riviera<\/title>\n<meta name=\"description\" content=\"\u00c0 l&#039;origine de ce projet se trouve le tout premier gin biologique fran\u00e7ais, \u00e9labor\u00e9 \u00e0 partir d&#039;un exceptionnel Poivrier du Sichuan plant\u00e9 il y a plus de\" \/>\n<meta name=\"robots\" content=\"index, follow, max-snippet:-1, max-image-preview:large, max-video-preview:-1\" \/>\n<link rel=\"canonical\" href=\"https:\/\/www.rivieracellars.fr\/en\/product\/gin-decroix-bio\/\" \/>\n<meta property=\"og:locale\" content=\"en_GB\" \/>\n<meta property=\"og:type\" content=\"article\" \/>\n<meta property=\"og:title\" content=\"Gin DECROIX Bio - Riviera Cellars Wine Supply French Riviera\" \/>\n<meta property=\"og:description\" content=\"\u00c0 l&#039;origine de ce projet se trouve le tout premier gin biologique fran\u00e7ais, \u00e9labor\u00e9 \u00e0 partir d&#039;un exceptionnel Poivrier du Sichuan plant\u00e9 il y a plus de\" \/>\n<meta property=\"og:url\" content=\"https:\/\/www.rivieracellars.fr\/en\/product\/gin-decroix-bio\/\" \/>\n<meta property=\"og:site_name\" content=\"Riviera Cellars Wine Supply French Riviera\" \/>\n<meta property=\"article:publisher\" content=\"https:\/\/www.facebook.com\/rivieracellarsfr\" \/>\n<meta property=\"article:modified_time\" content=\"2025-03-23T09:53:17+00:00\" \/>\n<meta property=\"og:image\" content=\"https:\/\/www.rivieracellars.fr\/wp-content\/uploads\/2024\/01\/GinDecroix.webp\" \/>\n\t<meta property=\"og:image:width\" content=\"1080\" \/>\n\t<meta property=\"og:image:height\" content=\"1080\" \/>\n\t<meta property=\"og:image:type\" content=\"image\/webp\" \/>\n<meta name=\"twitter:card\" content=\"summary_large_image\" \/>\n<meta name=\"twitter:label1\" content=\"Estimated reading time\" \/>\n\t<meta name=\"twitter:data1\" content=\"3 minutes\" \/>\n<script type=\"application\/ld+json\" class=\"yoast-schema-graph\">{\"@context\":\"https:\\\/\\\/schema.org\",\"@graph\":[{\"@type\":\"WebPage\",\"@id\":\"https:\\\/\\\/www.rivieracellars.fr\\\/product\\\/gin-decroix-bio\\\/\",\"url\":\"https:\\\/\\\/www.rivieracellars.fr\\\/product\\\/gin-decroix-bio\\\/\",\"name\":\"Gin DECROIX Bio - Riviera Cellars Wine Supply French Riviera\",\"isPartOf\":{\"@id\":\"https:\\\/\\\/www.rivieracellars.fr\\\/en\\\/#website\"},\"primaryImageOfPage\":{\"@id\":\"https:\\\/\\\/www.rivieracellars.fr\\\/product\\\/gin-decroix-bio\\\/#primaryimage\"},\"image\":{\"@id\":\"https:\\\/\\\/www.rivieracellars.fr\\\/product\\\/gin-decroix-bio\\\/#primaryimage\"},\"thumbnailUrl\":\"https:\\\/\\\/www.rivieracellars.fr\\\/wp-content\\\/uploads\\\/2024\\\/01\\\/GinDecroix.webp\",\"datePublished\":\"2024-01-29T11:04:23+00:00\",\"dateModified\":\"2025-03-23T09:53:17+00:00\",\"description\":\"\u00c0 l'origine de ce projet se trouve le tout premier gin biologique fran\u00e7ais, \u00e9labor\u00e9 \u00e0 partir d'un exceptionnel Poivrier du Sichuan plant\u00e9 il y a plus de\",\"breadcrumb\":{\"@id\":\"https:\\\/\\\/www.rivieracellars.fr\\\/product\\\/gin-decroix-bio\\\/#breadcrumb\"},\"inLanguage\":\"en-GB\",\"potentialAction\":[{\"@type\":\"ReadAction\",\"target\":[\"https:\\\/\\\/www.rivieracellars.fr\\\/product\\\/gin-decroix-bio\\\/\"]}]},{\"@type\":\"ImageObject\",\"inLanguage\":\"en-GB\",\"@id\":\"https:\\\/\\\/www.rivieracellars.fr\\\/product\\\/gin-decroix-bio\\\/#primaryimage\",\"url\":\"https:\\\/\\\/www.rivieracellars.fr\\\/wp-content\\\/uploads\\\/2024\\\/01\\\/GinDecroix.webp\",\"contentUrl\":\"https:\\\/\\\/www.rivieracellars.fr\\\/wp-content\\\/uploads\\\/2024\\\/01\\\/GinDecroix.webp\",\"width\":1080,\"height\":1080},{\"@type\":\"BreadcrumbList\",\"@id\":\"https:\\\/\\\/www.rivieracellars.fr\\\/product\\\/gin-decroix-bio\\\/#breadcrumb\",\"itemListElement\":[{\"@type\":\"ListItem\",\"position\":1,\"name\":\"Catalogue de nos Vins\",\"item\":\"https:\\\/\\\/www.rivieracellars.fr\\\/en\\\/shop\\\/\"},{\"@type\":\"ListItem\",\"position\":2,\"name\":\"Gin DECROIX Bio\"}]},{\"@type\":\"WebSite\",\"@id\":\"https:\\\/\\\/www.rivieracellars.fr\\\/en\\\/#website\",\"url\":\"https:\\\/\\\/www.rivieracellars.fr\\\/en\\\/\",\"name\":\"Riviera Cellars Wine Supply French Riviera\",\"description\":\"Approvisionnement en vins et champagnes fins et rares\",\"publisher\":{\"@id\":\"https:\\\/\\\/www.rivieracellars.fr\\\/en\\\/#organization\"},\"potentialAction\":[{\"@type\":\"SearchAction\",\"target\":{\"@type\":\"EntryPoint\",\"urlTemplate\":\"https:\\\/\\\/www.rivieracellars.fr\\\/en\\\/?s={search_term_string}\"},\"query-input\":{\"@type\":\"PropertyValueSpecification\",\"valueRequired\":true,\"valueName\":\"search_term_string\"}}],\"inLanguage\":\"en-GB\"},{\"@type\":\"Organization\",\"@id\":\"https:\\\/\\\/www.rivieracellars.fr\\\/en\\\/#organization\",\"name\":\"Riviera Cellars\",\"alternateName\":\"RC\",\"url\":\"https:\\\/\\\/www.rivieracellars.fr\\\/en\\\/\",\"logo\":{\"@type\":\"ImageObject\",\"inLanguage\":\"en-GB\",\"@id\":\"https:\\\/\\\/www.rivieracellars.fr\\\/en\\\/#\\\/schema\\\/logo\\\/image\\\/\",\"url\":\"https:\\\/\\\/www.rivieracellars.fr\\\/wp-content\\\/uploads\\\/2022\\\/08\\\/Riviera-Cellars-Logo-White-NEW.png\",\"contentUrl\":\"https:\\\/\\\/www.rivieracellars.fr\\\/wp-content\\\/uploads\\\/2022\\\/08\\\/Riviera-Cellars-Logo-White-NEW.png\",\"width\":800,\"height\":317,\"caption\":\"Riviera Cellars\"},\"image\":{\"@id\":\"https:\\\/\\\/www.rivieracellars.fr\\\/en\\\/#\\\/schema\\\/logo\\\/image\\\/\"},\"sameAs\":[\"https:\\\/\\\/www.facebook.com\\\/rivieracellarsfr\"]}]}<\/script>\n<!-- \/ Yoast SEO plugin. -->","yoast_head_json":{"title":"Gin DECROIX Bio - Riviera Cellars Wine Supply French Riviera","description":"\u00c0 l'origine de ce projet se trouve le tout premier gin biologique fran\u00e7ais, \u00e9labor\u00e9 \u00e0 partir d'un exceptionnel Poivrier du Sichuan plant\u00e9 il y a plus de","robots":{"index":"index","follow":"follow","max-snippet":"max-snippet:-1","max-image-preview":"max-image-preview:large","max-video-preview":"max-video-preview:-1"},"canonical":"https:\/\/www.rivieracellars.fr\/en\/product\/gin-decroix-bio\/","og_locale":"en_GB","og_type":"article","og_title":"Gin DECROIX Bio - Riviera Cellars Wine Supply French Riviera","og_description":"\u00c0 l'origine de ce projet se trouve le tout premier gin biologique fran\u00e7ais, \u00e9labor\u00e9 \u00e0 partir d'un exceptionnel Poivrier du Sichuan plant\u00e9 il y a plus de","og_url":"https:\/\/www.rivieracellars.fr\/en\/product\/gin-decroix-bio\/","og_site_name":"Riviera Cellars Wine Supply French Riviera","article_publisher":"https:\/\/www.facebook.com\/rivieracellarsfr","article_modified_time":"2025-03-23T09:53:17+00:00","og_image":[{"width":1080,"height":1080,"url":"https:\/\/www.rivieracellars.fr\/wp-content\/uploads\/2024\/01\/GinDecroix.webp","type":"image\/webp"}],"twitter_card":"summary_large_image","twitter_misc":{"Estimated reading time":"3 minutes"},"schema":{"@context":"https:\/\/schema.org","@graph":[{"@type":"WebPage","@id":"https:\/\/www.rivieracellars.fr\/product\/gin-decroix-bio\/","url":"https:\/\/www.rivieracellars.fr\/product\/gin-decroix-bio\/","name":"Gin DECROIX Bio - Riviera Cellars Wine Supply French Riviera","isPartOf":{"@id":"https:\/\/www.rivieracellars.fr\/en\/#website"},"primaryImageOfPage":{"@id":"https:\/\/www.rivieracellars.fr\/product\/gin-decroix-bio\/#primaryimage"},"image":{"@id":"https:\/\/www.rivieracellars.fr\/product\/gin-decroix-bio\/#primaryimage"},"thumbnailUrl":"https:\/\/www.rivieracellars.fr\/wp-content\/uploads\/2024\/01\/GinDecroix.webp","datePublished":"2024-01-29T11:04:23+00:00","dateModified":"2025-03-23T09:53:17+00:00","description":"\u00c0 l'origine de ce projet se trouve le tout premier gin biologique fran\u00e7ais, \u00e9labor\u00e9 \u00e0 partir d'un exceptionnel Poivrier du Sichuan plant\u00e9 il y a plus de","breadcrumb":{"@id":"https:\/\/www.rivieracellars.fr\/product\/gin-decroix-bio\/#breadcrumb"},"inLanguage":"en-GB","potentialAction":[{"@type":"ReadAction","target":["https:\/\/www.rivieracellars.fr\/product\/gin-decroix-bio\/"]}]},{"@type":"ImageObject","inLanguage":"en-GB","@id":"https:\/\/www.rivieracellars.fr\/product\/gin-decroix-bio\/#primaryimage","url":"https:\/\/www.rivieracellars.fr\/wp-content\/uploads\/2024\/01\/GinDecroix.webp","contentUrl":"https:\/\/www.rivieracellars.fr\/wp-content\/uploads\/2024\/01\/GinDecroix.webp","width":1080,"height":1080},{"@type":"BreadcrumbList","@id":"https:\/\/www.rivieracellars.fr\/product\/gin-decroix-bio\/#breadcrumb","itemListElement":[{"@type":"ListItem","position":1,"name":"Catalogue de nos Vins","item":"https:\/\/www.rivieracellars.fr\/en\/shop\/"},{"@type":"ListItem","position":2,"name":"Gin DECROIX Bio"}]},{"@type":"WebSite","@id":"https:\/\/www.rivieracellars.fr\/en\/#website","url":"https:\/\/www.rivieracellars.fr\/en\/","name":"Riviera Cellars Wine Supply French Riviera","description":"Approvisionnement en vins et champagnes fins et rares","publisher":{"@id":"https:\/\/www.rivieracellars.fr\/en\/#organization"},"potentialAction":[{"@type":"SearchAction","target":{"@type":"EntryPoint","urlTemplate":"https:\/\/www.rivieracellars.fr\/en\/?s={search_term_string}"},"query-input":{"@type":"PropertyValueSpecification","valueRequired":true,"valueName":"search_term_string"}}],"inLanguage":"en-GB"},{"@type":"Organization","@id":"https:\/\/www.rivieracellars.fr\/en\/#organization","name":"Riviera Cellars","alternateName":"RC","url":"https:\/\/www.rivieracellars.fr\/en\/","logo":{"@type":"ImageObject","inLanguage":"en-GB","@id":"https:\/\/www.rivieracellars.fr\/en\/#\/schema\/logo\/image\/","url":"https:\/\/www.rivieracellars.fr\/wp-content\/uploads\/2022\/08\/Riviera-Cellars-Logo-White-NEW.png","contentUrl":"https:\/\/www.rivieracellars.fr\/wp-content\/uploads\/2022\/08\/Riviera-Cellars-Logo-White-NEW.png","width":800,"height":317,"caption":"Riviera Cellars"},"image":{"@id":"https:\/\/www.rivieracellars.fr\/en\/#\/schema\/logo\/image\/"},"sameAs":["https:\/\/www.facebook.com\/rivieracellarsfr"]}]}},"jetpack_sharing_enabled":true,"_links":{"self":[{"href":"https:\/\/www.rivieracellars.fr\/en\/wp-json\/wp\/v2\/product\/4244","targetHints":{"allow":["GET"]}}],"collection":[{"href":"https:\/\/www.rivieracellars.fr\/en\/wp-json\/wp\/v2\/product"}],"about":[{"href":"https:\/\/www.rivieracellars.fr\/en\/wp-json\/wp\/v2\/types\/product"}],"wp:featuredmedia":[{"embeddable":true,"href":"https:\/\/www.rivieracellars.fr\/en\/wp-json\/wp\/v2\/media\/4245"}],"wp:attachment":[{"href":"https:\/\/www.rivieracellars.fr\/en\/wp-json\/wp\/v2\/media?parent=4244"}],"wp:term":[{"taxonomy":"product_brand","embeddable":true,"href":"https:\/\/www.rivieracellars.fr\/en\/wp-json\/wp\/v2\/product_brand?post=4244"},{"taxonomy":"product_cat","embeddable":true,"href":"https:\/\/www.rivieracellars.fr\/en\/wp-json\/wp\/v2\/product_cat?post=4244"},{"taxonomy":"product_tag","embeddable":true,"href":"https:\/\/www.rivieracellars.fr\/en\/wp-json\/wp\/v2\/product_tag?post=4244"}],"curies":[{"name":"wp","href":"https:\/\/api.w.org\/{rel}","templated":true}]}}