{"id":4249,"date":"2024-01-29T16:34:58","date_gmt":"2024-01-29T15:34:58","guid":{"rendered":"https:\/\/www.rivieracellars.fr\/?post_type=product&#038;p=4249"},"modified":"2024-02-07T16:25:11","modified_gmt":"2024-02-07T15:25:11","slug":"cognac-decroix-bio-vsop","status":"publish","type":"product","link":"https:\/\/www.rivieracellars.fr\/en\/product\/cognac-decroix-bio-vsop\/","title":{"rendered":"Cognac DECROIX Bio VSOP"},"content":{"rendered":"<p>Jean-Fran\u00e7ois Decroix began his commitment to responsible production over 20 years ago out of conviction. Today, his estate offers only organic products free from additives. For Jean-Fran\u00e7ois, the term 'organic' is not limited to a simple label, but encompasses a set of sensible measures throughout the manufacturing and marketing phases of the products. He pays particular attention to the length of time needed to make his eaux-de-vie, aiming to give the cognac a subtlety that lends itself to different ways of tasting it. Its pineaux and cognacs reflect its authenticity and its commitment to naturalness.<\/p>\n<p>Cognac Decroix VSOP is the result of a meticulously controlled process spanning more than four years of ageing.<\/p>\n<p><strong>Vivant\u00a0:<\/strong><br \/>\nEstablished in 2018 in Chalais, south of the Charente, Vivant stands out as a pioneer in the production of 100% organic spirits in France, including cognac, whisky, gin and rum. Inspired by the approach taken by Decroix cognacs, the brand is committed to eliminating all use of chemicals, synthetic fertilisers and pesticides in its production.<\/p>\n<p>To guarantee the traceability, certification and control of its products, Vivant has established an integrated agricultural chain, ensuring complete supervision from field to glass. The company cultivates direct relationships with local farms, making multi-year commitments and guaranteeing the purchase of crops at advantageous prices.<\/p>\n<p>Vivant takes an eco-responsible approach to the choice of its packaging, selecting bottles and packaging elements that are assessed for their ecological balance, from production to recycling, reuse or eventual destruction. Vivant products are distinguished by their absence of additives such as sugars, colourings, food flavourings and texturising agents, and are made from agricultural materials of impeccable quality.<\/p>\n<p>Founded on principles such as social responsibility and the desire to contribute to the preservation of nature, Vivant's approach is characterised by collaboration with local farms, a high level of craftsmanship and a total absence of additives. These aspects make Vivant spirits exceptional products.<\/p>\n<p>&nbsp;<\/p>\n<p>&nbsp;<\/p>","protected":false},"excerpt":{"rendered":"<p><strong>Colour<\/strong><strong> :<\/strong> Brilliant gold.<\/p>\n<p><strong>Nose :<\/strong>\u00a0Elegant and refined, with subtle floral aromas and delicious hints of pastry and vanilla.<\/p>\n<p><strong>Palate :<\/strong>\u00a0Smooth, fresh, delicate, fruity with hints of candied fruit and a harmoniously rounded finish.<\/p>\n<p><strong>Pairings :<\/strong>\u00a0To be enjoyed at around 17\u00b0C-18\u00b0.<\/p>","protected":false},"featured_media":4250,"template":"","meta":{"_acf_changed":false},"product_brand":[],"product_cat":[182],"product_tag":[973,905,906,967,974,976,56,977,979],"class_list":{"0":"post-4249","1":"product","2":"type-product","3":"status-publish","4":"has-post-thumbnail","6":"product_cat-spiritueux","7":"product_tag-973","8":"product_tag-bio","9":"product_tag-biologique","10":"product_tag-charente","11":"product_tag-cognac","12":"product_tag-colombard","13":"product_tag-france","14":"product_tag-ugny","15":"product_tag-vsop","16":"pa_appellation-vsop","17":"pa_bio-biodynamie-bio","18":"pa_contenance-70-cl","19":"pa_pays-france","20":"pa_producteur-vivant","21":"pa_regions-charente","22":"pa_types-cognac","23":"pa_volume-dalcool-414","25":"first","26":"instock","27":"taxable","28":"shipping-taxable","29":"purchasable","30":"product-type-simple"},"acf":[],"yoast_head":"<!-- This site is optimized with the Yoast SEO plugin v27.4 - https:\/\/yoast.com\/product\/yoast-seo-wordpress\/ -->\n<title>Cognac DECROIX Bio VSOP - Riviera Cellars Wine Supply French Riviera<\/title>\n<meta name=\"description\" content=\"Il y a plus de 20 ans, Jean-Fran\u00e7ois Decroix a amorc\u00e9 son engagement en faveur d&#039;une production responsable par conviction. \u00c0 l&#039;heure actuelle, son domaine\" \/>\n<meta name=\"robots\" content=\"index, follow, max-snippet:-1, max-image-preview:large, max-video-preview:-1\" \/>\n<link rel=\"canonical\" href=\"https:\/\/www.rivieracellars.fr\/en\/product\/cognac-decroix-bio-vsop\/\" \/>\n<meta property=\"og:locale\" content=\"en_GB\" \/>\n<meta property=\"og:type\" content=\"article\" \/>\n<meta property=\"og:title\" content=\"Cognac DECROIX Bio VSOP - Riviera Cellars Wine Supply French Riviera\" \/>\n<meta property=\"og:description\" content=\"Il y a plus de 20 ans, Jean-Fran\u00e7ois Decroix a amorc\u00e9 son engagement en faveur d&#039;une production responsable par conviction. \u00c0 l&#039;heure actuelle, son domaine\" \/>\n<meta property=\"og:url\" content=\"https:\/\/www.rivieracellars.fr\/en\/product\/cognac-decroix-bio-vsop\/\" \/>\n<meta property=\"og:site_name\" content=\"Riviera Cellars Wine Supply French Riviera\" \/>\n<meta property=\"article:publisher\" content=\"https:\/\/www.facebook.com\/rivieracellarsfr\" \/>\n<meta property=\"article:modified_time\" content=\"2024-02-07T15:25:11+00:00\" \/>\n<meta property=\"og:image\" content=\"https:\/\/www.rivieracellars.fr\/wp-content\/uploads\/2024\/01\/DecroisVSOP.png\" \/>\n\t<meta property=\"og:image:width\" content=\"1080\" \/>\n\t<meta property=\"og:image:height\" content=\"1080\" \/>\n\t<meta property=\"og:image:type\" content=\"image\/png\" \/>\n<meta name=\"twitter:card\" content=\"summary_large_image\" \/>\n<meta name=\"twitter:label1\" content=\"Estimated reading time\" \/>\n\t<meta name=\"twitter:data1\" content=\"3 minutes\" \/>\n<script type=\"application\/ld+json\" class=\"yoast-schema-graph\">{\"@context\":\"https:\\\/\\\/schema.org\",\"@graph\":[{\"@type\":\"WebPage\",\"@id\":\"https:\\\/\\\/www.rivieracellars.fr\\\/product\\\/cognac-decroix-bio-vsop\\\/\",\"url\":\"https:\\\/\\\/www.rivieracellars.fr\\\/product\\\/cognac-decroix-bio-vsop\\\/\",\"name\":\"Cognac DECROIX Bio VSOP - Riviera Cellars Wine Supply French Riviera\",\"isPartOf\":{\"@id\":\"https:\\\/\\\/www.rivieracellars.fr\\\/en\\\/#website\"},\"primaryImageOfPage\":{\"@id\":\"https:\\\/\\\/www.rivieracellars.fr\\\/product\\\/cognac-decroix-bio-vsop\\\/#primaryimage\"},\"image\":{\"@id\":\"https:\\\/\\\/www.rivieracellars.fr\\\/product\\\/cognac-decroix-bio-vsop\\\/#primaryimage\"},\"thumbnailUrl\":\"https:\\\/\\\/www.rivieracellars.fr\\\/wp-content\\\/uploads\\\/2024\\\/01\\\/DecroisVSOP.png\",\"datePublished\":\"2024-01-29T15:34:58+00:00\",\"dateModified\":\"2024-02-07T15:25:11+00:00\",\"description\":\"Il y a plus de 20 ans, Jean-Fran\u00e7ois Decroix a amorc\u00e9 son engagement en faveur d'une production responsable par conviction. \u00c0 l'heure actuelle, son domaine\",\"breadcrumb\":{\"@id\":\"https:\\\/\\\/www.rivieracellars.fr\\\/product\\\/cognac-decroix-bio-vsop\\\/#breadcrumb\"},\"inLanguage\":\"en-GB\",\"potentialAction\":[{\"@type\":\"ReadAction\",\"target\":[\"https:\\\/\\\/www.rivieracellars.fr\\\/product\\\/cognac-decroix-bio-vsop\\\/\"]}]},{\"@type\":\"ImageObject\",\"inLanguage\":\"en-GB\",\"@id\":\"https:\\\/\\\/www.rivieracellars.fr\\\/product\\\/cognac-decroix-bio-vsop\\\/#primaryimage\",\"url\":\"https:\\\/\\\/www.rivieracellars.fr\\\/wp-content\\\/uploads\\\/2024\\\/01\\\/DecroisVSOP.png\",\"contentUrl\":\"https:\\\/\\\/www.rivieracellars.fr\\\/wp-content\\\/uploads\\\/2024\\\/01\\\/DecroisVSOP.png\",\"width\":1080,\"height\":1080},{\"@type\":\"BreadcrumbList\",\"@id\":\"https:\\\/\\\/www.rivieracellars.fr\\\/product\\\/cognac-decroix-bio-vsop\\\/#breadcrumb\",\"itemListElement\":[{\"@type\":\"ListItem\",\"position\":1,\"name\":\"Catalogue de nos Vins\",\"item\":\"https:\\\/\\\/www.rivieracellars.fr\\\/en\\\/shop\\\/\"},{\"@type\":\"ListItem\",\"position\":2,\"name\":\"Cognac DECROIX Bio VSOP\"}]},{\"@type\":\"WebSite\",\"@id\":\"https:\\\/\\\/www.rivieracellars.fr\\\/en\\\/#website\",\"url\":\"https:\\\/\\\/www.rivieracellars.fr\\\/en\\\/\",\"name\":\"Riviera Cellars Wine Supply French Riviera\",\"description\":\"Approvisionnement en vins et champagnes fins et rares\",\"publisher\":{\"@id\":\"https:\\\/\\\/www.rivieracellars.fr\\\/en\\\/#organization\"},\"potentialAction\":[{\"@type\":\"SearchAction\",\"target\":{\"@type\":\"EntryPoint\",\"urlTemplate\":\"https:\\\/\\\/www.rivieracellars.fr\\\/en\\\/?s={search_term_string}\"},\"query-input\":{\"@type\":\"PropertyValueSpecification\",\"valueRequired\":true,\"valueName\":\"search_term_string\"}}],\"inLanguage\":\"en-GB\"},{\"@type\":\"Organization\",\"@id\":\"https:\\\/\\\/www.rivieracellars.fr\\\/en\\\/#organization\",\"name\":\"Riviera Cellars\",\"alternateName\":\"RC\",\"url\":\"https:\\\/\\\/www.rivieracellars.fr\\\/en\\\/\",\"logo\":{\"@type\":\"ImageObject\",\"inLanguage\":\"en-GB\",\"@id\":\"https:\\\/\\\/www.rivieracellars.fr\\\/en\\\/#\\\/schema\\\/logo\\\/image\\\/\",\"url\":\"https:\\\/\\\/www.rivieracellars.fr\\\/wp-content\\\/uploads\\\/2022\\\/08\\\/Riviera-Cellars-Logo-White-NEW.png\",\"contentUrl\":\"https:\\\/\\\/www.rivieracellars.fr\\\/wp-content\\\/uploads\\\/2022\\\/08\\\/Riviera-Cellars-Logo-White-NEW.png\",\"width\":800,\"height\":317,\"caption\":\"Riviera Cellars\"},\"image\":{\"@id\":\"https:\\\/\\\/www.rivieracellars.fr\\\/en\\\/#\\\/schema\\\/logo\\\/image\\\/\"},\"sameAs\":[\"https:\\\/\\\/www.facebook.com\\\/rivieracellarsfr\"]}]}<\/script>\n<!-- \/ Yoast SEO plugin. -->","yoast_head_json":{"title":"Cognac DECROIX Bio VSOP - Riviera Cellars Wine Supply French Riviera","description":"Il y a plus de 20 ans, Jean-Fran\u00e7ois Decroix a amorc\u00e9 son engagement en faveur d'une production responsable par conviction. \u00c0 l'heure actuelle, son domaine","robots":{"index":"index","follow":"follow","max-snippet":"max-snippet:-1","max-image-preview":"max-image-preview:large","max-video-preview":"max-video-preview:-1"},"canonical":"https:\/\/www.rivieracellars.fr\/en\/product\/cognac-decroix-bio-vsop\/","og_locale":"en_GB","og_type":"article","og_title":"Cognac DECROIX Bio VSOP - Riviera Cellars Wine Supply French Riviera","og_description":"Il y a plus de 20 ans, Jean-Fran\u00e7ois Decroix a amorc\u00e9 son engagement en faveur d'une production responsable par conviction. \u00c0 l'heure actuelle, son domaine","og_url":"https:\/\/www.rivieracellars.fr\/en\/product\/cognac-decroix-bio-vsop\/","og_site_name":"Riviera Cellars Wine Supply French Riviera","article_publisher":"https:\/\/www.facebook.com\/rivieracellarsfr","article_modified_time":"2024-02-07T15:25:11+00:00","og_image":[{"width":1080,"height":1080,"url":"https:\/\/www.rivieracellars.fr\/wp-content\/uploads\/2024\/01\/DecroisVSOP.png","type":"image\/png"}],"twitter_card":"summary_large_image","twitter_misc":{"Estimated reading time":"3 minutes"},"schema":{"@context":"https:\/\/schema.org","@graph":[{"@type":"WebPage","@id":"https:\/\/www.rivieracellars.fr\/product\/cognac-decroix-bio-vsop\/","url":"https:\/\/www.rivieracellars.fr\/product\/cognac-decroix-bio-vsop\/","name":"Cognac DECROIX Bio VSOP - Riviera Cellars Wine Supply French Riviera","isPartOf":{"@id":"https:\/\/www.rivieracellars.fr\/en\/#website"},"primaryImageOfPage":{"@id":"https:\/\/www.rivieracellars.fr\/product\/cognac-decroix-bio-vsop\/#primaryimage"},"image":{"@id":"https:\/\/www.rivieracellars.fr\/product\/cognac-decroix-bio-vsop\/#primaryimage"},"thumbnailUrl":"https:\/\/www.rivieracellars.fr\/wp-content\/uploads\/2024\/01\/DecroisVSOP.png","datePublished":"2024-01-29T15:34:58+00:00","dateModified":"2024-02-07T15:25:11+00:00","description":"Il y a plus de 20 ans, Jean-Fran\u00e7ois Decroix a amorc\u00e9 son engagement en faveur d'une production responsable par conviction. \u00c0 l'heure actuelle, son domaine","breadcrumb":{"@id":"https:\/\/www.rivieracellars.fr\/product\/cognac-decroix-bio-vsop\/#breadcrumb"},"inLanguage":"en-GB","potentialAction":[{"@type":"ReadAction","target":["https:\/\/www.rivieracellars.fr\/product\/cognac-decroix-bio-vsop\/"]}]},{"@type":"ImageObject","inLanguage":"en-GB","@id":"https:\/\/www.rivieracellars.fr\/product\/cognac-decroix-bio-vsop\/#primaryimage","url":"https:\/\/www.rivieracellars.fr\/wp-content\/uploads\/2024\/01\/DecroisVSOP.png","contentUrl":"https:\/\/www.rivieracellars.fr\/wp-content\/uploads\/2024\/01\/DecroisVSOP.png","width":1080,"height":1080},{"@type":"BreadcrumbList","@id":"https:\/\/www.rivieracellars.fr\/product\/cognac-decroix-bio-vsop\/#breadcrumb","itemListElement":[{"@type":"ListItem","position":1,"name":"Catalogue de nos Vins","item":"https:\/\/www.rivieracellars.fr\/en\/shop\/"},{"@type":"ListItem","position":2,"name":"Cognac DECROIX Bio VSOP"}]},{"@type":"WebSite","@id":"https:\/\/www.rivieracellars.fr\/en\/#website","url":"https:\/\/www.rivieracellars.fr\/en\/","name":"Riviera Cellars Wine Supply French Riviera","description":"Approvisionnement en vins et champagnes fins et rares","publisher":{"@id":"https:\/\/www.rivieracellars.fr\/en\/#organization"},"potentialAction":[{"@type":"SearchAction","target":{"@type":"EntryPoint","urlTemplate":"https:\/\/www.rivieracellars.fr\/en\/?s={search_term_string}"},"query-input":{"@type":"PropertyValueSpecification","valueRequired":true,"valueName":"search_term_string"}}],"inLanguage":"en-GB"},{"@type":"Organization","@id":"https:\/\/www.rivieracellars.fr\/en\/#organization","name":"Riviera Cellars","alternateName":"RC","url":"https:\/\/www.rivieracellars.fr\/en\/","logo":{"@type":"ImageObject","inLanguage":"en-GB","@id":"https:\/\/www.rivieracellars.fr\/en\/#\/schema\/logo\/image\/","url":"https:\/\/www.rivieracellars.fr\/wp-content\/uploads\/2022\/08\/Riviera-Cellars-Logo-White-NEW.png","contentUrl":"https:\/\/www.rivieracellars.fr\/wp-content\/uploads\/2022\/08\/Riviera-Cellars-Logo-White-NEW.png","width":800,"height":317,"caption":"Riviera Cellars"},"image":{"@id":"https:\/\/www.rivieracellars.fr\/en\/#\/schema\/logo\/image\/"},"sameAs":["https:\/\/www.facebook.com\/rivieracellarsfr"]}]}},"jetpack_sharing_enabled":true,"_links":{"self":[{"href":"https:\/\/www.rivieracellars.fr\/en\/wp-json\/wp\/v2\/product\/4249","targetHints":{"allow":["GET"]}}],"collection":[{"href":"https:\/\/www.rivieracellars.fr\/en\/wp-json\/wp\/v2\/product"}],"about":[{"href":"https:\/\/www.rivieracellars.fr\/en\/wp-json\/wp\/v2\/types\/product"}],"wp:featuredmedia":[{"embeddable":true,"href":"https:\/\/www.rivieracellars.fr\/en\/wp-json\/wp\/v2\/media\/4250"}],"wp:attachment":[{"href":"https:\/\/www.rivieracellars.fr\/en\/wp-json\/wp\/v2\/media?parent=4249"}],"wp:term":[{"taxonomy":"product_brand","embeddable":true,"href":"https:\/\/www.rivieracellars.fr\/en\/wp-json\/wp\/v2\/product_brand?post=4249"},{"taxonomy":"product_cat","embeddable":true,"href":"https:\/\/www.rivieracellars.fr\/en\/wp-json\/wp\/v2\/product_cat?post=4249"},{"taxonomy":"product_tag","embeddable":true,"href":"https:\/\/www.rivieracellars.fr\/en\/wp-json\/wp\/v2\/product_tag?post=4249"}],"curies":[{"name":"wp","href":"https:\/\/api.w.org\/{rel}","templated":true}]}}