{"id":4553,"date":"2024-07-18T10:57:31","date_gmt":"2024-07-18T08:57:31","guid":{"rendered":"https:\/\/www.rivieracellars.fr\/?post_type=product&#038;p=4553"},"modified":"2025-04-12T14:38:20","modified_gmt":"2025-04-12T12:38:20","slug":"domaine-de-marchandise-igp-var-rose-2023","status":"publish","type":"product","link":"https:\/\/www.rivieracellars.fr\/en\/product\/domaine-de-marchandise-igp-var-rose-2023\/","title":{"rendered":"Domaine de Marchandise IGP Var ros\u00e9 2023"},"content":{"rendered":"<p>Domaine de Marchandise, located in the C\u00f4tes de Provence appellation, has a rich history rooted in the region's winemaking tradition. Here's an overview of its history and development:<\/p>\n<p>Domaine de Marchandise was founded several centuries ago, with its origins dating back to the Middle Ages. The first vineyards were planted by monks or local lords, as was often the case in this part of France. Over the centuries, the estate gradually expanded. The development of viticulture in Provence and improvements in farming techniques led to an expansion of the vineyards and an improvement in the quality of the wine produced.<\/p>\n<p>The estate underwent significant modernisation during the 20th century. The owners invested in modern equipment, improved winemaking techniques and adopted more sustainable, environmentally-friendly viticultural practices. Thanks to these efforts, the Marchandise estate has gained recognition both locally and nationally. The wines produced here began to receive awards and praise from critics and wine lovers alike.<\/p>\n<p>Today, Domaine de Marchandise produces a range of wines, mainly ros\u00e9s, but also reds. The terroir of the region, characterised by its limestone soil and Mediterranean climate, plays a crucial role in the quality of the wines produced. The estate is committed to sustainable viticultural practices, including organic and biodynamic farming. This approach aims to preserve the environment while producing high-quality wines.<\/p>\n<p>Domaine de Marchandise continues to embody the spirit and tradition of the C\u00f4tes de Provence, while innovating and adapting to the modern demands of viticulture and wine production.<\/p>","protected":false},"excerpt":{"rendered":"<p><strong>Colour : <\/strong>Crystalline with coppery highlights.<\/p>\n<p><strong>Nose : <\/strong>Powerful and highly aromatic. It evokes bananas, freshly cut grass and pears.<\/p>\n<p><strong>Palate : <\/strong>The attack is frank, supple and delicate. The aromas develop gradually, thanks to a long, supple, round and delicious finish.<\/p>\n<p><strong>Food Pairings : <\/strong>Perfect as an aperitif or with Mediterranean or exotic dishes. Drink chilled. A slight aeration is recommended to savour its complexity.<\/p>","protected":false},"featured_media":4554,"template":"","meta":{"_acf_changed":false},"product_brand":[],"product_cat":[266],"product_tag":[999,634,56,289,1004,663,57,638],"class_list":{"0":"post-4553","1":"product","2":"type-product","3":"status-publish","4":"has-post-thumbnail","6":"product_cat-vins-roses","7":"product_tag-999","8":"product_tag-cotes-de-provence","9":"product_tag-france","10":"product_tag-grenache","11":"product_tag-igp-var","12":"product_tag-rolle","13":"product_tag-rose","14":"product_tag-var","15":"pa_appellation-igp-var","16":"pa_cepage-grenache","17":"pa_cepage-rolle","18":"pa_conditionnement-caisse-carton","19":"pa_contenance-75-cl","20":"pa_couleur-rose","21":"pa_millesime-1003","22":"pa_pays-france","23":"pa_producteur-domaine-de-marchandise","24":"pa_regions-var","25":"pa_sucrosite-sec","26":"pa_types-vin","27":"pa_volume-dalcool-247","29":"first","30":"outofstock","31":"taxable","32":"shipping-taxable","33":"purchasable","34":"product-type-simple"},"acf":[],"yoast_head":"<!-- This site is optimized with the Yoast SEO plugin v27.4 - https:\/\/yoast.com\/product\/yoast-seo-wordpress\/ -->\n<title>Domaine de Marchandise IGP Var ros\u00e9 2023 - Riviera Cellars Wine Supply French Riviera<\/title>\n<meta name=\"description\" content=\"Le domaine de Marchandise, situ\u00e9 dans l&#039;appellation C\u00f4tes de Provence, poss\u00e8de une histoire riche et ancr\u00e9e dans la tradition viticole de la r\u00e9gion.\" \/>\n<meta name=\"robots\" content=\"index, follow, max-snippet:-1, max-image-preview:large, max-video-preview:-1\" \/>\n<link rel=\"canonical\" href=\"https:\/\/www.rivieracellars.fr\/en\/product\/domaine-de-marchandise-igp-var-rose-2023\/\" \/>\n<meta property=\"og:locale\" content=\"en_GB\" \/>\n<meta property=\"og:type\" content=\"article\" \/>\n<meta property=\"og:title\" content=\"Domaine de Marchandise IGP Var ros\u00e9 2023 - Riviera Cellars Wine Supply French Riviera\" \/>\n<meta property=\"og:description\" content=\"Le domaine de Marchandise, situ\u00e9 dans l&#039;appellation C\u00f4tes de Provence, poss\u00e8de une histoire riche et ancr\u00e9e dans la tradition viticole de la r\u00e9gion.\" \/>\n<meta property=\"og:url\" content=\"https:\/\/www.rivieracellars.fr\/en\/product\/domaine-de-marchandise-igp-var-rose-2023\/\" \/>\n<meta property=\"og:site_name\" content=\"Riviera Cellars Wine Supply French Riviera\" \/>\n<meta property=\"article:publisher\" content=\"https:\/\/www.facebook.com\/rivieracellarsfr\" \/>\n<meta property=\"article:modified_time\" content=\"2025-04-12T12:38:20+00:00\" \/>\n<meta property=\"og:image\" content=\"https:\/\/www.rivieracellars.fr\/wp-content\/uploads\/2024\/07\/MarchandiseIGPVar.png\" \/>\n\t<meta property=\"og:image:width\" content=\"1080\" \/>\n\t<meta property=\"og:image:height\" content=\"1080\" \/>\n\t<meta property=\"og:image:type\" content=\"image\/png\" \/>\n<meta name=\"twitter:card\" content=\"summary_large_image\" \/>\n<meta name=\"twitter:label1\" content=\"Estimated reading time\" \/>\n\t<meta name=\"twitter:data1\" content=\"2 minutes\" \/>\n<script type=\"application\/ld+json\" class=\"yoast-schema-graph\">{\"@context\":\"https:\\\/\\\/schema.org\",\"@graph\":[{\"@type\":\"WebPage\",\"@id\":\"https:\\\/\\\/www.rivieracellars.fr\\\/product\\\/domaine-de-marchandise-igp-var-rose-2023\\\/\",\"url\":\"https:\\\/\\\/www.rivieracellars.fr\\\/product\\\/domaine-de-marchandise-igp-var-rose-2023\\\/\",\"name\":\"Domaine de Marchandise IGP Var ros\u00e9 2023 - Riviera Cellars Wine Supply French Riviera\",\"isPartOf\":{\"@id\":\"https:\\\/\\\/www.rivieracellars.fr\\\/en\\\/#website\"},\"primaryImageOfPage\":{\"@id\":\"https:\\\/\\\/www.rivieracellars.fr\\\/product\\\/domaine-de-marchandise-igp-var-rose-2023\\\/#primaryimage\"},\"image\":{\"@id\":\"https:\\\/\\\/www.rivieracellars.fr\\\/product\\\/domaine-de-marchandise-igp-var-rose-2023\\\/#primaryimage\"},\"thumbnailUrl\":\"https:\\\/\\\/www.rivieracellars.fr\\\/wp-content\\\/uploads\\\/2024\\\/07\\\/MarchandiseIGPVar.png\",\"datePublished\":\"2024-07-18T08:57:31+00:00\",\"dateModified\":\"2025-04-12T12:38:20+00:00\",\"description\":\"Le domaine de Marchandise, situ\u00e9 dans l'appellation C\u00f4tes de Provence, poss\u00e8de une histoire riche et ancr\u00e9e dans la tradition viticole de la r\u00e9gion.\",\"breadcrumb\":{\"@id\":\"https:\\\/\\\/www.rivieracellars.fr\\\/product\\\/domaine-de-marchandise-igp-var-rose-2023\\\/#breadcrumb\"},\"inLanguage\":\"en-GB\",\"potentialAction\":[{\"@type\":\"ReadAction\",\"target\":[\"https:\\\/\\\/www.rivieracellars.fr\\\/product\\\/domaine-de-marchandise-igp-var-rose-2023\\\/\"]}]},{\"@type\":\"ImageObject\",\"inLanguage\":\"en-GB\",\"@id\":\"https:\\\/\\\/www.rivieracellars.fr\\\/product\\\/domaine-de-marchandise-igp-var-rose-2023\\\/#primaryimage\",\"url\":\"https:\\\/\\\/www.rivieracellars.fr\\\/wp-content\\\/uploads\\\/2024\\\/07\\\/MarchandiseIGPVar.png\",\"contentUrl\":\"https:\\\/\\\/www.rivieracellars.fr\\\/wp-content\\\/uploads\\\/2024\\\/07\\\/MarchandiseIGPVar.png\",\"width\":1080,\"height\":1080},{\"@type\":\"BreadcrumbList\",\"@id\":\"https:\\\/\\\/www.rivieracellars.fr\\\/product\\\/domaine-de-marchandise-igp-var-rose-2023\\\/#breadcrumb\",\"itemListElement\":[{\"@type\":\"ListItem\",\"position\":1,\"name\":\"Catalogue de nos Vins\",\"item\":\"https:\\\/\\\/www.rivieracellars.fr\\\/en\\\/shop\\\/\"},{\"@type\":\"ListItem\",\"position\":2,\"name\":\"Domaine de Marchandise IGP Var ros\u00e9 2023\"}]},{\"@type\":\"WebSite\",\"@id\":\"https:\\\/\\\/www.rivieracellars.fr\\\/en\\\/#website\",\"url\":\"https:\\\/\\\/www.rivieracellars.fr\\\/en\\\/\",\"name\":\"Riviera Cellars Wine Supply French Riviera\",\"description\":\"Approvisionnement en vins et champagnes fins et rares\",\"publisher\":{\"@id\":\"https:\\\/\\\/www.rivieracellars.fr\\\/en\\\/#organization\"},\"potentialAction\":[{\"@type\":\"SearchAction\",\"target\":{\"@type\":\"EntryPoint\",\"urlTemplate\":\"https:\\\/\\\/www.rivieracellars.fr\\\/en\\\/?s={search_term_string}\"},\"query-input\":{\"@type\":\"PropertyValueSpecification\",\"valueRequired\":true,\"valueName\":\"search_term_string\"}}],\"inLanguage\":\"en-GB\"},{\"@type\":\"Organization\",\"@id\":\"https:\\\/\\\/www.rivieracellars.fr\\\/en\\\/#organization\",\"name\":\"Riviera Cellars\",\"alternateName\":\"RC\",\"url\":\"https:\\\/\\\/www.rivieracellars.fr\\\/en\\\/\",\"logo\":{\"@type\":\"ImageObject\",\"inLanguage\":\"en-GB\",\"@id\":\"https:\\\/\\\/www.rivieracellars.fr\\\/en\\\/#\\\/schema\\\/logo\\\/image\\\/\",\"url\":\"https:\\\/\\\/www.rivieracellars.fr\\\/wp-content\\\/uploads\\\/2022\\\/08\\\/Riviera-Cellars-Logo-White-NEW.png\",\"contentUrl\":\"https:\\\/\\\/www.rivieracellars.fr\\\/wp-content\\\/uploads\\\/2022\\\/08\\\/Riviera-Cellars-Logo-White-NEW.png\",\"width\":800,\"height\":317,\"caption\":\"Riviera Cellars\"},\"image\":{\"@id\":\"https:\\\/\\\/www.rivieracellars.fr\\\/en\\\/#\\\/schema\\\/logo\\\/image\\\/\"},\"sameAs\":[\"https:\\\/\\\/www.facebook.com\\\/rivieracellarsfr\"]}]}<\/script>\n<!-- \/ Yoast SEO plugin. -->","yoast_head_json":{"title":"Domaine de Marchandise IGP Var ros\u00e9 2023 - Riviera Cellars Wine Supply French Riviera","description":"Le domaine de Marchandise, situ\u00e9 dans l'appellation C\u00f4tes de Provence, poss\u00e8de une histoire riche et ancr\u00e9e dans la tradition viticole de la r\u00e9gion.","robots":{"index":"index","follow":"follow","max-snippet":"max-snippet:-1","max-image-preview":"max-image-preview:large","max-video-preview":"max-video-preview:-1"},"canonical":"https:\/\/www.rivieracellars.fr\/en\/product\/domaine-de-marchandise-igp-var-rose-2023\/","og_locale":"en_GB","og_type":"article","og_title":"Domaine de Marchandise IGP Var ros\u00e9 2023 - Riviera Cellars Wine Supply French Riviera","og_description":"Le domaine de Marchandise, situ\u00e9 dans l'appellation C\u00f4tes de Provence, poss\u00e8de une histoire riche et ancr\u00e9e dans la tradition viticole de la r\u00e9gion.","og_url":"https:\/\/www.rivieracellars.fr\/en\/product\/domaine-de-marchandise-igp-var-rose-2023\/","og_site_name":"Riviera Cellars Wine Supply French Riviera","article_publisher":"https:\/\/www.facebook.com\/rivieracellarsfr","article_modified_time":"2025-04-12T12:38:20+00:00","og_image":[{"width":1080,"height":1080,"url":"https:\/\/www.rivieracellars.fr\/wp-content\/uploads\/2024\/07\/MarchandiseIGPVar.png","type":"image\/png"}],"twitter_card":"summary_large_image","twitter_misc":{"Estimated reading time":"2 minutes"},"schema":{"@context":"https:\/\/schema.org","@graph":[{"@type":"WebPage","@id":"https:\/\/www.rivieracellars.fr\/product\/domaine-de-marchandise-igp-var-rose-2023\/","url":"https:\/\/www.rivieracellars.fr\/product\/domaine-de-marchandise-igp-var-rose-2023\/","name":"Domaine de Marchandise IGP Var ros\u00e9 2023 - Riviera Cellars Wine Supply French Riviera","isPartOf":{"@id":"https:\/\/www.rivieracellars.fr\/en\/#website"},"primaryImageOfPage":{"@id":"https:\/\/www.rivieracellars.fr\/product\/domaine-de-marchandise-igp-var-rose-2023\/#primaryimage"},"image":{"@id":"https:\/\/www.rivieracellars.fr\/product\/domaine-de-marchandise-igp-var-rose-2023\/#primaryimage"},"thumbnailUrl":"https:\/\/www.rivieracellars.fr\/wp-content\/uploads\/2024\/07\/MarchandiseIGPVar.png","datePublished":"2024-07-18T08:57:31+00:00","dateModified":"2025-04-12T12:38:20+00:00","description":"Le domaine de Marchandise, situ\u00e9 dans l'appellation C\u00f4tes de Provence, poss\u00e8de une histoire riche et ancr\u00e9e dans la tradition viticole de la r\u00e9gion.","breadcrumb":{"@id":"https:\/\/www.rivieracellars.fr\/product\/domaine-de-marchandise-igp-var-rose-2023\/#breadcrumb"},"inLanguage":"en-GB","potentialAction":[{"@type":"ReadAction","target":["https:\/\/www.rivieracellars.fr\/product\/domaine-de-marchandise-igp-var-rose-2023\/"]}]},{"@type":"ImageObject","inLanguage":"en-GB","@id":"https:\/\/www.rivieracellars.fr\/product\/domaine-de-marchandise-igp-var-rose-2023\/#primaryimage","url":"https:\/\/www.rivieracellars.fr\/wp-content\/uploads\/2024\/07\/MarchandiseIGPVar.png","contentUrl":"https:\/\/www.rivieracellars.fr\/wp-content\/uploads\/2024\/07\/MarchandiseIGPVar.png","width":1080,"height":1080},{"@type":"BreadcrumbList","@id":"https:\/\/www.rivieracellars.fr\/product\/domaine-de-marchandise-igp-var-rose-2023\/#breadcrumb","itemListElement":[{"@type":"ListItem","position":1,"name":"Catalogue de nos Vins","item":"https:\/\/www.rivieracellars.fr\/en\/shop\/"},{"@type":"ListItem","position":2,"name":"Domaine de Marchandise IGP Var ros\u00e9 2023"}]},{"@type":"WebSite","@id":"https:\/\/www.rivieracellars.fr\/en\/#website","url":"https:\/\/www.rivieracellars.fr\/en\/","name":"Riviera Cellars Wine Supply French Riviera","description":"Approvisionnement en vins et champagnes fins et rares","publisher":{"@id":"https:\/\/www.rivieracellars.fr\/en\/#organization"},"potentialAction":[{"@type":"SearchAction","target":{"@type":"EntryPoint","urlTemplate":"https:\/\/www.rivieracellars.fr\/en\/?s={search_term_string}"},"query-input":{"@type":"PropertyValueSpecification","valueRequired":true,"valueName":"search_term_string"}}],"inLanguage":"en-GB"},{"@type":"Organization","@id":"https:\/\/www.rivieracellars.fr\/en\/#organization","name":"Riviera Cellars","alternateName":"RC","url":"https:\/\/www.rivieracellars.fr\/en\/","logo":{"@type":"ImageObject","inLanguage":"en-GB","@id":"https:\/\/www.rivieracellars.fr\/en\/#\/schema\/logo\/image\/","url":"https:\/\/www.rivieracellars.fr\/wp-content\/uploads\/2022\/08\/Riviera-Cellars-Logo-White-NEW.png","contentUrl":"https:\/\/www.rivieracellars.fr\/wp-content\/uploads\/2022\/08\/Riviera-Cellars-Logo-White-NEW.png","width":800,"height":317,"caption":"Riviera Cellars"},"image":{"@id":"https:\/\/www.rivieracellars.fr\/en\/#\/schema\/logo\/image\/"},"sameAs":["https:\/\/www.facebook.com\/rivieracellarsfr"]}]}},"jetpack_sharing_enabled":true,"_links":{"self":[{"href":"https:\/\/www.rivieracellars.fr\/en\/wp-json\/wp\/v2\/product\/4553","targetHints":{"allow":["GET"]}}],"collection":[{"href":"https:\/\/www.rivieracellars.fr\/en\/wp-json\/wp\/v2\/product"}],"about":[{"href":"https:\/\/www.rivieracellars.fr\/en\/wp-json\/wp\/v2\/types\/product"}],"wp:featuredmedia":[{"embeddable":true,"href":"https:\/\/www.rivieracellars.fr\/en\/wp-json\/wp\/v2\/media\/4554"}],"wp:attachment":[{"href":"https:\/\/www.rivieracellars.fr\/en\/wp-json\/wp\/v2\/media?parent=4553"}],"wp:term":[{"taxonomy":"product_brand","embeddable":true,"href":"https:\/\/www.rivieracellars.fr\/en\/wp-json\/wp\/v2\/product_brand?post=4553"},{"taxonomy":"product_cat","embeddable":true,"href":"https:\/\/www.rivieracellars.fr\/en\/wp-json\/wp\/v2\/product_cat?post=4553"},{"taxonomy":"product_tag","embeddable":true,"href":"https:\/\/www.rivieracellars.fr\/en\/wp-json\/wp\/v2\/product_tag?post=4553"}],"curies":[{"name":"wp","href":"https:\/\/api.w.org\/{rel}","templated":true}]}}